{"id":14563,"date":"2021-10-13T22:15:43","date_gmt":"2021-10-13T20:15:43","guid":{"rendered":"https:\/\/dntnonwovenfabrics.com\/economia-circular-2\/"},"modified":"2025-10-14T11:22:42","modified_gmt":"2025-10-14T09:22:42","slug":"circular-economy","status":"publish","type":"page","link":"https:\/\/dntnonwovenfabrics.com\/en\/circular-economy\/","title":{"rendered":"Circular economy"},"content":{"rendered":"<div class=\"gb-grid-wrapper gb-grid-wrapper-139c0714\">\n<div class=\"gb-grid-column gb-grid-column-8cc865b8\"><div class=\"gb-container gb-container-8cc865b8\"><div class=\"gb-inside-container\">\n\n<p class=\"has-text-align-center\">Our production system integrates the concept of <strong>circular economy<\/strong>, this model of production and consumption guarantees <a href=\"https:\/\/dntnonwovenfabrics.com\/en\">sustainable growth<\/a> by promoting the optimisation of resources, reduction in the consumption of raw materials and the use of waste, recycling to give it a new life.<\/p>\n\n\n\n<div style=\"height:72px\" aria-hidden=\"true\" class=\"wp-block-spacer hide-on-mobile\"><\/div>\n\n<\/div><\/div><\/div>\n<\/div>\n\n<div class=\"gb-container gb-container-3939dbf1 bloque-fondos\"><div class=\"gb-inside-container\">\n<div class=\"gb-grid-wrapper gb-grid-wrapper-9443645c\">\n<div class=\"gb-grid-column gb-grid-column-4ef543e7\"><div class=\"gb-container gb-container-4ef543e7 imagen-centrar\"><div class=\"gb-inside-container\"><\/div><\/div><\/div>\n\n<div class=\"gb-grid-column gb-grid-column-48747999\"><div class=\"gb-container gb-container-48747999 menu-carta\"><div class=\"gb-inside-container\">\n\n<div class=\"wp-block-columns is-layout-flex wp-container-core-columns-is-layout-9d6595d7 wp-block-columns-is-layout-flex\">\n<div class=\"wp-block-column vertical is-layout-flow wp-block-column-is-layout-flow\" style=\"flex-basis:5%\"><\/div>\n\n\n\n<div class=\"wp-block-column is-layout-flow wp-block-column-is-layout-flow\" style=\"flex-basis:70%\">\n<h2 class=\"gb-headline gb-headline-540615ab gb-headline-text bloque-sombra\">WE REDUCE THE CARBON FOOTPRINT<\/h2>\n\n\n\n<h3 class=\"gb-headline gb-headline-e114c96a gb-headline-text\">SOLUTION TO IMPORTS<\/h3>\n\n\n\n<p class=\"boton-derecha has-base-3-color has-text-color has-normal-font-size\">Avoid imports and obtain high quality European products. With the circular economy we control all stages of the production chain, from the manufacture of raw materials to the transformation into the final product. A management system that ensures the quality of all our products. Fast and programmable deliveries. Special offer for large volumes. Save time and effort with us, thank you for choosing us!<\/p>\n<\/div>\n\n\n\n<div class=\"wp-block-column is-layout-flow wp-block-column-is-layout-flow\" style=\"flex-basis:15%\"><\/div>\n<\/div>\n\n<\/div><\/div><\/div>\n\n<div class=\"gb-grid-column gb-grid-column-34198529\"><div class=\"gb-container gb-container-34198529 fondo-ham\"><div class=\"gb-inside-container\">\n\n<div class=\"wp-block-columns texto-derecha is-layout-flex wp-container-core-columns-is-layout-9d6595d7 wp-block-columns-is-layout-flex\">\n<div class=\"wp-block-column vertical is-layout-flow wp-block-column-is-layout-flow\" style=\"flex-basis:5%\"><\/div>\n\n\n\n<div class=\"wp-block-column texto-derecha is-layout-flow wp-block-column-is-layout-flow\" style=\"flex-basis:70%\">\n<h2 class=\"gb-headline gb-headline-951c71fa gb-headline-text bloque-sombra\">RECYCLING MACHINE<\/h2>\n\n\n\n<h3 class=\"gb-headline gb-headline-4821fc77 gb-headline-text\"><strong>RECYCLE NON WOVEN<\/strong><\/h3>\n\n\n\n<p class=\"boton-derecha has-base-3-color has-text-color has-normal-font-size\">At <a href=\"https:\/\/dntnonwovenfabrics.com\/en\/\">DNT Non Woven Fabrics<\/a> we recover nonwoven waste, transform it into polypropylene pellets and re-incorporate them into our DNT Bond Recycled manufacturing process. We turn waste into new resources. Thus contributing to the idea of circular economy.<\/p>\n\n\n\n<p class=\"boton-derecha has-base-3-color has-text-color has-normal-font-size\"><\/p>\n<\/div>\n\n\n\n<div class=\"wp-block-column is-layout-flow wp-block-column-is-layout-flow\" style=\"flex-basis:5%\"><\/div>\n<\/div>\n\n<\/div><\/div><\/div>\n\n<div class=\"gb-grid-column gb-grid-column-480e6f00\"><div class=\"gb-container gb-container-480e6f00\"><div class=\"gb-inside-container\">\n<div class=\"gb-container gb-container-5b8d1386\"><div class=\"gb-inside-container\">\n\n<div style=\"height:138px\" aria-hidden=\"true\" class=\"wp-block-spacer\"><\/div>\n\n\n<a rel=\"noreferrer\" href=\"http:\/\/www.cedecom.net\/cedecom\/previos\/DNT_ECONOMIA_CIRCULAR.mp4\" class=\"vp-a vp-mp4-type vp-modal-click vp-modal-click_shortcode vp-has-img\"><img decoding=\"async\" class=\"vp-img\" src=\"https:\/\/dntnonwovenfabrics.com\/wp-content\/uploads\/2021\/09\/reproducir-video.svg\"><\/a>\n\n<\/div><\/div>\n<\/div><\/div><\/div>\n\n<div class=\"gb-grid-column gb-grid-column-d732ee79\"><div class=\"gb-container gb-container-d732ee79 imagen-centrar\"><div class=\"gb-inside-container\"><\/div><\/div><\/div>\n\n<div class=\"gb-grid-column gb-grid-column-1d0e64a1\"><div class=\"gb-container gb-container-1d0e64a1 menu-carta\"><div class=\"gb-inside-container\">\n\n<div class=\"wp-block-columns is-layout-flex wp-container-core-columns-is-layout-9d6595d7 wp-block-columns-is-layout-flex\">\n<div class=\"wp-block-column vertical is-layout-flow wp-block-column-is-layout-flow\" style=\"flex-basis:5%\"><\/div>\n\n\n\n<div class=\"wp-block-column is-layout-flow wp-block-column-is-layout-flow\" style=\"flex-basis:70%\">\n<h2 class=\"gb-headline gb-headline-c29b9fa1 gb-headline-text bloque-sombra\">ENERGY EFFICIENCY<br><\/h2>\n\n\n\n<p class=\"boton-derecha has-base-3-color has-text-color has-normal-font-size\">As an <a href=\"https:\/\/dntnonwovenfabrics.com\/noticias\/certificacion-iso-50001-en-eficiencia-energetica\/\">ISO 50001<\/a> certified company, we are committed to optimising our energy resources, promoting transparency in energy efficiency management and encouraging best practices throughout our organisation.<\/p>\n\n\n\n<p class=\"boton-derecha has-base-3-color has-text-color has-normal-font-size\"><\/p>\n<\/div>\n\n\n\n<div class=\"wp-block-column is-layout-flow wp-block-column-is-layout-flow\" style=\"flex-basis:15%\"><\/div>\n<\/div>\n\n<\/div><\/div><\/div>\n<\/div>\n\n\n<div style=\"height:49px\" aria-hidden=\"true\" class=\"wp-block-spacer\"><\/div>\n\n<\/div><\/div>\n\n\n<p><\/p>\n","protected":false},"excerpt":{"rendered":"","protected":false},"author":5,"featured_media":14565,"parent":0,"menu_order":0,"comment_status":"closed","ping_status":"closed","template":"","meta":{"inline_featured_image":false,"footnotes":""},"class_list":["post-14563","page","type-page","status-publish","has-post-thumbnail"],"yoast_head":"<!-- This site is optimized with the Yoast SEO plugin v27.3 - https:\/\/yoast.com\/product\/yoast-seo-wordpress\/ -->\n<title>Circular economy - DNT non woven fabrics - No Tejido<\/title>\n<meta name=\"description\" content=\"The Circular Economy ensures sustainable growth in raw material consumption and utilisation, recycling for a new life.\" \/>\n<meta name=\"robots\" content=\"index, follow, max-snippet:-1, max-image-preview:large, max-video-preview:-1\" \/>\n<link rel=\"canonical\" href=\"https:\/\/dntnonwovenfabrics.com\/en\/circular-economy\/\" \/>\n<meta property=\"og:locale\" content=\"en_US\" \/>\n<meta property=\"og:type\" content=\"article\" \/>\n<meta property=\"og:title\" content=\"Circular economy - DNT non woven fabrics - No Tejido\" \/>\n<meta property=\"og:description\" content=\"The Circular Economy ensures sustainable growth in raw material consumption and utilisation, recycling for a new life.\" \/>\n<meta property=\"og:url\" content=\"https:\/\/dntnonwovenfabrics.com\/en\/circular-economy\/\" \/>\n<meta property=\"og:site_name\" content=\"DNT non woven fabrics - No Tejido\" \/>\n<meta property=\"article:modified_time\" content=\"2025-10-14T09:22:42+00:00\" \/>\n<meta property=\"og:image\" content=\"https:\/\/dntnonwovenfabrics.com\/wp-content\/uploads\/2022\/07\/ods.jpg\" \/>\n\t<meta property=\"og:image:width\" content=\"800\" \/>\n\t<meta property=\"og:image:height\" content=\"639\" \/>\n\t<meta property=\"og:image:type\" content=\"image\/jpeg\" \/>\n<meta name=\"twitter:card\" content=\"summary_large_image\" \/>\n<meta name=\"twitter:label1\" content=\"Est. reading time\" \/>\n\t<meta name=\"twitter:data1\" content=\"2 minutes\" \/>\n<script type=\"application\/ld+json\" class=\"yoast-schema-graph\">{\"@context\":\"https:\\\/\\\/schema.org\",\"@graph\":[{\"@type\":\"WebPage\",\"@id\":\"https:\\\/\\\/dntnonwovenfabrics.com\\\/en\\\/circular-economy\\\/\",\"url\":\"https:\\\/\\\/dntnonwovenfabrics.com\\\/en\\\/circular-economy\\\/\",\"name\":\"Circular economy - DNT non woven fabrics - No Tejido\",\"isPartOf\":{\"@id\":\"https:\\\/\\\/dntnonwovenfabrics.com\\\/en\\\/#website\"},\"primaryImageOfPage\":{\"@id\":\"https:\\\/\\\/dntnonwovenfabrics.com\\\/en\\\/circular-economy\\\/#primaryimage\"},\"image\":{\"@id\":\"https:\\\/\\\/dntnonwovenfabrics.com\\\/en\\\/circular-economy\\\/#primaryimage\"},\"thumbnailUrl\":\"https:\\\/\\\/dntnonwovenfabrics.com\\\/wp-content\\\/uploads\\\/2022\\\/07\\\/ods.jpg\",\"datePublished\":\"2021-10-13T20:15:43+00:00\",\"dateModified\":\"2025-10-14T09:22:42+00:00\",\"description\":\"The Circular Economy ensures sustainable growth in raw material consumption and utilisation, recycling for a new life.\",\"breadcrumb\":{\"@id\":\"https:\\\/\\\/dntnonwovenfabrics.com\\\/en\\\/circular-economy\\\/#breadcrumb\"},\"inLanguage\":\"en-US\",\"potentialAction\":[{\"@type\":\"ReadAction\",\"target\":[\"https:\\\/\\\/dntnonwovenfabrics.com\\\/en\\\/circular-economy\\\/\"]}]},{\"@type\":\"ImageObject\",\"inLanguage\":\"en-US\",\"@id\":\"https:\\\/\\\/dntnonwovenfabrics.com\\\/en\\\/circular-economy\\\/#primaryimage\",\"url\":\"https:\\\/\\\/dntnonwovenfabrics.com\\\/wp-content\\\/uploads\\\/2022\\\/07\\\/ods.jpg\",\"contentUrl\":\"https:\\\/\\\/dntnonwovenfabrics.com\\\/wp-content\\\/uploads\\\/2022\\\/07\\\/ods.jpg\",\"width\":800,\"height\":639,\"caption\":\"Circular economy\"},{\"@type\":\"BreadcrumbList\",\"@id\":\"https:\\\/\\\/dntnonwovenfabrics.com\\\/en\\\/circular-economy\\\/#breadcrumb\",\"itemListElement\":[{\"@type\":\"ListItem\",\"position\":1,\"name\":\"Portada\",\"item\":\"https:\\\/\\\/dntnonwovenfabrics.com\\\/en\\\/\"},{\"@type\":\"ListItem\",\"position\":2,\"name\":\"Circular economy\"}]},{\"@type\":\"WebSite\",\"@id\":\"https:\\\/\\\/dntnonwovenfabrics.com\\\/en\\\/#website\",\"url\":\"https:\\\/\\\/dntnonwovenfabrics.com\\\/en\\\/\",\"name\":\"DNT non woven fabrics - No Tejido\",\"description\":\"Principal fabricante espa\u00f1ol de no tejido de polipropileno o spunbond non woven. La empresa con sede en Alcal\u00e1 la Real, Ja\u00e9n, forma parte del grupo empresarial Dise\u00f1os NT grupo con una extensa trayectoria en la industria transformadora del no tejido para la fabricaci\u00f3n de embalajes y bolsas.\",\"publisher\":{\"@id\":\"https:\\\/\\\/dntnonwovenfabrics.com\\\/en\\\/#organization\"},\"potentialAction\":[{\"@type\":\"SearchAction\",\"target\":{\"@type\":\"EntryPoint\",\"urlTemplate\":\"https:\\\/\\\/dntnonwovenfabrics.com\\\/en\\\/?s={search_term_string}\"},\"query-input\":{\"@type\":\"PropertyValueSpecification\",\"valueRequired\":true,\"valueName\":\"search_term_string\"}}],\"inLanguage\":\"en-US\"},{\"@type\":\"Organization\",\"@id\":\"https:\\\/\\\/dntnonwovenfabrics.com\\\/en\\\/#organization\",\"name\":\"DNT non woven fabrics - No Tejido\",\"url\":\"https:\\\/\\\/dntnonwovenfabrics.com\\\/en\\\/\",\"logo\":{\"@type\":\"ImageObject\",\"inLanguage\":\"en-US\",\"@id\":\"https:\\\/\\\/dntnonwovenfabrics.com\\\/en\\\/#\\\/schema\\\/logo\\\/image\\\/\",\"url\":\"https:\\\/\\\/dntnonwovenfabrics.com\\\/wp-content\\\/uploads\\\/2014\\\/07\\\/logohead.jpg\",\"contentUrl\":\"https:\\\/\\\/dntnonwovenfabrics.com\\\/wp-content\\\/uploads\\\/2014\\\/07\\\/logohead.jpg\",\"width\":205,\"height\":86,\"caption\":\"DNT non woven fabrics - No Tejido\"},\"image\":{\"@id\":\"https:\\\/\\\/dntnonwovenfabrics.com\\\/en\\\/#\\\/schema\\\/logo\\\/image\\\/\"}}]}<\/script>\n<!-- \/ Yoast SEO plugin. -->","yoast_head_json":{"title":"Circular economy - DNT non woven fabrics - No Tejido","description":"The Circular Economy ensures sustainable growth in raw material consumption and utilisation, recycling for a new life.","robots":{"index":"index","follow":"follow","max-snippet":"max-snippet:-1","max-image-preview":"max-image-preview:large","max-video-preview":"max-video-preview:-1"},"canonical":"https:\/\/dntnonwovenfabrics.com\/en\/circular-economy\/","og_locale":"en_US","og_type":"article","og_title":"Circular economy - DNT non woven fabrics - No Tejido","og_description":"The Circular Economy ensures sustainable growth in raw material consumption and utilisation, recycling for a new life.","og_url":"https:\/\/dntnonwovenfabrics.com\/en\/circular-economy\/","og_site_name":"DNT non woven fabrics - No Tejido","article_modified_time":"2025-10-14T09:22:42+00:00","og_image":[{"width":800,"height":639,"url":"https:\/\/dntnonwovenfabrics.com\/wp-content\/uploads\/2022\/07\/ods.jpg","type":"image\/jpeg"}],"twitter_card":"summary_large_image","twitter_misc":{"Est. reading time":"2 minutes"},"schema":{"@context":"https:\/\/schema.org","@graph":[{"@type":"WebPage","@id":"https:\/\/dntnonwovenfabrics.com\/en\/circular-economy\/","url":"https:\/\/dntnonwovenfabrics.com\/en\/circular-economy\/","name":"Circular economy - DNT non woven fabrics - No Tejido","isPartOf":{"@id":"https:\/\/dntnonwovenfabrics.com\/en\/#website"},"primaryImageOfPage":{"@id":"https:\/\/dntnonwovenfabrics.com\/en\/circular-economy\/#primaryimage"},"image":{"@id":"https:\/\/dntnonwovenfabrics.com\/en\/circular-economy\/#primaryimage"},"thumbnailUrl":"https:\/\/dntnonwovenfabrics.com\/wp-content\/uploads\/2022\/07\/ods.jpg","datePublished":"2021-10-13T20:15:43+00:00","dateModified":"2025-10-14T09:22:42+00:00","description":"The Circular Economy ensures sustainable growth in raw material consumption and utilisation, recycling for a new life.","breadcrumb":{"@id":"https:\/\/dntnonwovenfabrics.com\/en\/circular-economy\/#breadcrumb"},"inLanguage":"en-US","potentialAction":[{"@type":"ReadAction","target":["https:\/\/dntnonwovenfabrics.com\/en\/circular-economy\/"]}]},{"@type":"ImageObject","inLanguage":"en-US","@id":"https:\/\/dntnonwovenfabrics.com\/en\/circular-economy\/#primaryimage","url":"https:\/\/dntnonwovenfabrics.com\/wp-content\/uploads\/2022\/07\/ods.jpg","contentUrl":"https:\/\/dntnonwovenfabrics.com\/wp-content\/uploads\/2022\/07\/ods.jpg","width":800,"height":639,"caption":"Circular economy"},{"@type":"BreadcrumbList","@id":"https:\/\/dntnonwovenfabrics.com\/en\/circular-economy\/#breadcrumb","itemListElement":[{"@type":"ListItem","position":1,"name":"Portada","item":"https:\/\/dntnonwovenfabrics.com\/en\/"},{"@type":"ListItem","position":2,"name":"Circular economy"}]},{"@type":"WebSite","@id":"https:\/\/dntnonwovenfabrics.com\/en\/#website","url":"https:\/\/dntnonwovenfabrics.com\/en\/","name":"DNT non woven fabrics - No Tejido","description":"Principal fabricante espa\u00f1ol de no tejido de polipropileno o spunbond non woven. La empresa con sede en Alcal\u00e1 la Real, Ja\u00e9n, forma parte del grupo empresarial Dise\u00f1os NT grupo con una extensa trayectoria en la industria transformadora del no tejido para la fabricaci\u00f3n de embalajes y bolsas.","publisher":{"@id":"https:\/\/dntnonwovenfabrics.com\/en\/#organization"},"potentialAction":[{"@type":"SearchAction","target":{"@type":"EntryPoint","urlTemplate":"https:\/\/dntnonwovenfabrics.com\/en\/?s={search_term_string}"},"query-input":{"@type":"PropertyValueSpecification","valueRequired":true,"valueName":"search_term_string"}}],"inLanguage":"en-US"},{"@type":"Organization","@id":"https:\/\/dntnonwovenfabrics.com\/en\/#organization","name":"DNT non woven fabrics - No Tejido","url":"https:\/\/dntnonwovenfabrics.com\/en\/","logo":{"@type":"ImageObject","inLanguage":"en-US","@id":"https:\/\/dntnonwovenfabrics.com\/en\/#\/schema\/logo\/image\/","url":"https:\/\/dntnonwovenfabrics.com\/wp-content\/uploads\/2014\/07\/logohead.jpg","contentUrl":"https:\/\/dntnonwovenfabrics.com\/wp-content\/uploads\/2014\/07\/logohead.jpg","width":205,"height":86,"caption":"DNT non woven fabrics - No Tejido"},"image":{"@id":"https:\/\/dntnonwovenfabrics.com\/en\/#\/schema\/logo\/image\/"}}]}},"_links":{"self":[{"href":"https:\/\/dntnonwovenfabrics.com\/en\/wp-json\/wp\/v2\/pages\/14563","targetHints":{"allow":["GET"]}}],"collection":[{"href":"https:\/\/dntnonwovenfabrics.com\/en\/wp-json\/wp\/v2\/pages"}],"about":[{"href":"https:\/\/dntnonwovenfabrics.com\/en\/wp-json\/wp\/v2\/types\/page"}],"author":[{"embeddable":true,"href":"https:\/\/dntnonwovenfabrics.com\/en\/wp-json\/wp\/v2\/users\/5"}],"replies":[{"embeddable":true,"href":"https:\/\/dntnonwovenfabrics.com\/en\/wp-json\/wp\/v2\/comments?post=14563"}],"version-history":[{"count":0,"href":"https:\/\/dntnonwovenfabrics.com\/en\/wp-json\/wp\/v2\/pages\/14563\/revisions"}],"wp:featuredmedia":[{"embeddable":true,"href":"https:\/\/dntnonwovenfabrics.com\/en\/wp-json\/wp\/v2\/media\/14565"}],"wp:attachment":[{"href":"https:\/\/dntnonwovenfabrics.com\/en\/wp-json\/wp\/v2\/media?parent=14563"}],"curies":[{"name":"wp","href":"https:\/\/api.w.org\/{rel}","templated":true}]}}