{"id":14572,"date":"2021-10-07T14:34:42","date_gmt":"2021-10-07T12:34:42","guid":{"rendered":"https:\/\/dntnonwovenfabrics.com\/idi\/"},"modified":"2025-02-04T15:37:50","modified_gmt":"2025-02-04T14:37:50","slug":"rdi","status":"publish","type":"page","link":"https:\/\/dntnonwovenfabrics.com\/en\/rdi\/","title":{"rendered":"R+D+I"},"content":{"rendered":"<div class=\"gb-grid-wrapper gb-grid-wrapper-b31fce98\">\n<div class=\"gb-grid-column gb-grid-column-a731af52\"><div class=\"gb-container gb-container-a731af52\"><div class=\"gb-inside-container\">\n\n<p class=\"has-text-align-center\">In its commitment to continuous improvement, <a href=\"https:\/\/dntnonwovenfabrics.com\/en\/\">DNT Non Woven Fabrics<\/a> makes significant efforts in R+D+i and technological innovation, applying the most efficient production and management methodologies in order to offer innovative solutions in its nonwovens.<\/p>\n\n\n\n<div style=\"height:72px\" aria-hidden=\"true\" class=\"wp-block-spacer hide-on-mobile\"><\/div>\n\n<\/div><\/div><\/div>\n<\/div>\n\n<div class=\"gb-container gb-container-995281db\">\n<div class=\"gb-grid-wrapper gb-grid-wrapper-aa15b502\">\n<div class=\"gb-grid-column gb-grid-column-82cdd5e5\"><div class=\"gb-container gb-container-82cdd5e5\"><div class=\"gb-inside-container\"><\/div><\/div><\/div>\n\n<div class=\"gb-grid-column gb-grid-column-526ff458\"><div class=\"gb-container gb-container-526ff458 menu-carta\"><div class=\"gb-inside-container\">\n\n<div class=\"wp-block-columns is-layout-flex wp-container-core-columns-is-layout-9d6595d7 wp-block-columns-is-layout-flex\">\n<div class=\"wp-block-column vertical is-layout-flow wp-block-column-is-layout-flow\" style=\"flex-basis:5%\"><\/div>\n\n\n\n<div class=\"wp-block-column is-layout-flow wp-block-column-is-layout-flow\" style=\"flex-basis:70%\">\n<h2 class=\"gb-headline gb-headline-cb5cb896 gb-headline-text bloque-sombra\">INNOVATIVE SME<\/h2>\n\n\n\n<p class=\"has-base-3-color has-text-color has-normal-font-size\">Awarded by the Ministry of Science and Innovation, it grants the Innovative SME seal to recognise the efforts of companies that carry out activities in the field of research, technological development and innovation (R&amp;D&amp;I).<br>The technical team of <a href=\"https:\/\/dntnonwovenfabrics.com\/noticias\/innovacion-en-el-sector-del-tejido-no-tejido\/\">DNT Non Woven Fabrics<\/a> focuses its efforts on the technical improvement of products, as well as the continuous development of new applications and products.<\/p>\n\n\n\n<p class=\"has-base-3-color has-text-color has-normal-font-size\"><\/p>\n<\/div>\n\n\n\n<div class=\"wp-block-column is-layout-flow wp-block-column-is-layout-flow\" style=\"flex-basis:30%\"><\/div>\n<\/div>\n\n<\/div><\/div><\/div>\n<\/div>\n\n\n<div style=\"height:0px\" aria-hidden=\"true\" class=\"wp-block-spacer\"><\/div>\n\n<\/div>\n\n\n<div style=\"height:0px\" aria-hidden=\"true\" class=\"wp-block-spacer\"><\/div>\n\n\n<div class=\"gb-grid-wrapper gb-grid-wrapper-6f5944b3\">\n<div class=\"gb-grid-column gb-grid-column-dbc29ca8\"><div class=\"gb-container gb-container-dbc29ca8 fondo-ham\"><div class=\"gb-inside-container\">\n\n<div class=\"wp-block-columns texto-derecha is-layout-flex wp-container-core-columns-is-layout-9d6595d7 wp-block-columns-is-layout-flex\">\n<div class=\"wp-block-column vertical is-layout-flow wp-block-column-is-layout-flow\" style=\"flex-basis:5%\"><\/div>\n\n\n\n<div class=\"wp-block-column texto-derecha is-layout-flow wp-block-column-is-layout-flow\" style=\"flex-basis:70%\">\n<h3 class=\"gb-headline gb-headline-f53602a1 gb-headline-text bloque-sombra\">UTILITY MODEL DOUBLE-LAYER ANTI-WEED NON WOVEN<\/h3>\n\n\n\n<p class=\"boton-derecha has-base-3-color has-text-color has-normal-font-size\">The continuous development of new nonwoven applications in R+D+i has led DNT Non Woven Fabrics to develop the <a href=\"https:\/\/dntnonwovenfabrics.com\/mk\/DNTAGRO-Bicapa-Antihierba-EN.pdf\">double-layer anti weed nonwoven<\/a> mesh, for which we have been granted the Utility Model. This product provides impermeability and protection against UV radiation, preventing the growth of weeds in crops.<\/p>\n<\/div>\n\n\n\n<div class=\"wp-block-column is-layout-flow wp-block-column-is-layout-flow\" style=\"flex-basis:5%\"><\/div>\n<\/div>\n\n<\/div><\/div><\/div>\n\n<div class=\"gb-grid-column gb-grid-column-af89fd4e\"><div class=\"gb-container gb-container-af89fd4e\"><div class=\"gb-inside-container\"><\/div><\/div><\/div>\n<\/div>","protected":false},"excerpt":{"rendered":"","protected":false},"author":5,"featured_media":14564,"parent":0,"menu_order":0,"comment_status":"closed","ping_status":"closed","template":"","meta":{"inline_featured_image":false,"footnotes":""},"class_list":["post-14572","page","type-page","status-publish","has-post-thumbnail"],"yoast_head":"<!-- This site is optimized with the Yoast SEO plugin v27.3 - https:\/\/yoast.com\/product\/yoast-seo-wordpress\/ -->\n<title>R+D+I - DNT non woven fabrics - No Tejido<\/title>\n<meta name=\"description\" content=\"DNT Non Woven Fabrics makes efforts in R+D+i, applying production and management methodologies to offer innovative solutions.\" \/>\n<meta name=\"robots\" content=\"index, follow, max-snippet:-1, max-image-preview:large, max-video-preview:-1\" \/>\n<link rel=\"canonical\" href=\"https:\/\/dntnonwovenfabrics.com\/en\/rdi\/\" \/>\n<meta property=\"og:locale\" content=\"en_US\" \/>\n<meta property=\"og:type\" content=\"article\" \/>\n<meta property=\"og:title\" content=\"R+D+I - DNT non woven fabrics - No Tejido\" \/>\n<meta property=\"og:description\" content=\"DNT Non Woven Fabrics makes efforts in R+D+i, applying production and management methodologies to offer innovative solutions.\" \/>\n<meta property=\"og:url\" content=\"https:\/\/dntnonwovenfabrics.com\/en\/rdi\/\" \/>\n<meta property=\"og:site_name\" content=\"DNT non woven fabrics - No Tejido\" \/>\n<meta property=\"article:modified_time\" content=\"2025-02-04T14:37:50+00:00\" \/>\n<meta property=\"og:image\" content=\"https:\/\/dntnonwovenfabrics.com\/wp-content\/uploads\/2021\/10\/banner-idi.png\" \/>\n\t<meta property=\"og:image:width\" content=\"1200\" \/>\n\t<meta property=\"og:image:height\" content=\"675\" \/>\n\t<meta property=\"og:image:type\" content=\"image\/png\" \/>\n<meta name=\"twitter:card\" content=\"summary_large_image\" \/>\n<meta name=\"twitter:label1\" content=\"Est. reading time\" \/>\n\t<meta name=\"twitter:data1\" content=\"1 minute\" \/>\n<script type=\"application\/ld+json\" class=\"yoast-schema-graph\">{\"@context\":\"https:\\\/\\\/schema.org\",\"@graph\":[{\"@type\":\"WebPage\",\"@id\":\"https:\\\/\\\/dntnonwovenfabrics.com\\\/en\\\/rdi\\\/\",\"url\":\"https:\\\/\\\/dntnonwovenfabrics.com\\\/en\\\/rdi\\\/\",\"name\":\"R+D+I - DNT non woven fabrics - No Tejido\",\"isPartOf\":{\"@id\":\"https:\\\/\\\/dntnonwovenfabrics.com\\\/en\\\/#website\"},\"primaryImageOfPage\":{\"@id\":\"https:\\\/\\\/dntnonwovenfabrics.com\\\/en\\\/rdi\\\/#primaryimage\"},\"image\":{\"@id\":\"https:\\\/\\\/dntnonwovenfabrics.com\\\/en\\\/rdi\\\/#primaryimage\"},\"thumbnailUrl\":\"https:\\\/\\\/dntnonwovenfabrics.com\\\/wp-content\\\/uploads\\\/2021\\\/10\\\/banner-idi.png\",\"datePublished\":\"2021-10-07T12:34:42+00:00\",\"dateModified\":\"2025-02-04T14:37:50+00:00\",\"description\":\"DNT Non Woven Fabrics makes efforts in R+D+i, applying production and management methodologies to offer innovative solutions.\",\"breadcrumb\":{\"@id\":\"https:\\\/\\\/dntnonwovenfabrics.com\\\/en\\\/rdi\\\/#breadcrumb\"},\"inLanguage\":\"en-US\",\"potentialAction\":[{\"@type\":\"ReadAction\",\"target\":[\"https:\\\/\\\/dntnonwovenfabrics.com\\\/en\\\/rdi\\\/\"]}]},{\"@type\":\"ImageObject\",\"inLanguage\":\"en-US\",\"@id\":\"https:\\\/\\\/dntnonwovenfabrics.com\\\/en\\\/rdi\\\/#primaryimage\",\"url\":\"https:\\\/\\\/dntnonwovenfabrics.com\\\/wp-content\\\/uploads\\\/2021\\\/10\\\/banner-idi.png\",\"contentUrl\":\"https:\\\/\\\/dntnonwovenfabrics.com\\\/wp-content\\\/uploads\\\/2021\\\/10\\\/banner-idi.png\",\"width\":1200,\"height\":675},{\"@type\":\"BreadcrumbList\",\"@id\":\"https:\\\/\\\/dntnonwovenfabrics.com\\\/en\\\/rdi\\\/#breadcrumb\",\"itemListElement\":[{\"@type\":\"ListItem\",\"position\":1,\"name\":\"Portada\",\"item\":\"https:\\\/\\\/dntnonwovenfabrics.com\\\/en\\\/\"},{\"@type\":\"ListItem\",\"position\":2,\"name\":\"R+D+I\"}]},{\"@type\":\"WebSite\",\"@id\":\"https:\\\/\\\/dntnonwovenfabrics.com\\\/en\\\/#website\",\"url\":\"https:\\\/\\\/dntnonwovenfabrics.com\\\/en\\\/\",\"name\":\"DNT non woven fabrics - No Tejido\",\"description\":\"Principal fabricante espa\u00f1ol de no tejido de polipropileno o spunbond non woven. La empresa con sede en Alcal\u00e1 la Real, Ja\u00e9n, forma parte del grupo empresarial Dise\u00f1os NT grupo con una extensa trayectoria en la industria transformadora del no tejido para la fabricaci\u00f3n de embalajes y bolsas.\",\"publisher\":{\"@id\":\"https:\\\/\\\/dntnonwovenfabrics.com\\\/en\\\/#organization\"},\"potentialAction\":[{\"@type\":\"SearchAction\",\"target\":{\"@type\":\"EntryPoint\",\"urlTemplate\":\"https:\\\/\\\/dntnonwovenfabrics.com\\\/en\\\/?s={search_term_string}\"},\"query-input\":{\"@type\":\"PropertyValueSpecification\",\"valueRequired\":true,\"valueName\":\"search_term_string\"}}],\"inLanguage\":\"en-US\"},{\"@type\":\"Organization\",\"@id\":\"https:\\\/\\\/dntnonwovenfabrics.com\\\/en\\\/#organization\",\"name\":\"DNT non woven fabrics - No Tejido\",\"url\":\"https:\\\/\\\/dntnonwovenfabrics.com\\\/en\\\/\",\"logo\":{\"@type\":\"ImageObject\",\"inLanguage\":\"en-US\",\"@id\":\"https:\\\/\\\/dntnonwovenfabrics.com\\\/en\\\/#\\\/schema\\\/logo\\\/image\\\/\",\"url\":\"https:\\\/\\\/dntnonwovenfabrics.com\\\/wp-content\\\/uploads\\\/2014\\\/07\\\/logohead.jpg\",\"contentUrl\":\"https:\\\/\\\/dntnonwovenfabrics.com\\\/wp-content\\\/uploads\\\/2014\\\/07\\\/logohead.jpg\",\"width\":205,\"height\":86,\"caption\":\"DNT non woven fabrics - No Tejido\"},\"image\":{\"@id\":\"https:\\\/\\\/dntnonwovenfabrics.com\\\/en\\\/#\\\/schema\\\/logo\\\/image\\\/\"}}]}<\/script>\n<!-- \/ Yoast SEO plugin. -->","yoast_head_json":{"title":"R+D+I - DNT non woven fabrics - No Tejido","description":"DNT Non Woven Fabrics makes efforts in R+D+i, applying production and management methodologies to offer innovative solutions.","robots":{"index":"index","follow":"follow","max-snippet":"max-snippet:-1","max-image-preview":"max-image-preview:large","max-video-preview":"max-video-preview:-1"},"canonical":"https:\/\/dntnonwovenfabrics.com\/en\/rdi\/","og_locale":"en_US","og_type":"article","og_title":"R+D+I - DNT non woven fabrics - No Tejido","og_description":"DNT Non Woven Fabrics makes efforts in R+D+i, applying production and management methodologies to offer innovative solutions.","og_url":"https:\/\/dntnonwovenfabrics.com\/en\/rdi\/","og_site_name":"DNT non woven fabrics - No Tejido","article_modified_time":"2025-02-04T14:37:50+00:00","og_image":[{"width":1200,"height":675,"url":"https:\/\/dntnonwovenfabrics.com\/wp-content\/uploads\/2021\/10\/banner-idi.png","type":"image\/png"}],"twitter_card":"summary_large_image","twitter_misc":{"Est. reading time":"1 minute"},"schema":{"@context":"https:\/\/schema.org","@graph":[{"@type":"WebPage","@id":"https:\/\/dntnonwovenfabrics.com\/en\/rdi\/","url":"https:\/\/dntnonwovenfabrics.com\/en\/rdi\/","name":"R+D+I - DNT non woven fabrics - No Tejido","isPartOf":{"@id":"https:\/\/dntnonwovenfabrics.com\/en\/#website"},"primaryImageOfPage":{"@id":"https:\/\/dntnonwovenfabrics.com\/en\/rdi\/#primaryimage"},"image":{"@id":"https:\/\/dntnonwovenfabrics.com\/en\/rdi\/#primaryimage"},"thumbnailUrl":"https:\/\/dntnonwovenfabrics.com\/wp-content\/uploads\/2021\/10\/banner-idi.png","datePublished":"2021-10-07T12:34:42+00:00","dateModified":"2025-02-04T14:37:50+00:00","description":"DNT Non Woven Fabrics makes efforts in R+D+i, applying production and management methodologies to offer innovative solutions.","breadcrumb":{"@id":"https:\/\/dntnonwovenfabrics.com\/en\/rdi\/#breadcrumb"},"inLanguage":"en-US","potentialAction":[{"@type":"ReadAction","target":["https:\/\/dntnonwovenfabrics.com\/en\/rdi\/"]}]},{"@type":"ImageObject","inLanguage":"en-US","@id":"https:\/\/dntnonwovenfabrics.com\/en\/rdi\/#primaryimage","url":"https:\/\/dntnonwovenfabrics.com\/wp-content\/uploads\/2021\/10\/banner-idi.png","contentUrl":"https:\/\/dntnonwovenfabrics.com\/wp-content\/uploads\/2021\/10\/banner-idi.png","width":1200,"height":675},{"@type":"BreadcrumbList","@id":"https:\/\/dntnonwovenfabrics.com\/en\/rdi\/#breadcrumb","itemListElement":[{"@type":"ListItem","position":1,"name":"Portada","item":"https:\/\/dntnonwovenfabrics.com\/en\/"},{"@type":"ListItem","position":2,"name":"R+D+I"}]},{"@type":"WebSite","@id":"https:\/\/dntnonwovenfabrics.com\/en\/#website","url":"https:\/\/dntnonwovenfabrics.com\/en\/","name":"DNT non woven fabrics - No Tejido","description":"Principal fabricante espa\u00f1ol de no tejido de polipropileno o spunbond non woven. La empresa con sede en Alcal\u00e1 la Real, Ja\u00e9n, forma parte del grupo empresarial Dise\u00f1os NT grupo con una extensa trayectoria en la industria transformadora del no tejido para la fabricaci\u00f3n de embalajes y bolsas.","publisher":{"@id":"https:\/\/dntnonwovenfabrics.com\/en\/#organization"},"potentialAction":[{"@type":"SearchAction","target":{"@type":"EntryPoint","urlTemplate":"https:\/\/dntnonwovenfabrics.com\/en\/?s={search_term_string}"},"query-input":{"@type":"PropertyValueSpecification","valueRequired":true,"valueName":"search_term_string"}}],"inLanguage":"en-US"},{"@type":"Organization","@id":"https:\/\/dntnonwovenfabrics.com\/en\/#organization","name":"DNT non woven fabrics - No Tejido","url":"https:\/\/dntnonwovenfabrics.com\/en\/","logo":{"@type":"ImageObject","inLanguage":"en-US","@id":"https:\/\/dntnonwovenfabrics.com\/en\/#\/schema\/logo\/image\/","url":"https:\/\/dntnonwovenfabrics.com\/wp-content\/uploads\/2014\/07\/logohead.jpg","contentUrl":"https:\/\/dntnonwovenfabrics.com\/wp-content\/uploads\/2014\/07\/logohead.jpg","width":205,"height":86,"caption":"DNT non woven fabrics - No Tejido"},"image":{"@id":"https:\/\/dntnonwovenfabrics.com\/en\/#\/schema\/logo\/image\/"}}]}},"_links":{"self":[{"href":"https:\/\/dntnonwovenfabrics.com\/en\/wp-json\/wp\/v2\/pages\/14572","targetHints":{"allow":["GET"]}}],"collection":[{"href":"https:\/\/dntnonwovenfabrics.com\/en\/wp-json\/wp\/v2\/pages"}],"about":[{"href":"https:\/\/dntnonwovenfabrics.com\/en\/wp-json\/wp\/v2\/types\/page"}],"author":[{"embeddable":true,"href":"https:\/\/dntnonwovenfabrics.com\/en\/wp-json\/wp\/v2\/users\/5"}],"replies":[{"embeddable":true,"href":"https:\/\/dntnonwovenfabrics.com\/en\/wp-json\/wp\/v2\/comments?post=14572"}],"version-history":[{"count":0,"href":"https:\/\/dntnonwovenfabrics.com\/en\/wp-json\/wp\/v2\/pages\/14572\/revisions"}],"wp:featuredmedia":[{"embeddable":true,"href":"https:\/\/dntnonwovenfabrics.com\/en\/wp-json\/wp\/v2\/media\/14564"}],"wp:attachment":[{"href":"https:\/\/dntnonwovenfabrics.com\/en\/wp-json\/wp\/v2\/media?parent=14572"}],"curies":[{"name":"wp","href":"https:\/\/api.w.org\/{rel}","templated":true}]}}