{"id":14577,"date":"2020-09-29T22:37:16","date_gmt":"2020-09-29T20:37:16","guid":{"rendered":"https:\/\/dntnonwovenfabrics.com\/politica-de-cookies\/"},"modified":"2025-01-15T12:12:39","modified_gmt":"2025-01-15T11:12:39","slug":"politica-de-cookies","status":"publish","type":"page","link":"https:\/\/dntnonwovenfabrics.com\/en\/politica-de-cookies\/","title":{"rendered":"Cookies policy"},"content":{"rendered":"\n<p>The website www.dntnonwovenfabrics.com (hereinafter, the \u2018Website\u2019), owned by DNT Non Woven Fabrics S.A. (hereinafter, the \u2018Entity\u2019), uses cookies or similar technologies that store and retrieve information when you browse (all of them, hereinafter referred to as \u2018cookies\u2019). By browsing or using our services, the user accepts our use of the Cookies Policy.<\/p>\n\n\n\n<h3 class=\"wp-block-heading\">What are <em>cookies<\/em>?<\/h3>\n\n\n\n<p>Cookies are files that store and retrieve information about the user&#8217;s browsing habits. The information obtained is related, for example, to the number of pages visited, the language, the place from which they are accessed, the number of new users, the frequency and recurrence of visits, the length of the visit, the browser or the equipment from which the visit is made or the application is executed.<\/p>\n\n\n\n<p>The Website is accessible without the need for cookies to be activated, although their deactivation may limit the use of certain services or prevent them from functioning correctly, according to the Cookies Policy.<\/p>\n\n\n\n<h3 class=\"wp-block-heading\">Consent<\/h3>\n\n\n\n<p>When accessing the Website, suitable mechanisms are established to obtain the user&#8217;s consent for the installation of <em>cookies<\/em> that require it.<\/p>\n\n\n\n<p>Notwithstanding the foregoing, it should be noted that, in accordance with the Law, the aforementioned consent will not be required for the installation of those <em>cookies<\/em> that are strictly necessary for the provision of a service expressly requested by the user (such as technical <em>cookies<\/em>).<\/p>\n\n\n\n<p>Users may manage their consent in relation to the <em>cookies<\/em> used by the Entity through the following link:<\/p>\n\n\n\n<h3 class=\"wp-block-heading\">What types of cookies does the website use?<\/h3>\n\n\n\n<p>The user consents to the website using the following cookies:<\/p>\n\n\n\n<p><strong>Depending on the entity that manages them:<\/strong><\/p>\n\n\n\n<ul class=\"wp-block-list\">\n<li><strong>Own <em>cookies<\/em><\/strong>: these are sent to the user&#8217;s terminal equipment from a computer or domain managed by the editor itself, i.e. the Entity, and from which the service requested by the User is provided.<\/li>\n\n\n\n<li><strong>Third-party <em>cookies<\/em><\/strong>: these are sent to the user&#8217;s terminal equipment from a computer or domain that is not managed by the publisher, but by another entity that processes the data obtained through the cookies.<\/li>\n<\/ul>\n\n\n\n<p><strong>According to the length of time they remain active:<\/strong><\/p>\n\n\n\n<ul class=\"wp-block-list\">\n<li><strong>Session <em>cookies<\/em><\/strong>: they collect and store data while the user accesses this website.<\/li>\n\n\n\n<li><strong>Persistent <em>cookies<\/em><\/strong>: they collect data stored in the terminal and are accessed and processed during the defined period.<\/li>\n<\/ul>\n\n\n\n<p><strong>According to their purpose:<\/strong><\/p>\n\n\n\n<ul class=\"wp-block-list\">\n<li><strong>Preference or personalisation cookies<\/strong>: these enable information to be remembered so that the user accesses the service with certain characteristics that may differentiate their experience from that of other users, such as, for example, the language, the number of results to be displayed when the user performs a search, the appearance or content of the service depending on the type of browser through which the user accesses the service or the region from which they access the service, etc.<\/li>\n\n\n\n<li><strong>Technical cookies<\/strong>: these enable browsing through the website and the use of different services that exist on the website (for example, controlling traffic and data communication, using security elements during browsing, etc.).<\/li>\n\n\n\n<li><strong>Analysis or measurement cookies<\/strong>: these enable the monitoring and analysis of user behaviour. The information collected through this type of cookies is used to measure the activity of the website in order to introduce improvements based on the analysis of the data on the use made by users of the service.<\/li>\n\n\n\n<li><strong>Advertising cookies<\/strong>: these allow and facilitate the monitoring of user behaviour through their browsing habits, which allows a specific profile to be developed in order to display advertising based on this. Rejection of the use of advertising cookies will prevent the Entity from being able to show the user personalised advertising of interest to them. However, it will not prevent the Entity from sending you generic advertising in accordance with the Privacy Policy.<\/li>\n<\/ul>\n\n\n\n<p>Below you can consult the cookies that the Entity uses:<\/p>\n\n\n\n<ul class=\"wp-block-list\">\n<li><strong><strong>Preference or personalisation cookies<\/strong>:<\/strong><\/li>\n<\/ul>\n\n\n\n<figure class=\"wp-block-table\"><table><tbody><tr><td><strong>Cookie<\/strong><strong><\/strong><\/td><td><strong>Owner<\/strong><\/td><td><strong>Purpose<\/strong><\/td><td><strong>\u00a0Duration<\/strong><\/td><\/tr><tr><td><strong>wp-wpml_current_l anguage<\/strong><\/td><td>dntnonwovenfabrics.com<\/td><td>Designates the country code that is calculated based on the user&#8217;s IP address. Used to determine which language should be used for users.<\/td><td>1 d\u00eda<\/td><\/tr><\/tbody><\/table><\/figure>\n\n\n\n<ul class=\"wp-block-list\">\n<li><strong><strong>Analysis or measurement cookies<\/strong>:<\/strong><\/li>\n<\/ul>\n\n\n\n<figure class=\"wp-block-table\"><table><tbody><tr><td><strong>Cookie<\/strong><strong><\/strong><\/td><td><strong>Owner<\/strong><\/td><td><strong>Purpose<\/strong><\/td><td><strong>\u00a0Duration<\/strong><\/td><\/tr><tr><td><strong>_ga<\/strong> <strong>&nbsp;<\/strong><\/td><td>google.com<\/td><td>It records a unique ID that is used to generate statistical data about how the visitor uses the website.<\/td><td>2 years<\/td><\/tr><tr><td><strong>_ga_#<\/strong><\/td><td>google.com<\/td><td>Collects data on the number of times a user has visited the website as well as the dates of the first and most recent visit. Used by Google Analytics.<\/td><td>2 years<\/td><\/tr><tr><td><strong>_gat<\/strong><\/td><td>google.com<\/td><td>Used by Google Analytics to monitor request rates.<\/td><td>1 day<\/td><\/tr><tr><td><strong>_gid<\/strong><\/td><td>google.com<\/td><td>Records a unique ID that is used to generate statistical data about how the visitor uses the website.<\/td><td>1 day<\/td><\/tr><\/tbody><\/table><\/figure>\n\n\n\n<ul class=\"wp-block-list\">\n<li><strong><strong>Advertising cookies<\/strong>:<\/strong><\/li>\n<\/ul>\n\n\n\n<figure class=\"wp-block-table\"><table><tbody><tr><td><strong>Cookie<\/strong><strong><\/strong><\/td><td><strong>Owner<\/strong><\/td><td><strong>Purpose<\/strong><\/td><td><strong>\u00a0Duration<\/strong><\/td><\/tr><tr><td><strong>ads\/ga-audiences<\/strong><strong><\/strong><\/td><td>Google.com<\/td><td>Used by Google AdWords to reconnect with visitors who are likely to become customers, it is based on the customer&#8217;s online behaviour across websites.<\/td><td>Sesion<\/td><\/tr><tr><td><strong>NID<\/strong><\/td><td>Google.com<\/td><td>Records a unique ID that identifies a returning user&#8217;s device. The ID is used for targeted ads.<\/td><td>6 months<\/td><\/tr><\/tbody><\/table><\/figure>\n\n\n\n<h3 class=\"wp-block-heading\"><strong>Ways to disable or delete cookies<\/strong><\/h3>\n\n\n\n<p>The user can allow, block or delete the cookies installed in their browser by configuring the options offered by the browser.<\/p>\n\n\n\n<p>However, disabling them could modify the functioning of the website. Please consult the instructions and manuals of the Cookies Policy of your browser for further information.<\/p>\n\n\n\n<p>In the event that the user wishes to revoke consent by means of the browsers they use, they must configure it in the terms set out below:<\/p>\n\n\n\n<ol class=\"wp-block-list\">\n<li>Microsoft Internet Explorer: in the \u2018Tools\u2019 menu option, selecting \u2018Internet Options\u2019 and accessing \u2018Privacy\u2019.<\/li>\n\n\n\n<li>Firefox, for Mac in the \u2018Preferences\u2019 menu option, selecting \u2018Privacy\u2019, accessing the \u2018Show Cookies\u2019 section. And for Windows in the menu option \u2018Tools\u2019, selecting \u2018Options\u2019, accessing \u2018Privacy\u2019 and then \u2018Use custom settings for history\u2019.<\/li>\n\n\n\n<li>Safari, in the Safari option, select \u2018Preferences\u2019, and \u2018Privacy\u2019.<\/li>\n\n\n\n<li>Google Chrome, in the Tools menu option or Chrome tab (for Mac), selecting \u2018Options\u2019 (\u2018Preferences\u2019 on Mac). Accessing \u2018Advanced settings\u2019 and then under the option \u2018Privacy and security\u2019 and \u2018Website settings\u2019, and finally ticking \u2018Cookies and site data\u2019.<\/li>\n<\/ol>\n\n\n\n<p>Please note that if you have accepted the third-party cookie policy, you must delete them from your browser options. In this regard. It is recommended that you consult your browser&#8217;s help or access the help web pages of the main browsers:<\/p>\n\n\n\n<ul class=\"wp-block-list\">\n<li><a href=\"https:\/\/support.mozilla.org\/es\/kb\/habilitar-y-deshabilitar-cookies-sitios-web-rastrear-preferencias?redirectlocale=es&amp;redirectslug=habilitar-y-deshabilitar-cookies-que-los-sitios-we\">Firefox<\/a><\/li>\n\n\n\n<li><a href=\"https:\/\/support.microsoft.com\/es-es\/help\/17442\/windows-internet-explorer-delete-manage-cookies\">Internet Explorer<\/a>&nbsp;<\/li>\n\n\n\n<li><a href=\"https:\/\/support.apple.com\/es-es\/guide\/safari\/sfri11471\/mac\">Safari<\/a><\/li>\n\n\n\n<li><a href=\"https:\/\/support.google.com\/chrome\/answer\/95647?hl=es\">Chrome<\/a><\/li>\n<\/ul>\n\n\n\n<h3 class=\"wp-block-heading\"><strong>Cookies policy update<\/strong><\/h3>\n\n\n\n<p>En el caso de que las caracter\u00edsticas o fines de uso de las cookies de la Web sean modificadas. Se le informar\u00e1 acerca de esos cambios con el fin de recabar nuevamente su consentimiento.<\/p>\n","protected":false},"excerpt":{"rendered":"<p>The website www.dntnonwovenfabrics.com (hereinafter, the \u2018Website\u2019), owned by DNT Non Woven Fabrics S.A. (hereinafter, the \u2018Entity\u2019), uses cookies or similar technologies that store and retrieve information when you browse (all of them, hereinafter referred to as \u2018cookies\u2019). By browsing or using our services, the user accepts our use of the Cookies Policy. What are cookies? Cookies are files that store and retrieve information about the user&#8217;s browsing habits. The information &#8230; <\/p>\n<p class=\"read-more-container\"><a title=\"Cookies policy\" class=\"read-more button\" href=\"https:\/\/dntnonwovenfabrics.com\/en\/politica-de-cookies\/#more-14577\" aria-label=\"Read more about Cookies policy\">Read more<\/a><\/p>\n","protected":false},"author":5,"featured_media":0,"parent":0,"menu_order":0,"comment_status":"closed","ping_status":"closed","template":"","meta":{"inline_featured_image":false,"footnotes":""},"class_list":["post-14577","page","type-page","status-publish"],"yoast_head":"<!-- This site is optimized with the Yoast SEO plugin v27.3 - https:\/\/yoast.com\/product\/yoast-seo-wordpress\/ -->\n<title>Cookies policy - DNT non woven fabrics - No Tejido<\/title>\n<meta name=\"description\" content=\"La we de DNT Non Woven Fabrics utiliza una Pol\u00edtica de Cookies o tecnolog\u00edas similares que almacenan y recuperan informaci\u00f3n cuando navega.\" \/>\n<meta name=\"robots\" content=\"index, follow, max-snippet:-1, max-image-preview:large, max-video-preview:-1\" \/>\n<link rel=\"canonical\" href=\"https:\/\/dntnonwovenfabrics.com\/en\/politica-de-cookies\/\" \/>\n<meta property=\"og:locale\" content=\"en_US\" \/>\n<meta property=\"og:type\" content=\"article\" \/>\n<meta property=\"og:title\" content=\"Cookies policy - DNT non woven fabrics - No Tejido\" \/>\n<meta property=\"og:description\" content=\"La we de DNT Non Woven Fabrics utiliza una Pol\u00edtica de Cookies o tecnolog\u00edas similares que almacenan y recuperan informaci\u00f3n cuando navega.\" \/>\n<meta property=\"og:url\" content=\"https:\/\/dntnonwovenfabrics.com\/en\/politica-de-cookies\/\" \/>\n<meta property=\"og:site_name\" content=\"DNT non woven fabrics - No Tejido\" \/>\n<meta property=\"article:modified_time\" content=\"2025-01-15T11:12:39+00:00\" \/>\n<meta name=\"twitter:card\" content=\"summary_large_image\" \/>\n<meta name=\"twitter:label1\" content=\"Est. reading time\" \/>\n\t<meta name=\"twitter:data1\" content=\"5 minutes\" \/>\n<script type=\"application\/ld+json\" class=\"yoast-schema-graph\">{\"@context\":\"https:\\\/\\\/schema.org\",\"@graph\":[{\"@type\":\"WebPage\",\"@id\":\"https:\\\/\\\/dntnonwovenfabrics.com\\\/en\\\/politica-de-cookies\\\/\",\"url\":\"https:\\\/\\\/dntnonwovenfabrics.com\\\/en\\\/politica-de-cookies\\\/\",\"name\":\"Cookies policy - DNT non woven fabrics - No Tejido\",\"isPartOf\":{\"@id\":\"https:\\\/\\\/dntnonwovenfabrics.com\\\/en\\\/#website\"},\"datePublished\":\"2020-09-29T20:37:16+00:00\",\"dateModified\":\"2025-01-15T11:12:39+00:00\",\"description\":\"La we de DNT Non Woven Fabrics utiliza una Pol\u00edtica de Cookies o tecnolog\u00edas similares que almacenan y recuperan informaci\u00f3n cuando navega.\",\"breadcrumb\":{\"@id\":\"https:\\\/\\\/dntnonwovenfabrics.com\\\/en\\\/politica-de-cookies\\\/#breadcrumb\"},\"inLanguage\":\"en-US\",\"potentialAction\":[{\"@type\":\"ReadAction\",\"target\":[\"https:\\\/\\\/dntnonwovenfabrics.com\\\/en\\\/politica-de-cookies\\\/\"]}]},{\"@type\":\"BreadcrumbList\",\"@id\":\"https:\\\/\\\/dntnonwovenfabrics.com\\\/en\\\/politica-de-cookies\\\/#breadcrumb\",\"itemListElement\":[{\"@type\":\"ListItem\",\"position\":1,\"name\":\"Portada\",\"item\":\"https:\\\/\\\/dntnonwovenfabrics.com\\\/en\\\/\"},{\"@type\":\"ListItem\",\"position\":2,\"name\":\"Cookies policy\"}]},{\"@type\":\"WebSite\",\"@id\":\"https:\\\/\\\/dntnonwovenfabrics.com\\\/en\\\/#website\",\"url\":\"https:\\\/\\\/dntnonwovenfabrics.com\\\/en\\\/\",\"name\":\"DNT non woven fabrics - No Tejido\",\"description\":\"Principal fabricante espa\u00f1ol de no tejido de polipropileno o spunbond non woven. La empresa con sede en Alcal\u00e1 la Real, Ja\u00e9n, forma parte del grupo empresarial Dise\u00f1os NT grupo con una extensa trayectoria en la industria transformadora del no tejido para la fabricaci\u00f3n de embalajes y bolsas.\",\"publisher\":{\"@id\":\"https:\\\/\\\/dntnonwovenfabrics.com\\\/en\\\/#organization\"},\"potentialAction\":[{\"@type\":\"SearchAction\",\"target\":{\"@type\":\"EntryPoint\",\"urlTemplate\":\"https:\\\/\\\/dntnonwovenfabrics.com\\\/en\\\/?s={search_term_string}\"},\"query-input\":{\"@type\":\"PropertyValueSpecification\",\"valueRequired\":true,\"valueName\":\"search_term_string\"}}],\"inLanguage\":\"en-US\"},{\"@type\":\"Organization\",\"@id\":\"https:\\\/\\\/dntnonwovenfabrics.com\\\/en\\\/#organization\",\"name\":\"DNT non woven fabrics - No Tejido\",\"url\":\"https:\\\/\\\/dntnonwovenfabrics.com\\\/en\\\/\",\"logo\":{\"@type\":\"ImageObject\",\"inLanguage\":\"en-US\",\"@id\":\"https:\\\/\\\/dntnonwovenfabrics.com\\\/en\\\/#\\\/schema\\\/logo\\\/image\\\/\",\"url\":\"https:\\\/\\\/dntnonwovenfabrics.com\\\/wp-content\\\/uploads\\\/2014\\\/07\\\/logohead.jpg\",\"contentUrl\":\"https:\\\/\\\/dntnonwovenfabrics.com\\\/wp-content\\\/uploads\\\/2014\\\/07\\\/logohead.jpg\",\"width\":205,\"height\":86,\"caption\":\"DNT non woven fabrics - No Tejido\"},\"image\":{\"@id\":\"https:\\\/\\\/dntnonwovenfabrics.com\\\/en\\\/#\\\/schema\\\/logo\\\/image\\\/\"}}]}<\/script>\n<!-- \/ Yoast SEO plugin. -->","yoast_head_json":{"title":"Cookies policy - DNT non woven fabrics - No Tejido","description":"La we de DNT Non Woven Fabrics utiliza una Pol\u00edtica de Cookies o tecnolog\u00edas similares que almacenan y recuperan informaci\u00f3n cuando navega.","robots":{"index":"index","follow":"follow","max-snippet":"max-snippet:-1","max-image-preview":"max-image-preview:large","max-video-preview":"max-video-preview:-1"},"canonical":"https:\/\/dntnonwovenfabrics.com\/en\/politica-de-cookies\/","og_locale":"en_US","og_type":"article","og_title":"Cookies policy - DNT non woven fabrics - No Tejido","og_description":"La we de DNT Non Woven Fabrics utiliza una Pol\u00edtica de Cookies o tecnolog\u00edas similares que almacenan y recuperan informaci\u00f3n cuando navega.","og_url":"https:\/\/dntnonwovenfabrics.com\/en\/politica-de-cookies\/","og_site_name":"DNT non woven fabrics - No Tejido","article_modified_time":"2025-01-15T11:12:39+00:00","twitter_card":"summary_large_image","twitter_misc":{"Est. reading time":"5 minutes"},"schema":{"@context":"https:\/\/schema.org","@graph":[{"@type":"WebPage","@id":"https:\/\/dntnonwovenfabrics.com\/en\/politica-de-cookies\/","url":"https:\/\/dntnonwovenfabrics.com\/en\/politica-de-cookies\/","name":"Cookies policy - DNT non woven fabrics - No Tejido","isPartOf":{"@id":"https:\/\/dntnonwovenfabrics.com\/en\/#website"},"datePublished":"2020-09-29T20:37:16+00:00","dateModified":"2025-01-15T11:12:39+00:00","description":"La we de DNT Non Woven Fabrics utiliza una Pol\u00edtica de Cookies o tecnolog\u00edas similares que almacenan y recuperan informaci\u00f3n cuando navega.","breadcrumb":{"@id":"https:\/\/dntnonwovenfabrics.com\/en\/politica-de-cookies\/#breadcrumb"},"inLanguage":"en-US","potentialAction":[{"@type":"ReadAction","target":["https:\/\/dntnonwovenfabrics.com\/en\/politica-de-cookies\/"]}]},{"@type":"BreadcrumbList","@id":"https:\/\/dntnonwovenfabrics.com\/en\/politica-de-cookies\/#breadcrumb","itemListElement":[{"@type":"ListItem","position":1,"name":"Portada","item":"https:\/\/dntnonwovenfabrics.com\/en\/"},{"@type":"ListItem","position":2,"name":"Cookies policy"}]},{"@type":"WebSite","@id":"https:\/\/dntnonwovenfabrics.com\/en\/#website","url":"https:\/\/dntnonwovenfabrics.com\/en\/","name":"DNT non woven fabrics - No Tejido","description":"Principal fabricante espa\u00f1ol de no tejido de polipropileno o spunbond non woven. La empresa con sede en Alcal\u00e1 la Real, Ja\u00e9n, forma parte del grupo empresarial Dise\u00f1os NT grupo con una extensa trayectoria en la industria transformadora del no tejido para la fabricaci\u00f3n de embalajes y bolsas.","publisher":{"@id":"https:\/\/dntnonwovenfabrics.com\/en\/#organization"},"potentialAction":[{"@type":"SearchAction","target":{"@type":"EntryPoint","urlTemplate":"https:\/\/dntnonwovenfabrics.com\/en\/?s={search_term_string}"},"query-input":{"@type":"PropertyValueSpecification","valueRequired":true,"valueName":"search_term_string"}}],"inLanguage":"en-US"},{"@type":"Organization","@id":"https:\/\/dntnonwovenfabrics.com\/en\/#organization","name":"DNT non woven fabrics - No Tejido","url":"https:\/\/dntnonwovenfabrics.com\/en\/","logo":{"@type":"ImageObject","inLanguage":"en-US","@id":"https:\/\/dntnonwovenfabrics.com\/en\/#\/schema\/logo\/image\/","url":"https:\/\/dntnonwovenfabrics.com\/wp-content\/uploads\/2014\/07\/logohead.jpg","contentUrl":"https:\/\/dntnonwovenfabrics.com\/wp-content\/uploads\/2014\/07\/logohead.jpg","width":205,"height":86,"caption":"DNT non woven fabrics - No Tejido"},"image":{"@id":"https:\/\/dntnonwovenfabrics.com\/en\/#\/schema\/logo\/image\/"}}]}},"_links":{"self":[{"href":"https:\/\/dntnonwovenfabrics.com\/en\/wp-json\/wp\/v2\/pages\/14577","targetHints":{"allow":["GET"]}}],"collection":[{"href":"https:\/\/dntnonwovenfabrics.com\/en\/wp-json\/wp\/v2\/pages"}],"about":[{"href":"https:\/\/dntnonwovenfabrics.com\/en\/wp-json\/wp\/v2\/types\/page"}],"author":[{"embeddable":true,"href":"https:\/\/dntnonwovenfabrics.com\/en\/wp-json\/wp\/v2\/users\/5"}],"replies":[{"embeddable":true,"href":"https:\/\/dntnonwovenfabrics.com\/en\/wp-json\/wp\/v2\/comments?post=14577"}],"version-history":[{"count":0,"href":"https:\/\/dntnonwovenfabrics.com\/en\/wp-json\/wp\/v2\/pages\/14577\/revisions"}],"wp:attachment":[{"href":"https:\/\/dntnonwovenfabrics.com\/en\/wp-json\/wp\/v2\/media?parent=14577"}],"curies":[{"name":"wp","href":"https:\/\/api.w.org\/{rel}","templated":true}]}}