{"id":14600,"date":"2010-08-23T19:14:11","date_gmt":"2010-08-23T17:14:11","guid":{"rendered":"https:\/\/dntnonwovenfabrics.com\/productos\/"},"modified":"2026-01-22T10:16:47","modified_gmt":"2026-01-22T09:16:47","slug":"products","status":"publish","type":"page","link":"https:\/\/dntnonwovenfabrics.com\/en\/products\/","title":{"rendered":"Products"},"content":{"rendered":"<div class=\"gb-container gb-container-5bde67d7 alignfull\">\n<div class=\"gb-container gb-container-128909eb\">\n<div class=\"gb-grid-wrapper gb-grid-wrapper-7db959ad\">\n<div class=\"gb-grid-column gb-grid-column-56cbe855\"><div class=\"gb-container gb-container-56cbe855 spundbond-block\"><a class=\"gb-container-link\" href=\"https:\/\/dntnonwovenfabrics.com\/en\/products\/spunbond\/\"><\/a>\n<div class=\"gb-container gb-container-a80988ff\">\n<div class=\"gb-container gb-container-de9c9472\">\n\n<figure class=\"gb-block-image gb-block-image-a5391915\"><img loading=\"lazy\" decoding=\"async\" width=\"224\" height=\"444\" class=\"gb-image gb-image-a5391915\" src=\"https:\/\/dntnonwovenfabrics.com\/wp-content\/uploads\/2026\/01\/spunbond-1.jpg\" alt=\"Spunbond\" title=\"Spunbond\" srcset=\"https:\/\/dntnonwovenfabrics.com\/wp-content\/uploads\/2026\/01\/spunbond-1.jpg 224w, https:\/\/dntnonwovenfabrics.com\/wp-content\/uploads\/2026\/01\/spunbond-1-187x370.jpg 187w\" sizes=\"auto, (max-width: 224px) 100vw, 224px\" \/><\/figure>\n\n<\/div>\n\n<div class=\"gb-container gb-container-712c7da2\">\n\n<h2 class=\"gb-headline gb-headline-413b7868 gb-headline-text\">Spundbond<\/h2>\n\n<\/div>\n<\/div>\n\n<div class=\"gb-container gb-container-a46fe123 spundbond-content\">\n<div class=\"gb-container gb-container-4991e2c5\"><\/div>\n\n<div class=\"gb-container gb-container-58f45f51\">\n\n<h3 class=\"gb-headline gb-headline-79ad98c7 gb-headline-text\">Made from 100% Polypropylene<\/h3>\n\n\n\n<p>It stands out for its versatility and high resistance but products from various sectors (agriculture, industry, etc.).<\/p>\n\n<\/div>\n<\/div>\n<\/div><\/div>\n\n<div class=\"gb-grid-column gb-grid-column-02a104ef\"><div class=\"gb-container gb-container-02a104ef spundbond-block\"><a class=\"gb-container-link\" href=\"https:\/\/dntnonwovenfabrics.com\/en\/products\/meltblown\/\"><\/a>\n<div class=\"gb-container gb-container-d9fe1b32\">\n<div class=\"gb-container gb-container-9cc0de5a\">\n\n<figure class=\"gb-block-image gb-block-image-4cf279d9\"><img loading=\"lazy\" decoding=\"async\" width=\"224\" height=\"444\" class=\"gb-image gb-image-4cf279d9\" src=\"https:\/\/dntnonwovenfabrics.com\/wp-content\/uploads\/2026\/01\/meltblown-1.jpg\" alt=\"Meltblown\" title=\"Meltblown\" srcset=\"https:\/\/dntnonwovenfabrics.com\/wp-content\/uploads\/2026\/01\/meltblown-1.jpg 224w, https:\/\/dntnonwovenfabrics.com\/wp-content\/uploads\/2026\/01\/meltblown-1-187x370.jpg 187w\" sizes=\"auto, (max-width: 224px) 100vw, 224px\" \/><\/figure>\n\n<\/div>\n\n<div class=\"gb-container gb-container-57c95e3d\">\n\n<h2 class=\"gb-headline gb-headline-4651cdec gb-headline-text\">Meltblown<\/h2>\n\n<\/div>\n<\/div>\n\n<div class=\"gb-container gb-container-aaeaf01d spundbond-content\">\n<div class=\"gb-container gb-container-d2c13599\"><\/div>\n\n<div class=\"gb-container gb-container-add58507\">\n\n<h3 class=\"gb-headline gb-headline-9495c311 gb-headline-text\">Made of 100% Polypropylene<\/h3>\n\n\n\n<p>It is used in the fields of filtration, insulation and <a href=\"https:\/\/dntnonwovenfabrics.com\/en\/sectors\/absorption\/\">absorption<\/a> of industrial oils and greases.<\/p>\n\n<\/div>\n<\/div>\n<\/div><\/div>\n\n<div class=\"gb-grid-column gb-grid-column-5dcf88e1\"><div class=\"gb-container gb-container-5dcf88e1 spundbond-block\"><a class=\"gb-container-link\" href=\"https:\/\/dntnonwovenfabrics.com\/en\/products\/spunmelt\/\"><\/a>\n<div class=\"gb-container gb-container-85810106\">\n<div class=\"gb-container gb-container-d8f6441d\">\n\n<figure class=\"gb-block-image gb-block-image-fd33c00a\"><img loading=\"lazy\" decoding=\"async\" width=\"224\" height=\"444\" class=\"gb-image gb-image-fd33c00a\" src=\"https:\/\/dntnonwovenfabrics.com\/wp-content\/uploads\/2026\/01\/spunmelt-1.jpg\" alt=\"Spunmelt\" title=\"Spunmelt\" srcset=\"https:\/\/dntnonwovenfabrics.com\/wp-content\/uploads\/2026\/01\/spunmelt-1.jpg 224w, https:\/\/dntnonwovenfabrics.com\/wp-content\/uploads\/2026\/01\/spunmelt-1-187x370.jpg 187w\" sizes=\"auto, (max-width: 224px) 100vw, 224px\" \/><\/figure>\n\n<\/div>\n\n<div class=\"gb-container gb-container-dd85b0a3\">\n\n<h2 class=\"gb-headline gb-headline-7c39f4bf gb-headline-text\">Spunmelt<\/h2>\n\n<\/div>\n<\/div>\n\n<div class=\"gb-container gb-container-b55425de spundbond-content\">\n<div class=\"gb-container gb-container-d465b8c4\"><\/div>\n\n<div class=\"gb-container gb-container-20f83930\">\n\n<h3 class=\"gb-headline gb-headline-7c2406be gb-headline-text\">Made of 100% Polypropylene<\/h3>\n\n\n\n<p>It is mainly used in the medical and hygienic sector.<\/p>\n\n<\/div>\n<\/div>\n<\/div><\/div>\n\n<div class=\"gb-grid-column gb-grid-column-3ee9e43b\"><div class=\"gb-container gb-container-3ee9e43b spundbond-block\"><a class=\"gb-container-link\" href=\"https:\/\/dntnonwovenfabrics.com\/en\/products\/extrusion-coating\/\"><\/a>\n<div class=\"gb-container gb-container-6662a545\">\n<div class=\"gb-container gb-container-be294bb8\">\n\n<figure class=\"gb-block-image gb-block-image-2f9db8aa\"><img loading=\"lazy\" decoding=\"async\" width=\"224\" height=\"444\" class=\"gb-image gb-image-2f9db8aa\" src=\"https:\/\/dntnonwovenfabrics.com\/wp-content\/uploads\/2026\/01\/extrusion-coating-2.jpg\" alt=\"Extrusion Coating\" title=\"Extrusion Coating\" srcset=\"https:\/\/dntnonwovenfabrics.com\/wp-content\/uploads\/2026\/01\/extrusion-coating-2.jpg 224w, https:\/\/dntnonwovenfabrics.com\/wp-content\/uploads\/2026\/01\/extrusion-coating-2-187x370.jpg 187w\" sizes=\"auto, (max-width: 224px) 100vw, 224px\" \/><\/figure>\n\n<\/div>\n\n<div class=\"gb-container gb-container-4bca05c2\">\n\n<h2 class=\"gb-headline gb-headline-886360e0 gb-headline-text\">Extrusion coating<\/h2>\n\n<\/div>\n<\/div>\n\n<div class=\"gb-container gb-container-9a574d1c spundbond-content\">\n<div class=\"gb-container gb-container-92b36661\"><\/div>\n\n<div class=\"gb-container gb-container-07371115\">\n\n<h3 class=\"gb-headline gb-headline-6d462d80 gb-headline-text\">Multicapa de alta barrera<\/h3>\n\n\n\n<p>It is mainly used in the healthcare sector for the manufacture of disposable clothing, as well as other construction and packaging applications.<\/p>\n\n<\/div>\n<\/div>\n<\/div><\/div>\n\n<div class=\"gb-grid-column gb-grid-column-a10222b6\"><div class=\"gb-container gb-container-a10222b6 spundbond-block\"><a class=\"gb-container-link\" href=\"https:\/\/dntnonwovenfabrics.com\/en\/products\/spunbond-recycled-bond\/\"><\/a>\n<div class=\"gb-container gb-container-b524d4f9\">\n<div class=\"gb-container gb-container-c1b178ad\">\n\n<figure class=\"gb-block-image gb-block-image-049d69ce\"><img loading=\"lazy\" decoding=\"async\" width=\"224\" height=\"444\" class=\"gb-image gb-image-049d69ce\" src=\"https:\/\/dntnonwovenfabrics.com\/wp-content\/uploads\/2026\/01\/recycled-bond-1.jpg\" alt=\"Recycled Bond\" title=\"Recycled Bond\" srcset=\"https:\/\/dntnonwovenfabrics.com\/wp-content\/uploads\/2026\/01\/recycled-bond-1.jpg 224w, https:\/\/dntnonwovenfabrics.com\/wp-content\/uploads\/2026\/01\/recycled-bond-1-187x370.jpg 187w\" sizes=\"auto, (max-width: 224px) 100vw, 224px\" \/><\/figure>\n\n<\/div>\n\n<div class=\"gb-container gb-container-e1cf188b\">\n\n<h2 class=\"gb-headline gb-headline-beefc96c gb-headline-text\">Recycled Bond<\/h2>\n\n<\/div>\n<\/div>\n\n<div class=\"gb-container gb-container-00a2191d spundbond-content\">\n<div class=\"gb-container gb-container-9aeb78a4\"><\/div>\n\n<div class=\"gb-container gb-container-dac5c558\">\n\n<h3 class=\"gb-headline gb-headline-b24c2133 gb-headline-text\">Made of 100% Polypropylene<\/h3>\n\n\n\n<p>Products that stand out for their versatility and high resistance. Adaptable to the needs of various sectors (<a href=\"https:\/\/catalogue.dntagro.com\/en\">agriculture<\/a>, industry, etc.).<\/p>\n\n<\/div>\n<\/div>\n<\/div><\/div>\n<\/div>\n<\/div>\n<\/div>","protected":false},"excerpt":{"rendered":"","protected":false},"author":5,"featured_media":14601,"parent":0,"menu_order":0,"comment_status":"closed","ping_status":"closed","template":"","meta":{"inline_featured_image":false,"footnotes":""},"class_list":["post-14600","page","type-page","status-publish","has-post-thumbnail"],"yoast_head":"<!-- This site is optimized with the Yoast SEO plugin v27.3 - https:\/\/yoast.com\/product\/yoast-seo-wordpress\/ -->\n<title>Products - DNT non woven fabrics - No Tejido<\/title>\n<meta name=\"description\" content=\"Manufacturers of Non woven products, for the industrial and non-woven transformer sector, with customisation capacity.\" \/>\n<meta name=\"robots\" content=\"index, follow, max-snippet:-1, max-image-preview:large, max-video-preview:-1\" \/>\n<link rel=\"canonical\" href=\"https:\/\/dntnonwovenfabrics.com\/en\/products\/\" \/>\n<meta property=\"og:locale\" content=\"en_US\" \/>\n<meta property=\"og:type\" content=\"article\" \/>\n<meta property=\"og:title\" content=\"Productos DNT Non Woven Fabrics\" \/>\n<meta property=\"og:description\" content=\"Fabricantes de Spunbond de alta calidad, l\u00ednea \u202forientada al sector industrial y transformador del no tejido, con una alta capacidad de personalizaci\u00f3n a trav\u00e9s de colores, estampaci\u00f3n, acabados y tratamientos.\" \/>\n<meta property=\"og:url\" content=\"https:\/\/dntnonwovenfabrics.com\/en\/products\/\" \/>\n<meta property=\"og:site_name\" content=\"DNT non woven fabrics - No Tejido\" \/>\n<meta property=\"article:modified_time\" content=\"2026-01-22T09:16:47+00:00\" \/>\n<meta property=\"og:image\" content=\"https:\/\/dntnonwovenfabrics.com\/wp-content\/uploads\/2020\/09\/SPUNDBOND-mobile-1.jpg\" \/>\n\t<meta property=\"og:image:width\" content=\"400\" \/>\n\t<meta property=\"og:image:height\" content=\"400\" \/>\n\t<meta property=\"og:image:type\" content=\"image\/jpeg\" \/>\n<meta name=\"twitter:card\" content=\"summary_large_image\" \/>\n<meta name=\"twitter:title\" content=\"Productos DNT Non Woven Fabrics\" \/>\n<meta name=\"twitter:description\" content=\"Fabricantes de Spunbond de alta calidad, l\u00ednea \u202forientada al sector industrial y transformador del no tejido, con una alta capacidad de personalizaci\u00f3n a trav\u00e9s de colores, estampaci\u00f3n, acabados y tratamientos.\" \/>\n<meta name=\"twitter:image\" content=\"https:\/\/dntnonwovenfabrics.com\/wp-content\/uploads\/2020\/09\/SPUNDBOND-mobile-1.jpg\" \/>\n<meta name=\"twitter:label1\" content=\"Est. reading time\" \/>\n\t<meta name=\"twitter:data1\" content=\"2 minutes\" \/>\n<script type=\"application\/ld+json\" class=\"yoast-schema-graph\">{\"@context\":\"https:\\\/\\\/schema.org\",\"@graph\":[{\"@type\":[\"WebPage\",\"ItemPage\"],\"@id\":\"https:\\\/\\\/dntnonwovenfabrics.com\\\/en\\\/products\\\/\",\"url\":\"https:\\\/\\\/dntnonwovenfabrics.com\\\/en\\\/products\\\/\",\"name\":\"Products - DNT non woven fabrics - No Tejido\",\"isPartOf\":{\"@id\":\"https:\\\/\\\/dntnonwovenfabrics.com\\\/en\\\/#website\"},\"primaryImageOfPage\":{\"@id\":\"https:\\\/\\\/dntnonwovenfabrics.com\\\/en\\\/products\\\/#primaryimage\"},\"image\":{\"@id\":\"https:\\\/\\\/dntnonwovenfabrics.com\\\/en\\\/products\\\/#primaryimage\"},\"thumbnailUrl\":\"https:\\\/\\\/dntnonwovenfabrics.com\\\/wp-content\\\/uploads\\\/2021\\\/10\\\/banner-productos.jpg\",\"datePublished\":\"2010-08-23T17:14:11+00:00\",\"dateModified\":\"2026-01-22T09:16:47+00:00\",\"description\":\"Manufacturers of Non woven products, for the industrial and non-woven transformer sector, with customisation capacity.\",\"breadcrumb\":{\"@id\":\"https:\\\/\\\/dntnonwovenfabrics.com\\\/en\\\/products\\\/#breadcrumb\"},\"inLanguage\":\"en-US\",\"potentialAction\":[{\"@type\":\"ReadAction\",\"target\":[\"https:\\\/\\\/dntnonwovenfabrics.com\\\/en\\\/products\\\/\"]}]},{\"@type\":\"ImageObject\",\"inLanguage\":\"en-US\",\"@id\":\"https:\\\/\\\/dntnonwovenfabrics.com\\\/en\\\/products\\\/#primaryimage\",\"url\":\"https:\\\/\\\/dntnonwovenfabrics.com\\\/wp-content\\\/uploads\\\/2021\\\/10\\\/banner-productos.jpg\",\"contentUrl\":\"https:\\\/\\\/dntnonwovenfabrics.com\\\/wp-content\\\/uploads\\\/2021\\\/10\\\/banner-productos.jpg\",\"width\":1918,\"height\":600,\"caption\":\"Products\"},{\"@type\":\"BreadcrumbList\",\"@id\":\"https:\\\/\\\/dntnonwovenfabrics.com\\\/en\\\/products\\\/#breadcrumb\",\"itemListElement\":[{\"@type\":\"ListItem\",\"position\":1,\"name\":\"Portada\",\"item\":\"https:\\\/\\\/dntnonwovenfabrics.com\\\/en\\\/\"},{\"@type\":\"ListItem\",\"position\":2,\"name\":\"Products\"}]},{\"@type\":\"WebSite\",\"@id\":\"https:\\\/\\\/dntnonwovenfabrics.com\\\/en\\\/#website\",\"url\":\"https:\\\/\\\/dntnonwovenfabrics.com\\\/en\\\/\",\"name\":\"DNT non woven fabrics - No Tejido\",\"description\":\"Principal fabricante espa\u00f1ol de no tejido de polipropileno o spunbond non woven. La empresa con sede en Alcal\u00e1 la Real, Ja\u00e9n, forma parte del grupo empresarial Dise\u00f1os NT grupo con una extensa trayectoria en la industria transformadora del no tejido para la fabricaci\u00f3n de embalajes y bolsas.\",\"publisher\":{\"@id\":\"https:\\\/\\\/dntnonwovenfabrics.com\\\/en\\\/#organization\"},\"potentialAction\":[{\"@type\":\"SearchAction\",\"target\":{\"@type\":\"EntryPoint\",\"urlTemplate\":\"https:\\\/\\\/dntnonwovenfabrics.com\\\/en\\\/?s={search_term_string}\"},\"query-input\":{\"@type\":\"PropertyValueSpecification\",\"valueRequired\":true,\"valueName\":\"search_term_string\"}}],\"inLanguage\":\"en-US\"},{\"@type\":\"Organization\",\"@id\":\"https:\\\/\\\/dntnonwovenfabrics.com\\\/en\\\/#organization\",\"name\":\"DNT non woven fabrics - No Tejido\",\"url\":\"https:\\\/\\\/dntnonwovenfabrics.com\\\/en\\\/\",\"logo\":{\"@type\":\"ImageObject\",\"inLanguage\":\"en-US\",\"@id\":\"https:\\\/\\\/dntnonwovenfabrics.com\\\/en\\\/#\\\/schema\\\/logo\\\/image\\\/\",\"url\":\"https:\\\/\\\/dntnonwovenfabrics.com\\\/wp-content\\\/uploads\\\/2014\\\/07\\\/logohead.jpg\",\"contentUrl\":\"https:\\\/\\\/dntnonwovenfabrics.com\\\/wp-content\\\/uploads\\\/2014\\\/07\\\/logohead.jpg\",\"width\":205,\"height\":86,\"caption\":\"DNT non woven fabrics - No Tejido\"},\"image\":{\"@id\":\"https:\\\/\\\/dntnonwovenfabrics.com\\\/en\\\/#\\\/schema\\\/logo\\\/image\\\/\"}}]}<\/script>\n<!-- \/ Yoast SEO plugin. -->","yoast_head_json":{"title":"Products - DNT non woven fabrics - No Tejido","description":"Manufacturers of Non woven products, for the industrial and non-woven transformer sector, with customisation capacity.","robots":{"index":"index","follow":"follow","max-snippet":"max-snippet:-1","max-image-preview":"max-image-preview:large","max-video-preview":"max-video-preview:-1"},"canonical":"https:\/\/dntnonwovenfabrics.com\/en\/products\/","og_locale":"en_US","og_type":"article","og_title":"Productos DNT Non Woven Fabrics","og_description":"Fabricantes de Spunbond de alta calidad, l\u00ednea \u202forientada al sector industrial y transformador del no tejido, con una alta capacidad de personalizaci\u00f3n a trav\u00e9s de colores, estampaci\u00f3n, acabados y tratamientos.","og_url":"https:\/\/dntnonwovenfabrics.com\/en\/products\/","og_site_name":"DNT non woven fabrics - No Tejido","article_modified_time":"2026-01-22T09:16:47+00:00","og_image":[{"width":400,"height":400,"url":"https:\/\/dntnonwovenfabrics.com\/wp-content\/uploads\/2020\/09\/SPUNDBOND-mobile-1.jpg","type":"image\/jpeg"}],"twitter_card":"summary_large_image","twitter_title":"Productos DNT Non Woven Fabrics","twitter_description":"Fabricantes de Spunbond de alta calidad, l\u00ednea \u202forientada al sector industrial y transformador del no tejido, con una alta capacidad de personalizaci\u00f3n a trav\u00e9s de colores, estampaci\u00f3n, acabados y tratamientos.","twitter_image":"https:\/\/dntnonwovenfabrics.com\/wp-content\/uploads\/2020\/09\/SPUNDBOND-mobile-1.jpg","twitter_misc":{"Est. reading time":"2 minutes"},"schema":{"@context":"https:\/\/schema.org","@graph":[{"@type":["WebPage","ItemPage"],"@id":"https:\/\/dntnonwovenfabrics.com\/en\/products\/","url":"https:\/\/dntnonwovenfabrics.com\/en\/products\/","name":"Products - DNT non woven fabrics - No Tejido","isPartOf":{"@id":"https:\/\/dntnonwovenfabrics.com\/en\/#website"},"primaryImageOfPage":{"@id":"https:\/\/dntnonwovenfabrics.com\/en\/products\/#primaryimage"},"image":{"@id":"https:\/\/dntnonwovenfabrics.com\/en\/products\/#primaryimage"},"thumbnailUrl":"https:\/\/dntnonwovenfabrics.com\/wp-content\/uploads\/2021\/10\/banner-productos.jpg","datePublished":"2010-08-23T17:14:11+00:00","dateModified":"2026-01-22T09:16:47+00:00","description":"Manufacturers of Non woven products, for the industrial and non-woven transformer sector, with customisation capacity.","breadcrumb":{"@id":"https:\/\/dntnonwovenfabrics.com\/en\/products\/#breadcrumb"},"inLanguage":"en-US","potentialAction":[{"@type":"ReadAction","target":["https:\/\/dntnonwovenfabrics.com\/en\/products\/"]}]},{"@type":"ImageObject","inLanguage":"en-US","@id":"https:\/\/dntnonwovenfabrics.com\/en\/products\/#primaryimage","url":"https:\/\/dntnonwovenfabrics.com\/wp-content\/uploads\/2021\/10\/banner-productos.jpg","contentUrl":"https:\/\/dntnonwovenfabrics.com\/wp-content\/uploads\/2021\/10\/banner-productos.jpg","width":1918,"height":600,"caption":"Products"},{"@type":"BreadcrumbList","@id":"https:\/\/dntnonwovenfabrics.com\/en\/products\/#breadcrumb","itemListElement":[{"@type":"ListItem","position":1,"name":"Portada","item":"https:\/\/dntnonwovenfabrics.com\/en\/"},{"@type":"ListItem","position":2,"name":"Products"}]},{"@type":"WebSite","@id":"https:\/\/dntnonwovenfabrics.com\/en\/#website","url":"https:\/\/dntnonwovenfabrics.com\/en\/","name":"DNT non woven fabrics - No Tejido","description":"Principal fabricante espa\u00f1ol de no tejido de polipropileno o spunbond non woven. La empresa con sede en Alcal\u00e1 la Real, Ja\u00e9n, forma parte del grupo empresarial Dise\u00f1os NT grupo con una extensa trayectoria en la industria transformadora del no tejido para la fabricaci\u00f3n de embalajes y bolsas.","publisher":{"@id":"https:\/\/dntnonwovenfabrics.com\/en\/#organization"},"potentialAction":[{"@type":"SearchAction","target":{"@type":"EntryPoint","urlTemplate":"https:\/\/dntnonwovenfabrics.com\/en\/?s={search_term_string}"},"query-input":{"@type":"PropertyValueSpecification","valueRequired":true,"valueName":"search_term_string"}}],"inLanguage":"en-US"},{"@type":"Organization","@id":"https:\/\/dntnonwovenfabrics.com\/en\/#organization","name":"DNT non woven fabrics - No Tejido","url":"https:\/\/dntnonwovenfabrics.com\/en\/","logo":{"@type":"ImageObject","inLanguage":"en-US","@id":"https:\/\/dntnonwovenfabrics.com\/en\/#\/schema\/logo\/image\/","url":"https:\/\/dntnonwovenfabrics.com\/wp-content\/uploads\/2014\/07\/logohead.jpg","contentUrl":"https:\/\/dntnonwovenfabrics.com\/wp-content\/uploads\/2014\/07\/logohead.jpg","width":205,"height":86,"caption":"DNT non woven fabrics - No Tejido"},"image":{"@id":"https:\/\/dntnonwovenfabrics.com\/en\/#\/schema\/logo\/image\/"}}]}},"_links":{"self":[{"href":"https:\/\/dntnonwovenfabrics.com\/en\/wp-json\/wp\/v2\/pages\/14600","targetHints":{"allow":["GET"]}}],"collection":[{"href":"https:\/\/dntnonwovenfabrics.com\/en\/wp-json\/wp\/v2\/pages"}],"about":[{"href":"https:\/\/dntnonwovenfabrics.com\/en\/wp-json\/wp\/v2\/types\/page"}],"author":[{"embeddable":true,"href":"https:\/\/dntnonwovenfabrics.com\/en\/wp-json\/wp\/v2\/users\/5"}],"replies":[{"embeddable":true,"href":"https:\/\/dntnonwovenfabrics.com\/en\/wp-json\/wp\/v2\/comments?post=14600"}],"version-history":[{"count":0,"href":"https:\/\/dntnonwovenfabrics.com\/en\/wp-json\/wp\/v2\/pages\/14600\/revisions"}],"wp:featuredmedia":[{"embeddable":true,"href":"https:\/\/dntnonwovenfabrics.com\/en\/wp-json\/wp\/v2\/media\/14601"}],"wp:attachment":[{"href":"https:\/\/dntnonwovenfabrics.com\/en\/wp-json\/wp\/v2\/media?parent=14600"}],"curies":[{"name":"wp","href":"https:\/\/api.w.org\/{rel}","templated":true}]}}