{"id":14550,"date":"2021-10-15T12:08:19","date_gmt":"2021-10-15T10:08:19","guid":{"rendered":"https:\/\/dntnonwovenfabrics.com\/condiciones-generales-de-venta\/"},"modified":"2026-01-13T12:56:28","modified_gmt":"2026-01-13T11:56:28","slug":"conditions-de-vente","status":"publish","type":"page","link":"https:\/\/dntnonwovenfabrics.com\/fr\/conditions-de-vente\/","title":{"rendered":"Conditions g\u00e9n\u00e9rales de vente"},"content":{"rendered":"\n<h3 class=\"wp-block-heading\">1. <strong>Exp\u00e9ditions<\/strong><\/h3>\n\n\n\n<p>Sauf conditions sp\u00e9cifi\u00e9es dans la commande, les frais de transport ne sont pas inclus dans les prix de vente.<\/p>\n\n\n\n<h3 class=\"wp-block-heading\">2. <strong>Conditions de livraison<\/strong><\/h3>\n\n\n\n<ul class=\"wp-block-list\">\n<li>Le client prendra en charge la marchandise d\u00e8s qu\u2019elle sera livr\u00e9e au point de destination convenu.<\/li>\n\n\n\n<li>Aux fins de calcul du d\u00e9lai de service, la date figurant sur le bon de commande sera consid\u00e9r\u00e9e.<\/li>\n\n\n\n<li>La date de livraison est indicative. Le client acceptera une tol\u00e9rance de 25 jours sans droit \u00e0 annuler la commande ou \u00e0 exiger une compensation pour dommages et int\u00e9r\u00eats. En cas de force majeure, cette tol\u00e9rance pourra \u00eatre \u00e9tendue.<\/li>\n\n\n\n<li>Dans le cas d&rsquo;exp\u00e9ditions \u00e0 destination de territoires \u00e9trangers, la date de livraison sera soumise \u00e0 l&rsquo;obtention des permis d&rsquo;exportation et\/ou d&rsquo;importation ou \u00e0 toute autre formalit\u00e9 administrative.<\/li>\n<\/ul>\n\n\n\n<h3 class=\"wp-block-heading\">3. <strong>Tol\u00e9rance des quantit\u00e9s livr\u00e9es<\/strong><\/h3>\n\n\n\n<p>Les quantit\u00e9s livr\u00e9es peuvent varier, en plus ou en moins, par rapport \u00e0 celles sp\u00e9cifi\u00e9es dans ce bon de commande, jusqu\u2019\u00e0 \u00b15% pour tous les produits. Le client est oblig\u00e9 d\u2019accepter et de payer la quantit\u00e9 r\u00e9sultante selon le prix convenu.<\/p>\n\n\n\n<h3 class=\"wp-block-heading\">4. <strong>Tol\u00e9rance des qualit\u00e9s des produits finis<\/strong><\/h3>\n\n\n\n<ul class=\"wp-block-list\">\n<li>Dans diff\u00e9rentes productions, les tons de couleur peuvent subir de l\u00e9g\u00e8res diff\u00e9rences accept\u00e9es dans l\u2019industrie textile.<\/li>\n\n\n\n<li>Tol\u00e9rance du grammage et de la largeur du rouleau selon la fiche technique.<\/li>\n\n\n\n<li>Tol\u00e9rance des propri\u00e9t\u00e9s m\u00e9caniques selon la fiche technique.<\/li>\n\n\n\n<li>Produits en pi\u00e8ce : tol\u00e9rance de mesures \u00b1 3%.<\/li>\n<\/ul>\n\n\n\n<h3 class=\"wp-block-heading\">5. <strong>Stockage<\/strong><\/h3>\n\n\n\n<p>La marchandise doit \u00eatre stock\u00e9e dans un environnement sec, \u00e0 une temp\u00e9rature inf\u00e9rieure \u00e0 50\u00baC et prot\u00e9g\u00e9e des rayons UV. Le stockage dans des conditions inad\u00e9quates peut initier des processus de d\u00e9gradation.<\/p>\n\n\n\n<h3 class=\"wp-block-heading\">6. <strong>Solvabilit\u00e9<\/strong><\/h3>\n\n\n\n<p>La mise en marche de la commande sera subordonn\u00e9e \u00e0 la classification favorable du client par notre assureur-cr\u00e9dit.<\/p>\n\n\n\n<h3 class=\"wp-block-heading\">7. <strong>Paiements<\/strong><\/h3>\n\n\n\n<p>Le paiement de la marchandise sera effectu\u00e9 conform\u00e9ment \u00e0 ce qui est convenu. Le retard de paiement autorisera le vendeur \u00e0 exiger une p\u00e9nalit\u00e9 de retard \u00e9quivalente \u00e0 2% par mois. En cas de retour de tout document de paiement utilis\u00e9 pour documenter le paiement de la marchandise, le client prendra en charge les frais encourus en cons\u00e9quence, pour tous les concepts. En cas de commandes convenues avec une livraison fractionn\u00e9e, tout impay\u00e9 autorisera l\u2019entreprise vendeuse \u00e0 suspendre les exp\u00e9ditions ult\u00e9rieures jusqu\u2019\u00e0 ce que le paiement d\u00fb ait \u00e9t\u00e9 r\u00e9gularis\u00e9.<\/p>\n\n\n\n<h3 class=\"wp-block-heading\">8. <strong>R\u00e9clamations<\/strong><\/h3>\n\n\n\n<p>Si, \u00e0 la r\u00e9ception de la marchandise, vous constatez que l&#8217;emballage est endommag\u00e9 ou que le nombre de colis ne correspond pas \u00e0 celui indiqu\u00e9 sur le bon de livraison, veuillez le signaler sur le bon de livraison du transporteur. Si vous ne le faites pas, nous ne pourrons prendre en charge aucune r\u00e9clamation \u00e0 ce sujet.<\/p>\n\n\n\n<p>Si, apr\u00e8s r\u00e9ception de la marchandise, vous constatez qu&rsquo;elle ne correspond pas \u00e0 votre commande ou que vous constatez un probl\u00e8me ou un d\u00e9faut, veuillez contacter notre service Qualit\u00e9 et Environnement au 953 59 72 11 ou par e-mail \u00e0 l&rsquo;adresse <a href=\"mailto:calidad@dntnonwovenfabrics.com\">calidad@dntnonwovenfabrics.com<\/a>. Pour traiter la r\u00e9clamation, il est n\u00e9cessaire de recevoir physiquement le mat\u00e9riel faisant l\u2019objet de la r\u00e9clamation,\u00a0correctement emball\u00e9 et\u00a0identifi\u00e9 avec les \u00e9tiquettes du mat\u00e9riel.<\/p>\n\n\n\n<p>Aucune r\u00e9clamation ne sera accept\u00e9e apr\u00e8s un d\u00e9lai de 90 jours \u00e0 compter de la date de r\u00e9ception de la marchandise.<\/p>\n\n\n\n<p>Toute annulation ou modification des donn\u00e9es d&rsquo;une commande pass\u00e9e doit \u00eatre communiqu\u00e9e \u00e0 l&rsquo;entreprise de mani\u00e8re fiable (par \u00e9crit, par fax ou par e-mail) dans les 7 jours suivant la confirmation de la commande ; dans le cas contraire, l&rsquo;annulation entra\u00eenera une p\u00e9nalit\u00e9 pour le client \u00e9quivalente, au minimum (en fonction de l&rsquo;\u00e9tat d&rsquo;avancement de la fabrication), \u00e0 50 % de la valeur de la marchandise.<\/p>\n\n\n\n<h3 class=\"wp-block-heading\">9. <strong>Annulations et\/ou modifications de commande<\/strong><\/h3>\n\n\n\n<p>Les \u00e9ventuelles annulations ou modifications de toute donn\u00e9e d\u2019une commande pass\u00e9e doivent \u00eatre communiqu\u00e9es \u00e0 l\u2019entreprise de mani\u00e8re fiable (par e-mail) dans les 2 jours ouvrables suivant la confirmation de la commande ; sinon, l\u2019annulation entra\u00eenera une p\u00e9nalit\u00e9 pour le client \u00e9quivalente \u00e0, au minimum (en fonction de l\u2019\u00e9tat de la fabrication), 50% de la valeur de la marchandise.<\/p>\n\n\n\n<h3 class=\"wp-block-heading\">10. <strong>Comp\u00e9tence juridictionnelle<\/strong><\/h3>\n\n\n\n<p>En cas de litige, l\u2019acheteur, renon\u00e7ant express\u00e9ment \u00e0 la juridiction qui pourrait lui correspondre, se soumet express\u00e9ment \u00e0 celle des Tribunaux et Cours d\u2019Alcal\u00e1 la Real (Ja\u00e9n).<\/p>\n\n\n\n<h3 class=\"wp-block-heading\">11. <strong>Confirmation de commande<\/strong><\/h3>\n\n\n\n<p>La commande compl\u00e8te sera consid\u00e9r\u00e9e comme accept\u00e9e une fois sign\u00e9e par le client ou \u00e0 r\u00e9ception du paiement partiel anticip\u00e9.<\/p>\n\n\n\n<h3 class=\"wp-block-heading\">12. <strong>Protection des donn\u00e9es<\/strong><\/h3>\n\n\n\n<p>En conformit\u00e9 avec le R\u00e8glement UE 2016\/679 sur la protection des donn\u00e9es personnelles, il est port\u00e9 \u00e0 la connaissance du client que les informations contenues dans ce bon de commande sont confidentielles et destin\u00e9es uniquement aux personnes auxquelles elles sont adress\u00e9es. Nous vous informons que vos donn\u00e9es seront incluses dans notre base de donn\u00e9es et que vous disposez des droits d\u2019acc\u00e8s, de rectification, d\u2019annulation et de sp\u00e9cification de celles-ci, droits que vous pouvez exercer en \u00e9crivant \u00e0 <a href=\"https:\/\/dntnonwovenfabrics.com\/fr\/\">DNT NON WOVEN FABRICS, S.A.<\/a><\/p>\n\n\n\n<h3 class=\"wp-block-heading\">13. <strong>Propri\u00e9t\u00e9 intellectuelle et industrielle<\/strong><\/h3>\n\n\n\n<p>Les droits de propri\u00e9t\u00e9 intellectuelle ou industrielle qui pourraient prot\u00e9ger les images, logos, dessins ou textes que le client met \u00e0 disposition de l\u2019entreprise pour reproduction, sont la propri\u00e9t\u00e9 de ce dernier, comme il le d\u00e9clare. Ou, dans le cas contraire, il d\u00e9clare disposer de la licence qui permet leur reproduction. En tout cas, le client assume express\u00e9ment la responsabilit\u00e9 envers des tiers et envers l\u2019entreprise elle-m\u00eame, qui pourrait d\u00e9couler de la reproduction de ces images, logos, dessins ou textes dont la r\u00e9alisation est confi\u00e9e \u00e0 l\u2019entreprise. Une fois le produit final termin\u00e9, le client autorise l\u2019entreprise \u00e0 l\u2019inclure dans son \u00e9chantillonnage et\/ou catalogue (sous forme physique, num\u00e9rique, web ou autre), dans le seul but de le montrer \u00e0 des tiers comme exemple de ses produits fabriqu\u00e9s.<\/p>\n\n\n\n<p>Pour les exp\u00e9ditions \u00e0 destination de territoires \u00e9trangers, la date de livraison sera soumise \u00e0 l\u2019obtention de permis d\u2019exportation et\/ou d\u2019importation ou \u00e0 toute autre proc\u00e9dure administrative.<\/p>\n\n\n\n<p>Ao\u00fbt 2024<\/p>\n\n\n\n<div style=\"height:56px\" aria-hidden=\"true\" class=\"wp-block-spacer\"><\/div>\n","protected":false},"excerpt":{"rendered":"<p>1. Exp\u00e9ditions Sauf conditions sp\u00e9cifi\u00e9es dans la commande, les frais de transport ne sont pas inclus dans les prix de vente. 2. Conditions de livraison 3. Tol\u00e9rance des quantit\u00e9s livr\u00e9es Les quantit\u00e9s livr\u00e9es peuvent varier, en plus ou en moins, par rapport \u00e0 celles sp\u00e9cifi\u00e9es dans ce bon de commande, jusqu\u2019\u00e0 \u00b15% pour tous les produits. Le client est oblig\u00e9 d\u2019accepter et de payer la quantit\u00e9 r\u00e9sultante selon le prix &#8230; <\/p>\n<p class=\"read-more-container\"><a title=\"Conditions g\u00e9n\u00e9rales de vente\" class=\"read-more button\" href=\"https:\/\/dntnonwovenfabrics.com\/fr\/conditions-de-vente\/#more-14550\" aria-label=\"En savoir plus sur Conditions g\u00e9n\u00e9rales de vente\">En savoir plus<\/a><\/p>\n","protected":false},"author":5,"featured_media":0,"parent":0,"menu_order":0,"comment_status":"closed","ping_status":"closed","template":"","meta":{"inline_featured_image":false,"footnotes":""},"class_list":["post-14550","page","type-page","status-publish"],"yoast_head":"<!-- This site is optimized with the Yoast SEO plugin v27.3 - https:\/\/yoast.com\/product\/yoast-seo-wordpress\/ -->\n<title>Conditions g\u00e9n\u00e9rales de vente - DNT non woven fabrics - No Tejido<\/title>\n<meta name=\"description\" content=\"Condiciones Generales de Venta de DNT Non Woven Fabrics, S.A. Para utilizarlas en los contratos que se vayan a realizar con los usuarios.\" \/>\n<meta name=\"robots\" content=\"index, follow, max-snippet:-1, max-image-preview:large, max-video-preview:-1\" \/>\n<link rel=\"canonical\" href=\"https:\/\/dntnonwovenfabrics.com\/fr\/conditions-de-vente\/\" \/>\n<meta property=\"og:locale\" content=\"fr_FR\" \/>\n<meta property=\"og:type\" content=\"article\" \/>\n<meta property=\"og:title\" content=\"Conditions g\u00e9n\u00e9rales de vente - DNT non woven fabrics - No Tejido\" \/>\n<meta property=\"og:description\" content=\"Condiciones Generales de Venta de DNT Non Woven Fabrics, S.A. Para utilizarlas en los contratos que se vayan a realizar con los usuarios.\" \/>\n<meta property=\"og:url\" content=\"https:\/\/dntnonwovenfabrics.com\/fr\/conditions-de-vente\/\" \/>\n<meta property=\"og:site_name\" content=\"DNT non woven fabrics - No Tejido\" \/>\n<meta property=\"article:modified_time\" content=\"2026-01-13T11:56:28+00:00\" \/>\n<meta name=\"twitter:card\" content=\"summary_large_image\" \/>\n<meta name=\"twitter:label1\" content=\"Dur\u00e9e de lecture estim\u00e9e\" \/>\n\t<meta name=\"twitter:data1\" content=\"5 minutes\" \/>\n<script type=\"application\/ld+json\" class=\"yoast-schema-graph\">{\"@context\":\"https:\\\/\\\/schema.org\",\"@graph\":[{\"@type\":\"WebPage\",\"@id\":\"https:\\\/\\\/dntnonwovenfabrics.com\\\/fr\\\/conditions-de-vente\\\/\",\"url\":\"https:\\\/\\\/dntnonwovenfabrics.com\\\/fr\\\/conditions-de-vente\\\/\",\"name\":\"Conditions g\u00e9n\u00e9rales de vente - DNT non woven fabrics - No Tejido\",\"isPartOf\":{\"@id\":\"https:\\\/\\\/dntnonwovenfabrics.com\\\/fr\\\/#website\"},\"datePublished\":\"2021-10-15T10:08:19+00:00\",\"dateModified\":\"2026-01-13T11:56:28+00:00\",\"description\":\"Condiciones Generales de Venta de DNT Non Woven Fabrics, S.A. Para utilizarlas en los contratos que se vayan a realizar con los usuarios.\",\"breadcrumb\":{\"@id\":\"https:\\\/\\\/dntnonwovenfabrics.com\\\/fr\\\/conditions-de-vente\\\/#breadcrumb\"},\"inLanguage\":\"fr-FR\",\"potentialAction\":[{\"@type\":\"ReadAction\",\"target\":[\"https:\\\/\\\/dntnonwovenfabrics.com\\\/fr\\\/conditions-de-vente\\\/\"]}]},{\"@type\":\"BreadcrumbList\",\"@id\":\"https:\\\/\\\/dntnonwovenfabrics.com\\\/fr\\\/conditions-de-vente\\\/#breadcrumb\",\"itemListElement\":[{\"@type\":\"ListItem\",\"position\":1,\"name\":\"Portada\",\"item\":\"https:\\\/\\\/dntnonwovenfabrics.com\\\/fr\\\/\"},{\"@type\":\"ListItem\",\"position\":2,\"name\":\"Conditions g\u00e9n\u00e9rales de vente\"}]},{\"@type\":\"WebSite\",\"@id\":\"https:\\\/\\\/dntnonwovenfabrics.com\\\/fr\\\/#website\",\"url\":\"https:\\\/\\\/dntnonwovenfabrics.com\\\/fr\\\/\",\"name\":\"DNT non woven fabrics - No Tejido\",\"description\":\"Principal fabricante espa\u00f1ol de no tejido de polipropileno o spunbond non woven. La empresa con sede en Alcal\u00e1 la Real, Ja\u00e9n, forma parte del grupo empresarial Dise\u00f1os NT grupo con una extensa trayectoria en la industria transformadora del no tejido para la fabricaci\u00f3n de embalajes y bolsas.\",\"publisher\":{\"@id\":\"https:\\\/\\\/dntnonwovenfabrics.com\\\/fr\\\/#organization\"},\"potentialAction\":[{\"@type\":\"SearchAction\",\"target\":{\"@type\":\"EntryPoint\",\"urlTemplate\":\"https:\\\/\\\/dntnonwovenfabrics.com\\\/fr\\\/?s={search_term_string}\"},\"query-input\":{\"@type\":\"PropertyValueSpecification\",\"valueRequired\":true,\"valueName\":\"search_term_string\"}}],\"inLanguage\":\"fr-FR\"},{\"@type\":\"Organization\",\"@id\":\"https:\\\/\\\/dntnonwovenfabrics.com\\\/fr\\\/#organization\",\"name\":\"DNT non woven fabrics - No Tejido\",\"url\":\"https:\\\/\\\/dntnonwovenfabrics.com\\\/fr\\\/\",\"logo\":{\"@type\":\"ImageObject\",\"inLanguage\":\"fr-FR\",\"@id\":\"https:\\\/\\\/dntnonwovenfabrics.com\\\/fr\\\/#\\\/schema\\\/logo\\\/image\\\/\",\"url\":\"https:\\\/\\\/dntnonwovenfabrics.com\\\/wp-content\\\/uploads\\\/2014\\\/07\\\/logohead.jpg\",\"contentUrl\":\"https:\\\/\\\/dntnonwovenfabrics.com\\\/wp-content\\\/uploads\\\/2014\\\/07\\\/logohead.jpg\",\"width\":205,\"height\":86,\"caption\":\"DNT non woven fabrics - No Tejido\"},\"image\":{\"@id\":\"https:\\\/\\\/dntnonwovenfabrics.com\\\/fr\\\/#\\\/schema\\\/logo\\\/image\\\/\"}}]}<\/script>\n<!-- \/ Yoast SEO plugin. -->","yoast_head_json":{"title":"Conditions g\u00e9n\u00e9rales de vente - DNT non woven fabrics - No Tejido","description":"Condiciones Generales de Venta de DNT Non Woven Fabrics, S.A. Para utilizarlas en los contratos que se vayan a realizar con los usuarios.","robots":{"index":"index","follow":"follow","max-snippet":"max-snippet:-1","max-image-preview":"max-image-preview:large","max-video-preview":"max-video-preview:-1"},"canonical":"https:\/\/dntnonwovenfabrics.com\/fr\/conditions-de-vente\/","og_locale":"fr_FR","og_type":"article","og_title":"Conditions g\u00e9n\u00e9rales de vente - DNT non woven fabrics - No Tejido","og_description":"Condiciones Generales de Venta de DNT Non Woven Fabrics, S.A. Para utilizarlas en los contratos que se vayan a realizar con los usuarios.","og_url":"https:\/\/dntnonwovenfabrics.com\/fr\/conditions-de-vente\/","og_site_name":"DNT non woven fabrics - No Tejido","article_modified_time":"2026-01-13T11:56:28+00:00","twitter_card":"summary_large_image","twitter_misc":{"Dur\u00e9e de lecture estim\u00e9e":"5 minutes"},"schema":{"@context":"https:\/\/schema.org","@graph":[{"@type":"WebPage","@id":"https:\/\/dntnonwovenfabrics.com\/fr\/conditions-de-vente\/","url":"https:\/\/dntnonwovenfabrics.com\/fr\/conditions-de-vente\/","name":"Conditions g\u00e9n\u00e9rales de vente - DNT non woven fabrics - No Tejido","isPartOf":{"@id":"https:\/\/dntnonwovenfabrics.com\/fr\/#website"},"datePublished":"2021-10-15T10:08:19+00:00","dateModified":"2026-01-13T11:56:28+00:00","description":"Condiciones Generales de Venta de DNT Non Woven Fabrics, S.A. Para utilizarlas en los contratos que se vayan a realizar con los usuarios.","breadcrumb":{"@id":"https:\/\/dntnonwovenfabrics.com\/fr\/conditions-de-vente\/#breadcrumb"},"inLanguage":"fr-FR","potentialAction":[{"@type":"ReadAction","target":["https:\/\/dntnonwovenfabrics.com\/fr\/conditions-de-vente\/"]}]},{"@type":"BreadcrumbList","@id":"https:\/\/dntnonwovenfabrics.com\/fr\/conditions-de-vente\/#breadcrumb","itemListElement":[{"@type":"ListItem","position":1,"name":"Portada","item":"https:\/\/dntnonwovenfabrics.com\/fr\/"},{"@type":"ListItem","position":2,"name":"Conditions g\u00e9n\u00e9rales de vente"}]},{"@type":"WebSite","@id":"https:\/\/dntnonwovenfabrics.com\/fr\/#website","url":"https:\/\/dntnonwovenfabrics.com\/fr\/","name":"DNT non woven fabrics - No Tejido","description":"Principal fabricante espa\u00f1ol de no tejido de polipropileno o spunbond non woven. La empresa con sede en Alcal\u00e1 la Real, Ja\u00e9n, forma parte del grupo empresarial Dise\u00f1os NT grupo con una extensa trayectoria en la industria transformadora del no tejido para la fabricaci\u00f3n de embalajes y bolsas.","publisher":{"@id":"https:\/\/dntnonwovenfabrics.com\/fr\/#organization"},"potentialAction":[{"@type":"SearchAction","target":{"@type":"EntryPoint","urlTemplate":"https:\/\/dntnonwovenfabrics.com\/fr\/?s={search_term_string}"},"query-input":{"@type":"PropertyValueSpecification","valueRequired":true,"valueName":"search_term_string"}}],"inLanguage":"fr-FR"},{"@type":"Organization","@id":"https:\/\/dntnonwovenfabrics.com\/fr\/#organization","name":"DNT non woven fabrics - No Tejido","url":"https:\/\/dntnonwovenfabrics.com\/fr\/","logo":{"@type":"ImageObject","inLanguage":"fr-FR","@id":"https:\/\/dntnonwovenfabrics.com\/fr\/#\/schema\/logo\/image\/","url":"https:\/\/dntnonwovenfabrics.com\/wp-content\/uploads\/2014\/07\/logohead.jpg","contentUrl":"https:\/\/dntnonwovenfabrics.com\/wp-content\/uploads\/2014\/07\/logohead.jpg","width":205,"height":86,"caption":"DNT non woven fabrics - No Tejido"},"image":{"@id":"https:\/\/dntnonwovenfabrics.com\/fr\/#\/schema\/logo\/image\/"}}]}},"_links":{"self":[{"href":"https:\/\/dntnonwovenfabrics.com\/fr\/wp-json\/wp\/v2\/pages\/14550","targetHints":{"allow":["GET"]}}],"collection":[{"href":"https:\/\/dntnonwovenfabrics.com\/fr\/wp-json\/wp\/v2\/pages"}],"about":[{"href":"https:\/\/dntnonwovenfabrics.com\/fr\/wp-json\/wp\/v2\/types\/page"}],"author":[{"embeddable":true,"href":"https:\/\/dntnonwovenfabrics.com\/fr\/wp-json\/wp\/v2\/users\/5"}],"replies":[{"embeddable":true,"href":"https:\/\/dntnonwovenfabrics.com\/fr\/wp-json\/wp\/v2\/comments?post=14550"}],"version-history":[{"count":0,"href":"https:\/\/dntnonwovenfabrics.com\/fr\/wp-json\/wp\/v2\/pages\/14550\/revisions"}],"wp:attachment":[{"href":"https:\/\/dntnonwovenfabrics.com\/fr\/wp-json\/wp\/v2\/media?parent=14550"}],"curies":[{"name":"wp","href":"https:\/\/api.w.org\/{rel}","templated":true}]}}