{"id":14559,"date":"2021-10-07T14:34:56","date_gmt":"2021-10-07T12:34:56","guid":{"rendered":"https:\/\/dntnonwovenfabrics.com\/economia-circular\/"},"modified":"2024-11-13T17:54:13","modified_gmt":"2024-11-13T16:54:13","slug":"economia-circular","status":"publish","type":"page","link":"https:\/\/dntnonwovenfabrics.com\/fr\/economia-circular\/","title":{"rendered":"ECONOM\u00cdA CIRCULAR"},"content":{"rendered":"<div class=\"gb-grid-wrapper gb-grid-wrapper-e34922a8\">\n<div class=\"gb-grid-column gb-grid-column-199d1cd4\"><div class=\"gb-container gb-container-199d1cd4\"><div class=\"gb-inside-container\">\n\n<p class=\"has-text-align-center\">La materia prima que utilizamos es 100% polipropileno, libre de aditivos t\u00f3xicos, obteniendo as\u00ed un producto completamente reutilizable, reciclable y respetuoso con el medio ambiente.<\/p>\n\n\n\n<div style=\"height:72px\" aria-hidden=\"true\" class=\"wp-block-spacer\"><\/div>\n\n<\/div><\/div><\/div>\n<\/div>\n\n<div class=\"gb-grid-wrapper gb-grid-wrapper-3d11e7eb\">\n<div class=\"gb-grid-column gb-grid-column-d7383558\"><div class=\"gb-container gb-container-d7383558\"><div class=\"gb-inside-container\">\n<div class=\"gb-grid-wrapper gb-grid-wrapper-20d4e085\">\n<div class=\"gb-grid-column gb-grid-column-e6ce318d\"><div class=\"gb-container gb-container-e6ce318d js-scroll slide-left\"><div class=\"gb-inside-container\">\n\n<div style=\"height:16px\" aria-hidden=\"true\" class=\"wp-block-spacer\"><\/div>\n\n\n\n<h2 class=\"gb-headline gb-headline-5861ef12 gb-headline-text\"> I+D+I<\/h2>\n\n\n\n<p>La investigaci\u00f3n y la innovaci\u00f3n forma parte de nuestro d\u00eda a d\u00eda, por ello contamos con un Centro de I+D+i. As\u00ed, DNT Non Woven fabrics ofrece las soluciones m\u00e1s innovadoras en sus no tejidos para que cumplan a la perfecci\u00f3n las exigencias de cada cliente.<\/p>\n\n\n\n<div style=\"height:51px\" aria-hidden=\"true\" class=\"wp-block-spacer\"><\/div>\n\n<\/div><\/div><\/div>\n\n<div class=\"gb-grid-column gb-grid-column-d21c9eef\"><div class=\"gb-container gb-container-d21c9eef js-scroll difusion\"><div class=\"gb-inside-container\"><\/div><\/div><\/div>\n<\/div>\n\n<div class=\"gb-grid-wrapper gb-grid-wrapper-d257f7a3\">\n<div class=\"gb-grid-column gb-grid-column-938b7985\"><div class=\"gb-container gb-container-938b7985 js-scroll difusion\"><div class=\"gb-inside-container\"><\/div><\/div><\/div>\n\n<div class=\"gb-grid-column gb-grid-column-acda162c\"><div class=\"gb-container gb-container-acda162c js-scroll slide-right\"><div class=\"gb-inside-container\">\n\n<div style=\"height:17px\" aria-hidden=\"true\" class=\"wp-block-spacer\"><\/div>\n\n\n\n<h2 class=\"gb-headline gb-headline-5fe95ed1 gb-headline-text\">PYME INNOVADORA<\/h2>\n\n\n\n<p>Otorgado por el Ministerio de Ciencia e Innovaci\u00f3n concede el sello de PYME innovadora para reconocer el esfuerzo a las empresas que realizan actividades en el campo de la investigaci\u00f3n, del desarrollo tecnol\u00f3gico y la innovaci\u00f3n (I+D+i).<\/p>\n\n\n\n<div style=\"height:77px\" aria-hidden=\"true\" class=\"wp-block-spacer\"><\/div>\n\n<\/div><\/div><\/div>\n<\/div>\n\n<div class=\"gb-grid-wrapper gb-grid-wrapper-0c511ae1\">\n<div class=\"gb-grid-column gb-grid-column-9aa0c9b8\"><div class=\"gb-container gb-container-9aa0c9b8 js-scroll slide-left\"><div class=\"gb-inside-container\">\n\n<div style=\"height:31px\" aria-hidden=\"true\" class=\"wp-block-spacer\"><\/div>\n\n\n\n<h2 class=\"gb-headline gb-headline-a56c241f gb-headline-text\">SOSTENIBILIDAD<\/h2>\n\n\n\n<p>La materia prima que utilizamos es 100% polipropileno, libre de aditivos t\u00f3xicos, obteniendo as\u00ed un producto completamente reutilizable, reciclable y respetuoso con el medio ambiente.<\/p>\n\n\n\n<div style=\"height:100px\" aria-hidden=\"true\" class=\"wp-block-spacer\"><\/div>\n\n<\/div><\/div><\/div>\n\n<div class=\"gb-grid-column gb-grid-column-a4ea495f\"><div class=\"gb-container gb-container-a4ea495f js-scroll difusion\"><div class=\"gb-inside-container\"><\/div><\/div><\/div>\n<\/div>\n<\/div><\/div><\/div>\n<\/div>\n\n<div class=\"gb-container gb-container-16ef6d90 alignfull\"><div class=\"gb-inside-container\">\n<div class=\"gb-grid-wrapper gb-grid-wrapper-82435324\">\n<div class=\"gb-grid-column gb-grid-column-ff6ab625\"><div class=\"gb-container gb-container-ff6ab625\"><div class=\"gb-inside-container\">\n\n<div style=\"height:44px\" aria-hidden=\"true\" class=\"wp-block-spacer\"><\/div>\n\n<\/div><\/div><\/div>\n<\/div>\n\n\n<div class=\"wp-block-columns is-layout-flex wp-container-core-columns-is-layout-9d6595d7 wp-block-columns-is-layout-flex\">\n<div class=\"wp-block-column is-layout-flow wp-block-column-is-layout-flow\" style=\"flex-basis:15%\"><\/div>\n\n\n\n<div class=\"wp-block-column is-layout-flow wp-block-column-is-layout-flow\" style=\"flex-basis:70%\">\n<p class=\"gb-headline gb-headline-1757b331 gb-headline-text\"><strong>Nuestra Recicladora industrial nos permite reducir a 0 los resiudos post industriales y recuperar las mermas de producci\u00f3n reutilizando as\u00ed estos recursos para la fabricaci\u00f3n de nueva materia prima.<\/strong><\/p>\n<\/div>\n\n\n\n<div class=\"wp-block-column is-layout-flow wp-block-column-is-layout-flow\" style=\"flex-basis:15%\"><\/div>\n<\/div>\n\n<\/div><\/div>\n\n<div class=\"gb-grid-wrapper gb-grid-wrapper-702c5a34\">\n<div class=\"gb-grid-column gb-grid-column-ea8160a8\"><div class=\"gb-container gb-container-ea8160a8 js-scroll zoomIn\"><div class=\"gb-inside-container\">\n<div class=\"wp-block-image\">\n<figure class=\"aligncenter size-full is-resized\"><img loading=\"lazy\" decoding=\"async\" width=\"200\" height=\"200\" src=\"https:\/\/dntnonwovenfabrics.com\/wp-content\/uploads\/2020\/09\/sello-huella-de-carbono-2019.png\" alt=\"sello-huella-de-carbono-2019\" class=\"wp-image-5735\" style=\"width:204px;height:204px\"\/><\/figure>\n<\/div>\n\n\n<h4 class=\"gb-headline gb-headline-7dfaaf70 gb-headline-text\">Reducir la huella de carbono es nuestra meta prioritaria.<\/h4>\n\n<\/div><\/div><\/div>\n<\/div>","protected":false},"excerpt":{"rendered":"<p>Nuestra Recicladora industrial nos permite reducir a 0 los resiudos post industriales y recuperar las mermas de producci\u00f3n reutilizando as\u00ed estos recursos para la fabricaci\u00f3n de nueva materia prima.<\/p>\n","protected":false},"author":5,"featured_media":0,"parent":0,"menu_order":0,"comment_status":"closed","ping_status":"closed","template":"","meta":{"inline_featured_image":false,"footnotes":""},"class_list":["post-14559","page","type-page","status-publish"],"yoast_head":"<!-- This site is optimized with the Yoast SEO plugin v27.3 - https:\/\/yoast.com\/product\/yoast-seo-wordpress\/ -->\n<title>ECONOM\u00cdA CIRCULAR - DNT non woven fabrics - No Tejido<\/title>\n<meta name=\"robots\" content=\"index, follow, max-snippet:-1, max-image-preview:large, max-video-preview:-1\" \/>\n<link rel=\"canonical\" href=\"https:\/\/dntnonwovenfabrics.com\/fr\/economia-circular\/\" \/>\n<meta property=\"og:locale\" content=\"fr_FR\" \/>\n<meta property=\"og:type\" content=\"article\" \/>\n<meta property=\"og:title\" content=\"ECONOM\u00cdA CIRCULAR - DNT non woven fabrics - No Tejido\" \/>\n<meta property=\"og:description\" content=\"Nuestra Recicladora industrial nos permite reducir a 0 los resiudos post industriales y recuperar las mermas de producci\u00f3n reutilizando as\u00ed estos recursos para la fabricaci\u00f3n de nueva materia prima.\" \/>\n<meta property=\"og:url\" content=\"https:\/\/dntnonwovenfabrics.com\/fr\/economia-circular\/\" \/>\n<meta property=\"og:site_name\" content=\"DNT non woven fabrics - No Tejido\" \/>\n<meta property=\"article:modified_time\" content=\"2024-11-13T16:54:13+00:00\" \/>\n<meta property=\"og:image\" content=\"https:\/\/dntnonwovenfabrics.com\/wp-content\/uploads\/2020\/09\/sello-huella-de-carbono-2019.png\" \/>\n\t<meta property=\"og:image:width\" content=\"200\" \/>\n\t<meta property=\"og:image:height\" content=\"200\" \/>\n\t<meta property=\"og:image:type\" content=\"image\/png\" \/>\n<meta name=\"twitter:card\" content=\"summary_large_image\" \/>\n<meta name=\"twitter:label1\" content=\"Dur\u00e9e de lecture estim\u00e9e\" \/>\n\t<meta name=\"twitter:data1\" content=\"1 minute\" \/>\n<script type=\"application\/ld+json\" class=\"yoast-schema-graph\">{\"@context\":\"https:\\\/\\\/schema.org\",\"@graph\":[{\"@type\":\"WebPage\",\"@id\":\"https:\\\/\\\/dntnonwovenfabrics.com\\\/fr\\\/economia-circular\\\/\",\"url\":\"https:\\\/\\\/dntnonwovenfabrics.com\\\/fr\\\/economia-circular\\\/\",\"name\":\"ECONOM\u00cdA CIRCULAR - DNT non woven fabrics - No Tejido\",\"isPartOf\":{\"@id\":\"https:\\\/\\\/dntnonwovenfabrics.com\\\/fr\\\/#website\"},\"primaryImageOfPage\":{\"@id\":\"https:\\\/\\\/dntnonwovenfabrics.com\\\/fr\\\/economia-circular\\\/#primaryimage\"},\"image\":{\"@id\":\"https:\\\/\\\/dntnonwovenfabrics.com\\\/fr\\\/economia-circular\\\/#primaryimage\"},\"thumbnailUrl\":\"https:\\\/\\\/dntnonwovenfabrics.com\\\/wp-content\\\/uploads\\\/2020\\\/09\\\/sello-huella-de-carbono-2019.png\",\"datePublished\":\"2021-10-07T12:34:56+00:00\",\"dateModified\":\"2024-11-13T16:54:13+00:00\",\"breadcrumb\":{\"@id\":\"https:\\\/\\\/dntnonwovenfabrics.com\\\/fr\\\/economia-circular\\\/#breadcrumb\"},\"inLanguage\":\"fr-FR\",\"potentialAction\":[{\"@type\":\"ReadAction\",\"target\":[\"https:\\\/\\\/dntnonwovenfabrics.com\\\/fr\\\/economia-circular\\\/\"]}]},{\"@type\":\"ImageObject\",\"inLanguage\":\"fr-FR\",\"@id\":\"https:\\\/\\\/dntnonwovenfabrics.com\\\/fr\\\/economia-circular\\\/#primaryimage\",\"url\":\"https:\\\/\\\/dntnonwovenfabrics.com\\\/wp-content\\\/uploads\\\/2020\\\/09\\\/sello-huella-de-carbono-2019.png\",\"contentUrl\":\"https:\\\/\\\/dntnonwovenfabrics.com\\\/wp-content\\\/uploads\\\/2020\\\/09\\\/sello-huella-de-carbono-2019.png\"},{\"@type\":\"BreadcrumbList\",\"@id\":\"https:\\\/\\\/dntnonwovenfabrics.com\\\/fr\\\/economia-circular\\\/#breadcrumb\",\"itemListElement\":[{\"@type\":\"ListItem\",\"position\":1,\"name\":\"Portada\",\"item\":\"https:\\\/\\\/dntnonwovenfabrics.com\\\/fr\\\/\"},{\"@type\":\"ListItem\",\"position\":2,\"name\":\"ECONOM\u00cdA CIRCULAR\"}]},{\"@type\":\"WebSite\",\"@id\":\"https:\\\/\\\/dntnonwovenfabrics.com\\\/fr\\\/#website\",\"url\":\"https:\\\/\\\/dntnonwovenfabrics.com\\\/fr\\\/\",\"name\":\"DNT non woven fabrics - No Tejido\",\"description\":\"Principal fabricante espa\u00f1ol de no tejido de polipropileno o spunbond non woven. La empresa con sede en Alcal\u00e1 la Real, Ja\u00e9n, forma parte del grupo empresarial Dise\u00f1os NT grupo con una extensa trayectoria en la industria transformadora del no tejido para la fabricaci\u00f3n de embalajes y bolsas.\",\"publisher\":{\"@id\":\"https:\\\/\\\/dntnonwovenfabrics.com\\\/fr\\\/#organization\"},\"potentialAction\":[{\"@type\":\"SearchAction\",\"target\":{\"@type\":\"EntryPoint\",\"urlTemplate\":\"https:\\\/\\\/dntnonwovenfabrics.com\\\/fr\\\/?s={search_term_string}\"},\"query-input\":{\"@type\":\"PropertyValueSpecification\",\"valueRequired\":true,\"valueName\":\"search_term_string\"}}],\"inLanguage\":\"fr-FR\"},{\"@type\":\"Organization\",\"@id\":\"https:\\\/\\\/dntnonwovenfabrics.com\\\/fr\\\/#organization\",\"name\":\"DNT non woven fabrics - No Tejido\",\"url\":\"https:\\\/\\\/dntnonwovenfabrics.com\\\/fr\\\/\",\"logo\":{\"@type\":\"ImageObject\",\"inLanguage\":\"fr-FR\",\"@id\":\"https:\\\/\\\/dntnonwovenfabrics.com\\\/fr\\\/#\\\/schema\\\/logo\\\/image\\\/\",\"url\":\"https:\\\/\\\/dntnonwovenfabrics.com\\\/wp-content\\\/uploads\\\/2014\\\/07\\\/logohead.jpg\",\"contentUrl\":\"https:\\\/\\\/dntnonwovenfabrics.com\\\/wp-content\\\/uploads\\\/2014\\\/07\\\/logohead.jpg\",\"width\":205,\"height\":86,\"caption\":\"DNT non woven fabrics - No Tejido\"},\"image\":{\"@id\":\"https:\\\/\\\/dntnonwovenfabrics.com\\\/fr\\\/#\\\/schema\\\/logo\\\/image\\\/\"}}]}<\/script>\n<!-- \/ Yoast SEO plugin. -->","yoast_head_json":{"title":"ECONOM\u00cdA CIRCULAR - DNT non woven fabrics - No Tejido","robots":{"index":"index","follow":"follow","max-snippet":"max-snippet:-1","max-image-preview":"max-image-preview:large","max-video-preview":"max-video-preview:-1"},"canonical":"https:\/\/dntnonwovenfabrics.com\/fr\/economia-circular\/","og_locale":"fr_FR","og_type":"article","og_title":"ECONOM\u00cdA CIRCULAR - DNT non woven fabrics - No Tejido","og_description":"Nuestra Recicladora industrial nos permite reducir a 0 los resiudos post industriales y recuperar las mermas de producci\u00f3n reutilizando as\u00ed estos recursos para la fabricaci\u00f3n de nueva materia prima.","og_url":"https:\/\/dntnonwovenfabrics.com\/fr\/economia-circular\/","og_site_name":"DNT non woven fabrics - No Tejido","article_modified_time":"2024-11-13T16:54:13+00:00","og_image":[{"width":200,"height":200,"url":"https:\/\/dntnonwovenfabrics.com\/wp-content\/uploads\/2020\/09\/sello-huella-de-carbono-2019.png","type":"image\/png"}],"twitter_card":"summary_large_image","twitter_misc":{"Dur\u00e9e de lecture estim\u00e9e":"1 minute"},"schema":{"@context":"https:\/\/schema.org","@graph":[{"@type":"WebPage","@id":"https:\/\/dntnonwovenfabrics.com\/fr\/economia-circular\/","url":"https:\/\/dntnonwovenfabrics.com\/fr\/economia-circular\/","name":"ECONOM\u00cdA CIRCULAR - DNT non woven fabrics - No Tejido","isPartOf":{"@id":"https:\/\/dntnonwovenfabrics.com\/fr\/#website"},"primaryImageOfPage":{"@id":"https:\/\/dntnonwovenfabrics.com\/fr\/economia-circular\/#primaryimage"},"image":{"@id":"https:\/\/dntnonwovenfabrics.com\/fr\/economia-circular\/#primaryimage"},"thumbnailUrl":"https:\/\/dntnonwovenfabrics.com\/wp-content\/uploads\/2020\/09\/sello-huella-de-carbono-2019.png","datePublished":"2021-10-07T12:34:56+00:00","dateModified":"2024-11-13T16:54:13+00:00","breadcrumb":{"@id":"https:\/\/dntnonwovenfabrics.com\/fr\/economia-circular\/#breadcrumb"},"inLanguage":"fr-FR","potentialAction":[{"@type":"ReadAction","target":["https:\/\/dntnonwovenfabrics.com\/fr\/economia-circular\/"]}]},{"@type":"ImageObject","inLanguage":"fr-FR","@id":"https:\/\/dntnonwovenfabrics.com\/fr\/economia-circular\/#primaryimage","url":"https:\/\/dntnonwovenfabrics.com\/wp-content\/uploads\/2020\/09\/sello-huella-de-carbono-2019.png","contentUrl":"https:\/\/dntnonwovenfabrics.com\/wp-content\/uploads\/2020\/09\/sello-huella-de-carbono-2019.png"},{"@type":"BreadcrumbList","@id":"https:\/\/dntnonwovenfabrics.com\/fr\/economia-circular\/#breadcrumb","itemListElement":[{"@type":"ListItem","position":1,"name":"Portada","item":"https:\/\/dntnonwovenfabrics.com\/fr\/"},{"@type":"ListItem","position":2,"name":"ECONOM\u00cdA CIRCULAR"}]},{"@type":"WebSite","@id":"https:\/\/dntnonwovenfabrics.com\/fr\/#website","url":"https:\/\/dntnonwovenfabrics.com\/fr\/","name":"DNT non woven fabrics - No Tejido","description":"Principal fabricante espa\u00f1ol de no tejido de polipropileno o spunbond non woven. La empresa con sede en Alcal\u00e1 la Real, Ja\u00e9n, forma parte del grupo empresarial Dise\u00f1os NT grupo con una extensa trayectoria en la industria transformadora del no tejido para la fabricaci\u00f3n de embalajes y bolsas.","publisher":{"@id":"https:\/\/dntnonwovenfabrics.com\/fr\/#organization"},"potentialAction":[{"@type":"SearchAction","target":{"@type":"EntryPoint","urlTemplate":"https:\/\/dntnonwovenfabrics.com\/fr\/?s={search_term_string}"},"query-input":{"@type":"PropertyValueSpecification","valueRequired":true,"valueName":"search_term_string"}}],"inLanguage":"fr-FR"},{"@type":"Organization","@id":"https:\/\/dntnonwovenfabrics.com\/fr\/#organization","name":"DNT non woven fabrics - No Tejido","url":"https:\/\/dntnonwovenfabrics.com\/fr\/","logo":{"@type":"ImageObject","inLanguage":"fr-FR","@id":"https:\/\/dntnonwovenfabrics.com\/fr\/#\/schema\/logo\/image\/","url":"https:\/\/dntnonwovenfabrics.com\/wp-content\/uploads\/2014\/07\/logohead.jpg","contentUrl":"https:\/\/dntnonwovenfabrics.com\/wp-content\/uploads\/2014\/07\/logohead.jpg","width":205,"height":86,"caption":"DNT non woven fabrics - No Tejido"},"image":{"@id":"https:\/\/dntnonwovenfabrics.com\/fr\/#\/schema\/logo\/image\/"}}]}},"_links":{"self":[{"href":"https:\/\/dntnonwovenfabrics.com\/fr\/wp-json\/wp\/v2\/pages\/14559","targetHints":{"allow":["GET"]}}],"collection":[{"href":"https:\/\/dntnonwovenfabrics.com\/fr\/wp-json\/wp\/v2\/pages"}],"about":[{"href":"https:\/\/dntnonwovenfabrics.com\/fr\/wp-json\/wp\/v2\/types\/page"}],"author":[{"embeddable":true,"href":"https:\/\/dntnonwovenfabrics.com\/fr\/wp-json\/wp\/v2\/users\/5"}],"replies":[{"embeddable":true,"href":"https:\/\/dntnonwovenfabrics.com\/fr\/wp-json\/wp\/v2\/comments?post=14559"}],"version-history":[{"count":0,"href":"https:\/\/dntnonwovenfabrics.com\/fr\/wp-json\/wp\/v2\/pages\/14559\/revisions"}],"wp:attachment":[{"href":"https:\/\/dntnonwovenfabrics.com\/fr\/wp-json\/wp\/v2\/media?parent=14559"}],"curies":[{"name":"wp","href":"https:\/\/api.w.org\/{rel}","templated":true}]}}