{"id":14566,"date":"2021-10-13T22:15:43","date_gmt":"2021-10-13T20:15:43","guid":{"rendered":"https:\/\/dntnonwovenfabrics.com\/economia-circular-2\/"},"modified":"2025-10-14T11:22:31","modified_gmt":"2025-10-14T09:22:31","slug":"economia-circular-2","status":"publish","type":"page","link":"https:\/\/dntnonwovenfabrics.com\/fr\/economia-circular-2\/","title":{"rendered":"\u00c9conomie circulaire"},"content":{"rendered":"<div class=\"gb-grid-wrapper gb-grid-wrapper-139c0714\">\n<div class=\"gb-grid-column gb-grid-column-8cc865b8\"><div class=\"gb-container gb-container-8cc865b8\"><div class=\"gb-inside-container\">\n\n<p class=\"has-text-align-center\">Notre syst\u00e8me de production int\u00e8gre le concept d\u2019\u00e9conomie circulaire, ce mod\u00e8le de production et de consommation garantit une <a href=\"https:\/\/dntnonwovenfabric.com\/fr\">croissance durable<\/a> en favorisant l\u2019optimisation des ressources, la r\u00e9duction de la consommation de mati\u00e8res premi\u00e8res et de l\u2019utilisation des d\u00e9chets, le recyclage pour lui donner une nouvelle vie.<\/p>\n\n\n\n<div style=\"height:72px\" aria-hidden=\"true\" class=\"wp-block-spacer hide-on-mobile\"><\/div>\n\n<\/div><\/div><\/div>\n<\/div>\n\n<div class=\"gb-container gb-container-3939dbf1 bloque-fondos\"><div class=\"gb-inside-container\">\n<div class=\"gb-grid-wrapper gb-grid-wrapper-9443645c\">\n<div class=\"gb-grid-column gb-grid-column-4ef543e7\"><div class=\"gb-container gb-container-4ef543e7 imagen-centrar\"><div class=\"gb-inside-container\"><\/div><\/div><\/div>\n\n<div class=\"gb-grid-column gb-grid-column-48747999\"><div class=\"gb-container gb-container-48747999 menu-carta\"><div class=\"gb-inside-container\">\n\n<div class=\"wp-block-columns is-layout-flex wp-container-core-columns-is-layout-9d6595d7 wp-block-columns-is-layout-flex\">\n<div class=\"wp-block-column vertical is-layout-flow wp-block-column-is-layout-flow\" style=\"flex-basis:5%\"><\/div>\n\n\n\n<div class=\"wp-block-column is-layout-flow wp-block-column-is-layout-flow\" style=\"flex-basis:70%\">\n<h2 class=\"gb-headline gb-headline-540615ab gb-headline-text bloque-sombra\">NOUS R\u00c9DUISONS L\u2019EMPREINTE CARBONE<\/h2>\n\n\n\n<h3 class=\"gb-headline gb-headline-e114c96a gb-headline-text\">SOLUTION CONTRE LES IMPOR<\/h3>\n\n\n\n<p class=\"boton-derecha has-base-3-color has-text-color has-normal-font-size\">\u00c9vitez les importations et obtenez des produits europ\u00e9ens de haute qualit\u00e9. Nous contr\u00f4lons toutes les phases de la cha\u00eene de production, depuis la fabrication des mati\u00e8res premi\u00e8res jusqu\u2019\u00e0 la transformation en produit final. Un syst\u00e8me de gestion qui garantit la qualit\u00e9 de tous nos produits. Livraisons rapides et programmables. Offre sp\u00e9ciale pour les gros volumes. Gagnez du temps et des efforts avec nous. Merci de nous avoir choisi!<\/p>\n<\/div>\n\n\n\n<div class=\"wp-block-column is-layout-flow wp-block-column-is-layout-flow\" style=\"flex-basis:15%\"><\/div>\n<\/div>\n\n<\/div><\/div><\/div>\n\n<div class=\"gb-grid-column gb-grid-column-34198529\"><div class=\"gb-container gb-container-34198529 fondo-ham\"><div class=\"gb-inside-container\">\n\n<div class=\"wp-block-columns texto-derecha is-layout-flex wp-container-core-columns-is-layout-9d6595d7 wp-block-columns-is-layout-flex\">\n<div class=\"wp-block-column vertical is-layout-flow wp-block-column-is-layout-flow\" style=\"flex-basis:5%\"><\/div>\n\n\n\n<div class=\"wp-block-column texto-derecha is-layout-flow wp-block-column-is-layout-flow\" style=\"flex-basis:70%\">\n<h3 class=\"gb-headline gb-headline-951c71fa gb-headline-text bloque-sombra\">RECICLEUR<\/h3>\n\n\n\n<h3 class=\"gb-headline gb-headline-4821fc77 gb-headline-text\"><strong>RECYCLE NON WOVEN<\/strong><\/h3>\n\n\n\n<p class=\"boton-derecha has-base-3-color has-text-color has-normal-font-size\">Chez DNT Non tiss\u00e9 Fabrics, nous r\u00e9cup\u00e9rons les restes de non-tiss\u00e9s, les transformons en granul\u00e9s de polypropyl\u00e8ne et les r\u00e9incorporons dans notre processus de fabrication DNT Bond Recycled. Nous transformons les d\u00e9chets en nouvelles ressources.<\/p>\n<\/div>\n\n\n\n<div class=\"wp-block-column is-layout-flow wp-block-column-is-layout-flow\" style=\"flex-basis:5%\"><\/div>\n<\/div>\n\n<\/div><\/div><\/div>\n\n<div class=\"gb-grid-column gb-grid-column-480e6f00\"><div class=\"gb-container gb-container-480e6f00\"><div class=\"gb-inside-container\">\n<div class=\"gb-container gb-container-5b8d1386\"><div class=\"gb-inside-container\">\n\n<div style=\"height:138px\" aria-hidden=\"true\" class=\"wp-block-spacer\"><\/div>\n\n\n<a rel=\"noreferrer\" href=\"http:\/\/www.cedecom.net\/cedecom\/previos\/DNT_ECONOMIA_CIRCULAR.mp4\" class=\"vp-a vp-mp4-type vp-modal-click vp-modal-click_shortcode vp-has-img\"><img decoding=\"async\" class=\"vp-img\" src=\"https:\/\/dntnonwovenfabrics.com\/wp-content\/uploads\/2021\/09\/reproducir-video.svg\"><\/a>\n\n<\/div><\/div>\n<\/div><\/div><\/div>\n\n<div class=\"gb-grid-column gb-grid-column-d732ee79\"><div class=\"gb-container gb-container-d732ee79 imagen-centrar\"><div class=\"gb-inside-container\"><\/div><\/div><\/div>\n\n<div class=\"gb-grid-column gb-grid-column-1d0e64a1\"><div class=\"gb-container gb-container-1d0e64a1 menu-carta\"><div class=\"gb-inside-container\">\n\n<div class=\"wp-block-columns is-layout-flex wp-container-core-columns-is-layout-9d6595d7 wp-block-columns-is-layout-flex\">\n<div class=\"wp-block-column vertical is-layout-flow wp-block-column-is-layout-flow\" style=\"flex-basis:5%\"><\/div>\n\n\n\n<div class=\"wp-block-column is-layout-flow wp-block-column-is-layout-flow\" style=\"flex-basis:70%\">\n<h2 class=\"gb-headline gb-headline-c29b9fa1 gb-headline-text bloque-sombra\">L&rsquo;EFFICACIT\u00c9 \u00c9NERG\u00c9TIQUE<\/h2>\n\n\n\n<p class=\"boton-derecha has-base-3-color has-text-color has-normal-font-size\">En tant qu&rsquo;entreprise certifi\u00e9e ISO 50001, nous nous engageons \u00e0 optimiser nos ressources \u00e9nerg\u00e9tiques, \u00e0 promouvoir la transparence dans la gestion de l&rsquo;efficacit\u00e9 \u00e9nerg\u00e9tique et \u00e0 encourager les meilleures pratiques au sein de notre organisation.<\/p>\n<\/div>\n\n\n\n<div class=\"wp-block-column is-layout-flow wp-block-column-is-layout-flow\" style=\"flex-basis:15%\"><\/div>\n<\/div>\n\n<\/div><\/div><\/div>\n<\/div>\n\n\n<div style=\"height:49px\" aria-hidden=\"true\" class=\"wp-block-spacer\"><\/div>\n\n<\/div><\/div>","protected":false},"excerpt":{"rendered":"","protected":false},"author":5,"featured_media":14568,"parent":0,"menu_order":0,"comment_status":"closed","ping_status":"closed","template":"","meta":{"inline_featured_image":false,"footnotes":""},"class_list":["post-14566","page","type-page","status-publish","has-post-thumbnail"],"yoast_head":"<!-- This site is optimized with the Yoast SEO plugin v27.3 - https:\/\/yoast.com\/product\/yoast-seo-wordpress\/ -->\n<title>\u00c9conomie circulaire - DNT non woven fabrics - No Tejido<\/title>\n<meta name=\"description\" content=\"La Econom\u00eda circular garantiza un crecimiento sostenible en el consumo de materias primas y aprovechamiento, reciclando para una nueva vida.\" \/>\n<meta name=\"robots\" content=\"index, follow, max-snippet:-1, max-image-preview:large, max-video-preview:-1\" \/>\n<link rel=\"canonical\" href=\"https:\/\/dntnonwovenfabrics.com\/fr\/economia-circular-2\/\" \/>\n<meta property=\"og:locale\" content=\"fr_FR\" \/>\n<meta property=\"og:type\" content=\"article\" \/>\n<meta property=\"og:title\" content=\"\u00c9conomie circulaire - DNT non woven fabrics - No Tejido\" \/>\n<meta property=\"og:description\" content=\"La Econom\u00eda circular garantiza un crecimiento sostenible en el consumo de materias primas y aprovechamiento, reciclando para una nueva vida.\" \/>\n<meta property=\"og:url\" content=\"https:\/\/dntnonwovenfabrics.com\/fr\/economia-circular-2\/\" \/>\n<meta property=\"og:site_name\" content=\"DNT non woven fabrics - No Tejido\" \/>\n<meta property=\"article:modified_time\" content=\"2025-10-14T09:22:31+00:00\" \/>\n<meta property=\"og:image\" content=\"https:\/\/dntnonwovenfabrics.com\/wp-content\/uploads\/2022\/07\/ods.jpg\" \/>\n\t<meta property=\"og:image:width\" content=\"800\" \/>\n\t<meta property=\"og:image:height\" content=\"639\" \/>\n\t<meta property=\"og:image:type\" content=\"image\/jpeg\" \/>\n<meta name=\"twitter:card\" content=\"summary_large_image\" \/>\n<meta name=\"twitter:label1\" content=\"Dur\u00e9e de lecture estim\u00e9e\" \/>\n\t<meta name=\"twitter:data1\" content=\"2 minutes\" \/>\n<script type=\"application\/ld+json\" class=\"yoast-schema-graph\">{\"@context\":\"https:\\\/\\\/schema.org\",\"@graph\":[{\"@type\":\"WebPage\",\"@id\":\"https:\\\/\\\/dntnonwovenfabrics.com\\\/fr\\\/economia-circular-2\\\/\",\"url\":\"https:\\\/\\\/dntnonwovenfabrics.com\\\/fr\\\/economia-circular-2\\\/\",\"name\":\"\u00c9conomie circulaire - DNT non woven fabrics - No Tejido\",\"isPartOf\":{\"@id\":\"https:\\\/\\\/dntnonwovenfabrics.com\\\/fr\\\/#website\"},\"primaryImageOfPage\":{\"@id\":\"https:\\\/\\\/dntnonwovenfabrics.com\\\/fr\\\/economia-circular-2\\\/#primaryimage\"},\"image\":{\"@id\":\"https:\\\/\\\/dntnonwovenfabrics.com\\\/fr\\\/economia-circular-2\\\/#primaryimage\"},\"thumbnailUrl\":\"https:\\\/\\\/dntnonwovenfabrics.com\\\/wp-content\\\/uploads\\\/2022\\\/07\\\/ods.jpg\",\"datePublished\":\"2021-10-13T20:15:43+00:00\",\"dateModified\":\"2025-10-14T09:22:31+00:00\",\"description\":\"La Econom\u00eda circular garantiza un crecimiento sostenible en el consumo de materias primas y aprovechamiento, reciclando para una nueva vida.\",\"breadcrumb\":{\"@id\":\"https:\\\/\\\/dntnonwovenfabrics.com\\\/fr\\\/economia-circular-2\\\/#breadcrumb\"},\"inLanguage\":\"fr-FR\",\"potentialAction\":[{\"@type\":\"ReadAction\",\"target\":[\"https:\\\/\\\/dntnonwovenfabrics.com\\\/fr\\\/economia-circular-2\\\/\"]}]},{\"@type\":\"ImageObject\",\"inLanguage\":\"fr-FR\",\"@id\":\"https:\\\/\\\/dntnonwovenfabrics.com\\\/fr\\\/economia-circular-2\\\/#primaryimage\",\"url\":\"https:\\\/\\\/dntnonwovenfabrics.com\\\/wp-content\\\/uploads\\\/2022\\\/07\\\/ods.jpg\",\"contentUrl\":\"https:\\\/\\\/dntnonwovenfabrics.com\\\/wp-content\\\/uploads\\\/2022\\\/07\\\/ods.jpg\",\"width\":800,\"height\":639,\"caption\":\"Circular economy\"},{\"@type\":\"BreadcrumbList\",\"@id\":\"https:\\\/\\\/dntnonwovenfabrics.com\\\/fr\\\/economia-circular-2\\\/#breadcrumb\",\"itemListElement\":[{\"@type\":\"ListItem\",\"position\":1,\"name\":\"Portada\",\"item\":\"https:\\\/\\\/dntnonwovenfabrics.com\\\/fr\\\/\"},{\"@type\":\"ListItem\",\"position\":2,\"name\":\"\u00c9conomie circulaire\"}]},{\"@type\":\"WebSite\",\"@id\":\"https:\\\/\\\/dntnonwovenfabrics.com\\\/fr\\\/#website\",\"url\":\"https:\\\/\\\/dntnonwovenfabrics.com\\\/fr\\\/\",\"name\":\"DNT non woven fabrics - No Tejido\",\"description\":\"Principal fabricante espa\u00f1ol de no tejido de polipropileno o spunbond non woven. La empresa con sede en Alcal\u00e1 la Real, Ja\u00e9n, forma parte del grupo empresarial Dise\u00f1os NT grupo con una extensa trayectoria en la industria transformadora del no tejido para la fabricaci\u00f3n de embalajes y bolsas.\",\"publisher\":{\"@id\":\"https:\\\/\\\/dntnonwovenfabrics.com\\\/fr\\\/#organization\"},\"potentialAction\":[{\"@type\":\"SearchAction\",\"target\":{\"@type\":\"EntryPoint\",\"urlTemplate\":\"https:\\\/\\\/dntnonwovenfabrics.com\\\/fr\\\/?s={search_term_string}\"},\"query-input\":{\"@type\":\"PropertyValueSpecification\",\"valueRequired\":true,\"valueName\":\"search_term_string\"}}],\"inLanguage\":\"fr-FR\"},{\"@type\":\"Organization\",\"@id\":\"https:\\\/\\\/dntnonwovenfabrics.com\\\/fr\\\/#organization\",\"name\":\"DNT non woven fabrics - No Tejido\",\"url\":\"https:\\\/\\\/dntnonwovenfabrics.com\\\/fr\\\/\",\"logo\":{\"@type\":\"ImageObject\",\"inLanguage\":\"fr-FR\",\"@id\":\"https:\\\/\\\/dntnonwovenfabrics.com\\\/fr\\\/#\\\/schema\\\/logo\\\/image\\\/\",\"url\":\"https:\\\/\\\/dntnonwovenfabrics.com\\\/wp-content\\\/uploads\\\/2014\\\/07\\\/logohead.jpg\",\"contentUrl\":\"https:\\\/\\\/dntnonwovenfabrics.com\\\/wp-content\\\/uploads\\\/2014\\\/07\\\/logohead.jpg\",\"width\":205,\"height\":86,\"caption\":\"DNT non woven fabrics - No Tejido\"},\"image\":{\"@id\":\"https:\\\/\\\/dntnonwovenfabrics.com\\\/fr\\\/#\\\/schema\\\/logo\\\/image\\\/\"}}]}<\/script>\n<!-- \/ Yoast SEO plugin. -->","yoast_head_json":{"title":"\u00c9conomie circulaire - DNT non woven fabrics - No Tejido","description":"La Econom\u00eda circular garantiza un crecimiento sostenible en el consumo de materias primas y aprovechamiento, reciclando para una nueva vida.","robots":{"index":"index","follow":"follow","max-snippet":"max-snippet:-1","max-image-preview":"max-image-preview:large","max-video-preview":"max-video-preview:-1"},"canonical":"https:\/\/dntnonwovenfabrics.com\/fr\/economia-circular-2\/","og_locale":"fr_FR","og_type":"article","og_title":"\u00c9conomie circulaire - DNT non woven fabrics - No Tejido","og_description":"La Econom\u00eda circular garantiza un crecimiento sostenible en el consumo de materias primas y aprovechamiento, reciclando para una nueva vida.","og_url":"https:\/\/dntnonwovenfabrics.com\/fr\/economia-circular-2\/","og_site_name":"DNT non woven fabrics - No Tejido","article_modified_time":"2025-10-14T09:22:31+00:00","og_image":[{"width":800,"height":639,"url":"https:\/\/dntnonwovenfabrics.com\/wp-content\/uploads\/2022\/07\/ods.jpg","type":"image\/jpeg"}],"twitter_card":"summary_large_image","twitter_misc":{"Dur\u00e9e de lecture estim\u00e9e":"2 minutes"},"schema":{"@context":"https:\/\/schema.org","@graph":[{"@type":"WebPage","@id":"https:\/\/dntnonwovenfabrics.com\/fr\/economia-circular-2\/","url":"https:\/\/dntnonwovenfabrics.com\/fr\/economia-circular-2\/","name":"\u00c9conomie circulaire - DNT non woven fabrics - No Tejido","isPartOf":{"@id":"https:\/\/dntnonwovenfabrics.com\/fr\/#website"},"primaryImageOfPage":{"@id":"https:\/\/dntnonwovenfabrics.com\/fr\/economia-circular-2\/#primaryimage"},"image":{"@id":"https:\/\/dntnonwovenfabrics.com\/fr\/economia-circular-2\/#primaryimage"},"thumbnailUrl":"https:\/\/dntnonwovenfabrics.com\/wp-content\/uploads\/2022\/07\/ods.jpg","datePublished":"2021-10-13T20:15:43+00:00","dateModified":"2025-10-14T09:22:31+00:00","description":"La Econom\u00eda circular garantiza un crecimiento sostenible en el consumo de materias primas y aprovechamiento, reciclando para una nueva vida.","breadcrumb":{"@id":"https:\/\/dntnonwovenfabrics.com\/fr\/economia-circular-2\/#breadcrumb"},"inLanguage":"fr-FR","potentialAction":[{"@type":"ReadAction","target":["https:\/\/dntnonwovenfabrics.com\/fr\/economia-circular-2\/"]}]},{"@type":"ImageObject","inLanguage":"fr-FR","@id":"https:\/\/dntnonwovenfabrics.com\/fr\/economia-circular-2\/#primaryimage","url":"https:\/\/dntnonwovenfabrics.com\/wp-content\/uploads\/2022\/07\/ods.jpg","contentUrl":"https:\/\/dntnonwovenfabrics.com\/wp-content\/uploads\/2022\/07\/ods.jpg","width":800,"height":639,"caption":"Circular economy"},{"@type":"BreadcrumbList","@id":"https:\/\/dntnonwovenfabrics.com\/fr\/economia-circular-2\/#breadcrumb","itemListElement":[{"@type":"ListItem","position":1,"name":"Portada","item":"https:\/\/dntnonwovenfabrics.com\/fr\/"},{"@type":"ListItem","position":2,"name":"\u00c9conomie circulaire"}]},{"@type":"WebSite","@id":"https:\/\/dntnonwovenfabrics.com\/fr\/#website","url":"https:\/\/dntnonwovenfabrics.com\/fr\/","name":"DNT non woven fabrics - No Tejido","description":"Principal fabricante espa\u00f1ol de no tejido de polipropileno o spunbond non woven. La empresa con sede en Alcal\u00e1 la Real, Ja\u00e9n, forma parte del grupo empresarial Dise\u00f1os NT grupo con una extensa trayectoria en la industria transformadora del no tejido para la fabricaci\u00f3n de embalajes y bolsas.","publisher":{"@id":"https:\/\/dntnonwovenfabrics.com\/fr\/#organization"},"potentialAction":[{"@type":"SearchAction","target":{"@type":"EntryPoint","urlTemplate":"https:\/\/dntnonwovenfabrics.com\/fr\/?s={search_term_string}"},"query-input":{"@type":"PropertyValueSpecification","valueRequired":true,"valueName":"search_term_string"}}],"inLanguage":"fr-FR"},{"@type":"Organization","@id":"https:\/\/dntnonwovenfabrics.com\/fr\/#organization","name":"DNT non woven fabrics - No Tejido","url":"https:\/\/dntnonwovenfabrics.com\/fr\/","logo":{"@type":"ImageObject","inLanguage":"fr-FR","@id":"https:\/\/dntnonwovenfabrics.com\/fr\/#\/schema\/logo\/image\/","url":"https:\/\/dntnonwovenfabrics.com\/wp-content\/uploads\/2014\/07\/logohead.jpg","contentUrl":"https:\/\/dntnonwovenfabrics.com\/wp-content\/uploads\/2014\/07\/logohead.jpg","width":205,"height":86,"caption":"DNT non woven fabrics - No Tejido"},"image":{"@id":"https:\/\/dntnonwovenfabrics.com\/fr\/#\/schema\/logo\/image\/"}}]}},"_links":{"self":[{"href":"https:\/\/dntnonwovenfabrics.com\/fr\/wp-json\/wp\/v2\/pages\/14566","targetHints":{"allow":["GET"]}}],"collection":[{"href":"https:\/\/dntnonwovenfabrics.com\/fr\/wp-json\/wp\/v2\/pages"}],"about":[{"href":"https:\/\/dntnonwovenfabrics.com\/fr\/wp-json\/wp\/v2\/types\/page"}],"author":[{"embeddable":true,"href":"https:\/\/dntnonwovenfabrics.com\/fr\/wp-json\/wp\/v2\/users\/5"}],"replies":[{"embeddable":true,"href":"https:\/\/dntnonwovenfabrics.com\/fr\/wp-json\/wp\/v2\/comments?post=14566"}],"version-history":[{"count":0,"href":"https:\/\/dntnonwovenfabrics.com\/fr\/wp-json\/wp\/v2\/pages\/14566\/revisions"}],"wp:featuredmedia":[{"embeddable":true,"href":"https:\/\/dntnonwovenfabrics.com\/fr\/wp-json\/wp\/v2\/media\/14568"}],"wp:attachment":[{"href":"https:\/\/dntnonwovenfabrics.com\/fr\/wp-json\/wp\/v2\/media?parent=14566"}],"curies":[{"name":"wp","href":"https:\/\/api.w.org\/{rel}","templated":true}]}}