{"id":14574,"date":"2021-10-07T14:34:42","date_gmt":"2021-10-07T12:34:42","guid":{"rendered":"https:\/\/dntnonwovenfabrics.com\/idi\/"},"modified":"2025-01-14T15:56:53","modified_gmt":"2025-01-14T14:56:53","slug":"idi","status":"publish","type":"page","link":"https:\/\/dntnonwovenfabrics.com\/fr\/idi\/","title":{"rendered":"R+D+I"},"content":{"rendered":"<div class=\"gb-grid-wrapper gb-grid-wrapper-b31fce98\">\n<div class=\"gb-grid-column gb-grid-column-a731af52\"><div class=\"gb-container gb-container-a731af52\"><div class=\"gb-inside-container\">\n\n<p class=\"has-text-align-center\">Dans son engagement d&rsquo;am\u00e9lioration continue, DNT Non Woven Fabrics fait des efforts significatifs en mati\u00e8re de R&amp;D&amp;I et <strong>d&rsquo;innovation technologique<\/strong>, en appliquant les m\u00e9thodologies de production et de gestion les plus efficaces afin d&rsquo;offrir des solutions innovantes dans le domaine des non-tiss\u00e9s.<\/p>\n\n\n\n<div style=\"height:72px\" aria-hidden=\"true\" class=\"wp-block-spacer hide-on-mobile\"><\/div>\n\n<\/div><\/div><\/div>\n<\/div>\n\n<div class=\"gb-container gb-container-995281db\">\n<div class=\"gb-grid-wrapper gb-grid-wrapper-aa15b502\">\n<div class=\"gb-grid-column gb-grid-column-82cdd5e5\"><div class=\"gb-container gb-container-82cdd5e5\"><div class=\"gb-inside-container\"><\/div><\/div><\/div>\n\n<div class=\"gb-grid-column gb-grid-column-526ff458\"><div class=\"gb-container gb-container-526ff458 menu-carta\"><div class=\"gb-inside-container\">\n\n<div class=\"wp-block-columns is-layout-flex wp-container-core-columns-is-layout-9d6595d7 wp-block-columns-is-layout-flex\">\n<div class=\"wp-block-column vertical is-layout-flow wp-block-column-is-layout-flow\" style=\"flex-basis:5%\"><\/div>\n\n\n\n<div class=\"wp-block-column is-layout-flow wp-block-column-is-layout-flow\" style=\"flex-basis:70%\">\n<h2 class=\"gb-headline gb-headline-cb5cb896 gb-headline-text bloque-sombra\">PME INNOVANTE<\/h2>\n\n\n\n<p class=\"has-azul-claro-color has-text-color has-normal-font-size\">D\u00e9cern\u00e9 par le minist\u00e8re des sciences et de l&rsquo;innovation, il attribue le label PME innovante pour reconna\u00eetre les efforts des entreprises qui m\u00e8nent des activit\u00e9s dans le domaine de la recherche, du d\u00e9veloppement technologique et de l&rsquo;innovation (R&amp;D&amp;I).<br>L&rsquo;\u00e9quipe technique de DNT Non Woven Fabrics concentre ses efforts sur l&rsquo;am\u00e9lioration technique des produits, ainsi que sur le d\u00e9veloppement continu de nouvelles applications et de nouveaux produits.<\/p>\n<\/div>\n\n\n\n<div class=\"wp-block-column is-layout-flow wp-block-column-is-layout-flow\" style=\"flex-basis:30%\"><\/div>\n<\/div>\n\n<\/div><\/div><\/div>\n<\/div>\n\n\n<div style=\"height:0px\" aria-hidden=\"true\" class=\"wp-block-spacer\"><\/div>\n\n<\/div>\n\n\n<div style=\"height:0px\" aria-hidden=\"true\" class=\"wp-block-spacer\"><\/div>\n\n\n<div class=\"gb-grid-wrapper gb-grid-wrapper-6f5944b3\">\n<div class=\"gb-grid-column gb-grid-column-dbc29ca8\"><div class=\"gb-container gb-container-dbc29ca8 fondo-ham\"><div class=\"gb-inside-container\">\n\n<div class=\"wp-block-columns texto-derecha is-layout-flex wp-container-core-columns-is-layout-9d6595d7 wp-block-columns-is-layout-flex\">\n<div class=\"wp-block-column vertical is-layout-flow wp-block-column-is-layout-flow\" style=\"flex-basis:5%\"><\/div>\n\n\n\n<div class=\"wp-block-column texto-derecha is-layout-flow wp-block-column-is-layout-flow\" style=\"flex-basis:70%\">\n<h3 class=\"gb-headline gb-headline-f53602a1 gb-headline-text bloque-sombra\">MOD\u00c8LE UTILITAIRE FILET ANTI-MAUVAISES HERBES \u00c0 DEUX COUCHES<\/h3>\n\n\n\n<p class=\"boton-derecha has-azul-claro-color has-text-color has-normal-font-size\">Le d\u00e9veloppement continu de nouvelles applications des tissus non tiss\u00e9s a conduit DNT Non Woven Fabrics \u00e0 mettre au point le tissu non tiss\u00e9 anti-mauvaises herbes \u00e0 deux couches, pour lequel nous avons obtenu le mod\u00e8le d&rsquo;utilit\u00e9. Ce produit assure l&rsquo;imperm\u00e9abilit\u00e9 et la protection contre les rayons UV, emp\u00eachant ainsi la croissance des mauvaises herbes dans les cultures.<\/p>\n<\/div>\n\n\n\n<div class=\"wp-block-column is-layout-flow wp-block-column-is-layout-flow\" style=\"flex-basis:5%\"><\/div>\n<\/div>\n\n<\/div><\/div><\/div>\n\n<div class=\"gb-grid-column gb-grid-column-af89fd4e\"><div class=\"gb-container gb-container-af89fd4e\"><div class=\"gb-inside-container\"><\/div><\/div><\/div>\n<\/div>","protected":false},"excerpt":{"rendered":"","protected":false},"author":5,"featured_media":14567,"parent":0,"menu_order":0,"comment_status":"closed","ping_status":"closed","template":"","meta":{"inline_featured_image":false,"footnotes":""},"class_list":["post-14574","page","type-page","status-publish","has-post-thumbnail"],"yoast_head":"<!-- This site is optimized with the Yoast SEO plugin v27.0 - https:\/\/yoast.com\/product\/yoast-seo-wordpress\/ -->\n<title>R+D+I - DNT non woven fabrics - No Tejido<\/title>\n<meta name=\"description\" content=\"DNT Non Woven Fabrics hace esfuerzos en I+D+i, aplicando las metodolog\u00edas de producci\u00f3n y gesti\u00f3n para ofrecer soluciones innovadoras.\" \/>\n<meta name=\"robots\" content=\"index, follow, max-snippet:-1, max-image-preview:large, max-video-preview:-1\" \/>\n<link rel=\"canonical\" href=\"https:\/\/dntnonwovenfabrics.com\/fr\/idi\/\" \/>\n<meta property=\"og:locale\" content=\"fr_FR\" \/>\n<meta property=\"og:type\" content=\"article\" \/>\n<meta property=\"og:title\" content=\"R+D+I - DNT non woven fabrics - No Tejido\" \/>\n<meta property=\"og:description\" content=\"DNT Non Woven Fabrics hace esfuerzos en I+D+i, aplicando las metodolog\u00edas de producci\u00f3n y gesti\u00f3n para ofrecer soluciones innovadoras.\" \/>\n<meta property=\"og:url\" content=\"https:\/\/dntnonwovenfabrics.com\/fr\/idi\/\" \/>\n<meta property=\"og:site_name\" content=\"DNT non woven fabrics - No Tejido\" \/>\n<meta property=\"article:modified_time\" content=\"2025-01-14T14:56:53+00:00\" \/>\n<meta property=\"og:image\" content=\"https:\/\/dntnonwovenfabrics.com\/wp-content\/uploads\/2021\/10\/banner-idi.png\" \/>\n\t<meta property=\"og:image:width\" content=\"1200\" \/>\n\t<meta property=\"og:image:height\" content=\"675\" \/>\n\t<meta property=\"og:image:type\" content=\"image\/png\" \/>\n<meta name=\"twitter:card\" content=\"summary_large_image\" \/>\n<meta name=\"twitter:label1\" content=\"Dur\u00e9e de lecture estim\u00e9e\" \/>\n\t<meta name=\"twitter:data1\" content=\"2 minutes\" \/>\n<script type=\"application\/ld+json\" class=\"yoast-schema-graph\">{\"@context\":\"https:\/\/schema.org\",\"@graph\":[{\"@type\":\"WebPage\",\"@id\":\"https:\/\/dntnonwovenfabrics.com\/fr\/idi\/\",\"url\":\"https:\/\/dntnonwovenfabrics.com\/fr\/idi\/\",\"name\":\"R+D+I - DNT non woven fabrics - No Tejido\",\"isPartOf\":{\"@id\":\"https:\/\/dntnonwovenfabrics.com\/fr\/#website\"},\"primaryImageOfPage\":{\"@id\":\"https:\/\/dntnonwovenfabrics.com\/fr\/idi\/#primaryimage\"},\"image\":{\"@id\":\"https:\/\/dntnonwovenfabrics.com\/fr\/idi\/#primaryimage\"},\"thumbnailUrl\":\"https:\/\/dntnonwovenfabrics.com\/wp-content\/uploads\/2021\/10\/banner-idi.png\",\"datePublished\":\"2021-10-07T12:34:42+00:00\",\"dateModified\":\"2025-01-14T14:56:53+00:00\",\"description\":\"DNT Non Woven Fabrics hace esfuerzos en I+D+i, aplicando las metodolog\u00edas de producci\u00f3n y gesti\u00f3n para ofrecer soluciones innovadoras.\",\"breadcrumb\":{\"@id\":\"https:\/\/dntnonwovenfabrics.com\/fr\/idi\/#breadcrumb\"},\"inLanguage\":\"fr-FR\",\"potentialAction\":[{\"@type\":\"ReadAction\",\"target\":[\"https:\/\/dntnonwovenfabrics.com\/fr\/idi\/\"]}]},{\"@type\":\"ImageObject\",\"inLanguage\":\"fr-FR\",\"@id\":\"https:\/\/dntnonwovenfabrics.com\/fr\/idi\/#primaryimage\",\"url\":\"https:\/\/dntnonwovenfabrics.com\/wp-content\/uploads\/2021\/10\/banner-idi.png\",\"contentUrl\":\"https:\/\/dntnonwovenfabrics.com\/wp-content\/uploads\/2021\/10\/banner-idi.png\",\"width\":1200,\"height\":675},{\"@type\":\"BreadcrumbList\",\"@id\":\"https:\/\/dntnonwovenfabrics.com\/fr\/idi\/#breadcrumb\",\"itemListElement\":[{\"@type\":\"ListItem\",\"position\":1,\"name\":\"Portada\",\"item\":\"https:\/\/dntnonwovenfabrics.com\/fr\/\"},{\"@type\":\"ListItem\",\"position\":2,\"name\":\"R+D+I\"}]},{\"@type\":\"WebSite\",\"@id\":\"https:\/\/dntnonwovenfabrics.com\/fr\/#website\",\"url\":\"https:\/\/dntnonwovenfabrics.com\/fr\/\",\"name\":\"DNT non woven fabrics - No Tejido\",\"description\":\"Principal fabricante espa\u00f1ol de no tejido de polipropileno o spunbond non woven. La empresa con sede en Alcal\u00e1 la Real, Ja\u00e9n, forma parte del grupo empresarial Dise\u00f1os NT grupo con una extensa trayectoria en la industria transformadora del no tejido para la fabricaci\u00f3n de embalajes y bolsas.\",\"publisher\":{\"@id\":\"https:\/\/dntnonwovenfabrics.com\/fr\/#organization\"},\"potentialAction\":[{\"@type\":\"SearchAction\",\"target\":{\"@type\":\"EntryPoint\",\"urlTemplate\":\"https:\/\/dntnonwovenfabrics.com\/fr\/?s={search_term_string}\"},\"query-input\":{\"@type\":\"PropertyValueSpecification\",\"valueRequired\":true,\"valueName\":\"search_term_string\"}}],\"inLanguage\":\"fr-FR\"},{\"@type\":\"Organization\",\"@id\":\"https:\/\/dntnonwovenfabrics.com\/fr\/#organization\",\"name\":\"DNT non woven fabrics - No Tejido\",\"url\":\"https:\/\/dntnonwovenfabrics.com\/fr\/\",\"logo\":{\"@type\":\"ImageObject\",\"inLanguage\":\"fr-FR\",\"@id\":\"https:\/\/dntnonwovenfabrics.com\/fr\/#\/schema\/logo\/image\/\",\"url\":\"https:\/\/dntnonwovenfabrics.com\/wp-content\/uploads\/2014\/07\/logohead.jpg\",\"contentUrl\":\"https:\/\/dntnonwovenfabrics.com\/wp-content\/uploads\/2014\/07\/logohead.jpg\",\"width\":205,\"height\":86,\"caption\":\"DNT non woven fabrics - No Tejido\"},\"image\":{\"@id\":\"https:\/\/dntnonwovenfabrics.com\/fr\/#\/schema\/logo\/image\/\"}}]}<\/script>\n<!-- \/ Yoast SEO plugin. -->","yoast_head_json":{"title":"R+D+I - DNT non woven fabrics - No Tejido","description":"DNT Non Woven Fabrics hace esfuerzos en I+D+i, aplicando las metodolog\u00edas de producci\u00f3n y gesti\u00f3n para ofrecer soluciones innovadoras.","robots":{"index":"index","follow":"follow","max-snippet":"max-snippet:-1","max-image-preview":"max-image-preview:large","max-video-preview":"max-video-preview:-1"},"canonical":"https:\/\/dntnonwovenfabrics.com\/fr\/idi\/","og_locale":"fr_FR","og_type":"article","og_title":"R+D+I - DNT non woven fabrics - No Tejido","og_description":"DNT Non Woven Fabrics hace esfuerzos en I+D+i, aplicando las metodolog\u00edas de producci\u00f3n y gesti\u00f3n para ofrecer soluciones innovadoras.","og_url":"https:\/\/dntnonwovenfabrics.com\/fr\/idi\/","og_site_name":"DNT non woven fabrics - No Tejido","article_modified_time":"2025-01-14T14:56:53+00:00","og_image":[{"width":1200,"height":675,"url":"https:\/\/dntnonwovenfabrics.com\/wp-content\/uploads\/2021\/10\/banner-idi.png","type":"image\/png"}],"twitter_card":"summary_large_image","twitter_misc":{"Dur\u00e9e de lecture estim\u00e9e":"2 minutes"},"schema":{"@context":"https:\/\/schema.org","@graph":[{"@type":"WebPage","@id":"https:\/\/dntnonwovenfabrics.com\/fr\/idi\/","url":"https:\/\/dntnonwovenfabrics.com\/fr\/idi\/","name":"R+D+I - DNT non woven fabrics - No Tejido","isPartOf":{"@id":"https:\/\/dntnonwovenfabrics.com\/fr\/#website"},"primaryImageOfPage":{"@id":"https:\/\/dntnonwovenfabrics.com\/fr\/idi\/#primaryimage"},"image":{"@id":"https:\/\/dntnonwovenfabrics.com\/fr\/idi\/#primaryimage"},"thumbnailUrl":"https:\/\/dntnonwovenfabrics.com\/wp-content\/uploads\/2021\/10\/banner-idi.png","datePublished":"2021-10-07T12:34:42+00:00","dateModified":"2025-01-14T14:56:53+00:00","description":"DNT Non Woven Fabrics hace esfuerzos en I+D+i, aplicando las metodolog\u00edas de producci\u00f3n y gesti\u00f3n para ofrecer soluciones innovadoras.","breadcrumb":{"@id":"https:\/\/dntnonwovenfabrics.com\/fr\/idi\/#breadcrumb"},"inLanguage":"fr-FR","potentialAction":[{"@type":"ReadAction","target":["https:\/\/dntnonwovenfabrics.com\/fr\/idi\/"]}]},{"@type":"ImageObject","inLanguage":"fr-FR","@id":"https:\/\/dntnonwovenfabrics.com\/fr\/idi\/#primaryimage","url":"https:\/\/dntnonwovenfabrics.com\/wp-content\/uploads\/2021\/10\/banner-idi.png","contentUrl":"https:\/\/dntnonwovenfabrics.com\/wp-content\/uploads\/2021\/10\/banner-idi.png","width":1200,"height":675},{"@type":"BreadcrumbList","@id":"https:\/\/dntnonwovenfabrics.com\/fr\/idi\/#breadcrumb","itemListElement":[{"@type":"ListItem","position":1,"name":"Portada","item":"https:\/\/dntnonwovenfabrics.com\/fr\/"},{"@type":"ListItem","position":2,"name":"R+D+I"}]},{"@type":"WebSite","@id":"https:\/\/dntnonwovenfabrics.com\/fr\/#website","url":"https:\/\/dntnonwovenfabrics.com\/fr\/","name":"DNT non woven fabrics - No Tejido","description":"Principal fabricante espa\u00f1ol de no tejido de polipropileno o spunbond non woven. La empresa con sede en Alcal\u00e1 la Real, Ja\u00e9n, forma parte del grupo empresarial Dise\u00f1os NT grupo con una extensa trayectoria en la industria transformadora del no tejido para la fabricaci\u00f3n de embalajes y bolsas.","publisher":{"@id":"https:\/\/dntnonwovenfabrics.com\/fr\/#organization"},"potentialAction":[{"@type":"SearchAction","target":{"@type":"EntryPoint","urlTemplate":"https:\/\/dntnonwovenfabrics.com\/fr\/?s={search_term_string}"},"query-input":{"@type":"PropertyValueSpecification","valueRequired":true,"valueName":"search_term_string"}}],"inLanguage":"fr-FR"},{"@type":"Organization","@id":"https:\/\/dntnonwovenfabrics.com\/fr\/#organization","name":"DNT non woven fabrics - No Tejido","url":"https:\/\/dntnonwovenfabrics.com\/fr\/","logo":{"@type":"ImageObject","inLanguage":"fr-FR","@id":"https:\/\/dntnonwovenfabrics.com\/fr\/#\/schema\/logo\/image\/","url":"https:\/\/dntnonwovenfabrics.com\/wp-content\/uploads\/2014\/07\/logohead.jpg","contentUrl":"https:\/\/dntnonwovenfabrics.com\/wp-content\/uploads\/2014\/07\/logohead.jpg","width":205,"height":86,"caption":"DNT non woven fabrics - No Tejido"},"image":{"@id":"https:\/\/dntnonwovenfabrics.com\/fr\/#\/schema\/logo\/image\/"}}]}},"_links":{"self":[{"href":"https:\/\/dntnonwovenfabrics.com\/fr\/wp-json\/wp\/v2\/pages\/14574","targetHints":{"allow":["GET"]}}],"collection":[{"href":"https:\/\/dntnonwovenfabrics.com\/fr\/wp-json\/wp\/v2\/pages"}],"about":[{"href":"https:\/\/dntnonwovenfabrics.com\/fr\/wp-json\/wp\/v2\/types\/page"}],"author":[{"embeddable":true,"href":"https:\/\/dntnonwovenfabrics.com\/fr\/wp-json\/wp\/v2\/users\/5"}],"replies":[{"embeddable":true,"href":"https:\/\/dntnonwovenfabrics.com\/fr\/wp-json\/wp\/v2\/comments?post=14574"}],"version-history":[{"count":0,"href":"https:\/\/dntnonwovenfabrics.com\/fr\/wp-json\/wp\/v2\/pages\/14574\/revisions"}],"wp:featuredmedia":[{"embeddable":true,"href":"https:\/\/dntnonwovenfabrics.com\/fr\/wp-json\/wp\/v2\/media\/14567"}],"wp:attachment":[{"href":"https:\/\/dntnonwovenfabrics.com\/fr\/wp-json\/wp\/v2\/media?parent=14574"}],"curies":[{"name":"wp","href":"https:\/\/api.w.org\/{rel}","templated":true}]}}