{"id":14579,"date":"2020-09-29T22:37:16","date_gmt":"2020-09-29T20:37:16","guid":{"rendered":"https:\/\/dntnonwovenfabrics.com\/politica-de-cookies\/"},"modified":"2025-01-15T12:41:30","modified_gmt":"2025-01-15T11:41:30","slug":"politica-de-cookies","status":"publish","type":"page","link":"https:\/\/dntnonwovenfabrics.com\/fr\/politica-de-cookies\/","title":{"rendered":"Pol\u00edtique de Cookies"},"content":{"rendered":"\n<p>Le site web www.dntnonwovenfabrics.com (ci-apr\u00e8s, le \u00ab Site web \u00bb), propri\u00e9t\u00e9 de DNT Non Woven Fabrics S.A. (ci-apr\u00e8s, l&rsquo;\u00ab Entit\u00e9 \u00bb), utilise des cookies ou des technologies similaires qui stockent et r\u00e9cup\u00e8rent des informations lorsque vous naviguez (tous ces \u00e9l\u00e9ments sont ci-apr\u00e8s d\u00e9nomm\u00e9s \u00ab cookies \u00bb). En naviguant ou en utilisant nos services, l&rsquo;utilisateur accepte notre utilisation de la politique en mati\u00e8re de cookies.<\/p>\n\n\n\n<h3 class=\"wp-block-heading\">Qu&rsquo;est-ce qu&rsquo;un <em>cookie<\/em>?<\/h3>\n\n\n\n<p>Les cookies sont des fichiers qui stockent et r\u00e9cup\u00e8rent des informations sur les habitudes de navigation de l&rsquo;utilisateur. Les informations obtenues sont li\u00e9es, par exemple, au nombre de pages visit\u00e9es, \u00e0 la langue, au lieu d&rsquo;acc\u00e8s, au nombre de nouveaux utilisateurs, \u00e0 la fr\u00e9quence et \u00e0 la r\u00e9currence des visites, \u00e0 la dur\u00e9e de la visite, au navigateur ou \u00e0 l&rsquo;\u00e9quipement \u00e0 partir duquel la visite est effectu\u00e9e ou l&rsquo;application ex\u00e9cut\u00e9e.<\/p>\n\n\n\n<p>Le site Web est accessible sans qu&rsquo;il soit n\u00e9cessaire d&rsquo;activer les cookies, bien que leur d\u00e9sactivation puisse limiter l&rsquo;utilisation de certains services ou emp\u00eacher leur fonctionnement correct, conform\u00e9ment \u00e0 la politique en mati\u00e8re de cookies.<\/p>\n\n\n\n<h3 class=\"wp-block-heading\">Consentement<\/h3>\n\n\n\n<p>Lors de l&rsquo;acc\u00e8s au site Web, des m\u00e9canismes appropri\u00e9s sont mis en place pour obtenir le consentement de l&rsquo;utilisateur pour l&rsquo;installation des cookies qui le requi\u00e8rent.<\/p>\n\n\n\n<p>Nonobstant ce qui pr\u00e9c\u00e8de, il convient de noter que, conform\u00e9ment \u00e0 la loi, le consentement susmentionn\u00e9 ne sera pas requis pour l&rsquo;installation des cookies strictement n\u00e9cessaires \u00e0 la fourniture d&rsquo;un service express\u00e9ment demand\u00e9 par l&rsquo;utilisateur (tels que les cookies techniques).<\/p>\n\n\n\n<p>Les utilisateurs peuvent g\u00e9rer leur consentement en ce qui concerne les cookies utilis\u00e9s par l&rsquo;entit\u00e9 en cliquant sur le lien suivant :<\/p>\n\n\n\n<h3 class=\"wp-block-heading\">Quels sont les types de cookies utilis\u00e9s par le site web ?<\/h3>\n\n\n\n<p>L&rsquo;utilisateur consent \u00e0 ce que le site Web utilise les cookies suivants :<\/p>\n\n\n\n<h4 class=\"wp-block-heading\">En fonction de l&rsquo;entit\u00e9 qui les g\u00e8re:<\/h4>\n\n\n\n<ul class=\"wp-block-list\">\n<li><strong>Cookies propres:<\/strong> ils sont envoy\u00e9s \u00e0 l&rsquo;\u00e9quipement terminal de l&rsquo;utilisateur \u00e0 partir d&rsquo;un ordinateur ou d&rsquo;un domaine g\u00e9r\u00e9 par l&rsquo;\u00e9diteur lui-m\u00eame, c&rsquo;est-\u00e0-dire l&rsquo;Entit\u00e9, et \u00e0 partir duquel le service demand\u00e9 par l&rsquo;Utilisateur est fourni.<\/li>\n\n\n\n<li><strong>Cookies de tiers<\/strong>: ils sont envoy\u00e9s \u00e0 l&rsquo;\u00e9quipement terminal de l&rsquo;utilisateur \u00e0 partir d&rsquo;un ordinateur ou d&rsquo;un domaine qui n&rsquo;est pas g\u00e9r\u00e9 par l&rsquo;\u00e9diteur, mais par une autre entit\u00e9 qui traite les donn\u00e9es obtenues par le biais des cookies.<\/li>\n<\/ul>\n\n\n\n<h4 class=\"wp-block-heading\">Selon la dur\u00e9e pendant laquelle ils restent actifs :<\/h4>\n\n\n\n<ul class=\"wp-block-list\">\n<li><strong>Cookies de session:<\/strong> ils collectent et stockent des donn\u00e9es pendant que l&rsquo;utilisateur acc\u00e8de \u00e0 ce site web.<\/li>\n\n\n\n<li><strong>Cookies persistants:<\/strong> ils collectent les donn\u00e9es stock\u00e9es dans le terminal et sont accessibles et trait\u00e9s pendant la p\u00e9riode d\u00e9finie.<\/li>\n<\/ul>\n\n\n\n<h4 class=\"wp-block-heading\">En fonction de leur finalit\u00e9:<\/h4>\n\n\n\n<ul class=\"wp-block-list\">\n<li><strong>Cookies de pr\u00e9f\u00e9rence ou de personnalisation<\/strong>: ils permettent de m\u00e9moriser des informations afin que l&rsquo;utilisateur acc\u00e8de au service avec certaines caract\u00e9ristiques qui peuvent diff\u00e9rencier son exp\u00e9rience de celle d&rsquo;autres utilisateurs, comme, par exemple, la langue, le nombre de r\u00e9sultats \u00e0 afficher lorsque l&rsquo;utilisateur effectue une recherche, l&rsquo;apparence ou le contenu du service en fonction du type de navigateur par lequel l&rsquo;utilisateur acc\u00e8de au service ou de la r\u00e9gion \u00e0 partir de laquelle il acc\u00e8de au service, etc.<\/li>\n\n\n\n<li><strong>Cookies techniques<\/strong>: ils permettent de naviguer sur le site web et d&rsquo;utiliser les diff\u00e9rents services qui y sont propos\u00e9s (par exemple, contr\u00f4le du trafic et de la communication des donn\u00e9es, utilisation d&rsquo;\u00e9l\u00e9ments de s\u00e9curit\u00e9 pendant la navigation, etc.)<\/li>\n\n\n\n<li><strong>Cookies d&rsquo;analyse ou de mesure<\/strong>: ils permettent de suivre et d&rsquo;analyser le comportement des utilisateurs. Les informations collect\u00e9es par ce type de cookies sont utilis\u00e9es pour mesurer l&rsquo;activit\u00e9 du site web afin d&rsquo;introduire des am\u00e9liorations bas\u00e9es sur l&rsquo;analyse des donn\u00e9es relatives \u00e0 l&rsquo;utilisation faite par les utilisateurs du service.<\/li>\n\n\n\n<li><strong>Cookies publicitaires<\/strong>: ils permettent et facilitent le suivi du comportement de l&rsquo;utilisateur \u00e0 travers ses habitudes de navigation, ce qui permet de d\u00e9velopper un profil sp\u00e9cifique afin d&rsquo;afficher de la publicit\u00e9 en fonction de celui-ci. Le refus de l&rsquo;utilisation des cookies publicitaires emp\u00eachera l&rsquo;entit\u00e9 de montrer \u00e0 l&rsquo;utilisateur une publicit\u00e9 personnalis\u00e9e qui l&rsquo;int\u00e9resse.Toutefois, cela n&#8217;emp\u00eachera pas l&rsquo;entit\u00e9 de vous envoyer de la publicit\u00e9 g\u00e9n\u00e9rique conform\u00e9ment \u00e0 la politique de confidentialit\u00e9.<\/li>\n<\/ul>\n\n\n\n<p>Vous pouvez consulter ci-dessous les cookies utilis\u00e9s par l&rsquo;Entit\u00e9 :<\/p>\n\n\n\n<ul class=\"wp-block-list\">\n<li><strong>Cookies de pr\u00e9f\u00e9rence ou de personnalisation:<\/strong><\/li>\n<\/ul>\n\n\n\n<figure class=\"wp-block-table\"><table><tbody><tr><td><strong>Cookie<\/strong><strong><\/strong><\/td><td><strong>Titular<\/strong><\/td><td><strong>Finalidad<\/strong><\/td><td><strong>&nbsp;Duraci\u00f3n<\/strong><\/td><\/tr><tr><td><strong>wp-wpml_current_l anguage<\/strong><\/td><td>dntnonwovenfabrics.com<\/td><td>D\u00e9signe le code pays calcul\u00e9 sur la base de l&rsquo;adresse IP de l&rsquo;utilisateur. Permet de d\u00e9terminer la langue \u00e0 utiliser pour les utilisateurs.<\/td><td>1 jour<\/td><\/tr><\/tbody><\/table><\/figure>\n\n\n\n<ul class=\"wp-block-list\">\n<li><strong>Cookies anal\u00edticas<\/strong><\/li>\n<\/ul>\n\n\n\n<figure class=\"wp-block-table\"><table><tbody><tr><td><strong>Cookie<\/strong><strong><\/strong><\/td><td><strong>Titular<\/strong><\/td><td><strong>Finalidad<\/strong><\/td><td><strong>&nbsp;Duraci\u00f3n<\/strong><\/td><\/tr><tr><td><strong>_ga<\/strong> <strong>&nbsp;<\/strong><\/td><td>google.com<\/td><td>Il enregistre un identifiant unique qui est utilis\u00e9 pour g\u00e9n\u00e9rer des donn\u00e9es statistiques sur la fa\u00e7on dont le visiteur utilise le site web.<\/td><td>2 ans<\/td><\/tr><tr><td><strong>_ga_#<\/strong><\/td><td>google.com<\/td><td>Recueille des donn\u00e9es sur le nombre de fois qu&rsquo;un utilisateur a visit\u00e9 le site web ainsi que les dates de la premi\u00e8re et de la derni\u00e8re visite. Utilis\u00e9 par Google Analytics.<\/td><td>2 ans<\/td><\/tr><tr><td><strong>_gat<\/strong><\/td><td>google.com<\/td><td>Utilis\u00e9 par Google Analytics pour surveiller les taux de requ\u00eate.<\/td><td>1 jour<\/td><\/tr><tr><td><strong>_gid<\/strong><\/td><td>google.com<\/td><td>Enregistre un identifiant unique qui est utilis\u00e9 pour g\u00e9n\u00e9rer des donn\u00e9es statistiques sur la fa\u00e7on dont le visiteur utilise le site web.<\/td><td>1 jour<\/td><\/tr><\/tbody><\/table><\/figure>\n\n\n\n<ul class=\"wp-block-list\">\n<li><strong>Cookies de publicidad comportamental<\/strong><\/li>\n<\/ul>\n\n\n\n<figure class=\"wp-block-table\"><table><tbody><tr><td><strong>Cookie<\/strong><strong><\/strong><\/td><td><strong>Titular<\/strong><\/td><td><strong>Finalidad<\/strong><\/td><td><strong>&nbsp;Duraci\u00f3n<\/strong><\/td><\/tr><tr><td><strong>ads\/ga-audiences<\/strong><strong><\/strong><\/td><td>Google.com<\/td><td>Utilis\u00e9 par Google AdWords pour reprendre contact avec les visiteurs susceptibles de devenir des clients, il est bas\u00e9 sur le comportement en ligne du client sur les sites web.<\/td><td>Session<\/td><\/tr><tr><td><strong>NID<\/strong><\/td><td>Google.com<\/td><td>Enregistre un identifiant unique qui identifie l&rsquo;appareil d&rsquo;un utilisateur qui revient sur le site. Cet identifiant est utilis\u00e9 pour les annonces cibl\u00e9es.<\/td><td>6 mois<\/td><\/tr><\/tbody><\/table><\/figure>\n\n\n\n<h3 class=\"wp-block-heading\">Moyens de d\u00e9sactiver ou de supprimer les cookies<\/h3>\n\n\n\n<p>L&rsquo;utilisateur peut autoriser, bloquer ou supprimer les cookies install\u00e9s dans son navigateur en configurant les options offertes par ce dernier.<\/p>\n\n\n\n<p>Cependant, leur d\u00e9sactivation pourrait modifier le fonctionnement du site web. Pour plus d&rsquo;informations, veuillez consulter les instructions et les manuels de la politique en mati\u00e8re de cookies de votre navigateur.<\/p>\n\n\n\n<p>Si l&rsquo;utilisateur souhaite r\u00e9voquer son consentement par le biais des navigateurs qu&rsquo;il utilise, il doit le configurer dans les termes indiqu\u00e9s ci-dessous :<\/p>\n\n\n\n<ol class=\"wp-block-list\">\n<li>Microsoft Internet Explorer : dans l&rsquo;option de menu \u00ab Outils \u00bb, s\u00e9lectionner \u00ab Options Internet \u00bb et acc\u00e9der \u00e0 \u00ab Confidentialit\u00e9 \u00bb.<\/li>\n\n\n\n<li>Firefox, pour Mac, dans l&rsquo;option de menu \u00ab Pr\u00e9f\u00e9rences \u00bb, en s\u00e9lectionnant \u00ab Confidentialit\u00e9 \u00bb et en acc\u00e9dant \u00e0 la section \u00ab Afficher les cookies \u00bb. Et pour Windows, dans l&rsquo;option de menu \u00ab Outils \u00bb, en s\u00e9lectionnant \u00ab Options \u00bb, en acc\u00e9dant \u00e0 \u00ab Confidentialit\u00e9 \u00bb et ensuite \u00e0 \u00ab Utiliser les param\u00e8tres personnalis\u00e9s pour l&rsquo;historique \u00bb.<\/li>\n\n\n\n<li>Safari, dans l&rsquo;option Safari, s\u00e9lectionnez \u00ab Pr\u00e9f\u00e9rences \u00bb, puis \u00ab Vie priv\u00e9e \u00bb.<\/li>\n\n\n\n<li>Google Chrome, dans l&rsquo;option de menu Outils ou l&rsquo;onglet Chrome (pour Mac), s\u00e9lectionner \u00ab Options \u00bb (\u00ab Pr\u00e9f\u00e9rences \u00bb sur Mac). Acc\u00e9der aux \u00ab Param\u00e8tres avanc\u00e9s \u00bb, puis sous l&rsquo;option \u00ab Confidentialit\u00e9 et s\u00e9curit\u00e9 \u00bb et \u00ab Param\u00e8tres du site web \u00bb, et enfin cocher \u00ab Cookies et donn\u00e9es du site \u00bb.<\/li>\n<\/ol>\n\n\n\n<p>Veuillez noter que si vous avez accept\u00e9 la politique relative aux cookies de tiers, vous devez les supprimer des options de votre navigateur.<\/p>\n\n\n\n<p>\u00c0 cet \u00e9gard, il est recommand\u00e9 de consulter l&rsquo;aide de votre navigateur. Il est recommand\u00e9 de consulter l&rsquo;aide de votre navigateur ou d&rsquo;acc\u00e9der aux pages web d&rsquo;aide des principaux navigateurs :<\/p>\n\n\n\n<ul class=\"wp-block-list\">\n<li><a href=\"https:\/\/support.mozilla.org\/es\/kb\/habilitar-y-deshabilitar-cookies-sitios-web-rastrear-preferencias?redirectlocale=es&amp;redirectslug=habilitar-y-deshabilitar-cookies-que-los-sitios-we\">Firefox<\/a><\/li>\n\n\n\n<li><a href=\"https:\/\/support.microsoft.com\/es-es\/help\/17442\/windows-internet-explorer-delete-manage-cookies\">Internet Explorer<\/a>&nbsp;<\/li>\n\n\n\n<li><a href=\"https:\/\/support.apple.com\/es-es\/guide\/safari\/sfri11471\/mac\">Safari<\/a><\/li>\n\n\n\n<li><a href=\"https:\/\/support.google.com\/chrome\/answer\/95647?hl=es\">Chrome<\/a><\/li>\n<\/ul>\n\n\n\n<h3 class=\"wp-block-heading\">Mise \u00e0 jour de la politique en mati\u00e8re de cookies<\/h3>\n\n\n\n<p>En cas de modification des caract\u00e9ristiques ou des finalit\u00e9s d&rsquo;utilisation des cookies sur le site web. Vous serez inform\u00e9 de ces changements afin d&rsquo;obtenir \u00e0 nouveau votre consentement.<\/p>\n","protected":false},"excerpt":{"rendered":"<p>Le site web www.dntnonwovenfabrics.com (ci-apr\u00e8s, le \u00ab Site web \u00bb), propri\u00e9t\u00e9 de DNT Non Woven Fabrics S.A. (ci-apr\u00e8s, l&rsquo;\u00ab Entit\u00e9 \u00bb), utilise des cookies ou des technologies similaires qui stockent et r\u00e9cup\u00e8rent des informations lorsque vous naviguez (tous ces \u00e9l\u00e9ments sont ci-apr\u00e8s d\u00e9nomm\u00e9s \u00ab cookies \u00bb). En naviguant ou en utilisant nos services, l&rsquo;utilisateur accepte notre utilisation de la politique en mati\u00e8re de cookies. Qu&rsquo;est-ce qu&rsquo;un cookie? Les cookies sont &#8230; <\/p>\n<p class=\"read-more-container\"><a title=\"Pol\u00edtique de Cookies\" class=\"read-more button\" href=\"https:\/\/dntnonwovenfabrics.com\/fr\/politica-de-cookies\/#more-14579\" aria-label=\"En savoir plus sur Pol\u00edtique de Cookies\">En savoir plus<\/a><\/p>\n","protected":false},"author":5,"featured_media":0,"parent":0,"menu_order":0,"comment_status":"closed","ping_status":"closed","template":"","meta":{"inline_featured_image":false,"footnotes":""},"class_list":["post-14579","page","type-page","status-publish"],"yoast_head":"<!-- This site is optimized with the Yoast SEO plugin v27.3 - https:\/\/yoast.com\/product\/yoast-seo-wordpress\/ -->\n<title>Pol\u00edtique de Cookies - DNT non woven fabrics - No Tejido<\/title>\n<meta name=\"description\" content=\"La we de DNT Non Woven Fabrics utiliza una Pol\u00edtica de Cookies o tecnolog\u00edas similares que almacenan y recuperan informaci\u00f3n cuando navega.\" \/>\n<meta name=\"robots\" content=\"index, follow, max-snippet:-1, max-image-preview:large, max-video-preview:-1\" \/>\n<link rel=\"canonical\" href=\"https:\/\/dntnonwovenfabrics.com\/fr\/politica-de-cookies\/\" \/>\n<meta property=\"og:locale\" content=\"fr_FR\" \/>\n<meta property=\"og:type\" content=\"article\" \/>\n<meta property=\"og:title\" content=\"Pol\u00edtique de Cookies - DNT non woven fabrics - No Tejido\" \/>\n<meta property=\"og:description\" content=\"La we de DNT Non Woven Fabrics utiliza una Pol\u00edtica de Cookies o tecnolog\u00edas similares que almacenan y recuperan informaci\u00f3n cuando navega.\" \/>\n<meta property=\"og:url\" content=\"https:\/\/dntnonwovenfabrics.com\/fr\/politica-de-cookies\/\" \/>\n<meta property=\"og:site_name\" content=\"DNT non woven fabrics - No Tejido\" \/>\n<meta property=\"article:modified_time\" content=\"2025-01-15T11:41:30+00:00\" \/>\n<meta name=\"twitter:card\" content=\"summary_large_image\" \/>\n<meta name=\"twitter:label1\" content=\"Dur\u00e9e de lecture estim\u00e9e\" \/>\n\t<meta name=\"twitter:data1\" content=\"6 minutes\" \/>\n<script type=\"application\/ld+json\" class=\"yoast-schema-graph\">{\"@context\":\"https:\\\/\\\/schema.org\",\"@graph\":[{\"@type\":\"WebPage\",\"@id\":\"https:\\\/\\\/dntnonwovenfabrics.com\\\/fr\\\/politica-de-cookies\\\/\",\"url\":\"https:\\\/\\\/dntnonwovenfabrics.com\\\/fr\\\/politica-de-cookies\\\/\",\"name\":\"Pol\u00edtique de Cookies - DNT non woven fabrics - No Tejido\",\"isPartOf\":{\"@id\":\"https:\\\/\\\/dntnonwovenfabrics.com\\\/fr\\\/#website\"},\"datePublished\":\"2020-09-29T20:37:16+00:00\",\"dateModified\":\"2025-01-15T11:41:30+00:00\",\"description\":\"La we de DNT Non Woven Fabrics utiliza una Pol\u00edtica de Cookies o tecnolog\u00edas similares que almacenan y recuperan informaci\u00f3n cuando navega.\",\"breadcrumb\":{\"@id\":\"https:\\\/\\\/dntnonwovenfabrics.com\\\/fr\\\/politica-de-cookies\\\/#breadcrumb\"},\"inLanguage\":\"fr-FR\",\"potentialAction\":[{\"@type\":\"ReadAction\",\"target\":[\"https:\\\/\\\/dntnonwovenfabrics.com\\\/fr\\\/politica-de-cookies\\\/\"]}]},{\"@type\":\"BreadcrumbList\",\"@id\":\"https:\\\/\\\/dntnonwovenfabrics.com\\\/fr\\\/politica-de-cookies\\\/#breadcrumb\",\"itemListElement\":[{\"@type\":\"ListItem\",\"position\":1,\"name\":\"Portada\",\"item\":\"https:\\\/\\\/dntnonwovenfabrics.com\\\/fr\\\/\"},{\"@type\":\"ListItem\",\"position\":2,\"name\":\"Pol\u00edtique de Cookies\"}]},{\"@type\":\"WebSite\",\"@id\":\"https:\\\/\\\/dntnonwovenfabrics.com\\\/fr\\\/#website\",\"url\":\"https:\\\/\\\/dntnonwovenfabrics.com\\\/fr\\\/\",\"name\":\"DNT non woven fabrics - No Tejido\",\"description\":\"Principal fabricante espa\u00f1ol de no tejido de polipropileno o spunbond non woven. La empresa con sede en Alcal\u00e1 la Real, Ja\u00e9n, forma parte del grupo empresarial Dise\u00f1os NT grupo con una extensa trayectoria en la industria transformadora del no tejido para la fabricaci\u00f3n de embalajes y bolsas.\",\"publisher\":{\"@id\":\"https:\\\/\\\/dntnonwovenfabrics.com\\\/fr\\\/#organization\"},\"potentialAction\":[{\"@type\":\"SearchAction\",\"target\":{\"@type\":\"EntryPoint\",\"urlTemplate\":\"https:\\\/\\\/dntnonwovenfabrics.com\\\/fr\\\/?s={search_term_string}\"},\"query-input\":{\"@type\":\"PropertyValueSpecification\",\"valueRequired\":true,\"valueName\":\"search_term_string\"}}],\"inLanguage\":\"fr-FR\"},{\"@type\":\"Organization\",\"@id\":\"https:\\\/\\\/dntnonwovenfabrics.com\\\/fr\\\/#organization\",\"name\":\"DNT non woven fabrics - No Tejido\",\"url\":\"https:\\\/\\\/dntnonwovenfabrics.com\\\/fr\\\/\",\"logo\":{\"@type\":\"ImageObject\",\"inLanguage\":\"fr-FR\",\"@id\":\"https:\\\/\\\/dntnonwovenfabrics.com\\\/fr\\\/#\\\/schema\\\/logo\\\/image\\\/\",\"url\":\"https:\\\/\\\/dntnonwovenfabrics.com\\\/wp-content\\\/uploads\\\/2014\\\/07\\\/logohead.jpg\",\"contentUrl\":\"https:\\\/\\\/dntnonwovenfabrics.com\\\/wp-content\\\/uploads\\\/2014\\\/07\\\/logohead.jpg\",\"width\":205,\"height\":86,\"caption\":\"DNT non woven fabrics - No Tejido\"},\"image\":{\"@id\":\"https:\\\/\\\/dntnonwovenfabrics.com\\\/fr\\\/#\\\/schema\\\/logo\\\/image\\\/\"}}]}<\/script>\n<!-- \/ Yoast SEO plugin. -->","yoast_head_json":{"title":"Pol\u00edtique de Cookies - DNT non woven fabrics - No Tejido","description":"La we de DNT Non Woven Fabrics utiliza una Pol\u00edtica de Cookies o tecnolog\u00edas similares que almacenan y recuperan informaci\u00f3n cuando navega.","robots":{"index":"index","follow":"follow","max-snippet":"max-snippet:-1","max-image-preview":"max-image-preview:large","max-video-preview":"max-video-preview:-1"},"canonical":"https:\/\/dntnonwovenfabrics.com\/fr\/politica-de-cookies\/","og_locale":"fr_FR","og_type":"article","og_title":"Pol\u00edtique de Cookies - DNT non woven fabrics - No Tejido","og_description":"La we de DNT Non Woven Fabrics utiliza una Pol\u00edtica de Cookies o tecnolog\u00edas similares que almacenan y recuperan informaci\u00f3n cuando navega.","og_url":"https:\/\/dntnonwovenfabrics.com\/fr\/politica-de-cookies\/","og_site_name":"DNT non woven fabrics - No Tejido","article_modified_time":"2025-01-15T11:41:30+00:00","twitter_card":"summary_large_image","twitter_misc":{"Dur\u00e9e de lecture estim\u00e9e":"6 minutes"},"schema":{"@context":"https:\/\/schema.org","@graph":[{"@type":"WebPage","@id":"https:\/\/dntnonwovenfabrics.com\/fr\/politica-de-cookies\/","url":"https:\/\/dntnonwovenfabrics.com\/fr\/politica-de-cookies\/","name":"Pol\u00edtique de Cookies - DNT non woven fabrics - No Tejido","isPartOf":{"@id":"https:\/\/dntnonwovenfabrics.com\/fr\/#website"},"datePublished":"2020-09-29T20:37:16+00:00","dateModified":"2025-01-15T11:41:30+00:00","description":"La we de DNT Non Woven Fabrics utiliza una Pol\u00edtica de Cookies o tecnolog\u00edas similares que almacenan y recuperan informaci\u00f3n cuando navega.","breadcrumb":{"@id":"https:\/\/dntnonwovenfabrics.com\/fr\/politica-de-cookies\/#breadcrumb"},"inLanguage":"fr-FR","potentialAction":[{"@type":"ReadAction","target":["https:\/\/dntnonwovenfabrics.com\/fr\/politica-de-cookies\/"]}]},{"@type":"BreadcrumbList","@id":"https:\/\/dntnonwovenfabrics.com\/fr\/politica-de-cookies\/#breadcrumb","itemListElement":[{"@type":"ListItem","position":1,"name":"Portada","item":"https:\/\/dntnonwovenfabrics.com\/fr\/"},{"@type":"ListItem","position":2,"name":"Pol\u00edtique de Cookies"}]},{"@type":"WebSite","@id":"https:\/\/dntnonwovenfabrics.com\/fr\/#website","url":"https:\/\/dntnonwovenfabrics.com\/fr\/","name":"DNT non woven fabrics - No Tejido","description":"Principal fabricante espa\u00f1ol de no tejido de polipropileno o spunbond non woven. La empresa con sede en Alcal\u00e1 la Real, Ja\u00e9n, forma parte del grupo empresarial Dise\u00f1os NT grupo con una extensa trayectoria en la industria transformadora del no tejido para la fabricaci\u00f3n de embalajes y bolsas.","publisher":{"@id":"https:\/\/dntnonwovenfabrics.com\/fr\/#organization"},"potentialAction":[{"@type":"SearchAction","target":{"@type":"EntryPoint","urlTemplate":"https:\/\/dntnonwovenfabrics.com\/fr\/?s={search_term_string}"},"query-input":{"@type":"PropertyValueSpecification","valueRequired":true,"valueName":"search_term_string"}}],"inLanguage":"fr-FR"},{"@type":"Organization","@id":"https:\/\/dntnonwovenfabrics.com\/fr\/#organization","name":"DNT non woven fabrics - No Tejido","url":"https:\/\/dntnonwovenfabrics.com\/fr\/","logo":{"@type":"ImageObject","inLanguage":"fr-FR","@id":"https:\/\/dntnonwovenfabrics.com\/fr\/#\/schema\/logo\/image\/","url":"https:\/\/dntnonwovenfabrics.com\/wp-content\/uploads\/2014\/07\/logohead.jpg","contentUrl":"https:\/\/dntnonwovenfabrics.com\/wp-content\/uploads\/2014\/07\/logohead.jpg","width":205,"height":86,"caption":"DNT non woven fabrics - No Tejido"},"image":{"@id":"https:\/\/dntnonwovenfabrics.com\/fr\/#\/schema\/logo\/image\/"}}]}},"_links":{"self":[{"href":"https:\/\/dntnonwovenfabrics.com\/fr\/wp-json\/wp\/v2\/pages\/14579","targetHints":{"allow":["GET"]}}],"collection":[{"href":"https:\/\/dntnonwovenfabrics.com\/fr\/wp-json\/wp\/v2\/pages"}],"about":[{"href":"https:\/\/dntnonwovenfabrics.com\/fr\/wp-json\/wp\/v2\/types\/page"}],"author":[{"embeddable":true,"href":"https:\/\/dntnonwovenfabrics.com\/fr\/wp-json\/wp\/v2\/users\/5"}],"replies":[{"embeddable":true,"href":"https:\/\/dntnonwovenfabrics.com\/fr\/wp-json\/wp\/v2\/comments?post=14579"}],"version-history":[{"count":0,"href":"https:\/\/dntnonwovenfabrics.com\/fr\/wp-json\/wp\/v2\/pages\/14579\/revisions"}],"wp:attachment":[{"href":"https:\/\/dntnonwovenfabrics.com\/fr\/wp-json\/wp\/v2\/media?parent=14579"}],"curies":[{"name":"wp","href":"https:\/\/api.w.org\/{rel}","templated":true}]}}