{"id":14582,"date":"2020-09-29T13:36:02","date_gmt":"2020-09-29T11:36:02","guid":{"rendered":"https:\/\/dntnonwovenfabrics.com\/politica-de-privacidad\/"},"modified":"2025-01-16T10:38:24","modified_gmt":"2025-01-16T09:38:24","slug":"politica-de-privacidad","status":"publish","type":"page","link":"https:\/\/dntnonwovenfabrics.com\/fr\/politica-de-privacidad\/","title":{"rendered":"Pol\u00edtica de Privacidade"},"content":{"rendered":"\n<p>Aux fins des dispositions de la l\u00e9gislation en vigueur sur la protection des donn\u00e9es \u00e0 caract\u00e8re personnel, <strong>DNT Non Woven Fabrics S.A.<\/strong> (\u00ab<strong>DNT<\/strong>\u00bb) informe, par le biais de la pr\u00e9sente Politique de Confidentialit\u00e9, les utilisateurs (l&rsquo;\u00ab Utilisateur \u00bb ou les \u00ab Utilisateurs \u00bb) du site web www.www.dntnonwovenfabrics.com, dont elle est propri\u00e9taire et responsable (le \u00ab Site web \u00bb), de sa politique en mati\u00e8re de protection des donn\u00e9es \u00e0 caract\u00e8re personnel.<\/p>\n\n\n\n<p>De cette mani\u00e8re, les utilisateurs peuvent d\u00e9terminer librement et volontairement s&rsquo;ils souhaitent fournir \u00e0 DNT les donn\u00e9es personnelles qui peuvent leur \u00eatre demand\u00e9es ou qui peuvent \u00eatre obtenues \u00e0 leur sujet \u00e0 l&rsquo;occasion de leur acc\u00e8s et de leur utilisation du Site, ainsi que des services offerts par DNT.<\/p>\n\n\n\n<p><strong>Qui est responsable du traitement de vos donn\u00e9es personnelles ?<\/strong><\/p>\n\n\n\n<ul class=\"wp-block-list\">\n<li>Responsable du traitement: DNT Non Woven Fabrics S.A.<\/li>\n\n\n\n<li>Adresse: Pol. Ind. El Chaparral 9, 23692 Santa Ana, Alcal\u00e1 la Real (Ja\u00e9n), Espagne.<\/li>\n\n\n\n<li>Courriel: info@dntnonwovenfabrics.com<\/li>\n<\/ul>\n\n\n\n<p><strong>Dans quel but traitons-nous vos donn\u00e9es ?<\/strong><\/p>\n\n\n\n<p>Selon l&rsquo;endroit o\u00f9 vous nous fournissez vos donn\u00e9es, nous les traiterons aux fins suivantes :<\/p>\n\n\n\n<figure class=\"wp-block-table\"><table><tbody><tr><td>(1) R\u00e9pondre \u00e0 vos questions<\/td><td>Si vous avez des questions, nous traiterons vos donn\u00e9es afin de r\u00e9pondre \u00e0 vos questions ou suggestions.<\/td><\/tr><tr><td>(2) Envoi d&rsquo;informations commerciales et de bulletins d&rsquo;information<\/td><td>Pour vous envoyer des communications commerciales personnalis\u00e9es en fonction de vos pr\u00e9f\u00e9rences et pour vous tenir au courant de nos produits, initiatives et services, par des moyens \u00e9lectroniques ou non \u00e9lectroniques. Vous pouvez vous d\u00e9sinscrire \u00e0 tout moment en envoyant un courriel \u00e0 info@dntnonwovenfabrics.com.<\/td><\/tr><\/tbody><\/table><\/figure>\n\n\n\n<p><strong>Quelle est la base juridique du traitement de vos donn\u00e9es ?<\/strong><\/p>\n\n\n\n<p>Les bases l\u00e9gitimes du traitement de vos donn\u00e9es personnelles, conform\u00e9ment \u00e0 la politique de confidentialit\u00e9, sont les suivantes :<\/p>\n\n\n\n<ul class=\"wp-block-list\">\n<li><strong>L&rsquo;int\u00e9r\u00eat l\u00e9gitime<\/strong> de DNT \u00e0 g\u00e9rer votre demande (1).<\/li>\n\n\n\n<li><strong>Consentement<\/strong> Nous vous demanderons votre consentement pour vous envoyer des communications commerciales (2). Vous pouvez retirer votre consentement \u00e0 tout moment.<\/li>\n<\/ul>\n\n\n\n<p>Dans le cas de courriels de marketing direct et\/ou de lettres d&rsquo;information, vous pouvez retirer votre consentement en cliquant sur le lien \u00ab se d\u00e9sabonner \u00bb.<\/p>\n\n\n\n<ul class=\"wp-block-list\">\n<li><strong>Ex\u00e9cution d&rsquo;obligations<\/strong> l\u00e9gales, fiscales, comptables, administratives ou autres r\u00e9gies par la r\u00e9glementation applicable \u00e0 tout moment.<\/li>\n<\/ul>\n\n\n\n<p><strong>O\u00f9 obtenons-nous vos donn\u00e9es ?<\/strong><\/p>\n\n\n\n<p>La politique de confidentialit\u00e9 d\u00e9finit les donn\u00e9es personnelles que la DNT obtient et qui varient en fonction du service que vous utilisez. Pour toute activit\u00e9, la DNT traitera vos donn\u00e9es d&rsquo;identification et vos donn\u00e9es de contact.<\/p>\n\n\n\n<p>La DNT ne traitera pas de cat\u00e9gories sp\u00e9ciales de donn\u00e9es, telles que des informations sur votre race, vos opinions politiques, votre religion, votre sant\u00e9 ou votre orientation sexuelle, \u00e0 moins que vous n&rsquo;ayez choisi de nous fournir ces informations.<\/p>\n\n\n\n<p><strong>\u00c0 qui transmettons-nous vos donn\u00e9es ?<\/strong><\/p>\n\n\n\n<p>La DNT ne partagera pas vos donn\u00e9es personnelles avec d&rsquo;autres tiers, \u00e0 moins que nous n&rsquo;ayons obtenu votre consentement pr\u00e9alable \u00e0 cet effet.<\/p>\n\n\n\n<p><strong>Combien de temps conservons-nous vos donn\u00e9es ?<\/strong><\/p>\n\n\n\n<p>DNT traitera vos donn\u00e9es personnelles aussi longtemps que n\u00e9cessaire aux fins pour lesquelles elles ont \u00e9t\u00e9 collect\u00e9es.<\/p>\n\n\n\n<p>Lorsqu&rsquo;elles ne seront plus n\u00e9cessaires pour atteindre les objectifs pour lesquels elles ont \u00e9t\u00e9 obtenues, nous proc\u00e9derons au blocage de vos donn\u00e9es (afin que DNT n&rsquo;y ait pas acc\u00e8s) pendant les p\u00e9riodes pr\u00e9vues dans les dispositions applicables ou, le cas \u00e9ch\u00e9ant, dans les relations contractuelles entretenues avec DNT, n&rsquo;\u00e9tant disponibles qu&rsquo;\u00e0 la demande des juges et des tribunaux, du minist\u00e8re public ou des administrations publiques comp\u00e9tentes pendant le d\u00e9lai de prescription des actions.<\/p>\n\n\n\n<p>Une fois ces d\u00e9lais \u00e9coul\u00e9s, DNT proc\u00e9dera \u00e0 leur suppression physique ou \u00e0 leur anonymisation.<\/p>\n\n\n\n<p><strong>Quels sont vos droits ?<\/strong><\/p>\n\n\n\n<p>Vous pouvez exercer vos droits d&rsquo;acc\u00e8s, de portabilit\u00e9, de rectification, d&rsquo;effacement, de limitation, d&rsquo;opposition et le droit de ne pas faire l&rsquo;objet d&rsquo;une d\u00e9cision fond\u00e9e exclusivement sur un traitement automatis\u00e9. Vous pouvez \u00e9galement r\u00e9voquer \u00e0 tout moment le consentement que vous avez donn\u00e9.<\/p>\n\n\n\n<p>Pour toute demande relative \u00e0 l&rsquo;exercice de ces droits ou pour toute autre question relative au traitement, vous pouvez exercer ces droits en envoyant une demande \u00e9crite \u00e0 DNT par courrier \u00e9lectronique \u00e0 info@dntnonwovenfabrics.com.<\/p>\n\n\n\n<p>Toute r\u00e9clamation relative au traitement des donn\u00e9es signal\u00e9es dans le pr\u00e9sent document peut \u00eatre d\u00e9pos\u00e9e aupr\u00e8s de l&rsquo;Agence espagnole de protection des donn\u00e9es (<a href=\"http:\/\/www.aepd.es\">www.aepd.es<\/a>) pour l&rsquo;exercice de tout recours qu&rsquo;elle juge appropri\u00e9, en tant qu&rsquo;organisme public espagnol charg\u00e9 de veiller au respect de la r\u00e9glementation expos\u00e9e dans le pr\u00e9sent document.<\/p>\n\n\n\n<hr class=\"wp-block-separator has-css-opacity\"\/>\n\n\n\n<p><a id=\"_msocom_1\"><\/a><\/p>\n","protected":false},"excerpt":{"rendered":"<p>Aux fins des dispositions de la l\u00e9gislation en vigueur sur la protection des donn\u00e9es \u00e0 caract\u00e8re personnel, DNT Non Woven Fabrics S.A. (\u00abDNT\u00bb) informe, par le biais de la pr\u00e9sente Politique de Confidentialit\u00e9, les utilisateurs (l&rsquo;\u00ab Utilisateur \u00bb ou les \u00ab Utilisateurs \u00bb) du site web www.www.dntnonwovenfabrics.com, dont elle est propri\u00e9taire et responsable (le \u00ab Site web \u00bb), de sa politique en mati\u00e8re de protection des donn\u00e9es \u00e0 caract\u00e8re personnel. &#8230; <\/p>\n<p class=\"read-more-container\"><a title=\"Pol\u00edtica de Privacidade\" class=\"read-more button\" href=\"https:\/\/dntnonwovenfabrics.com\/fr\/politica-de-privacidad\/#more-14582\" aria-label=\"En savoir plus sur Pol\u00edtica de Privacidade\">En savoir plus<\/a><\/p>\n","protected":false},"author":5,"featured_media":0,"parent":0,"menu_order":0,"comment_status":"closed","ping_status":"closed","template":"","meta":{"inline_featured_image":false,"footnotes":""},"class_list":["post-14582","page","type-page","status-publish"],"yoast_head":"<!-- This site is optimized with the Yoast SEO plugin v27.3 - https:\/\/yoast.com\/product\/yoast-seo-wordpress\/ -->\n<title>Pol\u00edtica de Privacidade - DNT non woven fabrics - No Tejido<\/title>\n<meta name=\"description\" content=\"Con la Pol\u00edtica de Privacidad, DNT Non Woven Fabrics informa a los usuarios acerca de su pol\u00edtica de protecci\u00f3n de los datos personales.\" \/>\n<meta name=\"robots\" content=\"index, follow, max-snippet:-1, max-image-preview:large, max-video-preview:-1\" \/>\n<link rel=\"canonical\" href=\"https:\/\/dntnonwovenfabrics.com\/fr\/politica-de-privacidad\/\" \/>\n<meta property=\"og:locale\" content=\"fr_FR\" \/>\n<meta property=\"og:type\" content=\"article\" \/>\n<meta property=\"og:title\" content=\"Pol\u00edtica de Privacidade - DNT non woven fabrics - No Tejido\" \/>\n<meta property=\"og:description\" content=\"Con la Pol\u00edtica de Privacidad, DNT Non Woven Fabrics informa a los usuarios acerca de su pol\u00edtica de protecci\u00f3n de los datos personales.\" \/>\n<meta property=\"og:url\" content=\"https:\/\/dntnonwovenfabrics.com\/fr\/politica-de-privacidad\/\" \/>\n<meta property=\"og:site_name\" content=\"DNT non woven fabrics - No Tejido\" \/>\n<meta property=\"article:modified_time\" content=\"2025-01-16T09:38:24+00:00\" \/>\n<meta name=\"twitter:card\" content=\"summary_large_image\" \/>\n<meta name=\"twitter:label1\" content=\"Dur\u00e9e de lecture estim\u00e9e\" \/>\n\t<meta name=\"twitter:data1\" content=\"4 minutes\" \/>\n<script type=\"application\/ld+json\" class=\"yoast-schema-graph\">{\"@context\":\"https:\\\/\\\/schema.org\",\"@graph\":[{\"@type\":\"WebPage\",\"@id\":\"https:\\\/\\\/dntnonwovenfabrics.com\\\/fr\\\/politica-de-privacidad\\\/\",\"url\":\"https:\\\/\\\/dntnonwovenfabrics.com\\\/fr\\\/politica-de-privacidad\\\/\",\"name\":\"Pol\u00edtica de Privacidade - DNT non woven fabrics - No Tejido\",\"isPartOf\":{\"@id\":\"https:\\\/\\\/dntnonwovenfabrics.com\\\/fr\\\/#website\"},\"datePublished\":\"2020-09-29T11:36:02+00:00\",\"dateModified\":\"2025-01-16T09:38:24+00:00\",\"description\":\"Con la Pol\u00edtica de Privacidad, DNT Non Woven Fabrics informa a los usuarios acerca de su pol\u00edtica de protecci\u00f3n de los datos personales.\",\"breadcrumb\":{\"@id\":\"https:\\\/\\\/dntnonwovenfabrics.com\\\/fr\\\/politica-de-privacidad\\\/#breadcrumb\"},\"inLanguage\":\"fr-FR\",\"potentialAction\":[{\"@type\":\"ReadAction\",\"target\":[\"https:\\\/\\\/dntnonwovenfabrics.com\\\/fr\\\/politica-de-privacidad\\\/\"]}]},{\"@type\":\"BreadcrumbList\",\"@id\":\"https:\\\/\\\/dntnonwovenfabrics.com\\\/fr\\\/politica-de-privacidad\\\/#breadcrumb\",\"itemListElement\":[{\"@type\":\"ListItem\",\"position\":1,\"name\":\"Portada\",\"item\":\"https:\\\/\\\/dntnonwovenfabrics.com\\\/fr\\\/\"},{\"@type\":\"ListItem\",\"position\":2,\"name\":\"Pol\u00edtica de Privacidade\"}]},{\"@type\":\"WebSite\",\"@id\":\"https:\\\/\\\/dntnonwovenfabrics.com\\\/fr\\\/#website\",\"url\":\"https:\\\/\\\/dntnonwovenfabrics.com\\\/fr\\\/\",\"name\":\"DNT non woven fabrics - No Tejido\",\"description\":\"Principal fabricante espa\u00f1ol de no tejido de polipropileno o spunbond non woven. La empresa con sede en Alcal\u00e1 la Real, Ja\u00e9n, forma parte del grupo empresarial Dise\u00f1os NT grupo con una extensa trayectoria en la industria transformadora del no tejido para la fabricaci\u00f3n de embalajes y bolsas.\",\"publisher\":{\"@id\":\"https:\\\/\\\/dntnonwovenfabrics.com\\\/fr\\\/#organization\"},\"potentialAction\":[{\"@type\":\"SearchAction\",\"target\":{\"@type\":\"EntryPoint\",\"urlTemplate\":\"https:\\\/\\\/dntnonwovenfabrics.com\\\/fr\\\/?s={search_term_string}\"},\"query-input\":{\"@type\":\"PropertyValueSpecification\",\"valueRequired\":true,\"valueName\":\"search_term_string\"}}],\"inLanguage\":\"fr-FR\"},{\"@type\":\"Organization\",\"@id\":\"https:\\\/\\\/dntnonwovenfabrics.com\\\/fr\\\/#organization\",\"name\":\"DNT non woven fabrics - No Tejido\",\"url\":\"https:\\\/\\\/dntnonwovenfabrics.com\\\/fr\\\/\",\"logo\":{\"@type\":\"ImageObject\",\"inLanguage\":\"fr-FR\",\"@id\":\"https:\\\/\\\/dntnonwovenfabrics.com\\\/fr\\\/#\\\/schema\\\/logo\\\/image\\\/\",\"url\":\"https:\\\/\\\/dntnonwovenfabrics.com\\\/wp-content\\\/uploads\\\/2014\\\/07\\\/logohead.jpg\",\"contentUrl\":\"https:\\\/\\\/dntnonwovenfabrics.com\\\/wp-content\\\/uploads\\\/2014\\\/07\\\/logohead.jpg\",\"width\":205,\"height\":86,\"caption\":\"DNT non woven fabrics - No Tejido\"},\"image\":{\"@id\":\"https:\\\/\\\/dntnonwovenfabrics.com\\\/fr\\\/#\\\/schema\\\/logo\\\/image\\\/\"}}]}<\/script>\n<!-- \/ Yoast SEO plugin. -->","yoast_head_json":{"title":"Pol\u00edtica de Privacidade - DNT non woven fabrics - No Tejido","description":"Con la Pol\u00edtica de Privacidad, DNT Non Woven Fabrics informa a los usuarios acerca de su pol\u00edtica de protecci\u00f3n de los datos personales.","robots":{"index":"index","follow":"follow","max-snippet":"max-snippet:-1","max-image-preview":"max-image-preview:large","max-video-preview":"max-video-preview:-1"},"canonical":"https:\/\/dntnonwovenfabrics.com\/fr\/politica-de-privacidad\/","og_locale":"fr_FR","og_type":"article","og_title":"Pol\u00edtica de Privacidade - DNT non woven fabrics - No Tejido","og_description":"Con la Pol\u00edtica de Privacidad, DNT Non Woven Fabrics informa a los usuarios acerca de su pol\u00edtica de protecci\u00f3n de los datos personales.","og_url":"https:\/\/dntnonwovenfabrics.com\/fr\/politica-de-privacidad\/","og_site_name":"DNT non woven fabrics - No Tejido","article_modified_time":"2025-01-16T09:38:24+00:00","twitter_card":"summary_large_image","twitter_misc":{"Dur\u00e9e de lecture estim\u00e9e":"4 minutes"},"schema":{"@context":"https:\/\/schema.org","@graph":[{"@type":"WebPage","@id":"https:\/\/dntnonwovenfabrics.com\/fr\/politica-de-privacidad\/","url":"https:\/\/dntnonwovenfabrics.com\/fr\/politica-de-privacidad\/","name":"Pol\u00edtica de Privacidade - DNT non woven fabrics - No Tejido","isPartOf":{"@id":"https:\/\/dntnonwovenfabrics.com\/fr\/#website"},"datePublished":"2020-09-29T11:36:02+00:00","dateModified":"2025-01-16T09:38:24+00:00","description":"Con la Pol\u00edtica de Privacidad, DNT Non Woven Fabrics informa a los usuarios acerca de su pol\u00edtica de protecci\u00f3n de los datos personales.","breadcrumb":{"@id":"https:\/\/dntnonwovenfabrics.com\/fr\/politica-de-privacidad\/#breadcrumb"},"inLanguage":"fr-FR","potentialAction":[{"@type":"ReadAction","target":["https:\/\/dntnonwovenfabrics.com\/fr\/politica-de-privacidad\/"]}]},{"@type":"BreadcrumbList","@id":"https:\/\/dntnonwovenfabrics.com\/fr\/politica-de-privacidad\/#breadcrumb","itemListElement":[{"@type":"ListItem","position":1,"name":"Portada","item":"https:\/\/dntnonwovenfabrics.com\/fr\/"},{"@type":"ListItem","position":2,"name":"Pol\u00edtica de Privacidade"}]},{"@type":"WebSite","@id":"https:\/\/dntnonwovenfabrics.com\/fr\/#website","url":"https:\/\/dntnonwovenfabrics.com\/fr\/","name":"DNT non woven fabrics - No Tejido","description":"Principal fabricante espa\u00f1ol de no tejido de polipropileno o spunbond non woven. La empresa con sede en Alcal\u00e1 la Real, Ja\u00e9n, forma parte del grupo empresarial Dise\u00f1os NT grupo con una extensa trayectoria en la industria transformadora del no tejido para la fabricaci\u00f3n de embalajes y bolsas.","publisher":{"@id":"https:\/\/dntnonwovenfabrics.com\/fr\/#organization"},"potentialAction":[{"@type":"SearchAction","target":{"@type":"EntryPoint","urlTemplate":"https:\/\/dntnonwovenfabrics.com\/fr\/?s={search_term_string}"},"query-input":{"@type":"PropertyValueSpecification","valueRequired":true,"valueName":"search_term_string"}}],"inLanguage":"fr-FR"},{"@type":"Organization","@id":"https:\/\/dntnonwovenfabrics.com\/fr\/#organization","name":"DNT non woven fabrics - No Tejido","url":"https:\/\/dntnonwovenfabrics.com\/fr\/","logo":{"@type":"ImageObject","inLanguage":"fr-FR","@id":"https:\/\/dntnonwovenfabrics.com\/fr\/#\/schema\/logo\/image\/","url":"https:\/\/dntnonwovenfabrics.com\/wp-content\/uploads\/2014\/07\/logohead.jpg","contentUrl":"https:\/\/dntnonwovenfabrics.com\/wp-content\/uploads\/2014\/07\/logohead.jpg","width":205,"height":86,"caption":"DNT non woven fabrics - No Tejido"},"image":{"@id":"https:\/\/dntnonwovenfabrics.com\/fr\/#\/schema\/logo\/image\/"}}]}},"_links":{"self":[{"href":"https:\/\/dntnonwovenfabrics.com\/fr\/wp-json\/wp\/v2\/pages\/14582","targetHints":{"allow":["GET"]}}],"collection":[{"href":"https:\/\/dntnonwovenfabrics.com\/fr\/wp-json\/wp\/v2\/pages"}],"about":[{"href":"https:\/\/dntnonwovenfabrics.com\/fr\/wp-json\/wp\/v2\/types\/page"}],"author":[{"embeddable":true,"href":"https:\/\/dntnonwovenfabrics.com\/fr\/wp-json\/wp\/v2\/users\/5"}],"replies":[{"embeddable":true,"href":"https:\/\/dntnonwovenfabrics.com\/fr\/wp-json\/wp\/v2\/comments?post=14582"}],"version-history":[{"count":0,"href":"https:\/\/dntnonwovenfabrics.com\/fr\/wp-json\/wp\/v2\/pages\/14582\/revisions"}],"wp:attachment":[{"href":"https:\/\/dntnonwovenfabrics.com\/fr\/wp-json\/wp\/v2\/media?parent=14582"}],"curies":[{"name":"wp","href":"https:\/\/api.w.org\/{rel}","templated":true}]}}