{"id":14602,"date":"2010-08-23T19:14:11","date_gmt":"2010-08-23T17:14:11","guid":{"rendered":"https:\/\/dntnonwovenfabrics.com\/productos\/"},"modified":"2026-01-22T10:20:09","modified_gmt":"2026-01-22T09:20:09","slug":"productos","status":"publish","type":"page","link":"https:\/\/dntnonwovenfabrics.com\/fr\/productos\/","title":{"rendered":"Produits"},"content":{"rendered":"<div class=\"gb-container gb-container-5bde67d7 alignfull\">\n<div class=\"gb-container gb-container-128909eb\">\n<div class=\"gb-grid-wrapper gb-grid-wrapper-7db959ad\">\n<div class=\"gb-grid-column gb-grid-column-56cbe855\"><div class=\"gb-container gb-container-56cbe855 spundbond-block\"><a class=\"gb-container-link\" href=\"https:\/\/dntnonwovenfabrics.com\/fr\/produits\/spunbond\/\"><\/a>\n<div class=\"gb-container gb-container-a80988ff\">\n<div class=\"gb-container gb-container-de9c9472\">\n\n<figure class=\"gb-block-image gb-block-image-a5391915\"><img loading=\"lazy\" decoding=\"async\" width=\"224\" height=\"444\" class=\"gb-image gb-image-a5391915\" src=\"https:\/\/dntnonwovenfabrics.com\/wp-content\/uploads\/2026\/01\/spunbond-1.jpg\" alt=\"Spunbond\" title=\"Spunbond\" srcset=\"https:\/\/dntnonwovenfabrics.com\/wp-content\/uploads\/2026\/01\/spunbond-1.jpg 224w, https:\/\/dntnonwovenfabrics.com\/wp-content\/uploads\/2026\/01\/spunbond-1-187x370.jpg 187w\" sizes=\"auto, (max-width: 224px) 100vw, 224px\" \/><\/figure>\n\n<\/div>\n\n<div class=\"gb-container gb-container-712c7da2\">\n\n<h2 class=\"gb-headline gb-headline-413b7868 gb-headline-text\">Spundbond<\/h2>\n\n<\/div>\n<\/div>\n\n<div class=\"gb-container gb-container-a46fe123 spundbond-content\">\n<div class=\"gb-container gb-container-4991e2c5\"><\/div>\n\n<div class=\"gb-container gb-container-58f45f51\">\n\n<h3 class=\"gb-headline gb-headline-79ad98c7 gb-headline-text\">Fabriqu\u00e9 \u00e0 100 % en polypropyl\u00e8ne.<\/h3>\n\n\n\n<p>Il se distingue par sa polyvalence et sa grande r\u00e9sistance dans divers secteurs (agriculture, industrie, etc.).<\/p>\n\n<\/div>\n<\/div>\n<\/div><\/div>\n\n<div class=\"gb-grid-column gb-grid-column-02a104ef\"><div class=\"gb-container gb-container-02a104ef spundbond-block\"><a class=\"gb-container-link\" href=\"https:\/\/dntnonwovenfabrics.com\/fr\/produits\/meltblown\/\"><\/a>\n<div class=\"gb-container gb-container-d9fe1b32\">\n<div class=\"gb-container gb-container-9cc0de5a\">\n\n<figure class=\"gb-block-image gb-block-image-4cf279d9\"><img loading=\"lazy\" decoding=\"async\" width=\"224\" height=\"444\" class=\"gb-image gb-image-4cf279d9\" src=\"https:\/\/dntnonwovenfabrics.com\/wp-content\/uploads\/2026\/01\/meltblown-1.jpg\" alt=\"Meltblown\" title=\"Meltblown\" srcset=\"https:\/\/dntnonwovenfabrics.com\/wp-content\/uploads\/2026\/01\/meltblown-1.jpg 224w, https:\/\/dntnonwovenfabrics.com\/wp-content\/uploads\/2026\/01\/meltblown-1-187x370.jpg 187w\" sizes=\"auto, (max-width: 224px) 100vw, 224px\" \/><\/figure>\n\n<\/div>\n\n<div class=\"gb-container gb-container-57c95e3d\">\n\n<h2 class=\"gb-headline gb-headline-4651cdec gb-headline-text\">Meltblown<\/h2>\n\n<\/div>\n<\/div>\n\n<div class=\"gb-container gb-container-aaeaf01d spundbond-content\">\n<div class=\"gb-container gb-container-d2c13599\"><\/div>\n\n<div class=\"gb-container gb-container-add58507\">\n\n<h3 class=\"gb-headline gb-headline-9495c311 gb-headline-text\">Fabriqu\u00e9 \u00e0 100 % en polypropyl\u00e8ne.<\/h3>\n\n\n\n<p>Il est utilis\u00e9 dans les secteurs de la filtration, de l&rsquo;isolation et de l&rsquo;absorption des huiles et graisses industrielles.<\/p>\n\n<\/div>\n<\/div>\n<\/div><\/div>\n\n<div class=\"gb-grid-column gb-grid-column-5dcf88e1\"><div class=\"gb-container gb-container-5dcf88e1 spundbond-block\"><a class=\"gb-container-link\" href=\"https:\/\/dntnonwovenfabrics.com\/fr\/produits\/spunmelt\/\"><\/a>\n<div class=\"gb-container gb-container-85810106\">\n<div class=\"gb-container gb-container-d8f6441d\">\n\n<figure class=\"gb-block-image gb-block-image-fd33c00a\"><img loading=\"lazy\" decoding=\"async\" width=\"224\" height=\"444\" class=\"gb-image gb-image-fd33c00a\" src=\"https:\/\/dntnonwovenfabrics.com\/wp-content\/uploads\/2026\/01\/spunmelt-1.jpg\" alt=\"Spunmelt\" title=\"Spunmelt\" srcset=\"https:\/\/dntnonwovenfabrics.com\/wp-content\/uploads\/2026\/01\/spunmelt-1.jpg 224w, https:\/\/dntnonwovenfabrics.com\/wp-content\/uploads\/2026\/01\/spunmelt-1-187x370.jpg 187w\" sizes=\"auto, (max-width: 224px) 100vw, 224px\" \/><\/figure>\n\n<\/div>\n\n<div class=\"gb-container gb-container-dd85b0a3\">\n\n<h2 class=\"gb-headline gb-headline-7c39f4bf gb-headline-text\">Spunmelt<\/h2>\n\n<\/div>\n<\/div>\n\n<div class=\"gb-container gb-container-b55425de spundbond-content\">\n<div class=\"gb-container gb-container-d465b8c4\"><\/div>\n\n<div class=\"gb-container gb-container-20f83930\">\n\n<h3 class=\"gb-headline gb-headline-7c2406be gb-headline-text\">Fabriqu\u00e9 \u00e0 100 % en polypropyl\u00e8ne.<\/h3>\n\n\n\n<p>Il est principalement utilis\u00e9 dans le secteur m\u00e9dical et hygi\u00e9nique.<\/p>\n\n<\/div>\n<\/div>\n<\/div><\/div>\n\n<div class=\"gb-grid-column gb-grid-column-3ee9e43b\"><div class=\"gb-container gb-container-3ee9e43b spundbond-block\"><a class=\"gb-container-link\" href=\"https:\/\/dntnonwovenfabrics.com\/fr\/produits\/extrusion-coating\/\"><\/a>\n<div class=\"gb-container gb-container-6662a545\">\n<div class=\"gb-container gb-container-be294bb8\">\n\n<figure class=\"gb-block-image gb-block-image-2f9db8aa\"><img loading=\"lazy\" decoding=\"async\" width=\"224\" height=\"444\" class=\"gb-image gb-image-2f9db8aa\" src=\"https:\/\/dntnonwovenfabrics.com\/wp-content\/uploads\/2026\/01\/extrusion-coating-2.jpg\" alt=\"Extrusion Coating\" title=\"Extrusion Coating\" srcset=\"https:\/\/dntnonwovenfabrics.com\/wp-content\/uploads\/2026\/01\/extrusion-coating-2.jpg 224w, https:\/\/dntnonwovenfabrics.com\/wp-content\/uploads\/2026\/01\/extrusion-coating-2-187x370.jpg 187w\" sizes=\"auto, (max-width: 224px) 100vw, 224px\" \/><\/figure>\n\n<\/div>\n\n<div class=\"gb-container gb-container-4bca05c2\">\n\n<h2 class=\"gb-headline gb-headline-886360e0 gb-headline-text\">Extrusion coating<\/h2>\n\n<\/div>\n<\/div>\n\n<div class=\"gb-container gb-container-9a574d1c spundbond-content\">\n<div class=\"gb-container gb-container-92b36661\"><\/div>\n\n<div class=\"gb-container gb-container-07371115\">\n\n<h3 class=\"gb-headline gb-headline-6d462d80 gb-headline-text\">Multicouche haute barri\u00e8re.<\/h3>\n\n\n\n<p>Il est principalement utilis\u00e9 dans le secteur sanitaire pour la fabrication de v\u00eatements jetables, ainsi que dans d&rsquo;autres applications de construction et d&#8217;emballage.<\/p>\n\n<\/div>\n<\/div>\n<\/div><\/div>\n\n<div class=\"gb-grid-column gb-grid-column-a10222b6\"><div class=\"gb-container gb-container-a10222b6 spundbond-block\"><a class=\"gb-container-link\" href=\"https:\/\/dntnonwovenfabrics.com\/fr\/produits\/recycled-bond\/\"><\/a>\n<div class=\"gb-container gb-container-b524d4f9\">\n<div class=\"gb-container gb-container-c1b178ad\">\n\n<figure class=\"gb-block-image gb-block-image-049d69ce\"><img loading=\"lazy\" decoding=\"async\" width=\"224\" height=\"444\" class=\"gb-image gb-image-049d69ce\" src=\"https:\/\/dntnonwovenfabrics.com\/wp-content\/uploads\/2026\/01\/recycled-bond-1.jpg\" alt=\"Recycled Bond\" title=\"Recycled Bond\" srcset=\"https:\/\/dntnonwovenfabrics.com\/wp-content\/uploads\/2026\/01\/recycled-bond-1.jpg 224w, https:\/\/dntnonwovenfabrics.com\/wp-content\/uploads\/2026\/01\/recycled-bond-1-187x370.jpg 187w\" sizes=\"auto, (max-width: 224px) 100vw, 224px\" \/><\/figure>\n\n<\/div>\n\n<div class=\"gb-container gb-container-e1cf188b\">\n\n<h2 class=\"gb-headline gb-headline-beefc96c gb-headline-text\">Recycled Bond<\/h2>\n\n<\/div>\n<\/div>\n\n<div class=\"gb-container gb-container-00a2191d spundbond-content\">\n<div class=\"gb-container gb-container-9aeb78a4\"><\/div>\n\n<div class=\"gb-container gb-container-dac5c558\">\n\n<h3 class=\"gb-headline gb-headline-b24c2133 gb-headline-text\">Fabriqu\u00e9 \u00e0 100 % en polypropyl\u00e8ne.<\/h3>\n\n\n\n<p>Il se distingue par sa polyvalence et sa grande r\u00e9sistance. Il s&rsquo;adapte aux besoins de divers secteurs (agriculture, industrie, etc.).<\/p>\n\n<\/div>\n<\/div>\n<\/div><\/div>\n<\/div>\n<\/div>\n<\/div>\n\n\n<p><\/p>\n","protected":false},"excerpt":{"rendered":"","protected":false},"author":5,"featured_media":14604,"parent":0,"menu_order":0,"comment_status":"closed","ping_status":"closed","template":"","meta":{"inline_featured_image":false,"footnotes":""},"class_list":["post-14602","page","type-page","status-publish","has-post-thumbnail"],"yoast_head":"<!-- This site is optimized with the Yoast SEO plugin v27.3 - https:\/\/yoast.com\/product\/yoast-seo-wordpress\/ -->\n<title>Produits - DNT non woven fabrics - No Tejido<\/title>\n<meta name=\"description\" content=\"Fabricantes de Productos de Spunbond, para el sector industrial y transformador del no tejido, con capacidad de personalizaci\u00f3n a medida.\" \/>\n<meta name=\"robots\" content=\"index, follow, max-snippet:-1, max-image-preview:large, max-video-preview:-1\" \/>\n<link rel=\"canonical\" href=\"https:\/\/dntnonwovenfabrics.com\/fr\/productos\/\" \/>\n<meta property=\"og:locale\" content=\"fr_FR\" \/>\n<meta property=\"og:type\" content=\"article\" \/>\n<meta property=\"og:title\" content=\"Productos DNT Non Woven Fabrics\" \/>\n<meta property=\"og:description\" content=\"Fabricantes de Spunbond de alta calidad, l\u00ednea \u202forientada al sector industrial y transformador del no tejido, con una alta capacidad de personalizaci\u00f3n a trav\u00e9s de colores, estampaci\u00f3n, acabados y tratamientos.\" \/>\n<meta property=\"og:url\" content=\"https:\/\/dntnonwovenfabrics.com\/fr\/productos\/\" \/>\n<meta property=\"og:site_name\" content=\"DNT non woven fabrics - No Tejido\" \/>\n<meta property=\"article:modified_time\" content=\"2026-01-22T09:20:09+00:00\" \/>\n<meta property=\"og:image\" content=\"https:\/\/dntnonwovenfabrics.com\/wp-content\/uploads\/2020\/09\/SPUNDBOND-mobile-1.jpg\" \/>\n\t<meta property=\"og:image:width\" content=\"400\" \/>\n\t<meta property=\"og:image:height\" content=\"400\" \/>\n\t<meta property=\"og:image:type\" content=\"image\/jpeg\" \/>\n<meta name=\"twitter:card\" content=\"summary_large_image\" \/>\n<meta name=\"twitter:title\" content=\"Productos DNT Non Woven Fabrics\" \/>\n<meta name=\"twitter:description\" content=\"Fabricantes de Spunbond de alta calidad, l\u00ednea \u202forientada al sector industrial y transformador del no tejido, con una alta capacidad de personalizaci\u00f3n a trav\u00e9s de colores, estampaci\u00f3n, acabados y tratamientos.\" \/>\n<meta name=\"twitter:image\" content=\"https:\/\/dntnonwovenfabrics.com\/wp-content\/uploads\/2020\/09\/SPUNDBOND-mobile-1.jpg\" \/>\n<meta name=\"twitter:label1\" content=\"Dur\u00e9e de lecture estim\u00e9e\" \/>\n\t<meta name=\"twitter:data1\" content=\"2 minutes\" \/>\n<script type=\"application\/ld+json\" class=\"yoast-schema-graph\">{\"@context\":\"https:\\\/\\\/schema.org\",\"@graph\":[{\"@type\":[\"WebPage\",\"ItemPage\"],\"@id\":\"https:\\\/\\\/dntnonwovenfabrics.com\\\/fr\\\/productos\\\/\",\"url\":\"https:\\\/\\\/dntnonwovenfabrics.com\\\/fr\\\/productos\\\/\",\"name\":\"Produits - DNT non woven fabrics - No Tejido\",\"isPartOf\":{\"@id\":\"https:\\\/\\\/dntnonwovenfabrics.com\\\/fr\\\/#website\"},\"primaryImageOfPage\":{\"@id\":\"https:\\\/\\\/dntnonwovenfabrics.com\\\/fr\\\/productos\\\/#primaryimage\"},\"image\":{\"@id\":\"https:\\\/\\\/dntnonwovenfabrics.com\\\/fr\\\/productos\\\/#primaryimage\"},\"thumbnailUrl\":\"https:\\\/\\\/dntnonwovenfabrics.com\\\/wp-content\\\/uploads\\\/2021\\\/10\\\/banner-productos.jpg\",\"datePublished\":\"2010-08-23T17:14:11+00:00\",\"dateModified\":\"2026-01-22T09:20:09+00:00\",\"description\":\"Fabricantes de Productos de Spunbond, para el sector industrial y transformador del no tejido, con capacidad de personalizaci\u00f3n a medida.\",\"breadcrumb\":{\"@id\":\"https:\\\/\\\/dntnonwovenfabrics.com\\\/fr\\\/productos\\\/#breadcrumb\"},\"inLanguage\":\"fr-FR\",\"potentialAction\":[{\"@type\":\"ReadAction\",\"target\":[\"https:\\\/\\\/dntnonwovenfabrics.com\\\/fr\\\/productos\\\/\"]}]},{\"@type\":\"ImageObject\",\"inLanguage\":\"fr-FR\",\"@id\":\"https:\\\/\\\/dntnonwovenfabrics.com\\\/fr\\\/productos\\\/#primaryimage\",\"url\":\"https:\\\/\\\/dntnonwovenfabrics.com\\\/wp-content\\\/uploads\\\/2021\\\/10\\\/banner-productos.jpg\",\"contentUrl\":\"https:\\\/\\\/dntnonwovenfabrics.com\\\/wp-content\\\/uploads\\\/2021\\\/10\\\/banner-productos.jpg\",\"width\":1918,\"height\":600,\"caption\":\"Products\"},{\"@type\":\"BreadcrumbList\",\"@id\":\"https:\\\/\\\/dntnonwovenfabrics.com\\\/fr\\\/productos\\\/#breadcrumb\",\"itemListElement\":[{\"@type\":\"ListItem\",\"position\":1,\"name\":\"Portada\",\"item\":\"https:\\\/\\\/dntnonwovenfabrics.com\\\/fr\\\/\"},{\"@type\":\"ListItem\",\"position\":2,\"name\":\"Produits\"}]},{\"@type\":\"WebSite\",\"@id\":\"https:\\\/\\\/dntnonwovenfabrics.com\\\/fr\\\/#website\",\"url\":\"https:\\\/\\\/dntnonwovenfabrics.com\\\/fr\\\/\",\"name\":\"DNT non woven fabrics - No Tejido\",\"description\":\"Principal fabricante espa\u00f1ol de no tejido de polipropileno o spunbond non woven. La empresa con sede en Alcal\u00e1 la Real, Ja\u00e9n, forma parte del grupo empresarial Dise\u00f1os NT grupo con una extensa trayectoria en la industria transformadora del no tejido para la fabricaci\u00f3n de embalajes y bolsas.\",\"publisher\":{\"@id\":\"https:\\\/\\\/dntnonwovenfabrics.com\\\/fr\\\/#organization\"},\"potentialAction\":[{\"@type\":\"SearchAction\",\"target\":{\"@type\":\"EntryPoint\",\"urlTemplate\":\"https:\\\/\\\/dntnonwovenfabrics.com\\\/fr\\\/?s={search_term_string}\"},\"query-input\":{\"@type\":\"PropertyValueSpecification\",\"valueRequired\":true,\"valueName\":\"search_term_string\"}}],\"inLanguage\":\"fr-FR\"},{\"@type\":\"Organization\",\"@id\":\"https:\\\/\\\/dntnonwovenfabrics.com\\\/fr\\\/#organization\",\"name\":\"DNT non woven fabrics - No Tejido\",\"url\":\"https:\\\/\\\/dntnonwovenfabrics.com\\\/fr\\\/\",\"logo\":{\"@type\":\"ImageObject\",\"inLanguage\":\"fr-FR\",\"@id\":\"https:\\\/\\\/dntnonwovenfabrics.com\\\/fr\\\/#\\\/schema\\\/logo\\\/image\\\/\",\"url\":\"https:\\\/\\\/dntnonwovenfabrics.com\\\/wp-content\\\/uploads\\\/2014\\\/07\\\/logohead.jpg\",\"contentUrl\":\"https:\\\/\\\/dntnonwovenfabrics.com\\\/wp-content\\\/uploads\\\/2014\\\/07\\\/logohead.jpg\",\"width\":205,\"height\":86,\"caption\":\"DNT non woven fabrics - No Tejido\"},\"image\":{\"@id\":\"https:\\\/\\\/dntnonwovenfabrics.com\\\/fr\\\/#\\\/schema\\\/logo\\\/image\\\/\"}}]}<\/script>\n<!-- \/ Yoast SEO plugin. -->","yoast_head_json":{"title":"Produits - DNT non woven fabrics - No Tejido","description":"Fabricantes de Productos de Spunbond, para el sector industrial y transformador del no tejido, con capacidad de personalizaci\u00f3n a medida.","robots":{"index":"index","follow":"follow","max-snippet":"max-snippet:-1","max-image-preview":"max-image-preview:large","max-video-preview":"max-video-preview:-1"},"canonical":"https:\/\/dntnonwovenfabrics.com\/fr\/productos\/","og_locale":"fr_FR","og_type":"article","og_title":"Productos DNT Non Woven Fabrics","og_description":"Fabricantes de Spunbond de alta calidad, l\u00ednea \u202forientada al sector industrial y transformador del no tejido, con una alta capacidad de personalizaci\u00f3n a trav\u00e9s de colores, estampaci\u00f3n, acabados y tratamientos.","og_url":"https:\/\/dntnonwovenfabrics.com\/fr\/productos\/","og_site_name":"DNT non woven fabrics - No Tejido","article_modified_time":"2026-01-22T09:20:09+00:00","og_image":[{"width":400,"height":400,"url":"https:\/\/dntnonwovenfabrics.com\/wp-content\/uploads\/2020\/09\/SPUNDBOND-mobile-1.jpg","type":"image\/jpeg"}],"twitter_card":"summary_large_image","twitter_title":"Productos DNT Non Woven Fabrics","twitter_description":"Fabricantes de Spunbond de alta calidad, l\u00ednea \u202forientada al sector industrial y transformador del no tejido, con una alta capacidad de personalizaci\u00f3n a trav\u00e9s de colores, estampaci\u00f3n, acabados y tratamientos.","twitter_image":"https:\/\/dntnonwovenfabrics.com\/wp-content\/uploads\/2020\/09\/SPUNDBOND-mobile-1.jpg","twitter_misc":{"Dur\u00e9e de lecture estim\u00e9e":"2 minutes"},"schema":{"@context":"https:\/\/schema.org","@graph":[{"@type":["WebPage","ItemPage"],"@id":"https:\/\/dntnonwovenfabrics.com\/fr\/productos\/","url":"https:\/\/dntnonwovenfabrics.com\/fr\/productos\/","name":"Produits - DNT non woven fabrics - No Tejido","isPartOf":{"@id":"https:\/\/dntnonwovenfabrics.com\/fr\/#website"},"primaryImageOfPage":{"@id":"https:\/\/dntnonwovenfabrics.com\/fr\/productos\/#primaryimage"},"image":{"@id":"https:\/\/dntnonwovenfabrics.com\/fr\/productos\/#primaryimage"},"thumbnailUrl":"https:\/\/dntnonwovenfabrics.com\/wp-content\/uploads\/2021\/10\/banner-productos.jpg","datePublished":"2010-08-23T17:14:11+00:00","dateModified":"2026-01-22T09:20:09+00:00","description":"Fabricantes de Productos de Spunbond, para el sector industrial y transformador del no tejido, con capacidad de personalizaci\u00f3n a medida.","breadcrumb":{"@id":"https:\/\/dntnonwovenfabrics.com\/fr\/productos\/#breadcrumb"},"inLanguage":"fr-FR","potentialAction":[{"@type":"ReadAction","target":["https:\/\/dntnonwovenfabrics.com\/fr\/productos\/"]}]},{"@type":"ImageObject","inLanguage":"fr-FR","@id":"https:\/\/dntnonwovenfabrics.com\/fr\/productos\/#primaryimage","url":"https:\/\/dntnonwovenfabrics.com\/wp-content\/uploads\/2021\/10\/banner-productos.jpg","contentUrl":"https:\/\/dntnonwovenfabrics.com\/wp-content\/uploads\/2021\/10\/banner-productos.jpg","width":1918,"height":600,"caption":"Products"},{"@type":"BreadcrumbList","@id":"https:\/\/dntnonwovenfabrics.com\/fr\/productos\/#breadcrumb","itemListElement":[{"@type":"ListItem","position":1,"name":"Portada","item":"https:\/\/dntnonwovenfabrics.com\/fr\/"},{"@type":"ListItem","position":2,"name":"Produits"}]},{"@type":"WebSite","@id":"https:\/\/dntnonwovenfabrics.com\/fr\/#website","url":"https:\/\/dntnonwovenfabrics.com\/fr\/","name":"DNT non woven fabrics - No Tejido","description":"Principal fabricante espa\u00f1ol de no tejido de polipropileno o spunbond non woven. La empresa con sede en Alcal\u00e1 la Real, Ja\u00e9n, forma parte del grupo empresarial Dise\u00f1os NT grupo con una extensa trayectoria en la industria transformadora del no tejido para la fabricaci\u00f3n de embalajes y bolsas.","publisher":{"@id":"https:\/\/dntnonwovenfabrics.com\/fr\/#organization"},"potentialAction":[{"@type":"SearchAction","target":{"@type":"EntryPoint","urlTemplate":"https:\/\/dntnonwovenfabrics.com\/fr\/?s={search_term_string}"},"query-input":{"@type":"PropertyValueSpecification","valueRequired":true,"valueName":"search_term_string"}}],"inLanguage":"fr-FR"},{"@type":"Organization","@id":"https:\/\/dntnonwovenfabrics.com\/fr\/#organization","name":"DNT non woven fabrics - No Tejido","url":"https:\/\/dntnonwovenfabrics.com\/fr\/","logo":{"@type":"ImageObject","inLanguage":"fr-FR","@id":"https:\/\/dntnonwovenfabrics.com\/fr\/#\/schema\/logo\/image\/","url":"https:\/\/dntnonwovenfabrics.com\/wp-content\/uploads\/2014\/07\/logohead.jpg","contentUrl":"https:\/\/dntnonwovenfabrics.com\/wp-content\/uploads\/2014\/07\/logohead.jpg","width":205,"height":86,"caption":"DNT non woven fabrics - No Tejido"},"image":{"@id":"https:\/\/dntnonwovenfabrics.com\/fr\/#\/schema\/logo\/image\/"}}]}},"_links":{"self":[{"href":"https:\/\/dntnonwovenfabrics.com\/fr\/wp-json\/wp\/v2\/pages\/14602","targetHints":{"allow":["GET"]}}],"collection":[{"href":"https:\/\/dntnonwovenfabrics.com\/fr\/wp-json\/wp\/v2\/pages"}],"about":[{"href":"https:\/\/dntnonwovenfabrics.com\/fr\/wp-json\/wp\/v2\/types\/page"}],"author":[{"embeddable":true,"href":"https:\/\/dntnonwovenfabrics.com\/fr\/wp-json\/wp\/v2\/users\/5"}],"replies":[{"embeddable":true,"href":"https:\/\/dntnonwovenfabrics.com\/fr\/wp-json\/wp\/v2\/comments?post=14602"}],"version-history":[{"count":0,"href":"https:\/\/dntnonwovenfabrics.com\/fr\/wp-json\/wp\/v2\/pages\/14602\/revisions"}],"wp:featuredmedia":[{"embeddable":true,"href":"https:\/\/dntnonwovenfabrics.com\/fr\/wp-json\/wp\/v2\/media\/14604"}],"wp:attachment":[{"href":"https:\/\/dntnonwovenfabrics.com\/fr\/wp-json\/wp\/v2\/media?parent=14602"}],"curies":[{"name":"wp","href":"https:\/\/api.w.org\/{rel}","templated":true}]}}