{"id":14698,"date":"2021-10-07T14:15:29","date_gmt":"2021-10-07T12:15:29","guid":{"rendered":"https:\/\/dntnonwovenfabrics.com\/soluciones\/"},"modified":"2026-01-15T13:55:45","modified_gmt":"2026-01-15T12:55:45","slug":"solutions","status":"publish","type":"page","link":"https:\/\/dntnonwovenfabrics.com\/fr\/solutions\/","title":{"rendered":"Solutions"},"content":{"rendered":"<div class=\"gb-container gb-container-ef3aba8a\">\n\n<p>Des solutions adapt\u00e9es aux besoins de chaque client.<\/p>\n\n\n\n<p>Nos lignes de produits sont adapt\u00e9es aux caract\u00e9ristiques de chaque secteur.<\/p>\n\n<\/div>\n\n\n<div style=\"height:100px\" aria-hidden=\"true\" class=\"wp-block-spacer\"><\/div>\n\n\n<div class=\"gb-container gb-container-a606b1eb\">\n<div class=\"gb-grid-wrapper gb-grid-wrapper-849fe8e8\">\n<div class=\"gb-grid-column gb-grid-column-de681c08\"><div class=\"gb-container gb-container-de681c08\"><a class=\"gb-container-link\" href=\"https:\/\/dntagro.com\/fr\/\" rel=\"noopener noreferrer\" target=\"_blank\"><\/a>\n\n<figure class=\"gb-block-image gb-block-image-299dd65a\"><img loading=\"lazy\" decoding=\"async\" width=\"771\" height=\"401\" class=\"gb-image gb-image-299dd65a\" src=\"https:\/\/dntnonwovenfabrics.com\/wp-content\/uploads\/2026\/01\/dnt-agro.png\" alt=\"\" title=\"DNT AGRO\" srcset=\"https:\/\/dntnonwovenfabrics.com\/wp-content\/uploads\/2026\/01\/dnt-agro.png 771w, https:\/\/dntnonwovenfabrics.com\/wp-content\/uploads\/2026\/01\/dnt-agro-370x192.png 370w, https:\/\/dntnonwovenfabrics.com\/wp-content\/uploads\/2026\/01\/dnt-agro-768x399.png 768w\" sizes=\"auto, (max-width: 771px) 100vw, 771px\" \/><\/figure>\n\n<\/div><\/div>\n\n<div class=\"gb-grid-column gb-grid-column-43dd33ad\"><div class=\"gb-container gb-container-43dd33ad\"><a class=\"gb-container-link\" href=\"https:\/\/dntnonwovenfabrics.com\/fr\/secteurs\/sanitaire\/\"><\/a>\n\n<figure class=\"gb-block-image gb-block-image-10a872a2\"><img loading=\"lazy\" decoding=\"async\" width=\"710\" height=\"370\" class=\"gb-image gb-image-10a872a2\" src=\"https:\/\/dntnonwovenfabrics.com\/wp-content\/uploads\/2024\/05\/dnt-healthcare.jpg\" alt=\"Dnt Healthcare\" title=\"Dnt Healthcare\" srcset=\"https:\/\/dntnonwovenfabrics.com\/wp-content\/uploads\/2024\/05\/dnt-healthcare.jpg 710w, https:\/\/dntnonwovenfabrics.com\/wp-content\/uploads\/2024\/05\/dnt-healthcare-370x193.jpg 370w\" sizes=\"auto, (max-width: 710px) 100vw, 710px\" \/><\/figure>\n\n<\/div><\/div>\n\n<div class=\"gb-grid-column gb-grid-column-0aeea621\"><div class=\"gb-container gb-container-0aeea621\"><a class=\"gb-container-link\" href=\"https:\/\/dntnonwovenfabrics.com\/fr\/secteurs\/absorption\/\"><\/a>\n\n<figure class=\"gb-block-image gb-block-image-7efd6466\"><img loading=\"lazy\" decoding=\"async\" width=\"710\" height=\"369\" class=\"gb-image gb-image-7efd6466\" src=\"https:\/\/dntnonwovenfabrics.com\/wp-content\/uploads\/2024\/05\/dnt-absorption.jpg\" alt=\"Dnt Absorption\" title=\"Dnt Absorption\" srcset=\"https:\/\/dntnonwovenfabrics.com\/wp-content\/uploads\/2024\/05\/dnt-absorption.jpg 710w, https:\/\/dntnonwovenfabrics.com\/wp-content\/uploads\/2024\/05\/dnt-absorption-370x192.jpg 370w\" sizes=\"auto, (max-width: 710px) 100vw, 710px\" \/><\/figure>\n\n<\/div><\/div>\n\n<div class=\"gb-grid-column gb-grid-column-1ab7d7fe\"><div class=\"gb-container gb-container-1ab7d7fe\"><a class=\"gb-container-link\" href=\"https:\/\/dntnonwovenfabrics.com\/fr\/secteurs\/alimentation-et-horeca\/\"><\/a>\n\n<figure class=\"gb-block-image gb-block-image-783620a0\"><img loading=\"lazy\" decoding=\"async\" width=\"710\" height=\"369\" class=\"gb-image gb-image-783620a0\" src=\"https:\/\/dntnonwovenfabrics.com\/wp-content\/uploads\/2024\/05\/dnt-agro-food.jpg\" alt=\"Dnt Agro Food\" title=\"Dnt Agro Food\" srcset=\"https:\/\/dntnonwovenfabrics.com\/wp-content\/uploads\/2024\/05\/dnt-agro-food.jpg 710w, https:\/\/dntnonwovenfabrics.com\/wp-content\/uploads\/2024\/05\/dnt-agro-food-370x192.jpg 370w\" sizes=\"auto, (max-width: 710px) 100vw, 710px\" \/><\/figure>\n\n<\/div><\/div>\n\n<div class=\"gb-grid-column gb-grid-column-cea99a7f\"><div class=\"gb-container gb-container-cea99a7f\"><a class=\"gb-container-link\" href=\"https:\/\/dntnonwovenfabrics.com\/fr\/secteurs\/safemove\/\"><\/a>\n\n<figure class=\"gb-block-image gb-block-image-0a320177\"><img loading=\"lazy\" decoding=\"async\" width=\"710\" height=\"369\" class=\"gb-image gb-image-0a320177\" src=\"https:\/\/dntnonwovenfabrics.com\/wp-content\/uploads\/2024\/05\/dnt-agro-safe-move.jpg\" alt=\"Dnt Agro Safe Move\" title=\"Dnt Agro Safe Move\" srcset=\"https:\/\/dntnonwovenfabrics.com\/wp-content\/uploads\/2024\/05\/dnt-agro-safe-move.jpg 710w, https:\/\/dntnonwovenfabrics.com\/wp-content\/uploads\/2024\/05\/dnt-agro-safe-move-370x192.jpg 370w\" sizes=\"auto, (max-width: 710px) 100vw, 710px\" \/><\/figure>\n\n<\/div><\/div>\n\n<div class=\"gb-grid-column gb-grid-column-55dcce0b\"><div class=\"gb-container gb-container-55dcce0b\"><a class=\"gb-container-link\" href=\"https:\/\/dntnonwovenfabrics.com\/fr\/secteurs\/construction-et-industrie\/\"><\/a>\n\n<figure class=\"gb-block-image gb-block-image-9320e74c\"><img loading=\"lazy\" decoding=\"async\" width=\"710\" height=\"369\" class=\"gb-image gb-image-9320e74c\" src=\"https:\/\/dntnonwovenfabrics.com\/wp-content\/uploads\/2024\/05\/dnt-industrial.jpg\" alt=\"Dnt Industrial\" title=\"Dnt Industrial\" srcset=\"https:\/\/dntnonwovenfabrics.com\/wp-content\/uploads\/2024\/05\/dnt-industrial.jpg 710w, https:\/\/dntnonwovenfabrics.com\/wp-content\/uploads\/2024\/05\/dnt-industrial-370x192.jpg 370w\" sizes=\"auto, (max-width: 710px) 100vw, 710px\" \/><\/figure>\n\n<\/div><\/div>\n\n<div class=\"gb-grid-column gb-grid-column-ffeac051\"><div class=\"gb-container gb-container-ffeac051\"><a class=\"gb-container-link\" href=\"https:\/\/dntnonwovenfabrics.com\/fr\/secteurs\/automobile\/\"><\/a>\n\n<figure class=\"gb-block-image gb-block-image-adce86fc\"><img loading=\"lazy\" decoding=\"async\" width=\"771\" height=\"401\" class=\"gb-image gb-image-adce86fc\" src=\"https:\/\/dntnonwovenfabrics.com\/wp-content\/uploads\/2026\/01\/dnt-auto.png\" alt=\"\" title=\"DNT AUTO\" srcset=\"https:\/\/dntnonwovenfabrics.com\/wp-content\/uploads\/2026\/01\/dnt-auto.png 771w, https:\/\/dntnonwovenfabrics.com\/wp-content\/uploads\/2026\/01\/dnt-auto-370x192.png 370w, https:\/\/dntnonwovenfabrics.com\/wp-content\/uploads\/2026\/01\/dnt-auto-768x399.png 768w\" sizes=\"auto, (max-width: 771px) 100vw, 771px\" \/><\/figure>\n\n<\/div><\/div>\n\n<div class=\"gb-grid-column gb-grid-column-85dbc504\"><div class=\"gb-container gb-container-85dbc504\"><a class=\"gb-container-link\" href=\"https:\/\/www.dntprotex.com\/\" rel=\"noopener noreferrer\" target=\"_blank\"><\/a>\n\n<figure class=\"gb-block-image gb-block-image-2b7c026a\"><img loading=\"lazy\" decoding=\"async\" width=\"771\" height=\"401\" class=\"gb-image gb-image-2b7c026a\" src=\"https:\/\/dntnonwovenfabrics.com\/wp-content\/uploads\/2026\/01\/dnt-protex.png\" alt=\"\" title=\"DNT PROTEX\" srcset=\"https:\/\/dntnonwovenfabrics.com\/wp-content\/uploads\/2026\/01\/dnt-protex.png 771w, https:\/\/dntnonwovenfabrics.com\/wp-content\/uploads\/2026\/01\/dnt-protex-370x192.png 370w, https:\/\/dntnonwovenfabrics.com\/wp-content\/uploads\/2026\/01\/dnt-protex-768x399.png 768w\" sizes=\"auto, (max-width: 771px) 100vw, 771px\" \/><\/figure>\n\n<\/div><\/div>\n<\/div>\n<\/div>","protected":false},"excerpt":{"rendered":"<p>Des solutions adapt\u00e9es aux besoins de chaque client. Nos lignes de produits sont adapt\u00e9es aux caract\u00e9ristiques de chaque secteur.<\/p>\n","protected":false},"author":5,"featured_media":14699,"parent":0,"menu_order":0,"comment_status":"closed","ping_status":"closed","template":"","meta":{"inline_featured_image":false,"footnotes":""},"class_list":["post-14698","page","type-page","status-publish","has-post-thumbnail"],"yoast_head":"<!-- This site is optimized with the Yoast SEO plugin v27.3 - https:\/\/yoast.com\/product\/yoast-seo-wordpress\/ -->\n<title>Solutions - DNT non woven fabrics - No Tejido<\/title>\n<meta name=\"description\" content=\"Soluciones adaptadas a las necesidades de cada cliente. Nuestras l\u00edneas de producto est\u00e1n adaptadas a las caracter\u00edsticas de cada sector.\" \/>\n<meta name=\"robots\" content=\"index, follow, max-snippet:-1, max-image-preview:large, max-video-preview:-1\" \/>\n<link rel=\"canonical\" href=\"https:\/\/dntnonwovenfabrics.com\/fr\/solutions\/\" \/>\n<meta property=\"og:locale\" content=\"fr_FR\" \/>\n<meta property=\"og:type\" content=\"article\" \/>\n<meta property=\"og:title\" content=\"Solutions - DNT non woven fabrics - No Tejido\" \/>\n<meta property=\"og:description\" content=\"Soluciones adaptadas a las necesidades de cada cliente. Nuestras l\u00edneas de producto est\u00e1n adaptadas a las caracter\u00edsticas de cada sector.\" \/>\n<meta property=\"og:url\" content=\"https:\/\/dntnonwovenfabrics.com\/fr\/solutions\/\" \/>\n<meta property=\"og:site_name\" content=\"DNT non woven fabrics - No Tejido\" \/>\n<meta property=\"article:modified_time\" content=\"2026-01-15T12:55:45+00:00\" \/>\n<meta property=\"og:image\" content=\"https:\/\/dntnonwovenfabrics.com\/wp-content\/uploads\/2021\/10\/banner-sectores.jpg\" \/>\n\t<meta property=\"og:image:width\" content=\"1924\" \/>\n\t<meta property=\"og:image:height\" content=\"756\" \/>\n\t<meta property=\"og:image:type\" content=\"image\/jpeg\" \/>\n<meta name=\"twitter:card\" content=\"summary_large_image\" \/>\n<meta name=\"twitter:label1\" content=\"Dur\u00e9e de lecture estim\u00e9e\" \/>\n\t<meta name=\"twitter:data1\" content=\"2 minutes\" \/>\n<script type=\"application\/ld+json\" class=\"yoast-schema-graph\">{\"@context\":\"https:\\\/\\\/schema.org\",\"@graph\":[{\"@type\":\"WebPage\",\"@id\":\"https:\\\/\\\/dntnonwovenfabrics.com\\\/fr\\\/solutions\\\/\",\"url\":\"https:\\\/\\\/dntnonwovenfabrics.com\\\/fr\\\/solutions\\\/\",\"name\":\"Solutions - DNT non woven fabrics - No Tejido\",\"isPartOf\":{\"@id\":\"https:\\\/\\\/dntnonwovenfabrics.com\\\/fr\\\/#website\"},\"primaryImageOfPage\":{\"@id\":\"https:\\\/\\\/dntnonwovenfabrics.com\\\/fr\\\/solutions\\\/#primaryimage\"},\"image\":{\"@id\":\"https:\\\/\\\/dntnonwovenfabrics.com\\\/fr\\\/solutions\\\/#primaryimage\"},\"thumbnailUrl\":\"https:\\\/\\\/dntnonwovenfabrics.com\\\/wp-content\\\/uploads\\\/2021\\\/10\\\/banner-sectores.jpg\",\"datePublished\":\"2021-10-07T12:15:29+00:00\",\"dateModified\":\"2026-01-15T12:55:45+00:00\",\"description\":\"Soluciones adaptadas a las necesidades de cada cliente. Nuestras l\u00edneas de producto est\u00e1n adaptadas a las caracter\u00edsticas de cada sector.\",\"breadcrumb\":{\"@id\":\"https:\\\/\\\/dntnonwovenfabrics.com\\\/fr\\\/solutions\\\/#breadcrumb\"},\"inLanguage\":\"fr-FR\",\"potentialAction\":[{\"@type\":\"ReadAction\",\"target\":[\"https:\\\/\\\/dntnonwovenfabrics.com\\\/fr\\\/solutions\\\/\"]}]},{\"@type\":\"ImageObject\",\"inLanguage\":\"fr-FR\",\"@id\":\"https:\\\/\\\/dntnonwovenfabrics.com\\\/fr\\\/solutions\\\/#primaryimage\",\"url\":\"https:\\\/\\\/dntnonwovenfabrics.com\\\/wp-content\\\/uploads\\\/2021\\\/10\\\/banner-sectores.jpg\",\"contentUrl\":\"https:\\\/\\\/dntnonwovenfabrics.com\\\/wp-content\\\/uploads\\\/2021\\\/10\\\/banner-sectores.jpg\",\"width\":1924,\"height\":756,\"caption\":\"Solutions\"},{\"@type\":\"BreadcrumbList\",\"@id\":\"https:\\\/\\\/dntnonwovenfabrics.com\\\/fr\\\/solutions\\\/#breadcrumb\",\"itemListElement\":[{\"@type\":\"ListItem\",\"position\":1,\"name\":\"Portada\",\"item\":\"https:\\\/\\\/dntnonwovenfabrics.com\\\/fr\\\/\"},{\"@type\":\"ListItem\",\"position\":2,\"name\":\"Solutions\"}]},{\"@type\":\"WebSite\",\"@id\":\"https:\\\/\\\/dntnonwovenfabrics.com\\\/fr\\\/#website\",\"url\":\"https:\\\/\\\/dntnonwovenfabrics.com\\\/fr\\\/\",\"name\":\"DNT non woven fabrics - No Tejido\",\"description\":\"Principal fabricante espa\u00f1ol de no tejido de polipropileno o spunbond non woven. La empresa con sede en Alcal\u00e1 la Real, Ja\u00e9n, forma parte del grupo empresarial Dise\u00f1os NT grupo con una extensa trayectoria en la industria transformadora del no tejido para la fabricaci\u00f3n de embalajes y bolsas.\",\"publisher\":{\"@id\":\"https:\\\/\\\/dntnonwovenfabrics.com\\\/fr\\\/#organization\"},\"potentialAction\":[{\"@type\":\"SearchAction\",\"target\":{\"@type\":\"EntryPoint\",\"urlTemplate\":\"https:\\\/\\\/dntnonwovenfabrics.com\\\/fr\\\/?s={search_term_string}\"},\"query-input\":{\"@type\":\"PropertyValueSpecification\",\"valueRequired\":true,\"valueName\":\"search_term_string\"}}],\"inLanguage\":\"fr-FR\"},{\"@type\":\"Organization\",\"@id\":\"https:\\\/\\\/dntnonwovenfabrics.com\\\/fr\\\/#organization\",\"name\":\"DNT non woven fabrics - No Tejido\",\"url\":\"https:\\\/\\\/dntnonwovenfabrics.com\\\/fr\\\/\",\"logo\":{\"@type\":\"ImageObject\",\"inLanguage\":\"fr-FR\",\"@id\":\"https:\\\/\\\/dntnonwovenfabrics.com\\\/fr\\\/#\\\/schema\\\/logo\\\/image\\\/\",\"url\":\"https:\\\/\\\/dntnonwovenfabrics.com\\\/wp-content\\\/uploads\\\/2014\\\/07\\\/logohead.jpg\",\"contentUrl\":\"https:\\\/\\\/dntnonwovenfabrics.com\\\/wp-content\\\/uploads\\\/2014\\\/07\\\/logohead.jpg\",\"width\":205,\"height\":86,\"caption\":\"DNT non woven fabrics - No Tejido\"},\"image\":{\"@id\":\"https:\\\/\\\/dntnonwovenfabrics.com\\\/fr\\\/#\\\/schema\\\/logo\\\/image\\\/\"}}]}<\/script>\n<!-- \/ Yoast SEO plugin. -->","yoast_head_json":{"title":"Solutions - DNT non woven fabrics - No Tejido","description":"Soluciones adaptadas a las necesidades de cada cliente. Nuestras l\u00edneas de producto est\u00e1n adaptadas a las caracter\u00edsticas de cada sector.","robots":{"index":"index","follow":"follow","max-snippet":"max-snippet:-1","max-image-preview":"max-image-preview:large","max-video-preview":"max-video-preview:-1"},"canonical":"https:\/\/dntnonwovenfabrics.com\/fr\/solutions\/","og_locale":"fr_FR","og_type":"article","og_title":"Solutions - DNT non woven fabrics - No Tejido","og_description":"Soluciones adaptadas a las necesidades de cada cliente. Nuestras l\u00edneas de producto est\u00e1n adaptadas a las caracter\u00edsticas de cada sector.","og_url":"https:\/\/dntnonwovenfabrics.com\/fr\/solutions\/","og_site_name":"DNT non woven fabrics - No Tejido","article_modified_time":"2026-01-15T12:55:45+00:00","og_image":[{"width":1924,"height":756,"url":"https:\/\/dntnonwovenfabrics.com\/wp-content\/uploads\/2021\/10\/banner-sectores.jpg","type":"image\/jpeg"}],"twitter_card":"summary_large_image","twitter_misc":{"Dur\u00e9e de lecture estim\u00e9e":"2 minutes"},"schema":{"@context":"https:\/\/schema.org","@graph":[{"@type":"WebPage","@id":"https:\/\/dntnonwovenfabrics.com\/fr\/solutions\/","url":"https:\/\/dntnonwovenfabrics.com\/fr\/solutions\/","name":"Solutions - DNT non woven fabrics - No Tejido","isPartOf":{"@id":"https:\/\/dntnonwovenfabrics.com\/fr\/#website"},"primaryImageOfPage":{"@id":"https:\/\/dntnonwovenfabrics.com\/fr\/solutions\/#primaryimage"},"image":{"@id":"https:\/\/dntnonwovenfabrics.com\/fr\/solutions\/#primaryimage"},"thumbnailUrl":"https:\/\/dntnonwovenfabrics.com\/wp-content\/uploads\/2021\/10\/banner-sectores.jpg","datePublished":"2021-10-07T12:15:29+00:00","dateModified":"2026-01-15T12:55:45+00:00","description":"Soluciones adaptadas a las necesidades de cada cliente. Nuestras l\u00edneas de producto est\u00e1n adaptadas a las caracter\u00edsticas de cada sector.","breadcrumb":{"@id":"https:\/\/dntnonwovenfabrics.com\/fr\/solutions\/#breadcrumb"},"inLanguage":"fr-FR","potentialAction":[{"@type":"ReadAction","target":["https:\/\/dntnonwovenfabrics.com\/fr\/solutions\/"]}]},{"@type":"ImageObject","inLanguage":"fr-FR","@id":"https:\/\/dntnonwovenfabrics.com\/fr\/solutions\/#primaryimage","url":"https:\/\/dntnonwovenfabrics.com\/wp-content\/uploads\/2021\/10\/banner-sectores.jpg","contentUrl":"https:\/\/dntnonwovenfabrics.com\/wp-content\/uploads\/2021\/10\/banner-sectores.jpg","width":1924,"height":756,"caption":"Solutions"},{"@type":"BreadcrumbList","@id":"https:\/\/dntnonwovenfabrics.com\/fr\/solutions\/#breadcrumb","itemListElement":[{"@type":"ListItem","position":1,"name":"Portada","item":"https:\/\/dntnonwovenfabrics.com\/fr\/"},{"@type":"ListItem","position":2,"name":"Solutions"}]},{"@type":"WebSite","@id":"https:\/\/dntnonwovenfabrics.com\/fr\/#website","url":"https:\/\/dntnonwovenfabrics.com\/fr\/","name":"DNT non woven fabrics - No Tejido","description":"Principal fabricante espa\u00f1ol de no tejido de polipropileno o spunbond non woven. La empresa con sede en Alcal\u00e1 la Real, Ja\u00e9n, forma parte del grupo empresarial Dise\u00f1os NT grupo con una extensa trayectoria en la industria transformadora del no tejido para la fabricaci\u00f3n de embalajes y bolsas.","publisher":{"@id":"https:\/\/dntnonwovenfabrics.com\/fr\/#organization"},"potentialAction":[{"@type":"SearchAction","target":{"@type":"EntryPoint","urlTemplate":"https:\/\/dntnonwovenfabrics.com\/fr\/?s={search_term_string}"},"query-input":{"@type":"PropertyValueSpecification","valueRequired":true,"valueName":"search_term_string"}}],"inLanguage":"fr-FR"},{"@type":"Organization","@id":"https:\/\/dntnonwovenfabrics.com\/fr\/#organization","name":"DNT non woven fabrics - No Tejido","url":"https:\/\/dntnonwovenfabrics.com\/fr\/","logo":{"@type":"ImageObject","inLanguage":"fr-FR","@id":"https:\/\/dntnonwovenfabrics.com\/fr\/#\/schema\/logo\/image\/","url":"https:\/\/dntnonwovenfabrics.com\/wp-content\/uploads\/2014\/07\/logohead.jpg","contentUrl":"https:\/\/dntnonwovenfabrics.com\/wp-content\/uploads\/2014\/07\/logohead.jpg","width":205,"height":86,"caption":"DNT non woven fabrics - No Tejido"},"image":{"@id":"https:\/\/dntnonwovenfabrics.com\/fr\/#\/schema\/logo\/image\/"}}]}},"_links":{"self":[{"href":"https:\/\/dntnonwovenfabrics.com\/fr\/wp-json\/wp\/v2\/pages\/14698","targetHints":{"allow":["GET"]}}],"collection":[{"href":"https:\/\/dntnonwovenfabrics.com\/fr\/wp-json\/wp\/v2\/pages"}],"about":[{"href":"https:\/\/dntnonwovenfabrics.com\/fr\/wp-json\/wp\/v2\/types\/page"}],"author":[{"embeddable":true,"href":"https:\/\/dntnonwovenfabrics.com\/fr\/wp-json\/wp\/v2\/users\/5"}],"replies":[{"embeddable":true,"href":"https:\/\/dntnonwovenfabrics.com\/fr\/wp-json\/wp\/v2\/comments?post=14698"}],"version-history":[{"count":0,"href":"https:\/\/dntnonwovenfabrics.com\/fr\/wp-json\/wp\/v2\/pages\/14698\/revisions"}],"wp:featuredmedia":[{"embeddable":true,"href":"https:\/\/dntnonwovenfabrics.com\/fr\/wp-json\/wp\/v2\/media\/14699"}],"wp:attachment":[{"href":"https:\/\/dntnonwovenfabrics.com\/fr\/wp-json\/wp\/v2\/media?parent=14698"}],"curies":[{"name":"wp","href":"https:\/\/api.w.org\/{rel}","templated":true}]}}