{"id":14712,"date":"2024-05-27T12:28:25","date_gmt":"2024-05-27T10:28:25","guid":{"rendered":"https:\/\/dntnonwovenfabrics.com\/blog-noticias\/"},"modified":"2024-11-13T18:16:55","modified_gmt":"2024-11-13T17:16:55","slug":"blog-noticias","status":"publish","type":"page","link":"https:\/\/dntnonwovenfabrics.com\/fr\/blog-noticias\/","title":{"rendered":"blog noticias"},"content":{"rendered":"<div class=\"gb-container gb-container-c38fe418\">\n<div class=\"gb-container gb-container-d5a92275\">\n\n<div class=\"gb-grid-wrapper gb-grid-wrapper-d613e755 gb-query-loop-wrapper\">\n<div class=\"gb-grid-column gb-grid-column-d64c1efc gb-query-loop-item post-18127 post type-post status-publish format-standard has-post-thumbnail hentry category-produits\"><div class=\"gb-container gb-container-d64c1efc\">\n<div class=\"gb-container gb-container-ef916aee\" style=\"background-image: url(https:\/\/dntnonwovenfabrics.com\/wp-content\/uploads\/2026\/04\/dsc00605-4.jpg);\"><\/div>\n\n<div class=\"gb-container gb-container-9b770629\">\n<h2 class=\"gb-headline gb-headline-bac14188 gb-headline-text\">Saviez-vous qu\u2019un m\u00eame spunbond peut se comporter de mani\u00e8re totalement diff\u00e9rente selon le traitement qu\u2019il re\u00e7oit ?<\/h2>\n\n<div class=\"wp-block-post-excerpt\"><p class=\"wp-block-post-excerpt__excerpt\">Un spunbond hydrophobe repousse les liquides, tandis qu\u2019un spunbond hydrophile les absorbe et les r\u00e9partit. La diff\u00e9rence ne r\u00e9side pas dans la fibre, mais dans le traitement appliqu\u00e9 au mat\u00e9riau. Cette capacit\u00e9 d\u2019adaptation permet d\u2019utiliser un m\u00eame spunbond dans des produits aussi vari\u00e9s que les couches, les serviettes hygi\u00e9niques, les lingettes, les housses ou les\u2026<\/p><p class=\"wp-block-post-excerpt__more-text\"><a class=\"wp-block-post-excerpt__more-link\" href=\"https:\/\/dntnonwovenfabrics.com\/fr\/meme-filage-comportement-different\/\">Leer m\u00e1s<\/a><\/p><\/div>\n<\/div>\n<\/div><\/div>\n\n<div class=\"gb-grid-column gb-grid-column-d64c1efc gb-query-loop-item post-18069 post type-post status-publish format-standard has-post-thumbnail hentry category-produits\"><div class=\"gb-container gb-container-d64c1efc\">\n<div class=\"gb-container gb-container-ef916aee\" style=\"background-image: url(https:\/\/dntnonwovenfabrics.com\/wp-content\/uploads\/2026\/03\/no-tejido-con-aroma-3.jpg);\"><\/div>\n\n<div class=\"gb-container gb-container-9b770629\">\n<h2 class=\"gb-headline gb-headline-bac14188 gb-headline-text\">Saviez-vous qu\u2019un non-tiss\u00e9 aromatis\u00e9 peut lib\u00e9rer une fragrance de mani\u00e8re contr\u00f4l\u00e9e pendant des semaines?<\/h2>\n\n<div class=\"wp-block-post-excerpt\"><p class=\"wp-block-post-excerpt__excerpt\">Un non-tiss\u00e9 peut-il sentir? Non seulement cela est possible, mais il peut aussi lib\u00e9rer une fragrance de mani\u00e8re contr\u00f4l\u00e9e pendant plusieurs semaines. Pour ceux qui travaillent dans le d\u00e9veloppement et l\u2019approvisionnement de mat\u00e9riaux techniques, cette affirmation n\u2019est pas une simple curiosit\u00e9 sensorielle, mais une v\u00e9ritable opportunit\u00e9 industrielle. L\u2019int\u00e9gration de microcapsules aromatiques dans un non-tiss\u00e9 technique\u2026<\/p><p class=\"wp-block-post-excerpt__more-text\"><a class=\"wp-block-post-excerpt__more-link\" href=\"https:\/\/dntnonwovenfabrics.com\/fr\/parfums-microencapsules-aromatises-non-tisses\/\">Leer m\u00e1s<\/a><\/p><\/div>\n<\/div>\n<\/div><\/div>\n\n<div class=\"gb-grid-column gb-grid-column-d64c1efc gb-query-loop-item post-17753 post type-post status-publish format-standard has-post-thumbnail hentry category-actualites category-noticias\"><div class=\"gb-container gb-container-d64c1efc\">\n<div class=\"gb-container gb-container-ef916aee\" style=\"background-image: url(https:\/\/dntnonwovenfabrics.com\/wp-content\/uploads\/2023\/09\/hand-holding-a-growing-green-tree-environmental-en-2023-06-13-23-37-33-utc-scaled.jpg);\"><\/div>\n\n<div class=\"gb-container gb-container-9b770629\">\n<h2 class=\"gb-headline gb-headline-bac14188 gb-headline-text\">Une production efficace avec une empreinte environnementale r\u00e9duite<\/h2>\n\n<div class=\"wp-block-post-excerpt\"><p class=\"wp-block-post-excerpt__excerpt\">DNT Nonwoven Fabrics obtient le label Calculer, R\u00e9duire, Compenser 2024 DNT Non Woven Fabrics : Nous ne nous contentons pas de le comprendre, nous l\u2019appliquons. Notre m\u00e9thode de production a \u00e9volu\u00e9 vers un mod\u00e8le plus efficace, align\u00e9 sur l\u2019\u00e9conomie circulaire, avec un objectif clair : r\u00e9duire notre empreinte environnementale sans sacrifier la qualit\u00e9 ni la\u2026<\/p><p class=\"wp-block-post-excerpt__more-text\"><a class=\"wp-block-post-excerpt__more-link\" href=\"https:\/\/dntnonwovenfabrics.com\/fr\/produccion-eficiente-y-con-menor-huella-ambiental\/\">Leer m\u00e1s<\/a><\/p><\/div>\n<\/div>\n<\/div><\/div>\n\n<div class=\"gb-grid-column gb-grid-column-d64c1efc gb-query-loop-item post-17696 post type-post status-publish format-standard has-post-thumbnail hentry category-actualites\"><div class=\"gb-container gb-container-d64c1efc\">\n<div class=\"gb-container gb-container-ef916aee\" style=\"background-image: url(https:\/\/dntnonwovenfabrics.com\/wp-content\/uploads\/2025\/10\/diseno-sin-titulo-28.jpg);\"><\/div>\n\n<div class=\"gb-container gb-container-9b770629\">\n<h2 class=\"gb-headline gb-headline-bac14188 gb-headline-text\">DNT Auto : D\u00e9veloppement et fabrication de solutions techniques pour l&rsquo;industrie automobile<\/h2>\n\n<div class=\"wp-block-post-excerpt\"><p class=\"wp-block-post-excerpt__excerpt\">D\u00e8s le lancement de notre activit\u00e9 chez DNT AUTO, nous \u00e9tions convaincus que nous n&rsquo;\u00e9tions pas un acteur parmi d&rsquo;autres du secteur. Nous souhaitions faire la diff\u00e9rence gr\u00e2ce \u00e0 une approche forte : des solutions techniques concr\u00e8tes et innovantes, adapt\u00e9es aux besoins de l&rsquo;industrie automobile. Aujourd&rsquo;hui, je peux affirmer avec certitude que nous y sommes\u2026<\/p><p class=\"wp-block-post-excerpt__more-text\"><a class=\"wp-block-post-excerpt__more-link\" href=\"https:\/\/dntnonwovenfabrics.com\/fr\/dnt-auto-desarrollo-y-fabricacion-de-soluciones-tecnicas-para-la-automocion\/\">Leer m\u00e1s<\/a><\/p><\/div>\n<\/div>\n<\/div><\/div>\n\n<div class=\"gb-grid-column gb-grid-column-d64c1efc gb-query-loop-item post-16946 post type-post status-publish format-standard has-post-thumbnail hentry category-noticias\"><div class=\"gb-container gb-container-d64c1efc\">\n<div class=\"gb-container gb-container-ef916aee\" style=\"background-image: url(https:\/\/dntnonwovenfabrics.com\/wp-content\/uploads\/2025\/03\/tractor-manta-termica-ia_mesa-de-trabajo-1.jpg);\"><\/div>\n\n<div class=\"gb-container gb-container-9b770629\">\n<h2 class=\"gb-headline gb-headline-bac14188 gb-headline-text\">Couverture thermique pour \u00e9viter le froid dans vos cultures<\/h2>\n\n<div class=\"wp-block-post-excerpt\"><p class=\"wp-block-post-excerpt__excerpt\">Le froid extr\u00eame peut \u00eatre l\u2019une des plus grandes menaces pour les cultures agricoles, en particulier pendant les froides nuits d\u2019hiver ou les premi\u00e8res gel\u00e9es de la saison. Les basses temp\u00e9ratures peuvent endommager les plantes de mani\u00e8re irr\u00e9versible, r\u00e9duisant leur rendement et, dans certains cas, les d\u00e9truisant compl\u00e8tement. Pour r\u00e9pondre \u00e0 ce d\u00e9fi climatique, la\u2026<\/p><p class=\"wp-block-post-excerpt__more-text\"><a class=\"wp-block-post-excerpt__more-link\" href=\"https:\/\/dntnonwovenfabrics.com\/fr\/manta-termica-para-evitar-el-frio-en-tus-cultivos\/\">Leer m\u00e1s<\/a><\/p><\/div>\n<\/div>\n<\/div><\/div>\n\n<div class=\"gb-grid-column gb-grid-column-d64c1efc gb-query-loop-item post-16326 post type-post status-publish format-standard has-post-thumbnail hentry category-noticias\"><div class=\"gb-container gb-container-d64c1efc\">\n<div class=\"gb-container gb-container-ef916aee\" style=\"background-image: url(https:\/\/dntnonwovenfabrics.com\/wp-content\/uploads\/2025\/02\/cubretroncos-aguacate.jpg);\"><\/div>\n\n<div class=\"gb-container gb-container-9b770629\">\n<h2 class=\"gb-headline gb-headline-bac14188 gb-headline-text\">PROTECTEUR DE TRONCS D&rsquo;ABRE<\/h2>\n\n<div class=\"wp-block-post-excerpt\"><p class=\"wp-block-post-excerpt__excerpt\">AVANTAGES ET IMPLICATIONS POUR LES DIFF\u00c9RENTES CULTURES Le protecteur de tronc de DNT Agro est un outil essentiel dans l&rsquo;agriculture, con\u00e7u pour assurer la sant\u00e9 et la productivit\u00e9 des plantes dans diverses conditions. Nous examinons ci-dessous ses principaux avantages et ses applications dans diff\u00e9rentes cultures. Emp\u00eache la croissance de bourgeons adventifs autour du tronc. L&rsquo;un\u2026<\/p><p class=\"wp-block-post-excerpt__more-text\"><a class=\"wp-block-post-excerpt__more-link\" href=\"https:\/\/dntnonwovenfabrics.com\/fr\/protecteur-de-troncs-dabre\/\">Leer m\u00e1s<\/a><\/p><\/div>\n<\/div>\n<\/div><\/div>\n\n<div class=\"gb-grid-column gb-grid-column-d64c1efc gb-query-loop-item post-16289 post type-post status-publish format-standard has-post-thumbnail hentry category-noticias\"><div class=\"gb-container gb-container-d64c1efc\">\n<div class=\"gb-container gb-container-ef916aee\" style=\"background-image: url(https:\/\/dntnonwovenfabrics.com\/wp-content\/uploads\/2025\/02\/recicladora-1.jpg);\"><\/div>\n\n<div class=\"gb-container gb-container-9b770629\">\n<h2 class=\"gb-headline gb-headline-bac14188 gb-headline-text\">R\u00e9cup\u00e9rer les d\u00e9chets pour les transformer en ressources<\/h2>\n\n<div class=\"wp-block-post-excerpt\"><p class=\"wp-block-post-excerpt__excerpt\">DNT Non Woven Fabrics recycler, transformer et r\u00e9utiliser Chez DNT Non Woven, nous reconnaissons l&rsquo;importance d&rsquo;utiliser au mieux les ressources disponibles et de minimiser notre empreinte environnementale. Nous r\u00e9cup\u00e9rons les d\u00e9chets non tiss\u00e9s, les transformons en granul\u00e9s de polypropyl\u00e8ne et les r\u00e9incorporons dans notre processus de fabrication de Bond recycl\u00e9. R\u00e9cup\u00e9rer les d\u00e9chets pour les\u2026<\/p><p class=\"wp-block-post-excerpt__more-text\"><a class=\"wp-block-post-excerpt__more-link\" href=\"https:\/\/dntnonwovenfabrics.com\/fr\/recuperar-residuos-para-convertirlos-en-recursos\/\">Leer m\u00e1s<\/a><\/p><\/div>\n<\/div>\n<\/div><\/div>\n<\/div>\n\n<\/div>\n<\/div>","protected":false},"excerpt":{"rendered":"","protected":false},"author":5,"featured_media":0,"parent":0,"menu_order":0,"comment_status":"closed","ping_status":"closed","template":"","meta":{"inline_featured_image":false,"footnotes":""},"class_list":["post-14712","page","type-page","status-publish"],"yoast_head":"<!-- This site is optimized with the Yoast SEO plugin v27.3 - https:\/\/yoast.com\/product\/yoast-seo-wordpress\/ -->\n<title>blog noticias - DNT non woven fabrics - No Tejido<\/title>\n<meta name=\"robots\" content=\"index, follow, max-snippet:-1, max-image-preview:large, max-video-preview:-1\" \/>\n<link rel=\"canonical\" href=\"https:\/\/dntnonwovenfabrics.com\/fr\/blog-noticias\/\" \/>\n<meta property=\"og:locale\" content=\"fr_FR\" \/>\n<meta property=\"og:type\" content=\"article\" \/>\n<meta property=\"og:title\" content=\"blog noticias - DNT non woven fabrics - No Tejido\" \/>\n<meta property=\"og:url\" content=\"https:\/\/dntnonwovenfabrics.com\/fr\/blog-noticias\/\" \/>\n<meta property=\"og:site_name\" content=\"DNT non woven fabrics - No Tejido\" \/>\n<meta property=\"article:modified_time\" content=\"2024-11-13T17:16:55+00:00\" \/>\n<meta name=\"twitter:card\" content=\"summary_large_image\" \/>\n<script type=\"application\/ld+json\" class=\"yoast-schema-graph\">{\"@context\":\"https:\\\/\\\/schema.org\",\"@graph\":[{\"@type\":\"WebPage\",\"@id\":\"https:\\\/\\\/dntnonwovenfabrics.com\\\/fr\\\/blog-noticias\\\/\",\"url\":\"https:\\\/\\\/dntnonwovenfabrics.com\\\/fr\\\/blog-noticias\\\/\",\"name\":\"blog noticias - DNT non woven fabrics - No Tejido\",\"isPartOf\":{\"@id\":\"https:\\\/\\\/dntnonwovenfabrics.com\\\/fr\\\/#website\"},\"datePublished\":\"2024-05-27T10:28:25+00:00\",\"dateModified\":\"2024-11-13T17:16:55+00:00\",\"breadcrumb\":{\"@id\":\"https:\\\/\\\/dntnonwovenfabrics.com\\\/fr\\\/blog-noticias\\\/#breadcrumb\"},\"inLanguage\":\"fr-FR\",\"potentialAction\":[{\"@type\":\"ReadAction\",\"target\":[\"https:\\\/\\\/dntnonwovenfabrics.com\\\/fr\\\/blog-noticias\\\/\"]}]},{\"@type\":\"BreadcrumbList\",\"@id\":\"https:\\\/\\\/dntnonwovenfabrics.com\\\/fr\\\/blog-noticias\\\/#breadcrumb\",\"itemListElement\":[{\"@type\":\"ListItem\",\"position\":1,\"name\":\"Portada\",\"item\":\"https:\\\/\\\/dntnonwovenfabrics.com\\\/fr\\\/\"},{\"@type\":\"ListItem\",\"position\":2,\"name\":\"blog noticias\"}]},{\"@type\":\"WebSite\",\"@id\":\"https:\\\/\\\/dntnonwovenfabrics.com\\\/fr\\\/#website\",\"url\":\"https:\\\/\\\/dntnonwovenfabrics.com\\\/fr\\\/\",\"name\":\"DNT non woven fabrics - No Tejido\",\"description\":\"Principal fabricante espa\u00f1ol de no tejido de polipropileno o spunbond non woven. La empresa con sede en Alcal\u00e1 la Real, Ja\u00e9n, forma parte del grupo empresarial Dise\u00f1os NT grupo con una extensa trayectoria en la industria transformadora del no tejido para la fabricaci\u00f3n de embalajes y bolsas.\",\"publisher\":{\"@id\":\"https:\\\/\\\/dntnonwovenfabrics.com\\\/fr\\\/#organization\"},\"potentialAction\":[{\"@type\":\"SearchAction\",\"target\":{\"@type\":\"EntryPoint\",\"urlTemplate\":\"https:\\\/\\\/dntnonwovenfabrics.com\\\/fr\\\/?s={search_term_string}\"},\"query-input\":{\"@type\":\"PropertyValueSpecification\",\"valueRequired\":true,\"valueName\":\"search_term_string\"}}],\"inLanguage\":\"fr-FR\"},{\"@type\":\"Organization\",\"@id\":\"https:\\\/\\\/dntnonwovenfabrics.com\\\/fr\\\/#organization\",\"name\":\"DNT non woven fabrics - No Tejido\",\"url\":\"https:\\\/\\\/dntnonwovenfabrics.com\\\/fr\\\/\",\"logo\":{\"@type\":\"ImageObject\",\"inLanguage\":\"fr-FR\",\"@id\":\"https:\\\/\\\/dntnonwovenfabrics.com\\\/fr\\\/#\\\/schema\\\/logo\\\/image\\\/\",\"url\":\"https:\\\/\\\/dntnonwovenfabrics.com\\\/wp-content\\\/uploads\\\/2014\\\/07\\\/logohead.jpg\",\"contentUrl\":\"https:\\\/\\\/dntnonwovenfabrics.com\\\/wp-content\\\/uploads\\\/2014\\\/07\\\/logohead.jpg\",\"width\":205,\"height\":86,\"caption\":\"DNT non woven fabrics - No Tejido\"},\"image\":{\"@id\":\"https:\\\/\\\/dntnonwovenfabrics.com\\\/fr\\\/#\\\/schema\\\/logo\\\/image\\\/\"}}]}<\/script>\n<!-- \/ Yoast SEO plugin. -->","yoast_head_json":{"title":"blog noticias - DNT non woven fabrics - No Tejido","robots":{"index":"index","follow":"follow","max-snippet":"max-snippet:-1","max-image-preview":"max-image-preview:large","max-video-preview":"max-video-preview:-1"},"canonical":"https:\/\/dntnonwovenfabrics.com\/fr\/blog-noticias\/","og_locale":"fr_FR","og_type":"article","og_title":"blog noticias - DNT non woven fabrics - No Tejido","og_url":"https:\/\/dntnonwovenfabrics.com\/fr\/blog-noticias\/","og_site_name":"DNT non woven fabrics - No Tejido","article_modified_time":"2024-11-13T17:16:55+00:00","twitter_card":"summary_large_image","schema":{"@context":"https:\/\/schema.org","@graph":[{"@type":"WebPage","@id":"https:\/\/dntnonwovenfabrics.com\/fr\/blog-noticias\/","url":"https:\/\/dntnonwovenfabrics.com\/fr\/blog-noticias\/","name":"blog noticias - DNT non woven fabrics - No Tejido","isPartOf":{"@id":"https:\/\/dntnonwovenfabrics.com\/fr\/#website"},"datePublished":"2024-05-27T10:28:25+00:00","dateModified":"2024-11-13T17:16:55+00:00","breadcrumb":{"@id":"https:\/\/dntnonwovenfabrics.com\/fr\/blog-noticias\/#breadcrumb"},"inLanguage":"fr-FR","potentialAction":[{"@type":"ReadAction","target":["https:\/\/dntnonwovenfabrics.com\/fr\/blog-noticias\/"]}]},{"@type":"BreadcrumbList","@id":"https:\/\/dntnonwovenfabrics.com\/fr\/blog-noticias\/#breadcrumb","itemListElement":[{"@type":"ListItem","position":1,"name":"Portada","item":"https:\/\/dntnonwovenfabrics.com\/fr\/"},{"@type":"ListItem","position":2,"name":"blog noticias"}]},{"@type":"WebSite","@id":"https:\/\/dntnonwovenfabrics.com\/fr\/#website","url":"https:\/\/dntnonwovenfabrics.com\/fr\/","name":"DNT non woven fabrics - No Tejido","description":"Principal fabricante espa\u00f1ol de no tejido de polipropileno o spunbond non woven. La empresa con sede en Alcal\u00e1 la Real, Ja\u00e9n, forma parte del grupo empresarial Dise\u00f1os NT grupo con una extensa trayectoria en la industria transformadora del no tejido para la fabricaci\u00f3n de embalajes y bolsas.","publisher":{"@id":"https:\/\/dntnonwovenfabrics.com\/fr\/#organization"},"potentialAction":[{"@type":"SearchAction","target":{"@type":"EntryPoint","urlTemplate":"https:\/\/dntnonwovenfabrics.com\/fr\/?s={search_term_string}"},"query-input":{"@type":"PropertyValueSpecification","valueRequired":true,"valueName":"search_term_string"}}],"inLanguage":"fr-FR"},{"@type":"Organization","@id":"https:\/\/dntnonwovenfabrics.com\/fr\/#organization","name":"DNT non woven fabrics - No Tejido","url":"https:\/\/dntnonwovenfabrics.com\/fr\/","logo":{"@type":"ImageObject","inLanguage":"fr-FR","@id":"https:\/\/dntnonwovenfabrics.com\/fr\/#\/schema\/logo\/image\/","url":"https:\/\/dntnonwovenfabrics.com\/wp-content\/uploads\/2014\/07\/logohead.jpg","contentUrl":"https:\/\/dntnonwovenfabrics.com\/wp-content\/uploads\/2014\/07\/logohead.jpg","width":205,"height":86,"caption":"DNT non woven fabrics - No Tejido"},"image":{"@id":"https:\/\/dntnonwovenfabrics.com\/fr\/#\/schema\/logo\/image\/"}}]}},"_links":{"self":[{"href":"https:\/\/dntnonwovenfabrics.com\/fr\/wp-json\/wp\/v2\/pages\/14712","targetHints":{"allow":["GET"]}}],"collection":[{"href":"https:\/\/dntnonwovenfabrics.com\/fr\/wp-json\/wp\/v2\/pages"}],"about":[{"href":"https:\/\/dntnonwovenfabrics.com\/fr\/wp-json\/wp\/v2\/types\/page"}],"author":[{"embeddable":true,"href":"https:\/\/dntnonwovenfabrics.com\/fr\/wp-json\/wp\/v2\/users\/5"}],"replies":[{"embeddable":true,"href":"https:\/\/dntnonwovenfabrics.com\/fr\/wp-json\/wp\/v2\/comments?post=14712"}],"version-history":[{"count":0,"href":"https:\/\/dntnonwovenfabrics.com\/fr\/wp-json\/wp\/v2\/pages\/14712\/revisions"}],"wp:attachment":[{"href":"https:\/\/dntnonwovenfabrics.com\/fr\/wp-json\/wp\/v2\/media?parent=14712"}],"curies":[{"name":"wp","href":"https:\/\/api.w.org\/{rel}","templated":true}]}}