{"id":16078,"date":"2024-09-17T09:27:53","date_gmt":"2024-09-17T07:27:53","guid":{"rendered":"https:\/\/dntnonwovenfabrics.com\/ciclo-de-vida\/"},"modified":"2025-01-14T16:09:22","modified_gmt":"2025-01-14T15:09:22","slug":"ciclo-de-vida","status":"publish","type":"page","link":"https:\/\/dntnonwovenfabrics.com\/fr\/ciclo-de-vida\/","title":{"rendered":"CICLE DE VIE"},"content":{"rendered":"<div class=\"gb-grid-wrapper gb-grid-wrapper-139c0714\">\n<div class=\"gb-grid-column gb-grid-column-8cc865b8\"><div class=\"gb-container gb-container-8cc865b8\"><div class=\"gb-inside-container\">\n\n<p>L&#8217;empreinte carbone mesure les \u00e9missions de gaz \u00e0 effet de serre (GES) produites au cours du cycle de vie, directement ou indirectement, par les \u00eatres humains, les organisations et les entreprises.<\/p>\n\n\n\n<p>L&rsquo;analyse du cycle de vie \u00e9value les impacts environnementaux d&rsquo;un produit, d&rsquo;un processus ou d&rsquo;une activit\u00e9 depuis son origine jusqu&rsquo;\u00e0 son \u00e9limination.<\/p>\n\n\n\n<p>Le certificat ISO 14067 confirme nos pratiques durables et notre engagement \u00e0 r\u00e9duire l&rsquo;impact sur l&rsquo;environnement, garantissant que les informations rapport\u00e9es par DNT Non Woven Fabrics sont exactes et compl\u00e8tes.<\/p>\n\n\n\n<div style=\"height:72px\" aria-hidden=\"true\" class=\"wp-block-spacer hide-on-mobile\"><\/div>\n\n<\/div><\/div><\/div>\n<\/div>\n\n<div class=\"gb-container gb-container-3939dbf1 bloque-fondos\"><div class=\"gb-inside-container\">\n<div class=\"gb-grid-wrapper gb-grid-wrapper-9443645c\">\n<div class=\"gb-grid-column gb-grid-column-4ef543e7\"><div class=\"gb-container gb-container-4ef543e7 imagen-centrar\"><div class=\"gb-inside-container\"><\/div><\/div><\/div>\n\n<div class=\"gb-grid-column gb-grid-column-48747999\"><div class=\"gb-container gb-container-48747999 menu-carta\"><div class=\"gb-inside-container\">\n\n<div class=\"wp-block-columns is-layout-flex wp-container-core-columns-is-layout-9d6595d7 wp-block-columns-is-layout-flex\">\n<div class=\"wp-block-column vertical is-layout-flow wp-block-column-is-layout-flow\" style=\"flex-basis:5%\"><\/div>\n\n\n\n<div class=\"wp-block-column is-layout-flow wp-block-column-is-layout-flow\" style=\"flex-basis:70%\">\n<h2 class=\"gb-headline gb-headline-540615ab gb-headline-text bloque-sombra\">ANALYSE DU CYCLE DE VIE<\/h2>\n\n\n\n<h3 class=\"gb-headline gb-headline-e114c96a gb-headline-text\">SPUNBOND<\/h3>\n\n\n\n<p class=\"boton-derecha has-base-3-color has-text-color has-normal-font-size\">Notre mat\u00e9riau Spunbond r\u00e9duit les \u00e9missions de CO2 de 39 % par rapport aux importations, r\u00e9duisant ainsi les <a href=\"https:\/\/notejido.com\/fr\/durabilite-et-rse\/\">\u00e9missions<\/a> dues au transport gr\u00e2ce \u00e0 la proximit\u00e9 de nos fournisseurs et de nos clients.<\/p>\n<\/div>\n\n\n\n<div class=\"wp-block-column is-layout-flow wp-block-column-is-layout-flow\" style=\"flex-basis:15%\"><\/div>\n<\/div>\n\n<\/div><\/div><\/div>\n\n<div class=\"gb-grid-column gb-grid-column-34198529\"><div class=\"gb-container gb-container-34198529 fondo-ham\"><div class=\"gb-inside-container\">\n\n<div class=\"wp-block-columns texto-derecha is-layout-flex wp-container-core-columns-is-layout-9d6595d7 wp-block-columns-is-layout-flex\">\n<div class=\"wp-block-column vertical is-layout-flow wp-block-column-is-layout-flow\" style=\"flex-basis:5%\"><\/div>\n\n\n\n<div class=\"wp-block-column texto-derecha is-layout-flow wp-block-column-is-layout-flow\" style=\"flex-basis:70%\">\n<h3 class=\"gb-headline gb-headline-951c71fa gb-headline-text bloque-sombra\">ANALYSE DU CYCLE DE VIE<\/h3>\n\n\n\n<h3 class=\"gb-headline gb-headline-4821fc77 gb-headline-text\"><strong>SMS<\/strong><\/h3>\n\n\n\n<p class=\"boton-derecha has-base-3-color has-text-color has-normal-font-size\">Notre mat\u00e9riau SMS r\u00e9duit les \u00e9missions de CO2 de 41 % par rapport aux importations, r\u00e9duisant ainsi les \u00e9missions dues au transport gr\u00e2ce \u00e0 la proximit\u00e9 de nos fournisseurs et de nos clients.<\/p>\n<\/div>\n\n\n\n<div class=\"wp-block-column is-layout-flow wp-block-column-is-layout-flow\" style=\"flex-basis:5%\"><\/div>\n<\/div>\n\n<\/div><\/div><\/div>\n\n<div class=\"gb-grid-column gb-grid-column-480e6f00\"><div class=\"gb-container gb-container-480e6f00\"><div class=\"gb-inside-container\">\n<div class=\"gb-container gb-container-5b8d1386\"><div class=\"gb-inside-container\"><\/div><\/div>\n<\/div><\/div><\/div>\n<\/div>\n\n\n<div style=\"height:49px\" aria-hidden=\"true\" class=\"wp-block-spacer\"><\/div>\n\n<\/div><\/div>","protected":false},"excerpt":{"rendered":"","protected":false},"author":14,"featured_media":15208,"parent":0,"menu_order":0,"comment_status":"closed","ping_status":"closed","template":"","meta":{"inline_featured_image":false,"footnotes":""},"class_list":["post-16078","page","type-page","status-publish","has-post-thumbnail"],"yoast_head":"<!-- This site is optimized with the Yoast SEO plugin v27.3 - https:\/\/yoast.com\/product\/yoast-seo-wordpress\/ -->\n<title>CICLE DE VIE - DNT non woven fabrics - No Tejido<\/title>\n<meta name=\"description\" content=\"El an\u00e1lisis de Ciclo de Vida eval\u00faa los impactos ambientales de un producto, proceso o actividad desde su origen hasta su desecho.\u00a0\" \/>\n<meta name=\"robots\" content=\"index, follow, max-snippet:-1, max-image-preview:large, max-video-preview:-1\" \/>\n<link rel=\"canonical\" href=\"https:\/\/dntnonwovenfabrics.com\/fr\/ciclo-de-vida\/\" \/>\n<meta property=\"og:locale\" content=\"fr_FR\" \/>\n<meta property=\"og:type\" content=\"article\" \/>\n<meta property=\"og:title\" content=\"CICLE DE VIE - DNT non woven fabrics - No Tejido\" \/>\n<meta property=\"og:description\" content=\"El an\u00e1lisis de Ciclo de Vida eval\u00faa los impactos ambientales de un producto, proceso o actividad desde su origen hasta su desecho.\u00a0\" \/>\n<meta property=\"og:url\" content=\"https:\/\/dntnonwovenfabrics.com\/fr\/ciclo-de-vida\/\" \/>\n<meta property=\"og:site_name\" content=\"DNT non woven fabrics - No Tejido\" \/>\n<meta property=\"article:modified_time\" content=\"2025-01-14T15:09:22+00:00\" \/>\n<meta property=\"og:image\" content=\"https:\/\/dntnonwovenfabrics.com\/wp-content\/uploads\/2024\/05\/la-alternativa-europea.png\" \/>\n\t<meta property=\"og:image:width\" content=\"1600\" \/>\n\t<meta property=\"og:image:height\" content=\"600\" \/>\n\t<meta property=\"og:image:type\" content=\"image\/png\" \/>\n<meta name=\"twitter:card\" content=\"summary_large_image\" \/>\n<meta name=\"twitter:label1\" content=\"Dur\u00e9e de lecture estim\u00e9e\" \/>\n\t<meta name=\"twitter:data1\" content=\"1 minute\" \/>\n<script type=\"application\/ld+json\" class=\"yoast-schema-graph\">{\"@context\":\"https:\\\/\\\/schema.org\",\"@graph\":[{\"@type\":\"WebPage\",\"@id\":\"https:\\\/\\\/dntnonwovenfabrics.com\\\/fr\\\/ciclo-de-vida\\\/\",\"url\":\"https:\\\/\\\/dntnonwovenfabrics.com\\\/fr\\\/ciclo-de-vida\\\/\",\"name\":\"CICLE DE VIE - DNT non woven fabrics - No Tejido\",\"isPartOf\":{\"@id\":\"https:\\\/\\\/dntnonwovenfabrics.com\\\/fr\\\/#website\"},\"primaryImageOfPage\":{\"@id\":\"https:\\\/\\\/dntnonwovenfabrics.com\\\/fr\\\/ciclo-de-vida\\\/#primaryimage\"},\"image\":{\"@id\":\"https:\\\/\\\/dntnonwovenfabrics.com\\\/fr\\\/ciclo-de-vida\\\/#primaryimage\"},\"thumbnailUrl\":\"https:\\\/\\\/dntnonwovenfabrics.com\\\/wp-content\\\/uploads\\\/2024\\\/05\\\/la-alternativa-europea.png\",\"datePublished\":\"2024-09-17T07:27:53+00:00\",\"dateModified\":\"2025-01-14T15:09:22+00:00\",\"description\":\"El an\u00e1lisis de Ciclo de Vida eval\u00faa los impactos ambientales de un producto, proceso o actividad desde su origen hasta su desecho.\u00a0\",\"breadcrumb\":{\"@id\":\"https:\\\/\\\/dntnonwovenfabrics.com\\\/fr\\\/ciclo-de-vida\\\/#breadcrumb\"},\"inLanguage\":\"fr-FR\",\"potentialAction\":[{\"@type\":\"ReadAction\",\"target\":[\"https:\\\/\\\/dntnonwovenfabrics.com\\\/fr\\\/ciclo-de-vida\\\/\"]}]},{\"@type\":\"ImageObject\",\"inLanguage\":\"fr-FR\",\"@id\":\"https:\\\/\\\/dntnonwovenfabrics.com\\\/fr\\\/ciclo-de-vida\\\/#primaryimage\",\"url\":\"https:\\\/\\\/dntnonwovenfabrics.com\\\/wp-content\\\/uploads\\\/2024\\\/05\\\/la-alternativa-europea.png\",\"contentUrl\":\"https:\\\/\\\/dntnonwovenfabrics.com\\\/wp-content\\\/uploads\\\/2024\\\/05\\\/la-alternativa-europea.png\",\"width\":1600,\"height\":600,\"caption\":\"The European Alternative Our Life Cycle\"},{\"@type\":\"BreadcrumbList\",\"@id\":\"https:\\\/\\\/dntnonwovenfabrics.com\\\/fr\\\/ciclo-de-vida\\\/#breadcrumb\",\"itemListElement\":[{\"@type\":\"ListItem\",\"position\":1,\"name\":\"Portada\",\"item\":\"https:\\\/\\\/dntnonwovenfabrics.com\\\/fr\\\/\"},{\"@type\":\"ListItem\",\"position\":2,\"name\":\"CICLE DE VIE\"}]},{\"@type\":\"WebSite\",\"@id\":\"https:\\\/\\\/dntnonwovenfabrics.com\\\/fr\\\/#website\",\"url\":\"https:\\\/\\\/dntnonwovenfabrics.com\\\/fr\\\/\",\"name\":\"DNT non woven fabrics - No Tejido\",\"description\":\"Principal fabricante espa\u00f1ol de no tejido de polipropileno o spunbond non woven. La empresa con sede en Alcal\u00e1 la Real, Ja\u00e9n, forma parte del grupo empresarial Dise\u00f1os NT grupo con una extensa trayectoria en la industria transformadora del no tejido para la fabricaci\u00f3n de embalajes y bolsas.\",\"publisher\":{\"@id\":\"https:\\\/\\\/dntnonwovenfabrics.com\\\/fr\\\/#organization\"},\"potentialAction\":[{\"@type\":\"SearchAction\",\"target\":{\"@type\":\"EntryPoint\",\"urlTemplate\":\"https:\\\/\\\/dntnonwovenfabrics.com\\\/fr\\\/?s={search_term_string}\"},\"query-input\":{\"@type\":\"PropertyValueSpecification\",\"valueRequired\":true,\"valueName\":\"search_term_string\"}}],\"inLanguage\":\"fr-FR\"},{\"@type\":\"Organization\",\"@id\":\"https:\\\/\\\/dntnonwovenfabrics.com\\\/fr\\\/#organization\",\"name\":\"DNT non woven fabrics - No Tejido\",\"url\":\"https:\\\/\\\/dntnonwovenfabrics.com\\\/fr\\\/\",\"logo\":{\"@type\":\"ImageObject\",\"inLanguage\":\"fr-FR\",\"@id\":\"https:\\\/\\\/dntnonwovenfabrics.com\\\/fr\\\/#\\\/schema\\\/logo\\\/image\\\/\",\"url\":\"https:\\\/\\\/dntnonwovenfabrics.com\\\/wp-content\\\/uploads\\\/2014\\\/07\\\/logohead.jpg\",\"contentUrl\":\"https:\\\/\\\/dntnonwovenfabrics.com\\\/wp-content\\\/uploads\\\/2014\\\/07\\\/logohead.jpg\",\"width\":205,\"height\":86,\"caption\":\"DNT non woven fabrics - No Tejido\"},\"image\":{\"@id\":\"https:\\\/\\\/dntnonwovenfabrics.com\\\/fr\\\/#\\\/schema\\\/logo\\\/image\\\/\"}}]}<\/script>\n<!-- \/ Yoast SEO plugin. -->","yoast_head_json":{"title":"CICLE DE VIE - DNT non woven fabrics - No Tejido","description":"El an\u00e1lisis de Ciclo de Vida eval\u00faa los impactos ambientales de un producto, proceso o actividad desde su origen hasta su desecho.\u00a0","robots":{"index":"index","follow":"follow","max-snippet":"max-snippet:-1","max-image-preview":"max-image-preview:large","max-video-preview":"max-video-preview:-1"},"canonical":"https:\/\/dntnonwovenfabrics.com\/fr\/ciclo-de-vida\/","og_locale":"fr_FR","og_type":"article","og_title":"CICLE DE VIE - DNT non woven fabrics - No Tejido","og_description":"El an\u00e1lisis de Ciclo de Vida eval\u00faa los impactos ambientales de un producto, proceso o actividad desde su origen hasta su desecho.\u00a0","og_url":"https:\/\/dntnonwovenfabrics.com\/fr\/ciclo-de-vida\/","og_site_name":"DNT non woven fabrics - No Tejido","article_modified_time":"2025-01-14T15:09:22+00:00","og_image":[{"width":1600,"height":600,"url":"https:\/\/dntnonwovenfabrics.com\/wp-content\/uploads\/2024\/05\/la-alternativa-europea.png","type":"image\/png"}],"twitter_card":"summary_large_image","twitter_misc":{"Dur\u00e9e de lecture estim\u00e9e":"1 minute"},"schema":{"@context":"https:\/\/schema.org","@graph":[{"@type":"WebPage","@id":"https:\/\/dntnonwovenfabrics.com\/fr\/ciclo-de-vida\/","url":"https:\/\/dntnonwovenfabrics.com\/fr\/ciclo-de-vida\/","name":"CICLE DE VIE - DNT non woven fabrics - No Tejido","isPartOf":{"@id":"https:\/\/dntnonwovenfabrics.com\/fr\/#website"},"primaryImageOfPage":{"@id":"https:\/\/dntnonwovenfabrics.com\/fr\/ciclo-de-vida\/#primaryimage"},"image":{"@id":"https:\/\/dntnonwovenfabrics.com\/fr\/ciclo-de-vida\/#primaryimage"},"thumbnailUrl":"https:\/\/dntnonwovenfabrics.com\/wp-content\/uploads\/2024\/05\/la-alternativa-europea.png","datePublished":"2024-09-17T07:27:53+00:00","dateModified":"2025-01-14T15:09:22+00:00","description":"El an\u00e1lisis de Ciclo de Vida eval\u00faa los impactos ambientales de un producto, proceso o actividad desde su origen hasta su desecho.\u00a0","breadcrumb":{"@id":"https:\/\/dntnonwovenfabrics.com\/fr\/ciclo-de-vida\/#breadcrumb"},"inLanguage":"fr-FR","potentialAction":[{"@type":"ReadAction","target":["https:\/\/dntnonwovenfabrics.com\/fr\/ciclo-de-vida\/"]}]},{"@type":"ImageObject","inLanguage":"fr-FR","@id":"https:\/\/dntnonwovenfabrics.com\/fr\/ciclo-de-vida\/#primaryimage","url":"https:\/\/dntnonwovenfabrics.com\/wp-content\/uploads\/2024\/05\/la-alternativa-europea.png","contentUrl":"https:\/\/dntnonwovenfabrics.com\/wp-content\/uploads\/2024\/05\/la-alternativa-europea.png","width":1600,"height":600,"caption":"The European Alternative Our Life Cycle"},{"@type":"BreadcrumbList","@id":"https:\/\/dntnonwovenfabrics.com\/fr\/ciclo-de-vida\/#breadcrumb","itemListElement":[{"@type":"ListItem","position":1,"name":"Portada","item":"https:\/\/dntnonwovenfabrics.com\/fr\/"},{"@type":"ListItem","position":2,"name":"CICLE DE VIE"}]},{"@type":"WebSite","@id":"https:\/\/dntnonwovenfabrics.com\/fr\/#website","url":"https:\/\/dntnonwovenfabrics.com\/fr\/","name":"DNT non woven fabrics - No Tejido","description":"Principal fabricante espa\u00f1ol de no tejido de polipropileno o spunbond non woven. La empresa con sede en Alcal\u00e1 la Real, Ja\u00e9n, forma parte del grupo empresarial Dise\u00f1os NT grupo con una extensa trayectoria en la industria transformadora del no tejido para la fabricaci\u00f3n de embalajes y bolsas.","publisher":{"@id":"https:\/\/dntnonwovenfabrics.com\/fr\/#organization"},"potentialAction":[{"@type":"SearchAction","target":{"@type":"EntryPoint","urlTemplate":"https:\/\/dntnonwovenfabrics.com\/fr\/?s={search_term_string}"},"query-input":{"@type":"PropertyValueSpecification","valueRequired":true,"valueName":"search_term_string"}}],"inLanguage":"fr-FR"},{"@type":"Organization","@id":"https:\/\/dntnonwovenfabrics.com\/fr\/#organization","name":"DNT non woven fabrics - No Tejido","url":"https:\/\/dntnonwovenfabrics.com\/fr\/","logo":{"@type":"ImageObject","inLanguage":"fr-FR","@id":"https:\/\/dntnonwovenfabrics.com\/fr\/#\/schema\/logo\/image\/","url":"https:\/\/dntnonwovenfabrics.com\/wp-content\/uploads\/2014\/07\/logohead.jpg","contentUrl":"https:\/\/dntnonwovenfabrics.com\/wp-content\/uploads\/2014\/07\/logohead.jpg","width":205,"height":86,"caption":"DNT non woven fabrics - No Tejido"},"image":{"@id":"https:\/\/dntnonwovenfabrics.com\/fr\/#\/schema\/logo\/image\/"}}]}},"_links":{"self":[{"href":"https:\/\/dntnonwovenfabrics.com\/fr\/wp-json\/wp\/v2\/pages\/16078","targetHints":{"allow":["GET"]}}],"collection":[{"href":"https:\/\/dntnonwovenfabrics.com\/fr\/wp-json\/wp\/v2\/pages"}],"about":[{"href":"https:\/\/dntnonwovenfabrics.com\/fr\/wp-json\/wp\/v2\/types\/page"}],"author":[{"embeddable":true,"href":"https:\/\/dntnonwovenfabrics.com\/fr\/wp-json\/wp\/v2\/users\/14"}],"replies":[{"embeddable":true,"href":"https:\/\/dntnonwovenfabrics.com\/fr\/wp-json\/wp\/v2\/comments?post=16078"}],"version-history":[{"count":0,"href":"https:\/\/dntnonwovenfabrics.com\/fr\/wp-json\/wp\/v2\/pages\/16078\/revisions"}],"wp:featuredmedia":[{"embeddable":true,"href":"https:\/\/dntnonwovenfabrics.com\/fr\/wp-json\/wp\/v2\/media\/15208"}],"wp:attachment":[{"href":"https:\/\/dntnonwovenfabrics.com\/fr\/wp-json\/wp\/v2\/media?parent=16078"}],"curies":[{"name":"wp","href":"https:\/\/api.w.org\/{rel}","templated":true}]}}