{"id":16125,"date":"2022-02-01T16:43:59","date_gmt":"2022-02-01T15:43:59","guid":{"rendered":"https:\/\/dntnonwovenfabrics.com\/aviso-legal\/"},"modified":"2025-01-15T10:59:46","modified_gmt":"2025-01-15T09:59:46","slug":"aviso-legal","status":"publish","type":"page","link":"https:\/\/dntnonwovenfabrics.com\/fr\/aviso-legal\/","title":{"rendered":"Avis juiridique"},"content":{"rendered":"\n<p><\/p>\n\n\n\n<h3 class=\"wp-block-heading\"><strong>1.- Informations l\u00e9gales et acceptation<\/strong><\/h3>\n\n\n\n<p>Le site <a href=\"https:\/\/dntnonwovenfabrics.com\/fr\/\">www.dntnonwovenfabrics.com<\/a> (le \u00ab Site Internet \u00bb) appartient \u00e0 :<\/p>\n\n\n\n<ul class=\"wp-block-list\">\n<li><strong>DNT <\/strong><strong>Non<\/strong><strong> Woven Fabrics S.A.<\/strong><\/li>\n<\/ul>\n\n\n\n<p>Inscrite au Registre du Commerce de Ja\u00e9n, tome 523, entr\u00e9e 91, de la page 19955.<\/p>\n\n\n\n<p>NIF: A23699259<\/p>\n\n\n\n<p>Si\u00e8ge social : Pol. Ind. El Chaparral s\/n, 23692 Santa Ana, Alcal\u00e1 la Real (Ja\u00e9n), Espagne.<\/p>\n\n\n\n<p>Correo electr\u00f3nico: <a href=\"mailto:info@www.dntnonwovenfabrics.com\">info@dntnonwovenfabrics.com<\/a><\/p>\n\n\n\n<p>Les termes et conditions contenus dans le pr\u00e9sent avis l\u00e9gal r\u00e9gissent l\u2019utilisation du Web que DNT Non Woven Fabrics S.A. (ci-apr\u00e8s, \u00ab\u00a0DNT\u00a0\u00bb) met \u00e0 la disposition des utilisateurs qui y acc\u00e8dent. (ci-apr\u00e8s, l\u2019\u00ab Utilisateur \u00bb ou les \u00ab Utilisateurs \u00bb).<\/p>\n\n\n\n<p>L\u2019utilisation du Web par les Utilisateurs implique l\u2019acceptation de toutes les conditions incluses dans les pr\u00e9sentes Avis juridique Mentions L\u00e9gales.<\/p>\n\n\n\n<p>Il est possible que, tout au long de la fourniture des services inclus dans le Web, le nom du domaine sous lequel lesdits services sont fournis puisse \u00eatre modifi\u00e9. Par cons\u00e9quent, les Utilisateurs sont conscients et acceptent cette possibilit\u00e9, auquel cas les obligations accept\u00e9es par les Utilisateurs et DISE\u00d1OS NT conform\u00e9ment aux dispositions du pr\u00e9sent document restent pleinement en vigueur.<\/p>\n\n\n\n<h3 class=\"wp-block-heading\"><strong>2.- Conditions d\u2019utilisation des contenus et services<\/strong><\/h3>\n\n\n\n<p>Avis juridique pour les utilisateurs ne peuvent acc\u00e9der aux services et contenus que par les moyens ou proc\u00e9dures qui ont \u00e9t\u00e9 mis \u00e0 leur disposition \u00e0 cette fin sur le Web ou sont couramment utilis\u00e9s sur Internet \u00e0 cette fin, \u00e0 condition qu\u2019ils n\u2019impliquent pas la violation des droits de propri\u00e9t\u00e9 intellectuelle ou industriels ou impliquent un certain type de dommage au Web et\/ou \u00e0 ses informations ou services propos\u00e9s.<\/p>\n\n\n\n<p>L\u2019Utilisateur s\u2019engage \u00e0 utiliser les contenus et services de mani\u00e8re diligente, l\u00e9gale, correcte et licite et, en particulier, s\u2019engage \u00e0 titre d\u2019exemple et non exhaustif \u00e0 s\u2019abstenir de :<\/p>\n\n\n\n<ul class=\"wp-block-list\">\n<li>Le contenu et les services d\u2019une mani\u00e8re et \u00e0 des fins contraires \u00e0 la loi, aux bonnes m\u0153urs et aux bonnes m\u0153urs g\u00e9n\u00e9ralement accept\u00e9es ou \u00e0 l\u2019ordre public ;<\/li>\n\n\n\n<li>Violer les droits de propri\u00e9t\u00e9 intellectuelle ou industrielle appartenant \u00e0\u00a0DNT\u00a0ou \u00e0 des tiers\u00a0;<\/li>\n\n\n\n<li>Utiliser les services et contenus de mani\u00e8re \u00e0 nuire ou \u00e0 surcharger le fonctionnement du Site ;<\/li>\n\n\n\n<li>Effectuer des transactions frauduleuses ou pouvant faciliter une conduite illicite ou frauduleuse de quelque nature que ce soit ;<\/li>\n\n\n\n<li>Contenus et services et, en particulier, les informations de toute nature obtenues via le Web \u00e0 des fins publicitaires de tout type et, en particulier, pour envoyer de la publicit\u00e9, des communications \u00e0 des fins de vente directe ou \u00e0 toute autre fin commerciale, les messages non sollicit\u00e9s individualis\u00e9s ou adress\u00e9s \u00e0 plusieurs personnes, ainsi que la commercialisation ou la divulgation desdites informations de quelque mani\u00e8re que ce soit sans l\u2019autorisation du propri\u00e9taire et\/ou de DNT.<\/li>\n<\/ul>\n\n\n\n<p>Les utilisateurs seront responsables des dommages de toute nature que DNT pourrait subir, directement ou indirectement, \u00e0 la suite du non-respect de l\u2019une des obligations d\u00e9coulant du pr\u00e9sent Avis juridique ou de la loi relative \u00e0 l\u2019utilisation du Web.<\/p>\n\n\n\n<h3 class=\"wp-block-heading\"><strong>3.- Liens vers des tiers (liens sortants)<\/strong><\/h3>\n\n\n\n<p>Le site Web peut inclure des liens permettant aux utilisateurs d\u2019acc\u00e9der \u00e0 des sites Web de tiers (\u00ab\u00a0sites Web tiers\u00a0\u00bb), qui ne doivent pas pr\u00e9supposer l\u2019existence d\u2019accords avec les responsables ou les propri\u00e9taires de ceux-ci. Dans ces cas, DNT n\u2019est pas responsable du contenu desdits sites Web. Toute utilisation d\u2019un lien ou acc\u00e8s \u00e0 un site Web non propri\u00e9taire s\u2019effectue \u00e0 la volont\u00e9 et aux risques exclusifs de l\u2019Utilisateur.<\/p>\n\n\n\n<p>Dans le cas o\u00f9 l\u2019utilisateur consid\u00e8re qu\u2019il existe un site Web tiers avec un contenu ill\u00e9gal ou inappropri\u00e9, il peut en informer DNT \u00e0 l\u2019adresse de contact indiqu\u00e9e dans la premi\u00e8re section du pr\u00e9sent Avis juridique, en indiquant\u00a0:<\/p>\n\n\n\n<ul class=\"wp-block-list\">\n<li>De l\u2019appelant : nom, adresse, num\u00e9ro de t\u00e9l\u00e9phone et adresse e-mail ;<\/li>\n\n\n\n<li>Description des faits r\u00e9v\u00e9lant le caract\u00e8re illicite ou inappropri\u00e9 du Site Li\u00e9 ; et<\/li>\n\n\n\n<li>Une d\u00e9claration expresse que les informations contenues dans la communication sont exactes.<\/li>\n<\/ul>\n\n\n\n<h3 class=\"wp-block-heading\"><strong>4.- Liens vers le Web (liens entrants)<\/strong><\/h3>\n\n\n\n<p>Les utilisateurs qui souhaitent introduire des liens vers le Web \u00e0 partir de leurs propres sites Web peuvent le faire \u00e0 condition que la page Web qui \u00e9tablit le lien soit conforme \u00e0 la loi et ne renvoie en aucun cas \u00e0 un contenu qui :<\/p>\n\n\n\n<ul class=\"wp-block-list\">\n<li>Ill\u00e9gaux, nuisibles ou contraires aux bonnes m\u0153urs (pornographiques, violents, racistes, etc.) ;<\/li>\n\n\n\n<li>Induisent ou peuvent induire chez l\u2019utilisateur la fausse conception que DNT souscrit, approuve, adh\u00e8re ou soutient de quelque mani\u00e8re que ce soit les id\u00e9es, manifestations ou expressions, l\u00e9gales ou ill\u00e9gales, de l\u2019exp\u00e9diteur\u00a0;<\/li>\n\n\n\n<li>Inappropri\u00e9s ou non pertinents pour l\u2019activit\u00e9 de DNT en tenant compte du lieu, du contenu et du th\u00e8me du site Web de l\u2019exp\u00e9diteur.<\/li>\n<\/ul>\n\n\n\n<p>DNT peut demander, \u00e0 tout moment et sans avoir \u00e0 fournir les motifs de ladite demande, la suppression de tout lien vers le site Web, apr\u00e8s quoi la personne responsable du site Web de liaison doit imm\u00e9diatement le supprimer.<\/p>\n\n\n\n<h3 class=\"wp-block-heading\"><strong>5- Propri\u00e9t\u00e9 Intellectuelle et Industrielle<\/strong><\/h3>\n\n\n\n<p>La totalit\u00e9 des contenus du Web, comprenant par ceux-ci, \u00e0 titre d\u2019exemple, les textes, photographies, graphiques, images, ic\u00f4nes, technologies, logiciels, liens, domaines, marques et autres contenus, y compris les contenus audiovisuels ou sonores, ainsi que comme sa conception, les graphiques et les codes sources sont la propri\u00e9t\u00e9 exclusive de DNT, ou de tiers dont les droits, le cas \u00e9ch\u00e9ant, sont reconnus par DNT, et sont soumis \u00e0 des droits de propri\u00e9t\u00e9 intellectuelle et industrielle prot\u00e9g\u00e9s par la l\u00e9gislation nationale et internationale.<\/p>\n\n\n\n<p>Toute utilisation de l\u2019 Avis juridique un quelconque des \u00e9l\u00e9ments soumis \u00e0 la propri\u00e9t\u00e9 industrielle et intellectuelle \u00e0 quelque fin que ce soit, notamment commerciale, est strictement interdite, ainsi que sa distribution, communication publique, modification, alt\u00e9ration, transformation ou d\u00e9compilation, sauf autorisation expresse et \u00e9crite de DNT ou le propri\u00e9taire de celle-ci.<\/p>\n\n\n\n<h3 class=\"wp-block-heading\"><strong>6.- Exclusion de garanties et de responsabilit\u00e9<\/strong><\/h3>\n\n\n\n<p>L&rsquo;avis juridique DNT ne sera pas responsable:<\/p>\n\n\n\n<ol class=\"wp-block-list\">\n<li>en cas d\u2019interruptions de service, de retards, d\u2019erreurs, de dysfonctionnements et, en g\u00e9n\u00e9ral, d\u2019autres inconv\u00e9nients qui ont leur origine dans des causes ind\u00e9pendantes de la volont\u00e9 de DNT, et\/ou dues \u00e0 la malveillance ou \u00e0 la faute des Utilisateurs et\/ou proviennent de causes de Force Majeure. Sans pr\u00e9judice de ce qui est \u00e9tabli \u00e0 l\u2019article 1105 du Code civil, la notion de Force Majeure sera \u00e9galement comprise comme incluant, en outre, et aux fins des pr\u00e9sentes conditions g\u00e9n\u00e9rales, tous les \u00e9v\u00e9nements qui se produisent en dehors du contr\u00f4le de DNT, tels que: tiers, op\u00e9rateurs ou soci\u00e9t\u00e9s de services, actes gouvernementaux, manque d\u2019acc\u00e8s \u00e0 des r\u00e9seaux tiers, actes ou omissions des autorit\u00e9s publiques, ceux produits \u00e0 la suite de ph\u00e9nom\u00e8nes naturels, pannes d\u2019\u00e9lectricit\u00e9, gr\u00e8ves, troubles \u00e0 l\u2019ordre public, attaques de pirates , crackers ou autres tiers \u00e0 la s\u00e9curit\u00e9 ou \u00e0 l\u2019int\u00e9grit\u00e9 du syst\u00e8me informatique ou \u00e0 tout autre qui d\u00e9coule d\u2019un \u00e9v\u00e9nement caus\u00e9 par une avanc\u00e9e technologique pr\u00e9visible. Dans tous les cas, quelle qu\u2019en soit la cause, DNT n\u2019assumera aucune responsabilit\u00e9 pour les dommages directs ou indirects, les dommages cons\u00e9cutifs et\/ou le manque \u00e0 gagner.<\/li>\n\n\n\n<li>En raison de l\u2019utilisation que les utilisateurs font du contenu du site Web, ainsi que de tout autre mat\u00e9riel contenu sur le site Web, qui peut impliquer une violation de tout type de norme nationale ou internationale en mati\u00e8re de droits de propri\u00e9t\u00e9 intellectuelle ou industrielle ou de toute autre autres droits de tiers;<\/li>\n\n\n\n<li>Des \u00e9ventuelles erreurs de s\u00e9curit\u00e9 pouvant survenir du fait de l\u2019utilisation de versions de navigateur non mises \u00e0 jour, ou des cons\u00e9quences pouvant d\u00e9couler du dysfonctionnement du navigateur, qu\u2019elles soient dues \u00e0 une configuration inad\u00e9quate, \u00e0 la pr\u00e9sence de virus informatiques ou \u00e0 toute autre cause ind\u00e9pendante DNT.<\/li>\n<\/ol>\n\n\n\n<h3 class=\"wp-block-heading\"><strong>7.- G\u00e9n\u00e9ralit\u00e9s<\/strong><\/h3>\n\n\n\n<p>Toute clause d\u2019 Avis juridique ou disposition des pr\u00e9sentes Mentions L\u00e9gales qui serait ou deviendrait ill\u00e9gale, invalide ou inapplicable en sera exclue et sera consid\u00e9r\u00e9e comme inapplicable dans la mesure de cette ill\u00e9galit\u00e9, invalidit\u00e9 ou inapplicabilit\u00e9, et sera remplac\u00e9e par une autre qui lui ressemblera le plus possible. ce qui pr\u00e9c\u00e8de, mais cela n\u2019affectera ni ne nuira aux dispositions restantes, qui seront exclues de toute clause ou disposition ill\u00e9gale, invalide ou inapplicable et resteront en vigueur et de plein effet.<\/p>\n\n\n\n<p>DNT exclut tout type de garantie et, par cons\u00e9quent, est exempt de toute responsabilit\u00e9 d\u00e9coulant des points exprim\u00e9s ci-dessus, ainsi que d\u2019autres aspects qui ne peuvent pas \u00eatre envisag\u00e9s dans ce document.<\/p>\n\n\n\n<h3 class=\"wp-block-heading\"><strong>8.- Droit applicable<\/strong><\/h3>\n\n\n\n<p>La relation entre DNT et l\u2019Utilisateur sera r\u00e9gie par la r\u00e9glementation espagnole en vigueur.<\/p>\n\n\n\n<hr class=\"wp-block-separator has-css-opacity\"\/>\n\n\n\n<p><a id=\"_msocom_1\"><\/a><\/p>\n","protected":false},"excerpt":{"rendered":"<p>1.- Informations l\u00e9gales et acceptation Le site www.dntnonwovenfabrics.com (le \u00ab Site Internet \u00bb) appartient \u00e0 : Inscrite au Registre du Commerce de Ja\u00e9n, tome 523, entr\u00e9e 91, de la page 19955. NIF: A23699259 Si\u00e8ge social : Pol. Ind. El Chaparral s\/n, 23692 Santa Ana, Alcal\u00e1 la Real (Ja\u00e9n), Espagne. Correo electr\u00f3nico: info@dntnonwovenfabrics.com Les termes et conditions contenus dans le pr\u00e9sent avis l\u00e9gal r\u00e9gissent l\u2019utilisation du Web que DNT Non Woven &#8230; <\/p>\n<p class=\"read-more-container\"><a title=\"Avis juiridique\" class=\"read-more button\" href=\"https:\/\/dntnonwovenfabrics.com\/fr\/aviso-legal\/#more-16125\" aria-label=\"En savoir plus sur Avis juiridique\">En savoir plus<\/a><\/p>\n","protected":false},"author":19,"featured_media":0,"parent":0,"menu_order":0,"comment_status":"closed","ping_status":"closed","template":"","meta":{"inline_featured_image":false,"footnotes":""},"class_list":["post-16125","page","type-page","status-publish"],"yoast_head":"<!-- This site is optimized with the Yoast SEO plugin v27.3 - https:\/\/yoast.com\/product\/yoast-seo-wordpress\/ -->\n<title>Avis juiridique - DNT non woven fabrics - No Tejido<\/title>\n<meta name=\"description\" content=\"Los t\u00e9rminos y condiciones recogidos en el presente Aviso Legal regulan el uso de la Web que DNT Non Woven Fabrics S.A.\" \/>\n<meta name=\"robots\" content=\"index, follow, max-snippet:-1, max-image-preview:large, max-video-preview:-1\" \/>\n<link rel=\"canonical\" href=\"https:\/\/dntnonwovenfabrics.com\/fr\/aviso-legal\/\" \/>\n<meta property=\"og:locale\" content=\"fr_FR\" \/>\n<meta property=\"og:type\" content=\"article\" \/>\n<meta property=\"og:title\" content=\"Avis juiridique - DNT non woven fabrics - No Tejido\" \/>\n<meta property=\"og:description\" content=\"Los t\u00e9rminos y condiciones recogidos en el presente Aviso Legal regulan el uso de la Web que DNT Non Woven Fabrics S.A.\" \/>\n<meta property=\"og:url\" content=\"https:\/\/dntnonwovenfabrics.com\/fr\/aviso-legal\/\" \/>\n<meta property=\"og:site_name\" content=\"DNT non woven fabrics - No Tejido\" \/>\n<meta property=\"article:modified_time\" content=\"2025-01-15T09:59:46+00:00\" \/>\n<meta name=\"twitter:card\" content=\"summary_large_image\" \/>\n<meta name=\"twitter:label1\" content=\"Dur\u00e9e de lecture estim\u00e9e\" \/>\n\t<meta name=\"twitter:data1\" content=\"7 minutes\" \/>\n<script type=\"application\/ld+json\" class=\"yoast-schema-graph\">{\"@context\":\"https:\\\/\\\/schema.org\",\"@graph\":[{\"@type\":\"WebPage\",\"@id\":\"https:\\\/\\\/dntnonwovenfabrics.com\\\/fr\\\/aviso-legal\\\/\",\"url\":\"https:\\\/\\\/dntnonwovenfabrics.com\\\/fr\\\/aviso-legal\\\/\",\"name\":\"Avis juiridique - DNT non woven fabrics - No Tejido\",\"isPartOf\":{\"@id\":\"https:\\\/\\\/dntnonwovenfabrics.com\\\/fr\\\/#website\"},\"datePublished\":\"2022-02-01T15:43:59+00:00\",\"dateModified\":\"2025-01-15T09:59:46+00:00\",\"description\":\"Los t\u00e9rminos y condiciones recogidos en el presente Aviso Legal regulan el uso de la Web que DNT Non Woven Fabrics S.A.\",\"breadcrumb\":{\"@id\":\"https:\\\/\\\/dntnonwovenfabrics.com\\\/fr\\\/aviso-legal\\\/#breadcrumb\"},\"inLanguage\":\"fr-FR\",\"potentialAction\":[{\"@type\":\"ReadAction\",\"target\":[\"https:\\\/\\\/dntnonwovenfabrics.com\\\/fr\\\/aviso-legal\\\/\"]}]},{\"@type\":\"BreadcrumbList\",\"@id\":\"https:\\\/\\\/dntnonwovenfabrics.com\\\/fr\\\/aviso-legal\\\/#breadcrumb\",\"itemListElement\":[{\"@type\":\"ListItem\",\"position\":1,\"name\":\"Portada\",\"item\":\"https:\\\/\\\/dntnonwovenfabrics.com\\\/fr\\\/\"},{\"@type\":\"ListItem\",\"position\":2,\"name\":\"Avis juiridique\"}]},{\"@type\":\"WebSite\",\"@id\":\"https:\\\/\\\/dntnonwovenfabrics.com\\\/fr\\\/#website\",\"url\":\"https:\\\/\\\/dntnonwovenfabrics.com\\\/fr\\\/\",\"name\":\"DNT non woven fabrics - No Tejido\",\"description\":\"Principal fabricante espa\u00f1ol de no tejido de polipropileno o spunbond non woven. La empresa con sede en Alcal\u00e1 la Real, Ja\u00e9n, forma parte del grupo empresarial Dise\u00f1os NT grupo con una extensa trayectoria en la industria transformadora del no tejido para la fabricaci\u00f3n de embalajes y bolsas.\",\"publisher\":{\"@id\":\"https:\\\/\\\/dntnonwovenfabrics.com\\\/fr\\\/#organization\"},\"potentialAction\":[{\"@type\":\"SearchAction\",\"target\":{\"@type\":\"EntryPoint\",\"urlTemplate\":\"https:\\\/\\\/dntnonwovenfabrics.com\\\/fr\\\/?s={search_term_string}\"},\"query-input\":{\"@type\":\"PropertyValueSpecification\",\"valueRequired\":true,\"valueName\":\"search_term_string\"}}],\"inLanguage\":\"fr-FR\"},{\"@type\":\"Organization\",\"@id\":\"https:\\\/\\\/dntnonwovenfabrics.com\\\/fr\\\/#organization\",\"name\":\"DNT non woven fabrics - No Tejido\",\"url\":\"https:\\\/\\\/dntnonwovenfabrics.com\\\/fr\\\/\",\"logo\":{\"@type\":\"ImageObject\",\"inLanguage\":\"fr-FR\",\"@id\":\"https:\\\/\\\/dntnonwovenfabrics.com\\\/fr\\\/#\\\/schema\\\/logo\\\/image\\\/\",\"url\":\"https:\\\/\\\/dntnonwovenfabrics.com\\\/wp-content\\\/uploads\\\/2014\\\/07\\\/logohead.jpg\",\"contentUrl\":\"https:\\\/\\\/dntnonwovenfabrics.com\\\/wp-content\\\/uploads\\\/2014\\\/07\\\/logohead.jpg\",\"width\":205,\"height\":86,\"caption\":\"DNT non woven fabrics - No Tejido\"},\"image\":{\"@id\":\"https:\\\/\\\/dntnonwovenfabrics.com\\\/fr\\\/#\\\/schema\\\/logo\\\/image\\\/\"}}]}<\/script>\n<!-- \/ Yoast SEO plugin. -->","yoast_head_json":{"title":"Avis juiridique - DNT non woven fabrics - No Tejido","description":"Los t\u00e9rminos y condiciones recogidos en el presente Aviso Legal regulan el uso de la Web que DNT Non Woven Fabrics S.A.","robots":{"index":"index","follow":"follow","max-snippet":"max-snippet:-1","max-image-preview":"max-image-preview:large","max-video-preview":"max-video-preview:-1"},"canonical":"https:\/\/dntnonwovenfabrics.com\/fr\/aviso-legal\/","og_locale":"fr_FR","og_type":"article","og_title":"Avis juiridique - DNT non woven fabrics - No Tejido","og_description":"Los t\u00e9rminos y condiciones recogidos en el presente Aviso Legal regulan el uso de la Web que DNT Non Woven Fabrics S.A.","og_url":"https:\/\/dntnonwovenfabrics.com\/fr\/aviso-legal\/","og_site_name":"DNT non woven fabrics - No Tejido","article_modified_time":"2025-01-15T09:59:46+00:00","twitter_card":"summary_large_image","twitter_misc":{"Dur\u00e9e de lecture estim\u00e9e":"7 minutes"},"schema":{"@context":"https:\/\/schema.org","@graph":[{"@type":"WebPage","@id":"https:\/\/dntnonwovenfabrics.com\/fr\/aviso-legal\/","url":"https:\/\/dntnonwovenfabrics.com\/fr\/aviso-legal\/","name":"Avis juiridique - DNT non woven fabrics - No Tejido","isPartOf":{"@id":"https:\/\/dntnonwovenfabrics.com\/fr\/#website"},"datePublished":"2022-02-01T15:43:59+00:00","dateModified":"2025-01-15T09:59:46+00:00","description":"Los t\u00e9rminos y condiciones recogidos en el presente Aviso Legal regulan el uso de la Web que DNT Non Woven Fabrics S.A.","breadcrumb":{"@id":"https:\/\/dntnonwovenfabrics.com\/fr\/aviso-legal\/#breadcrumb"},"inLanguage":"fr-FR","potentialAction":[{"@type":"ReadAction","target":["https:\/\/dntnonwovenfabrics.com\/fr\/aviso-legal\/"]}]},{"@type":"BreadcrumbList","@id":"https:\/\/dntnonwovenfabrics.com\/fr\/aviso-legal\/#breadcrumb","itemListElement":[{"@type":"ListItem","position":1,"name":"Portada","item":"https:\/\/dntnonwovenfabrics.com\/fr\/"},{"@type":"ListItem","position":2,"name":"Avis juiridique"}]},{"@type":"WebSite","@id":"https:\/\/dntnonwovenfabrics.com\/fr\/#website","url":"https:\/\/dntnonwovenfabrics.com\/fr\/","name":"DNT non woven fabrics - No Tejido","description":"Principal fabricante espa\u00f1ol de no tejido de polipropileno o spunbond non woven. La empresa con sede en Alcal\u00e1 la Real, Ja\u00e9n, forma parte del grupo empresarial Dise\u00f1os NT grupo con una extensa trayectoria en la industria transformadora del no tejido para la fabricaci\u00f3n de embalajes y bolsas.","publisher":{"@id":"https:\/\/dntnonwovenfabrics.com\/fr\/#organization"},"potentialAction":[{"@type":"SearchAction","target":{"@type":"EntryPoint","urlTemplate":"https:\/\/dntnonwovenfabrics.com\/fr\/?s={search_term_string}"},"query-input":{"@type":"PropertyValueSpecification","valueRequired":true,"valueName":"search_term_string"}}],"inLanguage":"fr-FR"},{"@type":"Organization","@id":"https:\/\/dntnonwovenfabrics.com\/fr\/#organization","name":"DNT non woven fabrics - No Tejido","url":"https:\/\/dntnonwovenfabrics.com\/fr\/","logo":{"@type":"ImageObject","inLanguage":"fr-FR","@id":"https:\/\/dntnonwovenfabrics.com\/fr\/#\/schema\/logo\/image\/","url":"https:\/\/dntnonwovenfabrics.com\/wp-content\/uploads\/2014\/07\/logohead.jpg","contentUrl":"https:\/\/dntnonwovenfabrics.com\/wp-content\/uploads\/2014\/07\/logohead.jpg","width":205,"height":86,"caption":"DNT non woven fabrics - No Tejido"},"image":{"@id":"https:\/\/dntnonwovenfabrics.com\/fr\/#\/schema\/logo\/image\/"}}]}},"_links":{"self":[{"href":"https:\/\/dntnonwovenfabrics.com\/fr\/wp-json\/wp\/v2\/pages\/16125","targetHints":{"allow":["GET"]}}],"collection":[{"href":"https:\/\/dntnonwovenfabrics.com\/fr\/wp-json\/wp\/v2\/pages"}],"about":[{"href":"https:\/\/dntnonwovenfabrics.com\/fr\/wp-json\/wp\/v2\/types\/page"}],"author":[{"embeddable":true,"href":"https:\/\/dntnonwovenfabrics.com\/fr\/wp-json\/wp\/v2\/users\/19"}],"replies":[{"embeddable":true,"href":"https:\/\/dntnonwovenfabrics.com\/fr\/wp-json\/wp\/v2\/comments?post=16125"}],"version-history":[{"count":0,"href":"https:\/\/dntnonwovenfabrics.com\/fr\/wp-json\/wp\/v2\/pages\/16125\/revisions"}],"wp:attachment":[{"href":"https:\/\/dntnonwovenfabrics.com\/fr\/wp-json\/wp\/v2\/media?parent=16125"}],"curies":[{"name":"wp","href":"https:\/\/api.w.org\/{rel}","templated":true}]}}