{"id":14552,"date":"2021-10-15T12:08:19","date_gmt":"2021-10-15T10:08:19","guid":{"rendered":"https:\/\/dntnonwovenfabrics.com\/condiciones-generales-de-venta\/"},"modified":"2026-01-13T12:56:43","modified_gmt":"2026-01-13T11:56:43","slug":"condicoes-de-venda","status":"publish","type":"page","link":"https:\/\/dntnonwovenfabrics.com\/pt-pt\/condicoes-de-venda\/","title":{"rendered":"Condi\u00e7\u00f5es de venda"},"content":{"rendered":"\n<h3 class=\"wp-block-heading\">1. Expedi\u00e7\u00f5es<\/h3>\n\n\n\n<p>Salvo se forem especificadas outras condi\u00e7\u00f5es na ordem de encomenda, os custos de transporte n\u00e3o est\u00e3o inclu\u00eddos nos pre\u00e7os de venda.<\/p>\n\n\n\n<h3 class=\"wp-block-heading\">2. Condi\u00e7\u00f5es de entrega<\/h3>\n\n\n\n<ul class=\"wp-block-list\">\n<li>O cliente assumir\u00e1 a responsabilidade pela mercadoria no momento em que esta lhe for entregue no ponto de destino acordado.<\/li>\n\n\n\n<li>Para efeitos de c\u00e1lculo do prazo de servi\u00e7o, entende-se como data a que consta na ordem de encomenda.<\/li>\n\n\n\n<li>A data de entrega \u00e9 indicativa. O cliente aceitar\u00e1 uma toler\u00e2ncia de 25 dias sem direito a cancelamento da encomenda ou a exigir indemniza\u00e7\u00e3o por danos ou preju\u00edzos. Em caso de for\u00e7a maior, a toler\u00e2ncia poder\u00e1 ser alargada.<\/li>\n\n\n\n<li>No caso de expedi\u00e7\u00f5es com destino a territ\u00f3rios estrangeiros, a data de entrega estar\u00e1 sujeita \u00e0 obten\u00e7\u00e3o de licen\u00e7as de exporta\u00e7\u00e3o e\/ou importa\u00e7\u00e3o ou a qualquer outro tr\u00e2mite administrativo.<\/li>\n<\/ul>\n\n\n\n<h3 class=\"wp-block-heading\">3. Toler\u00e2ncia nas quantidades fornecidas<\/h3>\n\n\n\n<p>As quantidades fornecidas poder\u00e3o variar, para mais ou para menos, em rela\u00e7\u00e3o \u00e0s especificadas nesta folha de pedido, at\u00e9 um m\u00e1ximo de \u00b15% em todos os produtos. O cliente \u00e9 obrigado a aceitar a quantidade resultante e a pag\u00e1-la de acordo com o pre\u00e7o acordado.<\/p>\n\n\n\n<h3 class=\"wp-block-heading\">4. Toler\u00e2ncia nas qualidades do produto acabado<\/h3>\n\n\n\n<ul class=\"wp-block-list\">\n<li>Em diferentes produ\u00e7\u00f5es, os tons de cor est\u00e3o sujeitos a ligeiras diferen\u00e7as admitidas no setor da ind\u00fastria t\u00eaxtil.<\/li>\n\n\n\n<li>Toler\u00e2ncia de gramagem e largura da bobina de acordo com a ficha t\u00e9cnica.<\/li>\n\n\n\n<li>Toler\u00e2ncia das propriedades mec\u00e2nicas de acordo com a ficha t\u00e9cnica.<\/li>\n\n\n\n<li>Produtos em pe\u00e7a: toler\u00e2ncia de medidas \u00b1 3%.<\/li>\n<\/ul>\n\n\n\n<h3 class=\"wp-block-heading\">5. Armazenamento<\/h3>\n\n\n\n<p>A mercadoria deve ser armazenada em ambiente seco, a uma temperatura inferior a 50\u00baC e protegida da radia\u00e7\u00e3o UV. O armazenamento em condi\u00e7\u00f5es inadequadas pode iniciar processos de degrada\u00e7\u00e3o.<\/p>\n\n\n\n<h3 class=\"wp-block-heading\">6. Solv\u00eancia<\/h3>\n\n\n\n<p>O in\u00edcio da encomenda estar\u00e1 sujeito \u00e0 classifica\u00e7\u00e3o favor\u00e1vel do cliente pela nossa seguradora de cr\u00e9dito.<\/p>\n\n\n\n<h3 class=\"wp-block-heading\">7. Pagamentos<\/h3>\n\n\n\n<p>O pagamento da mercadoria ser\u00e1 efetuado conforme o acordado. O atraso no pagamento dar\u00e1 ao vendedor o direito de exigir uma taxa de mora equivalente a 2% ao m\u00eas. Em caso de devolu\u00e7\u00e3o de qualquer documento de transfer\u00eancia que tenha documentado o pagamento da mercadoria, o cliente arcar\u00e1 com as despesas incorridas como consequ\u00eancia, por todos os conceitos. Em caso de encomendas acordadas com entrega fraccionada, qualquer falta de pagamento dar\u00e1 ao vendedor o direito de suspender os envios sucessivos at\u00e9 que o pagamento devido tenha sido formalizado.<\/p>\n\n\n\n<h3 class=\"wp-block-heading\">8. Reclama\u00e7\u00f5es<\/h3>\n\n\n\n<p>Se, ao receber a mercadoria, verificar que a embalagem est\u00e1 danificada ou que o n\u00famero de pacotes n\u00e3o corresponde ao indicado na expedi\u00e7\u00e3o, indique-o no boletim de entrega do transportador. Caso contr\u00e1rio, n\u00e3o poderemos aceitar qualquer reclama\u00e7\u00e3o a este respeito.<\/p>\n\n\n\n<p>Se, ap\u00f3s receber a mercadoria, verificar que n\u00e3o corresponde ao que foi solicitado ou encontrar algum problema ou defeito, entre em contacto com o nosso Departamento de Qualidade e Ambiente atrav\u00e9s do telefone 953 59 72 11 ou do e-mail <a href=\"mailto:calidad@dntnonwovenfabrics.com\">calidad@dntnonwovenfabrics.com<\/a>. Para processar a reclama\u00e7\u00e3o, \u00e9 necess\u00e1rio receber fisicamente o material reclamado,\u00a0devidamente embalado e\u00a0corretamente identificado com as etiquetas do material.<\/p>\n\n\n\n<p>N\u00e3o ser\u00e3o aceites reclama\u00e7\u00f5es ap\u00f3s 90 dias a partir da data de rece\u00e7\u00e3o da mercadoria.<\/p>\n\n\n\n<p>Eventuais cancelamentos ou altera\u00e7\u00f5es em qualquer dado de um pedido efetuado devem ser comunicados \u00e0 empresa de forma comprovada (por escrito, fax ou e-mail) no prazo de 7 dias imediatamente ap\u00f3s a confirma\u00e7\u00e3o do pedido; caso contr\u00e1rio, o cancelamento implicar\u00e1 uma penaliza\u00e7\u00e3o para o cliente equivalente, no m\u00ednimo (dependendo do estado em que se encontra a fabrica\u00e7\u00e3o), a 50% do valor da mercadoria.<\/p>\n\n\n\n<h3 class=\"wp-block-heading\">9. Cancelamentos e\/ou altera\u00e7\u00f5es da encomenda<\/h3>\n\n\n\n<p>Eventuais cancelamentos ou altera\u00e7\u00f5es em qualquer dado de um pedido efetuado devem ser comunicados \u00e0 empresa de forma comprovada (por e-mail) no prazo de 2 dias \u00fateis ap\u00f3s a confirma\u00e7\u00e3o do pedido; caso contr\u00e1rio, o cancelamento implicar\u00e1 uma penaliza\u00e7\u00e3o para o cliente equivalente, no m\u00ednimo (dependendo do estado em que se encontra a fabrica\u00e7\u00e3o), a 50% do valor da mercadoria.<\/p>\n\n\n\n<h3 class=\"wp-block-heading\">10. Compet\u00eancia jurisdicional<\/h3>\n\n\n\n<p>Em caso de lit\u00edgio, o comprador, renunciando expressamente \u00e0 jurisdi\u00e7\u00e3o que lhe possa corresponder, submete-se expressamente \u00e0 dos Tribunais de Alcal\u00e1 la Real (Ja\u00e9n).<\/p>\n\n\n\n<h3 class=\"wp-block-heading\">11. Confirma\u00e7\u00e3o da encomenda<\/h3>\n\n\n\n<p>A encomenda completa ser\u00e1 considerada aceite ap\u00f3s a assinatura pelo cliente ou a rece\u00e7\u00e3o do pagamento parcial antecipado, de acordo com as Condi\u00e7\u00f5es Gerais de Venda.<\/p>\n\n\n\n<h3 class=\"wp-block-heading\">12. Prote\u00e7\u00e3o de dados<\/h3>\n\n\n\n<p>Em conformidade com o Regulamento da UE 2016\/679 relativo \u00e0 prote\u00e7\u00e3o de dados pessoais, informamos o cliente que as informa\u00e7\u00f5es contidas nesta ordem de compra s\u00e3o confidenciais e destinam-se exclusivamente \u00e0s pessoas a quem se pretende comunicar. Informamos que os seus dados ser\u00e3o inclu\u00eddos na nossa base de dados e que tem o direito de aceder, retificar, cancelar e especificar os mesmos, direitos que poder\u00e1 exercer dirigindo-se por escrito \u00e0 <a href=\"https:\/\/dntnonwovenfabrics.com\/pt-pt\/\">DNT NON WOVEN FABRICS, S.A.<\/a><\/p>\n\n\n\n<h3 class=\"wp-block-heading\">13. Propriedade intelectual\/industrial<\/h3>\n\n\n\n<p>Os direitos de propriedade intelectual ou industrial que possam proteger as imagens, log\u00f3tipos, designs ou textos que o cliente disponibiliza \u00e0 empresa para reprodu\u00e7\u00e3o s\u00e3o da sua propriedade, conforme estabelecido nas Condi\u00e7\u00f5es Gerais de Venda. Caso contr\u00e1rio, declara possuir a licen\u00e7a que permite a sua reprodu\u00e7\u00e3o. Em qualquer caso, o cliente assume expressamente a responsabilidade perante terceiros e perante a pr\u00f3pria empresa, que possa derivar da reprodu\u00e7\u00e3o das imagens, log\u00f3tipos, desenhos ou textos cuja materializa\u00e7\u00e3o encomenda neste ato \u00e0 empresa.<\/p>\n\n\n\n<p>Uma vez conclu\u00eddo o produto final, o cliente autoriza a empresa a inclu\u00ed-lo no seu cat\u00e1logo e\/ou amostral (em suporte f\u00edsico, digital, web ou qualquer outro), com o \u00fanico objetivo de o mostrar a terceiros como exemplo dos seus produtos fabricados.<\/p>\n\n\n\n<p>Agosto de 2024.<\/p>\n\n\n\n<div style=\"height:56px\" aria-hidden=\"true\" class=\"wp-block-spacer\"><\/div>\n\n\n<div class=\"wp-block-image\">\n<figure class=\"aligncenter size-large is-resized\"><img loading=\"lazy\" decoding=\"async\" width=\"1120\" height=\"747\" src=\"https:\/\/dntnonwovenfabrics.com\/wp-content\/uploads\/2024\/10\/diseno-sin-titulo-14-1120x747.jpg\" alt=\"Condiciones Generales de Venta seg\u00fan \" class=\"wp-image-13999\" style=\"width:585px;height:auto\" srcset=\"https:\/\/dntnonwovenfabrics.com\/wp-content\/uploads\/2024\/10\/diseno-sin-titulo-14-1120x747.jpg 1120w, https:\/\/dntnonwovenfabrics.com\/wp-content\/uploads\/2024\/10\/diseno-sin-titulo-14-370x247.jpg 370w, https:\/\/dntnonwovenfabrics.com\/wp-content\/uploads\/2024\/10\/diseno-sin-titulo-14-768x512.jpg 768w, https:\/\/dntnonwovenfabrics.com\/wp-content\/uploads\/2024\/10\/diseno-sin-titulo-14.jpg 1200w\" sizes=\"auto, (max-width: 1120px) 100vw, 1120px\" \/><\/figure>\n<\/div>","protected":false},"excerpt":{"rendered":"<p>1. Expedi\u00e7\u00f5es Salvo se forem especificadas outras condi\u00e7\u00f5es na ordem de encomenda, os custos de transporte n\u00e3o est\u00e3o inclu\u00eddos nos pre\u00e7os de venda. 2. Condi\u00e7\u00f5es de entrega 3. Toler\u00e2ncia nas quantidades fornecidas As quantidades fornecidas poder\u00e3o variar, para mais ou para menos, em rela\u00e7\u00e3o \u00e0s especificadas nesta folha de pedido, at\u00e9 um m\u00e1ximo de \u00b15% em todos os produtos. O cliente \u00e9 obrigado a aceitar a quantidade resultante e a &#8230; <\/p>\n<p class=\"read-more-container\"><a title=\"Condi\u00e7\u00f5es de venda\" class=\"read-more button\" href=\"https:\/\/dntnonwovenfabrics.com\/pt-pt\/condicoes-de-venda\/#more-14552\" aria-label=\"Leia mais sobre Condi\u00e7\u00f5es de venda\">Leia mais<\/a><\/p>\n","protected":false},"author":5,"featured_media":0,"parent":0,"menu_order":0,"comment_status":"closed","ping_status":"closed","template":"","meta":{"inline_featured_image":false,"footnotes":""},"class_list":["post-14552","page","type-page","status-publish"],"yoast_head":"<!-- This site is optimized with the Yoast SEO plugin v27.3 - https:\/\/yoast.com\/product\/yoast-seo-wordpress\/ -->\n<title>Condi\u00e7\u00f5es de venda - DNT non woven fabrics - No Tejido<\/title>\n<meta name=\"description\" content=\"Condiciones Generales de Venta de DNT Non Woven Fabrics, S.A. Para utilizarlas en los contratos que se vayan a realizar con los usuarios.\" \/>\n<meta name=\"robots\" content=\"index, follow, max-snippet:-1, max-image-preview:large, max-video-preview:-1\" \/>\n<link rel=\"canonical\" href=\"https:\/\/dntnonwovenfabrics.com\/pt-pt\/condicoes-de-venda\/\" \/>\n<meta property=\"og:locale\" content=\"pt_PT\" \/>\n<meta property=\"og:type\" content=\"article\" \/>\n<meta property=\"og:title\" content=\"Condi\u00e7\u00f5es de venda - DNT non woven fabrics - No Tejido\" \/>\n<meta property=\"og:description\" content=\"Condiciones Generales de Venta de DNT Non Woven Fabrics, S.A. Para utilizarlas en los contratos que se vayan a realizar con los usuarios.\" \/>\n<meta property=\"og:url\" content=\"https:\/\/dntnonwovenfabrics.com\/pt-pt\/condicoes-de-venda\/\" \/>\n<meta property=\"og:site_name\" content=\"DNT non woven fabrics - No Tejido\" \/>\n<meta property=\"article:modified_time\" content=\"2026-01-13T11:56:43+00:00\" \/>\n<meta property=\"og:image\" content=\"https:\/\/dntnonwovenfabrics.com\/wp-content\/uploads\/2024\/10\/diseno-sin-titulo-14.jpg\" \/>\n\t<meta property=\"og:image:width\" content=\"1200\" \/>\n\t<meta property=\"og:image:height\" content=\"800\" \/>\n\t<meta property=\"og:image:type\" content=\"image\/jpeg\" \/>\n<meta name=\"twitter:card\" content=\"summary_large_image\" \/>\n<meta name=\"twitter:label1\" content=\"Tempo estimado de leitura\" \/>\n\t<meta name=\"twitter:data1\" content=\"5 minutos\" \/>\n<script type=\"application\/ld+json\" class=\"yoast-schema-graph\">{\"@context\":\"https:\\\/\\\/schema.org\",\"@graph\":[{\"@type\":\"WebPage\",\"@id\":\"https:\\\/\\\/dntnonwovenfabrics.com\\\/pt-pt\\\/condicoes-de-venda\\\/\",\"url\":\"https:\\\/\\\/dntnonwovenfabrics.com\\\/pt-pt\\\/condicoes-de-venda\\\/\",\"name\":\"Condi\u00e7\u00f5es de venda - DNT non woven fabrics - No Tejido\",\"isPartOf\":{\"@id\":\"https:\\\/\\\/dntnonwovenfabrics.com\\\/pt-pt\\\/#website\"},\"primaryImageOfPage\":{\"@id\":\"https:\\\/\\\/dntnonwovenfabrics.com\\\/pt-pt\\\/condicoes-de-venda\\\/#primaryimage\"},\"image\":{\"@id\":\"https:\\\/\\\/dntnonwovenfabrics.com\\\/pt-pt\\\/condicoes-de-venda\\\/#primaryimage\"},\"thumbnailUrl\":\"https:\\\/\\\/dntnonwovenfabrics.com\\\/wp-content\\\/uploads\\\/2024\\\/10\\\/diseno-sin-titulo-14-1120x747.jpg\",\"datePublished\":\"2021-10-15T10:08:19+00:00\",\"dateModified\":\"2026-01-13T11:56:43+00:00\",\"description\":\"Condiciones Generales de Venta de DNT Non Woven Fabrics, S.A. Para utilizarlas en los contratos que se vayan a realizar con los usuarios.\",\"breadcrumb\":{\"@id\":\"https:\\\/\\\/dntnonwovenfabrics.com\\\/pt-pt\\\/condicoes-de-venda\\\/#breadcrumb\"},\"inLanguage\":\"pt-PT\",\"potentialAction\":[{\"@type\":\"ReadAction\",\"target\":[\"https:\\\/\\\/dntnonwovenfabrics.com\\\/pt-pt\\\/condicoes-de-venda\\\/\"]}]},{\"@type\":\"ImageObject\",\"inLanguage\":\"pt-PT\",\"@id\":\"https:\\\/\\\/dntnonwovenfabrics.com\\\/pt-pt\\\/condicoes-de-venda\\\/#primaryimage\",\"url\":\"https:\\\/\\\/dntnonwovenfabrics.com\\\/wp-content\\\/uploads\\\/2024\\\/10\\\/diseno-sin-titulo-14-1120x747.jpg\",\"contentUrl\":\"https:\\\/\\\/dntnonwovenfabrics.com\\\/wp-content\\\/uploads\\\/2024\\\/10\\\/diseno-sin-titulo-14-1120x747.jpg\"},{\"@type\":\"BreadcrumbList\",\"@id\":\"https:\\\/\\\/dntnonwovenfabrics.com\\\/pt-pt\\\/condicoes-de-venda\\\/#breadcrumb\",\"itemListElement\":[{\"@type\":\"ListItem\",\"position\":1,\"name\":\"Portada\",\"item\":\"https:\\\/\\\/dntnonwovenfabrics.com\\\/pt-pt\\\/\"},{\"@type\":\"ListItem\",\"position\":2,\"name\":\"Condi\u00e7\u00f5es de venda\"}]},{\"@type\":\"WebSite\",\"@id\":\"https:\\\/\\\/dntnonwovenfabrics.com\\\/pt-pt\\\/#website\",\"url\":\"https:\\\/\\\/dntnonwovenfabrics.com\\\/pt-pt\\\/\",\"name\":\"DNT non woven fabrics - No Tejido\",\"description\":\"Principal fabricante espa\u00f1ol de no tejido de polipropileno o spunbond non woven. La empresa con sede en Alcal\u00e1 la Real, Ja\u00e9n, forma parte del grupo empresarial Dise\u00f1os NT grupo con una extensa trayectoria en la industria transformadora del no tejido para la fabricaci\u00f3n de embalajes y bolsas.\",\"publisher\":{\"@id\":\"https:\\\/\\\/dntnonwovenfabrics.com\\\/pt-pt\\\/#organization\"},\"potentialAction\":[{\"@type\":\"SearchAction\",\"target\":{\"@type\":\"EntryPoint\",\"urlTemplate\":\"https:\\\/\\\/dntnonwovenfabrics.com\\\/pt-pt\\\/?s={search_term_string}\"},\"query-input\":{\"@type\":\"PropertyValueSpecification\",\"valueRequired\":true,\"valueName\":\"search_term_string\"}}],\"inLanguage\":\"pt-PT\"},{\"@type\":\"Organization\",\"@id\":\"https:\\\/\\\/dntnonwovenfabrics.com\\\/pt-pt\\\/#organization\",\"name\":\"DNT non woven fabrics - No Tejido\",\"url\":\"https:\\\/\\\/dntnonwovenfabrics.com\\\/pt-pt\\\/\",\"logo\":{\"@type\":\"ImageObject\",\"inLanguage\":\"pt-PT\",\"@id\":\"https:\\\/\\\/dntnonwovenfabrics.com\\\/pt-pt\\\/#\\\/schema\\\/logo\\\/image\\\/\",\"url\":\"https:\\\/\\\/dntnonwovenfabrics.com\\\/wp-content\\\/uploads\\\/2014\\\/07\\\/logohead.jpg\",\"contentUrl\":\"https:\\\/\\\/dntnonwovenfabrics.com\\\/wp-content\\\/uploads\\\/2014\\\/07\\\/logohead.jpg\",\"width\":205,\"height\":86,\"caption\":\"DNT non woven fabrics - No Tejido\"},\"image\":{\"@id\":\"https:\\\/\\\/dntnonwovenfabrics.com\\\/pt-pt\\\/#\\\/schema\\\/logo\\\/image\\\/\"}}]}<\/script>\n<!-- \/ Yoast SEO plugin. -->","yoast_head_json":{"title":"Condi\u00e7\u00f5es de venda - DNT non woven fabrics - No Tejido","description":"Condiciones Generales de Venta de DNT Non Woven Fabrics, S.A. Para utilizarlas en los contratos que se vayan a realizar con los usuarios.","robots":{"index":"index","follow":"follow","max-snippet":"max-snippet:-1","max-image-preview":"max-image-preview:large","max-video-preview":"max-video-preview:-1"},"canonical":"https:\/\/dntnonwovenfabrics.com\/pt-pt\/condicoes-de-venda\/","og_locale":"pt_PT","og_type":"article","og_title":"Condi\u00e7\u00f5es de venda - DNT non woven fabrics - No Tejido","og_description":"Condiciones Generales de Venta de DNT Non Woven Fabrics, S.A. Para utilizarlas en los contratos que se vayan a realizar con los usuarios.","og_url":"https:\/\/dntnonwovenfabrics.com\/pt-pt\/condicoes-de-venda\/","og_site_name":"DNT non woven fabrics - No Tejido","article_modified_time":"2026-01-13T11:56:43+00:00","og_image":[{"width":1200,"height":800,"url":"https:\/\/dntnonwovenfabrics.com\/wp-content\/uploads\/2024\/10\/diseno-sin-titulo-14.jpg","type":"image\/jpeg"}],"twitter_card":"summary_large_image","twitter_misc":{"Tempo estimado de leitura":"5 minutos"},"schema":{"@context":"https:\/\/schema.org","@graph":[{"@type":"WebPage","@id":"https:\/\/dntnonwovenfabrics.com\/pt-pt\/condicoes-de-venda\/","url":"https:\/\/dntnonwovenfabrics.com\/pt-pt\/condicoes-de-venda\/","name":"Condi\u00e7\u00f5es de venda - DNT non woven fabrics - No Tejido","isPartOf":{"@id":"https:\/\/dntnonwovenfabrics.com\/pt-pt\/#website"},"primaryImageOfPage":{"@id":"https:\/\/dntnonwovenfabrics.com\/pt-pt\/condicoes-de-venda\/#primaryimage"},"image":{"@id":"https:\/\/dntnonwovenfabrics.com\/pt-pt\/condicoes-de-venda\/#primaryimage"},"thumbnailUrl":"https:\/\/dntnonwovenfabrics.com\/wp-content\/uploads\/2024\/10\/diseno-sin-titulo-14-1120x747.jpg","datePublished":"2021-10-15T10:08:19+00:00","dateModified":"2026-01-13T11:56:43+00:00","description":"Condiciones Generales de Venta de DNT Non Woven Fabrics, S.A. Para utilizarlas en los contratos que se vayan a realizar con los usuarios.","breadcrumb":{"@id":"https:\/\/dntnonwovenfabrics.com\/pt-pt\/condicoes-de-venda\/#breadcrumb"},"inLanguage":"pt-PT","potentialAction":[{"@type":"ReadAction","target":["https:\/\/dntnonwovenfabrics.com\/pt-pt\/condicoes-de-venda\/"]}]},{"@type":"ImageObject","inLanguage":"pt-PT","@id":"https:\/\/dntnonwovenfabrics.com\/pt-pt\/condicoes-de-venda\/#primaryimage","url":"https:\/\/dntnonwovenfabrics.com\/wp-content\/uploads\/2024\/10\/diseno-sin-titulo-14-1120x747.jpg","contentUrl":"https:\/\/dntnonwovenfabrics.com\/wp-content\/uploads\/2024\/10\/diseno-sin-titulo-14-1120x747.jpg"},{"@type":"BreadcrumbList","@id":"https:\/\/dntnonwovenfabrics.com\/pt-pt\/condicoes-de-venda\/#breadcrumb","itemListElement":[{"@type":"ListItem","position":1,"name":"Portada","item":"https:\/\/dntnonwovenfabrics.com\/pt-pt\/"},{"@type":"ListItem","position":2,"name":"Condi\u00e7\u00f5es de venda"}]},{"@type":"WebSite","@id":"https:\/\/dntnonwovenfabrics.com\/pt-pt\/#website","url":"https:\/\/dntnonwovenfabrics.com\/pt-pt\/","name":"DNT non woven fabrics - No Tejido","description":"Principal fabricante espa\u00f1ol de no tejido de polipropileno o spunbond non woven. La empresa con sede en Alcal\u00e1 la Real, Ja\u00e9n, forma parte del grupo empresarial Dise\u00f1os NT grupo con una extensa trayectoria en la industria transformadora del no tejido para la fabricaci\u00f3n de embalajes y bolsas.","publisher":{"@id":"https:\/\/dntnonwovenfabrics.com\/pt-pt\/#organization"},"potentialAction":[{"@type":"SearchAction","target":{"@type":"EntryPoint","urlTemplate":"https:\/\/dntnonwovenfabrics.com\/pt-pt\/?s={search_term_string}"},"query-input":{"@type":"PropertyValueSpecification","valueRequired":true,"valueName":"search_term_string"}}],"inLanguage":"pt-PT"},{"@type":"Organization","@id":"https:\/\/dntnonwovenfabrics.com\/pt-pt\/#organization","name":"DNT non woven fabrics - No Tejido","url":"https:\/\/dntnonwovenfabrics.com\/pt-pt\/","logo":{"@type":"ImageObject","inLanguage":"pt-PT","@id":"https:\/\/dntnonwovenfabrics.com\/pt-pt\/#\/schema\/logo\/image\/","url":"https:\/\/dntnonwovenfabrics.com\/wp-content\/uploads\/2014\/07\/logohead.jpg","contentUrl":"https:\/\/dntnonwovenfabrics.com\/wp-content\/uploads\/2014\/07\/logohead.jpg","width":205,"height":86,"caption":"DNT non woven fabrics - No Tejido"},"image":{"@id":"https:\/\/dntnonwovenfabrics.com\/pt-pt\/#\/schema\/logo\/image\/"}}]}},"_links":{"self":[{"href":"https:\/\/dntnonwovenfabrics.com\/pt-pt\/wp-json\/wp\/v2\/pages\/14552","targetHints":{"allow":["GET"]}}],"collection":[{"href":"https:\/\/dntnonwovenfabrics.com\/pt-pt\/wp-json\/wp\/v2\/pages"}],"about":[{"href":"https:\/\/dntnonwovenfabrics.com\/pt-pt\/wp-json\/wp\/v2\/types\/page"}],"author":[{"embeddable":true,"href":"https:\/\/dntnonwovenfabrics.com\/pt-pt\/wp-json\/wp\/v2\/users\/5"}],"replies":[{"embeddable":true,"href":"https:\/\/dntnonwovenfabrics.com\/pt-pt\/wp-json\/wp\/v2\/comments?post=14552"}],"version-history":[{"count":0,"href":"https:\/\/dntnonwovenfabrics.com\/pt-pt\/wp-json\/wp\/v2\/pages\/14552\/revisions"}],"wp:attachment":[{"href":"https:\/\/dntnonwovenfabrics.com\/pt-pt\/wp-json\/wp\/v2\/media?parent=14552"}],"curies":[{"name":"wp","href":"https:\/\/api.w.org\/{rel}","templated":true}]}}