{"id":14576,"date":"2021-10-07T14:34:42","date_gmt":"2021-10-07T12:34:42","guid":{"rendered":"https:\/\/dntnonwovenfabrics.com\/idi\/"},"modified":"2025-01-14T14:21:40","modified_gmt":"2025-01-14T13:21:40","slug":"idi","status":"publish","type":"page","link":"https:\/\/dntnonwovenfabrics.com\/pt-pt\/idi\/","title":{"rendered":"I+D+i"},"content":{"rendered":"<div class=\"gb-grid-wrapper gb-grid-wrapper-b31fce98\">\n<div class=\"gb-grid-column gb-grid-column-a731af52\"><div class=\"gb-container gb-container-a731af52\"><div class=\"gb-inside-container\">\n\n<p class=\"has-text-align-center\">No seu compromisso com a melhoria cont\u00ednua, a DNT Non Woven Fabrics faz esfor\u00e7os significativos em I&amp;D&amp;I e <strong>inova\u00e7\u00e3o tecnol\u00f3gica<\/strong>, aplicando as metodologias de produ\u00e7\u00e3o e gest\u00e3o mais eficientes para oferecer solu\u00e7\u00f5es inovadoras nos seus n\u00e3o tecidos.<\/p>\n\n\n\n<div style=\"height:72px\" aria-hidden=\"true\" class=\"wp-block-spacer hide-on-mobile\"><\/div>\n\n<\/div><\/div><\/div>\n<\/div>\n\n<div class=\"gb-container gb-container-995281db\">\n<div class=\"gb-grid-wrapper gb-grid-wrapper-aa15b502\">\n<div class=\"gb-grid-column gb-grid-column-82cdd5e5\"><div class=\"gb-container gb-container-82cdd5e5\"><div class=\"gb-inside-container\"><\/div><\/div><\/div>\n\n<div class=\"gb-grid-column gb-grid-column-526ff458\"><div class=\"gb-container gb-container-526ff458 menu-carta\"><div class=\"gb-inside-container\">\n\n<div class=\"wp-block-columns is-layout-flex wp-container-core-columns-is-layout-9d6595d7 wp-block-columns-is-layout-flex\">\n<div class=\"wp-block-column vertical is-layout-flow wp-block-column-is-layout-flow\" style=\"flex-basis:5%\"><\/div>\n\n\n\n<div class=\"wp-block-column is-layout-flow wp-block-column-is-layout-flow\" style=\"flex-basis:70%\">\n<h2 class=\"gb-headline gb-headline-cb5cb896 gb-headline-text bloque-sombra\">PYME INOVADORA<\/h2>\n\n\n\n<p class=\"has-azul-claro-color has-text-color has-normal-font-size\">Atribu\u00eddo pelo Minist\u00e9rio da Ci\u00eancia e da Inova\u00e7\u00e3o, concede o selo PME Inovadora para reconhecer os esfor\u00e7os das empresas que realizam actividades no dom\u00ednio da investiga\u00e7\u00e3o, do desenvolvimento tecnol\u00f3gico e da inova\u00e7\u00e3o (I&amp;D&amp;I).<\/p>\n\n\n\n<p class=\"has-azul-claro-color has-text-color has-normal-font-size\">A equipa t\u00e9cnica da DNT Non Woven Fabrics concentra os seus esfor\u00e7os na melhoria t\u00e9cnica dos produtos, bem como no desenvolvimento cont\u00ednuo de novas aplica\u00e7\u00f5es e produtos.<\/p>\n<\/div>\n\n\n\n<div class=\"wp-block-column is-layout-flow wp-block-column-is-layout-flow\" style=\"flex-basis:30%\"><\/div>\n<\/div>\n\n<\/div><\/div><\/div>\n<\/div>\n\n\n<div style=\"height:0px\" aria-hidden=\"true\" class=\"wp-block-spacer\"><\/div>\n\n<\/div>\n\n\n<div style=\"height:0px\" aria-hidden=\"true\" class=\"wp-block-spacer\"><\/div>\n\n\n<div class=\"gb-grid-wrapper gb-grid-wrapper-6f5944b3\">\n<div class=\"gb-grid-column gb-grid-column-dbc29ca8\"><div class=\"gb-container gb-container-dbc29ca8 fondo-ham\"><div class=\"gb-inside-container\">\n\n<div class=\"wp-block-columns texto-derecha is-layout-flex wp-container-core-columns-is-layout-9d6595d7 wp-block-columns-is-layout-flex\">\n<div class=\"wp-block-column vertical is-layout-flow wp-block-column-is-layout-flow\" style=\"flex-basis:5%\"><\/div>\n\n\n\n<div class=\"wp-block-column texto-derecha is-layout-flow wp-block-column-is-layout-flow\" style=\"flex-basis:70%\">\n<h3 class=\"gb-headline gb-headline-f53602a1 gb-headline-text bloque-sombra\">BICAPA N\u00c3O TECIDA ANTI-GRAMA<\/h3>\n\n\n\n<p class=\"boton-derecha has-azul-claro-color has-text-color has-normal-font-size\">O desenvolvimento cont\u00ednuo de novas aplica\u00e7\u00f5es de tecidos n\u00e3o tecidos levou a DNT Non Woven Fabrics a desenvolver a malha n\u00e3o tecida antiervas daninhas de duas camadas, para a qual nos foi concedido o Modelo de Utilidade. Este produto proporciona impermeabilidade e prote\u00e7\u00e3o contra a radia\u00e7\u00e3o UV, impedindo o crescimento de ervas daninhas nas culturas.<\/p>\n<\/div>\n\n\n\n<div class=\"wp-block-column is-layout-flow wp-block-column-is-layout-flow\" style=\"flex-basis:5%\"><\/div>\n<\/div>\n\n<\/div><\/div><\/div>\n\n<div class=\"gb-grid-column gb-grid-column-af89fd4e\"><div class=\"gb-container gb-container-af89fd4e\"><div class=\"gb-inside-container\"><\/div><\/div><\/div>\n<\/div>","protected":false},"excerpt":{"rendered":"","protected":false},"author":5,"featured_media":14570,"parent":0,"menu_order":0,"comment_status":"closed","ping_status":"closed","template":"","meta":{"inline_featured_image":false,"footnotes":""},"class_list":["post-14576","page","type-page","status-publish","has-post-thumbnail"],"yoast_head":"<!-- This site is optimized with the Yoast SEO plugin v27.3 - https:\/\/yoast.com\/product\/yoast-seo-wordpress\/ -->\n<title>I+D+i - DNT non woven fabrics - No Tejido<\/title>\n<meta name=\"description\" content=\"DNT Non Woven Fabrics hace esfuerzos en I+D+i, aplicando las metodolog\u00edas de producci\u00f3n y gesti\u00f3n para ofrecer soluciones innovadoras.\" \/>\n<meta name=\"robots\" content=\"index, follow, max-snippet:-1, max-image-preview:large, max-video-preview:-1\" \/>\n<link rel=\"canonical\" href=\"https:\/\/dntnonwovenfabrics.com\/pt-pt\/idi\/\" \/>\n<meta property=\"og:locale\" content=\"pt_PT\" \/>\n<meta property=\"og:type\" content=\"article\" \/>\n<meta property=\"og:title\" content=\"I+D+i - DNT non woven fabrics - No Tejido\" \/>\n<meta property=\"og:description\" content=\"DNT Non Woven Fabrics hace esfuerzos en I+D+i, aplicando las metodolog\u00edas de producci\u00f3n y gesti\u00f3n para ofrecer soluciones innovadoras.\" \/>\n<meta property=\"og:url\" content=\"https:\/\/dntnonwovenfabrics.com\/pt-pt\/idi\/\" \/>\n<meta property=\"og:site_name\" content=\"DNT non woven fabrics - No Tejido\" \/>\n<meta property=\"article:modified_time\" content=\"2025-01-14T13:21:40+00:00\" \/>\n<meta property=\"og:image\" content=\"https:\/\/dntnonwovenfabrics.com\/wp-content\/uploads\/2021\/10\/banner-idi.png\" \/>\n\t<meta property=\"og:image:width\" content=\"1200\" \/>\n\t<meta property=\"og:image:height\" content=\"675\" \/>\n\t<meta property=\"og:image:type\" content=\"image\/png\" \/>\n<meta name=\"twitter:card\" content=\"summary_large_image\" \/>\n<meta name=\"twitter:label1\" content=\"Tempo estimado de leitura\" \/>\n\t<meta name=\"twitter:data1\" content=\"1 minuto\" \/>\n<script type=\"application\/ld+json\" class=\"yoast-schema-graph\">{\"@context\":\"https:\\\/\\\/schema.org\",\"@graph\":[{\"@type\":\"WebPage\",\"@id\":\"https:\\\/\\\/dntnonwovenfabrics.com\\\/pt-pt\\\/idi\\\/\",\"url\":\"https:\\\/\\\/dntnonwovenfabrics.com\\\/pt-pt\\\/idi\\\/\",\"name\":\"I+D+i - DNT non woven fabrics - No Tejido\",\"isPartOf\":{\"@id\":\"https:\\\/\\\/dntnonwovenfabrics.com\\\/pt-pt\\\/#website\"},\"primaryImageOfPage\":{\"@id\":\"https:\\\/\\\/dntnonwovenfabrics.com\\\/pt-pt\\\/idi\\\/#primaryimage\"},\"image\":{\"@id\":\"https:\\\/\\\/dntnonwovenfabrics.com\\\/pt-pt\\\/idi\\\/#primaryimage\"},\"thumbnailUrl\":\"https:\\\/\\\/dntnonwovenfabrics.com\\\/wp-content\\\/uploads\\\/2021\\\/10\\\/banner-idi.png\",\"datePublished\":\"2021-10-07T12:34:42+00:00\",\"dateModified\":\"2025-01-14T13:21:40+00:00\",\"description\":\"DNT Non Woven Fabrics hace esfuerzos en I+D+i, aplicando las metodolog\u00edas de producci\u00f3n y gesti\u00f3n para ofrecer soluciones innovadoras.\",\"breadcrumb\":{\"@id\":\"https:\\\/\\\/dntnonwovenfabrics.com\\\/pt-pt\\\/idi\\\/#breadcrumb\"},\"inLanguage\":\"pt-PT\",\"potentialAction\":[{\"@type\":\"ReadAction\",\"target\":[\"https:\\\/\\\/dntnonwovenfabrics.com\\\/pt-pt\\\/idi\\\/\"]}]},{\"@type\":\"ImageObject\",\"inLanguage\":\"pt-PT\",\"@id\":\"https:\\\/\\\/dntnonwovenfabrics.com\\\/pt-pt\\\/idi\\\/#primaryimage\",\"url\":\"https:\\\/\\\/dntnonwovenfabrics.com\\\/wp-content\\\/uploads\\\/2021\\\/10\\\/banner-idi.png\",\"contentUrl\":\"https:\\\/\\\/dntnonwovenfabrics.com\\\/wp-content\\\/uploads\\\/2021\\\/10\\\/banner-idi.png\",\"width\":1200,\"height\":675},{\"@type\":\"BreadcrumbList\",\"@id\":\"https:\\\/\\\/dntnonwovenfabrics.com\\\/pt-pt\\\/idi\\\/#breadcrumb\",\"itemListElement\":[{\"@type\":\"ListItem\",\"position\":1,\"name\":\"Portada\",\"item\":\"https:\\\/\\\/dntnonwovenfabrics.com\\\/pt-pt\\\/\"},{\"@type\":\"ListItem\",\"position\":2,\"name\":\"I+D+i\"}]},{\"@type\":\"WebSite\",\"@id\":\"https:\\\/\\\/dntnonwovenfabrics.com\\\/pt-pt\\\/#website\",\"url\":\"https:\\\/\\\/dntnonwovenfabrics.com\\\/pt-pt\\\/\",\"name\":\"DNT non woven fabrics - No Tejido\",\"description\":\"Principal fabricante espa\u00f1ol de no tejido de polipropileno o spunbond non woven. La empresa con sede en Alcal\u00e1 la Real, Ja\u00e9n, forma parte del grupo empresarial Dise\u00f1os NT grupo con una extensa trayectoria en la industria transformadora del no tejido para la fabricaci\u00f3n de embalajes y bolsas.\",\"publisher\":{\"@id\":\"https:\\\/\\\/dntnonwovenfabrics.com\\\/pt-pt\\\/#organization\"},\"potentialAction\":[{\"@type\":\"SearchAction\",\"target\":{\"@type\":\"EntryPoint\",\"urlTemplate\":\"https:\\\/\\\/dntnonwovenfabrics.com\\\/pt-pt\\\/?s={search_term_string}\"},\"query-input\":{\"@type\":\"PropertyValueSpecification\",\"valueRequired\":true,\"valueName\":\"search_term_string\"}}],\"inLanguage\":\"pt-PT\"},{\"@type\":\"Organization\",\"@id\":\"https:\\\/\\\/dntnonwovenfabrics.com\\\/pt-pt\\\/#organization\",\"name\":\"DNT non woven fabrics - No Tejido\",\"url\":\"https:\\\/\\\/dntnonwovenfabrics.com\\\/pt-pt\\\/\",\"logo\":{\"@type\":\"ImageObject\",\"inLanguage\":\"pt-PT\",\"@id\":\"https:\\\/\\\/dntnonwovenfabrics.com\\\/pt-pt\\\/#\\\/schema\\\/logo\\\/image\\\/\",\"url\":\"https:\\\/\\\/dntnonwovenfabrics.com\\\/wp-content\\\/uploads\\\/2014\\\/07\\\/logohead.jpg\",\"contentUrl\":\"https:\\\/\\\/dntnonwovenfabrics.com\\\/wp-content\\\/uploads\\\/2014\\\/07\\\/logohead.jpg\",\"width\":205,\"height\":86,\"caption\":\"DNT non woven fabrics - No Tejido\"},\"image\":{\"@id\":\"https:\\\/\\\/dntnonwovenfabrics.com\\\/pt-pt\\\/#\\\/schema\\\/logo\\\/image\\\/\"}}]}<\/script>\n<!-- \/ Yoast SEO plugin. -->","yoast_head_json":{"title":"I+D+i - DNT non woven fabrics - No Tejido","description":"DNT Non Woven Fabrics hace esfuerzos en I+D+i, aplicando las metodolog\u00edas de producci\u00f3n y gesti\u00f3n para ofrecer soluciones innovadoras.","robots":{"index":"index","follow":"follow","max-snippet":"max-snippet:-1","max-image-preview":"max-image-preview:large","max-video-preview":"max-video-preview:-1"},"canonical":"https:\/\/dntnonwovenfabrics.com\/pt-pt\/idi\/","og_locale":"pt_PT","og_type":"article","og_title":"I+D+i - DNT non woven fabrics - No Tejido","og_description":"DNT Non Woven Fabrics hace esfuerzos en I+D+i, aplicando las metodolog\u00edas de producci\u00f3n y gesti\u00f3n para ofrecer soluciones innovadoras.","og_url":"https:\/\/dntnonwovenfabrics.com\/pt-pt\/idi\/","og_site_name":"DNT non woven fabrics - No Tejido","article_modified_time":"2025-01-14T13:21:40+00:00","og_image":[{"width":1200,"height":675,"url":"https:\/\/dntnonwovenfabrics.com\/wp-content\/uploads\/2021\/10\/banner-idi.png","type":"image\/png"}],"twitter_card":"summary_large_image","twitter_misc":{"Tempo estimado de leitura":"1 minuto"},"schema":{"@context":"https:\/\/schema.org","@graph":[{"@type":"WebPage","@id":"https:\/\/dntnonwovenfabrics.com\/pt-pt\/idi\/","url":"https:\/\/dntnonwovenfabrics.com\/pt-pt\/idi\/","name":"I+D+i - DNT non woven fabrics - No Tejido","isPartOf":{"@id":"https:\/\/dntnonwovenfabrics.com\/pt-pt\/#website"},"primaryImageOfPage":{"@id":"https:\/\/dntnonwovenfabrics.com\/pt-pt\/idi\/#primaryimage"},"image":{"@id":"https:\/\/dntnonwovenfabrics.com\/pt-pt\/idi\/#primaryimage"},"thumbnailUrl":"https:\/\/dntnonwovenfabrics.com\/wp-content\/uploads\/2021\/10\/banner-idi.png","datePublished":"2021-10-07T12:34:42+00:00","dateModified":"2025-01-14T13:21:40+00:00","description":"DNT Non Woven Fabrics hace esfuerzos en I+D+i, aplicando las metodolog\u00edas de producci\u00f3n y gesti\u00f3n para ofrecer soluciones innovadoras.","breadcrumb":{"@id":"https:\/\/dntnonwovenfabrics.com\/pt-pt\/idi\/#breadcrumb"},"inLanguage":"pt-PT","potentialAction":[{"@type":"ReadAction","target":["https:\/\/dntnonwovenfabrics.com\/pt-pt\/idi\/"]}]},{"@type":"ImageObject","inLanguage":"pt-PT","@id":"https:\/\/dntnonwovenfabrics.com\/pt-pt\/idi\/#primaryimage","url":"https:\/\/dntnonwovenfabrics.com\/wp-content\/uploads\/2021\/10\/banner-idi.png","contentUrl":"https:\/\/dntnonwovenfabrics.com\/wp-content\/uploads\/2021\/10\/banner-idi.png","width":1200,"height":675},{"@type":"BreadcrumbList","@id":"https:\/\/dntnonwovenfabrics.com\/pt-pt\/idi\/#breadcrumb","itemListElement":[{"@type":"ListItem","position":1,"name":"Portada","item":"https:\/\/dntnonwovenfabrics.com\/pt-pt\/"},{"@type":"ListItem","position":2,"name":"I+D+i"}]},{"@type":"WebSite","@id":"https:\/\/dntnonwovenfabrics.com\/pt-pt\/#website","url":"https:\/\/dntnonwovenfabrics.com\/pt-pt\/","name":"DNT non woven fabrics - No Tejido","description":"Principal fabricante espa\u00f1ol de no tejido de polipropileno o spunbond non woven. La empresa con sede en Alcal\u00e1 la Real, Ja\u00e9n, forma parte del grupo empresarial Dise\u00f1os NT grupo con una extensa trayectoria en la industria transformadora del no tejido para la fabricaci\u00f3n de embalajes y bolsas.","publisher":{"@id":"https:\/\/dntnonwovenfabrics.com\/pt-pt\/#organization"},"potentialAction":[{"@type":"SearchAction","target":{"@type":"EntryPoint","urlTemplate":"https:\/\/dntnonwovenfabrics.com\/pt-pt\/?s={search_term_string}"},"query-input":{"@type":"PropertyValueSpecification","valueRequired":true,"valueName":"search_term_string"}}],"inLanguage":"pt-PT"},{"@type":"Organization","@id":"https:\/\/dntnonwovenfabrics.com\/pt-pt\/#organization","name":"DNT non woven fabrics - No Tejido","url":"https:\/\/dntnonwovenfabrics.com\/pt-pt\/","logo":{"@type":"ImageObject","inLanguage":"pt-PT","@id":"https:\/\/dntnonwovenfabrics.com\/pt-pt\/#\/schema\/logo\/image\/","url":"https:\/\/dntnonwovenfabrics.com\/wp-content\/uploads\/2014\/07\/logohead.jpg","contentUrl":"https:\/\/dntnonwovenfabrics.com\/wp-content\/uploads\/2014\/07\/logohead.jpg","width":205,"height":86,"caption":"DNT non woven fabrics - No Tejido"},"image":{"@id":"https:\/\/dntnonwovenfabrics.com\/pt-pt\/#\/schema\/logo\/image\/"}}]}},"_links":{"self":[{"href":"https:\/\/dntnonwovenfabrics.com\/pt-pt\/wp-json\/wp\/v2\/pages\/14576","targetHints":{"allow":["GET"]}}],"collection":[{"href":"https:\/\/dntnonwovenfabrics.com\/pt-pt\/wp-json\/wp\/v2\/pages"}],"about":[{"href":"https:\/\/dntnonwovenfabrics.com\/pt-pt\/wp-json\/wp\/v2\/types\/page"}],"author":[{"embeddable":true,"href":"https:\/\/dntnonwovenfabrics.com\/pt-pt\/wp-json\/wp\/v2\/users\/5"}],"replies":[{"embeddable":true,"href":"https:\/\/dntnonwovenfabrics.com\/pt-pt\/wp-json\/wp\/v2\/comments?post=14576"}],"version-history":[{"count":0,"href":"https:\/\/dntnonwovenfabrics.com\/pt-pt\/wp-json\/wp\/v2\/pages\/14576\/revisions"}],"wp:featuredmedia":[{"embeddable":true,"href":"https:\/\/dntnonwovenfabrics.com\/pt-pt\/wp-json\/wp\/v2\/media\/14570"}],"wp:attachment":[{"href":"https:\/\/dntnonwovenfabrics.com\/pt-pt\/wp-json\/wp\/v2\/media?parent=14576"}],"curies":[{"name":"wp","href":"https:\/\/api.w.org\/{rel}","templated":true}]}}