{"id":14580,"date":"2020-09-29T22:37:16","date_gmt":"2020-09-29T20:37:16","guid":{"rendered":"https:\/\/dntnonwovenfabrics.com\/politica-de-cookies\/"},"modified":"2025-01-15T12:59:26","modified_gmt":"2025-01-15T11:59:26","slug":"politica-de-cookies","status":"publish","type":"page","link":"https:\/\/dntnonwovenfabrics.com\/pt-pt\/politica-de-cookies\/","title":{"rendered":"Pol\u00edtica de Cookies"},"content":{"rendered":"\n<p>O s\u00edtio Web www.dntnonwovenfabrics.com (doravante, o \u201cS\u00edtio Web\u201d), propriedade da <a href=\"https:\/\/dntnonwovenfabrics.com\/pt-pt\">DNT Non Woven Fabrics S.A.<\/a> (doravante, a \u201cEntidade\u201d), utiliza cookies ou tecnologias semelhantes que armazenam e recuperam informa\u00e7\u00f5es quando o utilizador navega (todas elas, doravante, referidas como \u201ccookies\u201d). Ao navegar ou utilizar os nossos servi\u00e7os, o utilizador aceita a nossa utiliza\u00e7\u00e3o da Pol\u00edtica de Cookies.<\/p>\n\n\n\n<h3 class=\"wp-block-heading\">O que s\u00e3o <em>cookies<\/em>?<\/h3>\n\n\n\n<p>Os cookies s\u00e3o ficheiros que armazenam e recuperam informa\u00e7\u00f5es sobre os h\u00e1bitos de navega\u00e7\u00e3o do utilizador. As informa\u00e7\u00f5es obtidas est\u00e3o relacionadas, por exemplo, com o n\u00famero de p\u00e1ginas visitadas, o idioma, o local a partir do qual se acede, o n\u00famero de novos utilizadores, a frequ\u00eancia e recorr\u00eancia das visitas, a dura\u00e7\u00e3o da visita, o navegador ou o equipamento a partir do qual se realiza a visita ou se executa a aplica\u00e7\u00e3o.<\/p>\n\n\n\n<p>A Web \u00e9 acess\u00edvel sem necessidade de ativa\u00e7\u00e3o de cookies, embora a sua desativa\u00e7\u00e3o possa limitar a utiliza\u00e7\u00e3o de determinados servi\u00e7os ou impedir o seu correto funcionamento, de acordo com a Pol\u00edtica de Cookies.<\/p>\n\n\n\n<h3 class=\"wp-block-heading\">Consentimento<\/h3>\n\n\n\n<p>Ao aceder ao Website, s\u00e3o estabelecidos mecanismos adequados para obter o consentimento do utilizador para a instala\u00e7\u00e3o de cookies que o requeiram.<\/p>\n\n\n\n<p>N\u00e3o obstante o acima exposto, \u00e9 de notar que, de acordo com a Lei, o consentimento acima mencionado n\u00e3o ser\u00e1 exigido para a instala\u00e7\u00e3o dos cookies estritamente necess\u00e1rios para a presta\u00e7\u00e3o de um servi\u00e7o expressamente solicitado pelo utilizador (tais como cookies t\u00e9cnicos).<\/p>\n\n\n\n<h3 class=\"wp-block-heading\">Que tipos de cookies utiliza o s\u00edtio Web?<\/h3>\n\n\n\n<p>O utilizador consente que o s\u00edtio Web utilize os seguintes cookies:<\/p>\n\n\n\n<h4 class=\"wp-block-heading\">Dependendo da entidade que os gere:<\/h4>\n\n\n\n<ul class=\"wp-block-list\">\n<li><strong>Cookies pr\u00f3prios:<\/strong> s\u00e3o enviados para o equipamento terminal do utilizador a partir de um computador ou dom\u00ednio gerido pelo pr\u00f3prio editor, ou seja, a Entidade, e a partir do qual \u00e9 prestado o servi\u00e7o solicitado pelo Utilizador.<\/li>\n\n\n\n<li><strong>Cookies de terceiros:<\/strong> s\u00e3o enviados para o equipamento terminal do utilizador a partir de um computador ou dom\u00ednio que n\u00e3o \u00e9 gerido pelo editor, mas por outra entidade que processa os dados obtidos atrav\u00e9s dos cookies.<\/li>\n<\/ul>\n\n\n\n<h4 class=\"wp-block-heading\">De acordo com o per\u00edodo de tempo que permanecem activos:<\/h4>\n\n\n\n<ul class=\"wp-block-list\">\n<li><strong>Cookies de sess\u00e3o:<\/strong> recolhem e armazenam dados enquanto o utilizador acede a este site.<\/li>\n\n\n\n<li><strong>Cookies persistentes:<\/strong> recolhem dados armazenados no terminal e s\u00e3o acedidos e tratados durante o per\u00edodo definido.<\/li>\n<\/ul>\n\n\n\n<h4 class=\"wp-block-heading\">De acordo com a sua finalidade:<\/h4>\n\n\n\n<ul class=\"wp-block-list\">\n<li><strong>Cookies de prefer\u00eancias ou de personaliza\u00e7\u00e3o:<\/strong> permitem recordar informa\u00e7\u00f5es para que o utilizador possa aceder ao servi\u00e7o com determinadas carater\u00edsticas que podem diferenciar a sua experi\u00eancia da de outros utilizadores, como, por exemplo, o idioma, o n\u00famero de resultados a apresentar quando o utilizador efectua uma pesquisa, o aspeto ou o conte\u00fado do servi\u00e7o em fun\u00e7\u00e3o do tipo de navegador atrav\u00e9s do qual o utilizador acede ao servi\u00e7o ou da regi\u00e3o a partir da qual acede ao servi\u00e7o, etc.<\/li>\n\n\n\n<li><strong>Cookies t\u00e9cnicos:<\/strong> permitem a navega\u00e7\u00e3o no s\u00edtio Web e a utiliza\u00e7\u00e3o dos diferentes servi\u00e7os existentes no s\u00edtio Web (por exemplo, controlar o tr\u00e1fego e a comunica\u00e7\u00e3o de dados, utilizar elementos de seguran\u00e7a durante a navega\u00e7\u00e3o, etc.).<\/li>\n\n\n\n<li><strong>Cookies de an\u00e1lise ou medi\u00e7\u00e3o:<\/strong> permitem o acompanhamento e a an\u00e1lise do comportamento dos utilizadores. A informa\u00e7\u00e3o recolhida atrav\u00e9s deste tipo de cookies \u00e9 utilizada para medir a atividade do s\u00edtio Web, a fim de introduzir melhorias com base na an\u00e1lise dos dados sobre a utiliza\u00e7\u00e3o que os utilizadores fazem do servi\u00e7o.<\/li>\n\n\n\n<li><strong>Cookies publicit\u00e1rios:<\/strong> permitem e facilitam o seguimento do comportamento do utilizador atrav\u00e9s dos seus h\u00e1bitos de navega\u00e7\u00e3o, o que permite desenvolver um perfil espec\u00edfico para apresentar publicidade em fun\u00e7\u00e3o do mesmo. A rejei\u00e7\u00e3o da utiliza\u00e7\u00e3o de cookies publicit\u00e1rios impedir\u00e1 que a Entidade possa mostrar ao utilizador publicidade personalizada do seu interesse. No entanto, n\u00e3o impedir\u00e1 a Entidade de lhe enviar publicidade gen\u00e9rica de acordo com a Pol\u00edtica de Privacidade.<\/li>\n<\/ul>\n\n\n\n<p>A continuaci\u00f3n puede consultar las cookies que la Entidad utiliza:<\/p>\n\n\n\n<ul class=\"wp-block-list\">\n<li><strong><strong>Cookies de prefer\u00eancias ou de personaliza\u00e7\u00e3o<\/strong><\/strong><\/li>\n<\/ul>\n\n\n\n<figure class=\"wp-block-table\"><table><tbody><tr><td><strong>Cookie<\/strong><strong><\/strong><\/td><td><strong>Titular<\/strong><\/td><td><strong>Finalidad<\/strong><\/td><td><strong>&nbsp;Duraci\u00f3n<\/strong><\/td><\/tr><tr><td><strong>wp-wpml_current_l anguage<\/strong><\/td><td>dntnonwovenfabrics.com<\/td><td>Designa o c\u00f3digo do pa\u00eds que \u00e9 calculado com base no endere\u00e7o IP do utilizador. Utilizado para determinar o idioma que deve ser utilizado pelos utilizadores.<\/td><td>1 dia<\/td><\/tr><\/tbody><\/table><\/figure>\n\n\n\n<ul class=\"wp-block-list\">\n<li><strong><strong>Cookies de an\u00e1lise ou medi\u00e7\u00e3o<\/strong><\/strong><\/li>\n<\/ul>\n\n\n\n<figure class=\"wp-block-table\"><table><tbody><tr><td><strong>Cookie<\/strong><strong><\/strong><\/td><td><strong>Titular<\/strong><\/td><td><strong>Finalidad<\/strong><\/td><td><strong>&nbsp;Duraci\u00f3n<\/strong><\/td><\/tr><tr><td><strong>_ga<\/strong> <strong>&nbsp;<\/strong><\/td><td>google.com<\/td><td>Regista um ID \u00fanico que \u00e9 utilizado para gerar dados estat\u00edsticos sobre a forma como o visitante utiliza o s\u00edtio Web.<\/td><td>2 anos<\/td><\/tr><tr><td><strong>_ga_#<\/strong><\/td><td>google.com<\/td><td>Recolhe dados sobre o n\u00famero de vezes que um utilizador visitou o s\u00edtio Web, bem como as datas da primeira e da mais recente visita. Utilizado pelo Google Analytics.\u00a0<\/td><td>2 anos<\/td><\/tr><tr><td><strong>_gat<\/strong><\/td><td>google.com<\/td><td>Utilizado por Google Analytics Utilizado pelo Google Analytics para monitorizar as taxas de pedidos.<\/td><td>1 dia<\/td><\/tr><tr><td><strong>_gid<\/strong><\/td><td>google.com<\/td><td>Regista um ID \u00fanico que \u00e9 utilizado para gerar dados estat\u00edsticos sobre a forma como o visitante utiliza o s\u00edtio Web.<\/td><td>1 dia<\/td><\/tr><\/tbody><\/table><\/figure>\n\n\n\n<ul class=\"wp-block-list\">\n<li><strong><strong>Cookies publicit\u00e1rios<\/strong><\/strong><\/li>\n<\/ul>\n\n\n\n<figure class=\"wp-block-table\"><table><tbody><tr><td><strong>Cookie<\/strong><strong><\/strong><\/td><td><strong>Titular<\/strong><\/td><td><strong>Finalidad<\/strong><\/td><td><strong>&nbsp;Duraci\u00f3n<\/strong><\/td><\/tr><tr><td><strong>ads\/ga-audiences<\/strong><strong><\/strong><\/td><td>Google.com<\/td><td>Utilizado pelo Google AdWords para restabelecer a liga\u00e7\u00e3o com os visitantes que provavelmente se tornar\u00e3o clientes, baseia-se no comportamento online do cliente em v\u00e1rios s\u00edtios Web.<\/td><td>Sess\u00e3o<\/td><\/tr><tr><td><strong>NID<\/strong><\/td><td>Google.com<\/td><td>Regista um ID \u00fanico que identifica o dispositivo de um utilizador que regressa. O ID \u00e9 utilizado para an\u00fancios direcionados.<\/td><td>6 meses<\/td><\/tr><\/tbody><\/table><\/figure>\n\n\n\n<h3 class=\"wp-block-heading\">Formas de desativar ou eliminar cookies<\/h3>\n\n\n\n<p>O utilizador pode permitir, bloquear ou apagar os cookies instalados no seu navegador, configurando as op\u00e7\u00f5es oferecidas pelo navegador.<\/p>\n\n\n\n<p>No entanto, o facto de os desativar pode alterar o funcionamento do s\u00edtio Web. Para mais informa\u00e7\u00f5es, consulte as instru\u00e7\u00f5es e os manuais da pol\u00edtica de cookies do seu navegador.<\/p>\n\n\n\n<p>No caso de o utilizador pretender revogar o consentimento atrav\u00e9s dos browsers que utiliza, dever\u00e1 configur\u00e1-lo nos termos abaixo indicados:<\/p>\n\n\n\n<ol class=\"wp-block-list\">\n<li>Microsoft Internet Explorer: na op\u00e7\u00e3o de menu \u201cFerramentas\u201d, selecionar \u201cOp\u00e7\u00f5es da Internet\u201d e aceder a \u201cPrivacidade\u201d.<\/li>\n\n\n\n<li>Firefox, para Mac na op\u00e7\u00e3o de menu \u201cPrefer\u00eancias\u201d, selecionando \u201cPrivacidade\u201d, acedendo \u00e0 sec\u00e7\u00e3o \u201cMostrar Cookies\u201d. E para Windows na op\u00e7\u00e3o de menu \u201cFerramentas\u201d, selecionando \u201cOp\u00e7\u00f5es\u201d, acedendo a \u201cPrivacidade\u201d e depois \u201cUtilizar defini\u00e7\u00f5es personalizadas para o hist\u00f3rico\u201d.<\/li>\n\n\n\n<li>Safari, na op\u00e7\u00e3o Safari, selecionar \u201cPrefer\u00eancias\u201d, e \u201cPrivacidade\u201d.<\/li>\n\n\n\n<li>Google Chrome, na op\u00e7\u00e3o de menu Ferramentas ou no separador Chrome (para Mac), selecionar \u201cOp\u00e7\u00f5es\u201d (\u201cPrefer\u00eancias\u201d no Mac). Aceder a \u201cDefini\u00e7\u00f5es avan\u00e7adas\u201d e depois na op\u00e7\u00e3o \u201cPrivacidade e seguran\u00e7a\u201d e \u201cDefini\u00e7\u00f5es do s\u00edtio Web\u201d, e por fim assinalar \u201cCookies e dados do s\u00edtio\u201d.<\/li>\n<\/ol>\n\n\n\n<p>Tenha em aten\u00e7\u00e3o que, se aceitou a pol\u00edtica de cookies de terceiros, deve elimin\u00e1-los das op\u00e7\u00f5es do seu browser. A este respeito. Recomenda-se que consulte a ajuda do seu navegador ou que aceda \u00e0s p\u00e1ginas Web de ajuda dos principais navegadores:<\/p>\n\n\n\n<ul class=\"wp-block-list\">\n<li><a href=\"https:\/\/support.mozilla.org\/es\/kb\/habilitar-y-deshabilitar-cookies-sitios-web-rastrear-preferencias?redirectlocale=es&amp;redirectslug=habilitar-y-deshabilitar-cookies-que-los-sitios-we\">Firefox<\/a><\/li>\n\n\n\n<li><a href=\"https:\/\/support.microsoft.com\/es-es\/help\/17442\/windows-internet-explorer-delete-manage-cookies\">Internet Explorer<\/a>&nbsp;<\/li>\n\n\n\n<li><a href=\"https:\/\/support.apple.com\/es-es\/guide\/safari\/sfri11471\/mac\">Safari<\/a><\/li>\n\n\n\n<li><a href=\"https:\/\/support.google.com\/chrome\/answer\/95647?hl=es\">Chrome<\/a><\/li>\n<\/ul>\n\n\n\n<h3 class=\"wp-block-heading\">Atualiza\u00e7\u00e3o da pol\u00edtica de cookies<\/h3>\n\n\n\n<p>No caso de serem modificadas as carater\u00edsticas ou finalidades de utiliza\u00e7\u00e3o dos cookies na Web. Ser\u00e1 informado de tais altera\u00e7\u00f5es para obter novamente o seu consentimento.<\/p>\n","protected":false},"excerpt":{"rendered":"<p>O s\u00edtio Web www.dntnonwovenfabrics.com (doravante, o \u201cS\u00edtio Web\u201d), propriedade da DNT Non Woven Fabrics S.A. (doravante, a \u201cEntidade\u201d), utiliza cookies ou tecnologias semelhantes que armazenam e recuperam informa\u00e7\u00f5es quando o utilizador navega (todas elas, doravante, referidas como \u201ccookies\u201d). Ao navegar ou utilizar os nossos servi\u00e7os, o utilizador aceita a nossa utiliza\u00e7\u00e3o da Pol\u00edtica de Cookies. O que s\u00e3o cookies? Os cookies s\u00e3o ficheiros que armazenam e recuperam informa\u00e7\u00f5es sobre os &#8230; <\/p>\n<p class=\"read-more-container\"><a title=\"Pol\u00edtica de Cookies\" class=\"read-more button\" href=\"https:\/\/dntnonwovenfabrics.com\/pt-pt\/politica-de-cookies\/#more-14580\" aria-label=\"Leia mais sobre Pol\u00edtica de Cookies\">Leia mais<\/a><\/p>\n","protected":false},"author":5,"featured_media":0,"parent":0,"menu_order":0,"comment_status":"closed","ping_status":"closed","template":"","meta":{"inline_featured_image":false,"footnotes":""},"class_list":["post-14580","page","type-page","status-publish"],"yoast_head":"<!-- This site is optimized with the Yoast SEO plugin v27.3 - https:\/\/yoast.com\/product\/yoast-seo-wordpress\/ -->\n<title>Pol\u00edtica de Cookies - DNT non woven fabrics - No Tejido<\/title>\n<meta name=\"description\" content=\"La we de DNT Non Woven Fabrics utiliza una Pol\u00edtica de Cookies o tecnolog\u00edas similares que almacenan y recuperan informaci\u00f3n cuando navega.\" \/>\n<meta name=\"robots\" content=\"index, follow, max-snippet:-1, max-image-preview:large, max-video-preview:-1\" \/>\n<link rel=\"canonical\" href=\"https:\/\/dntnonwovenfabrics.com\/pt-pt\/politica-de-cookies\/\" \/>\n<meta property=\"og:locale\" content=\"pt_PT\" \/>\n<meta property=\"og:type\" content=\"article\" \/>\n<meta property=\"og:title\" content=\"Pol\u00edtica de Cookies - DNT non woven fabrics - No Tejido\" \/>\n<meta property=\"og:description\" content=\"La we de DNT Non Woven Fabrics utiliza una Pol\u00edtica de Cookies o tecnolog\u00edas similares que almacenan y recuperan informaci\u00f3n cuando navega.\" \/>\n<meta property=\"og:url\" content=\"https:\/\/dntnonwovenfabrics.com\/pt-pt\/politica-de-cookies\/\" \/>\n<meta property=\"og:site_name\" content=\"DNT non woven fabrics - No Tejido\" \/>\n<meta property=\"article:modified_time\" content=\"2025-01-15T11:59:26+00:00\" \/>\n<meta name=\"twitter:card\" content=\"summary_large_image\" \/>\n<meta name=\"twitter:label1\" content=\"Tempo estimado de leitura\" \/>\n\t<meta name=\"twitter:data1\" content=\"5 minutos\" \/>\n<script type=\"application\/ld+json\" class=\"yoast-schema-graph\">{\"@context\":\"https:\\\/\\\/schema.org\",\"@graph\":[{\"@type\":\"WebPage\",\"@id\":\"https:\\\/\\\/dntnonwovenfabrics.com\\\/pt-pt\\\/politica-de-cookies\\\/\",\"url\":\"https:\\\/\\\/dntnonwovenfabrics.com\\\/pt-pt\\\/politica-de-cookies\\\/\",\"name\":\"Pol\u00edtica de Cookies - DNT non woven fabrics - No Tejido\",\"isPartOf\":{\"@id\":\"https:\\\/\\\/dntnonwovenfabrics.com\\\/pt-pt\\\/#website\"},\"datePublished\":\"2020-09-29T20:37:16+00:00\",\"dateModified\":\"2025-01-15T11:59:26+00:00\",\"description\":\"La we de DNT Non Woven Fabrics utiliza una Pol\u00edtica de Cookies o tecnolog\u00edas similares que almacenan y recuperan informaci\u00f3n cuando navega.\",\"breadcrumb\":{\"@id\":\"https:\\\/\\\/dntnonwovenfabrics.com\\\/pt-pt\\\/politica-de-cookies\\\/#breadcrumb\"},\"inLanguage\":\"pt-PT\",\"potentialAction\":[{\"@type\":\"ReadAction\",\"target\":[\"https:\\\/\\\/dntnonwovenfabrics.com\\\/pt-pt\\\/politica-de-cookies\\\/\"]}]},{\"@type\":\"BreadcrumbList\",\"@id\":\"https:\\\/\\\/dntnonwovenfabrics.com\\\/pt-pt\\\/politica-de-cookies\\\/#breadcrumb\",\"itemListElement\":[{\"@type\":\"ListItem\",\"position\":1,\"name\":\"Portada\",\"item\":\"https:\\\/\\\/dntnonwovenfabrics.com\\\/pt-pt\\\/\"},{\"@type\":\"ListItem\",\"position\":2,\"name\":\"Pol\u00edtica de Cookies\"}]},{\"@type\":\"WebSite\",\"@id\":\"https:\\\/\\\/dntnonwovenfabrics.com\\\/pt-pt\\\/#website\",\"url\":\"https:\\\/\\\/dntnonwovenfabrics.com\\\/pt-pt\\\/\",\"name\":\"DNT non woven fabrics - No Tejido\",\"description\":\"Principal fabricante espa\u00f1ol de no tejido de polipropileno o spunbond non woven. La empresa con sede en Alcal\u00e1 la Real, Ja\u00e9n, forma parte del grupo empresarial Dise\u00f1os NT grupo con una extensa trayectoria en la industria transformadora del no tejido para la fabricaci\u00f3n de embalajes y bolsas.\",\"publisher\":{\"@id\":\"https:\\\/\\\/dntnonwovenfabrics.com\\\/pt-pt\\\/#organization\"},\"potentialAction\":[{\"@type\":\"SearchAction\",\"target\":{\"@type\":\"EntryPoint\",\"urlTemplate\":\"https:\\\/\\\/dntnonwovenfabrics.com\\\/pt-pt\\\/?s={search_term_string}\"},\"query-input\":{\"@type\":\"PropertyValueSpecification\",\"valueRequired\":true,\"valueName\":\"search_term_string\"}}],\"inLanguage\":\"pt-PT\"},{\"@type\":\"Organization\",\"@id\":\"https:\\\/\\\/dntnonwovenfabrics.com\\\/pt-pt\\\/#organization\",\"name\":\"DNT non woven fabrics - No Tejido\",\"url\":\"https:\\\/\\\/dntnonwovenfabrics.com\\\/pt-pt\\\/\",\"logo\":{\"@type\":\"ImageObject\",\"inLanguage\":\"pt-PT\",\"@id\":\"https:\\\/\\\/dntnonwovenfabrics.com\\\/pt-pt\\\/#\\\/schema\\\/logo\\\/image\\\/\",\"url\":\"https:\\\/\\\/dntnonwovenfabrics.com\\\/wp-content\\\/uploads\\\/2014\\\/07\\\/logohead.jpg\",\"contentUrl\":\"https:\\\/\\\/dntnonwovenfabrics.com\\\/wp-content\\\/uploads\\\/2014\\\/07\\\/logohead.jpg\",\"width\":205,\"height\":86,\"caption\":\"DNT non woven fabrics - No Tejido\"},\"image\":{\"@id\":\"https:\\\/\\\/dntnonwovenfabrics.com\\\/pt-pt\\\/#\\\/schema\\\/logo\\\/image\\\/\"}}]}<\/script>\n<!-- \/ Yoast SEO plugin. -->","yoast_head_json":{"title":"Pol\u00edtica de Cookies - DNT non woven fabrics - No Tejido","description":"La we de DNT Non Woven Fabrics utiliza una Pol\u00edtica de Cookies o tecnolog\u00edas similares que almacenan y recuperan informaci\u00f3n cuando navega.","robots":{"index":"index","follow":"follow","max-snippet":"max-snippet:-1","max-image-preview":"max-image-preview:large","max-video-preview":"max-video-preview:-1"},"canonical":"https:\/\/dntnonwovenfabrics.com\/pt-pt\/politica-de-cookies\/","og_locale":"pt_PT","og_type":"article","og_title":"Pol\u00edtica de Cookies - DNT non woven fabrics - No Tejido","og_description":"La we de DNT Non Woven Fabrics utiliza una Pol\u00edtica de Cookies o tecnolog\u00edas similares que almacenan y recuperan informaci\u00f3n cuando navega.","og_url":"https:\/\/dntnonwovenfabrics.com\/pt-pt\/politica-de-cookies\/","og_site_name":"DNT non woven fabrics - No Tejido","article_modified_time":"2025-01-15T11:59:26+00:00","twitter_card":"summary_large_image","twitter_misc":{"Tempo estimado de leitura":"5 minutos"},"schema":{"@context":"https:\/\/schema.org","@graph":[{"@type":"WebPage","@id":"https:\/\/dntnonwovenfabrics.com\/pt-pt\/politica-de-cookies\/","url":"https:\/\/dntnonwovenfabrics.com\/pt-pt\/politica-de-cookies\/","name":"Pol\u00edtica de Cookies - DNT non woven fabrics - No Tejido","isPartOf":{"@id":"https:\/\/dntnonwovenfabrics.com\/pt-pt\/#website"},"datePublished":"2020-09-29T20:37:16+00:00","dateModified":"2025-01-15T11:59:26+00:00","description":"La we de DNT Non Woven Fabrics utiliza una Pol\u00edtica de Cookies o tecnolog\u00edas similares que almacenan y recuperan informaci\u00f3n cuando navega.","breadcrumb":{"@id":"https:\/\/dntnonwovenfabrics.com\/pt-pt\/politica-de-cookies\/#breadcrumb"},"inLanguage":"pt-PT","potentialAction":[{"@type":"ReadAction","target":["https:\/\/dntnonwovenfabrics.com\/pt-pt\/politica-de-cookies\/"]}]},{"@type":"BreadcrumbList","@id":"https:\/\/dntnonwovenfabrics.com\/pt-pt\/politica-de-cookies\/#breadcrumb","itemListElement":[{"@type":"ListItem","position":1,"name":"Portada","item":"https:\/\/dntnonwovenfabrics.com\/pt-pt\/"},{"@type":"ListItem","position":2,"name":"Pol\u00edtica de Cookies"}]},{"@type":"WebSite","@id":"https:\/\/dntnonwovenfabrics.com\/pt-pt\/#website","url":"https:\/\/dntnonwovenfabrics.com\/pt-pt\/","name":"DNT non woven fabrics - No Tejido","description":"Principal fabricante espa\u00f1ol de no tejido de polipropileno o spunbond non woven. La empresa con sede en Alcal\u00e1 la Real, Ja\u00e9n, forma parte del grupo empresarial Dise\u00f1os NT grupo con una extensa trayectoria en la industria transformadora del no tejido para la fabricaci\u00f3n de embalajes y bolsas.","publisher":{"@id":"https:\/\/dntnonwovenfabrics.com\/pt-pt\/#organization"},"potentialAction":[{"@type":"SearchAction","target":{"@type":"EntryPoint","urlTemplate":"https:\/\/dntnonwovenfabrics.com\/pt-pt\/?s={search_term_string}"},"query-input":{"@type":"PropertyValueSpecification","valueRequired":true,"valueName":"search_term_string"}}],"inLanguage":"pt-PT"},{"@type":"Organization","@id":"https:\/\/dntnonwovenfabrics.com\/pt-pt\/#organization","name":"DNT non woven fabrics - No Tejido","url":"https:\/\/dntnonwovenfabrics.com\/pt-pt\/","logo":{"@type":"ImageObject","inLanguage":"pt-PT","@id":"https:\/\/dntnonwovenfabrics.com\/pt-pt\/#\/schema\/logo\/image\/","url":"https:\/\/dntnonwovenfabrics.com\/wp-content\/uploads\/2014\/07\/logohead.jpg","contentUrl":"https:\/\/dntnonwovenfabrics.com\/wp-content\/uploads\/2014\/07\/logohead.jpg","width":205,"height":86,"caption":"DNT non woven fabrics - No Tejido"},"image":{"@id":"https:\/\/dntnonwovenfabrics.com\/pt-pt\/#\/schema\/logo\/image\/"}}]}},"_links":{"self":[{"href":"https:\/\/dntnonwovenfabrics.com\/pt-pt\/wp-json\/wp\/v2\/pages\/14580","targetHints":{"allow":["GET"]}}],"collection":[{"href":"https:\/\/dntnonwovenfabrics.com\/pt-pt\/wp-json\/wp\/v2\/pages"}],"about":[{"href":"https:\/\/dntnonwovenfabrics.com\/pt-pt\/wp-json\/wp\/v2\/types\/page"}],"author":[{"embeddable":true,"href":"https:\/\/dntnonwovenfabrics.com\/pt-pt\/wp-json\/wp\/v2\/users\/5"}],"replies":[{"embeddable":true,"href":"https:\/\/dntnonwovenfabrics.com\/pt-pt\/wp-json\/wp\/v2\/comments?post=14580"}],"version-history":[{"count":0,"href":"https:\/\/dntnonwovenfabrics.com\/pt-pt\/wp-json\/wp\/v2\/pages\/14580\/revisions"}],"wp:attachment":[{"href":"https:\/\/dntnonwovenfabrics.com\/pt-pt\/wp-json\/wp\/v2\/media?parent=14580"}],"curies":[{"name":"wp","href":"https:\/\/api.w.org\/{rel}","templated":true}]}}