{"id":14583,"date":"2020-09-29T13:36:02","date_gmt":"2020-09-29T11:36:02","guid":{"rendered":"https:\/\/dntnonwovenfabrics.com\/politica-de-privacidad\/"},"modified":"2025-01-15T11:31:30","modified_gmt":"2025-01-15T10:31:30","slug":"politica-de-privacidad","status":"publish","type":"page","link":"https:\/\/dntnonwovenfabrics.com\/pt-pt\/politica-de-privacidad\/","title":{"rendered":"Pol\u00edtica de Privacidad"},"content":{"rendered":"\n<p>Para efeitos do disposto na legisla\u00e7\u00e3o em vigor sobre a prote\u00e7\u00e3o de dados pessoais, atrav\u00e9s da presente Pol\u00edtica de Privacidade, a <strong>DNT<\/strong> <strong>Non Woven Fabrics S.A.<\/strong> (\u201c<strong>DNT<\/strong>\u201d) informa os utilizadores (o \u201cUtilizador\u201d ou \u201cUtilizadores\u201d) do website www.www.dntnonwovenfabrics.com, do qual \u00e9 propriet\u00e1ria e respons\u00e1vel (o \u201cWebsite\u201d), sobre a sua pol\u00edtica de prote\u00e7\u00e3o de dados pessoais.<\/p>\n\n\n\n<p>Desta forma, os Utilizadores podem determinar livre e voluntariamente se desejam fornecer \u00e0 DNT os dados pessoais que lhes possam ser solicitados ou que possam ser obtidos sobre eles por ocasi\u00e3o do seu acesso e utiliza\u00e7\u00e3o do Website, bem como dos servi\u00e7os oferecidos pela DNT.<\/p>\n\n\n\n<p><strong>Quem \u00e9 respons\u00e1vel pelo processamento dos seus dados pessoais?<\/strong><\/p>\n\n\n\n<ul class=\"wp-block-list\">\n<li>Respons\u00e1vel pelo tratamento de dados: DNT Non Woven Fabrics S.A.<\/li>\n\n\n\n<li>Endere\u00e7o: Pol. Ind. El Chaparral 9, 23692 Santa Ana, Alcal\u00e1 la Real (Ja\u00e9n), Espanha.<\/li>\n\n\n\n<li>Correio eletr\u00f3nico: info@www.dntnonwovenfabrics.com<\/li>\n<\/ul>\n\n\n\n<p><strong>Com que finalidade tratamos os seus dados?<\/strong><\/p>\n\n\n\n<p>Dependendo do local onde nos fornecer os seus dados, trat\u00e1-los-emos para as seguintes finalidades:<\/p>\n\n\n\n<figure class=\"wp-block-table\"><table><tbody><tr><td>(1) Responder \u00e0s suas quest\u00f5es<\/td><td>Se tiver alguma d\u00favida, trataremos os seus dados para responder \u00e0s suas d\u00favidas ou sugest\u00f5es.\u00a0<\/td><\/tr><tr><td>(2) Envio de informa\u00e7\u00f5es comerciais e boletins informativos\u00a0<\/td><td>Para lhe enviar comunica\u00e7\u00f5es comerciais personalizadas de acordo com as suas prefer\u00eancias e para o manter informado sobre os nossos produtos, iniciativas e servi\u00e7os, por meios electr\u00f3nicos ou n\u00e3o electr\u00f3nicos. Pode anular a sua inscri\u00e7\u00e3o em qualquer altura, enviando uma mensagem de correio eletr\u00f3nico para <a href=\"mailto:info@dntnonwovenfabrics.com\">info@dntnonwovenfabrics.com<\/a>.<\/td><\/tr><\/tbody><\/table><\/figure>\n\n\n\n<p><strong>Qual \u00e9 a base legal para o tratamento dos seus dados?<\/strong><\/p>\n\n\n\n<p>As bases leg\u00edtimas para o tratamento dos seus dados pessoais, de acordo com a Pol\u00edtica de Privacidade, s\u00e3o:<\/p>\n\n\n\n<ul class=\"wp-block-list\">\n<li>O <strong>interesse leg\u00edtimo<\/strong> da DNT em gerir a sua consulta (1).<\/li>\n\n\n\n<li><strong>Consentimento<\/strong> Solicitaremos o seu consentimento para lhe enviar comunica\u00e7\u00f5es comerciais (2). O utilizador pode retirar o seu consentimento em qualquer altura.<\/li>\n<\/ul>\n\n\n\n<p>No caso de e-mails de marketing direto e\/ou boletins informativos, pode retirar o seu consentimento clicando na liga\u00e7\u00e3o \u201ccancelar a subscri\u00e7\u00e3o\u201d.<\/p>\n\n\n\n<ul class=\"wp-block-list\">\n<li><strong>Cumprimento de obriga\u00e7\u00f5es<\/strong> legais, fiscais, contabil\u00edsticas, administrativas ou outras reguladas nos regulamentos que possam ser aplic\u00e1veis em cada momento.<\/li>\n<\/ul>\n\n\n\n<p><strong>De onde obtemos os seus dados?<\/strong><\/p>\n\n\n\n<p>A Pol\u00edtica de Privacidade estabelece os dados pessoais que a DNT obt\u00e9m e que variam consoante o servi\u00e7o que utiliza. Para qualquer atividade, a DNT processar\u00e1 os seus dados de identifica\u00e7\u00e3o e dados de contacto.<\/p>\n\n\n\n<p>A DNT n\u00e3o processar\u00e1 categorias especiais de dados, tais como informa\u00e7\u00f5es sobre a sua ra\u00e7a, opini\u00f5es pol\u00edticas, religi\u00e3o, sa\u00fade ou orienta\u00e7\u00e3o sexual, a menos que tenha optado por nos fornecer essas informa\u00e7\u00f5es.<\/p>\n\n\n\n<p><strong>Com quem partilhamos os seus dados?<\/strong><\/p>\n\n\n\n<p>A DNT n\u00e3o partilhar\u00e1 os seus dados pessoais com terceiros, exceto se tivermos o seu consentimento pr\u00e9vio para o fazer.<\/p>\n\n\n\n<p><strong>Durante quanto tempo conservamos os seus dados?<\/strong><\/p>\n\n\n\n<p>A DNT processar\u00e1 os seus dados pessoais durante o tempo necess\u00e1rio para a finalidade para a qual foram recolhidos.<\/p>\n\n\n\n<p>Quando deixarem de ser necess\u00e1rios para a prossecu\u00e7\u00e3o das finalidades para as quais foram obtidos, procederemos ao bloqueio dos seus dados (de modo a que a DNT n\u00e3o tenha acesso aos mesmos) durante os per\u00edodos previstos nas disposi\u00e7\u00f5es aplic\u00e1veis ou, se for caso disso, nas rela\u00e7\u00f5es contratuais mantidas com a DNT, estando dispon\u00edveis apenas a pedido dos ju\u00edzes e tribunais, do Minist\u00e9rio P\u00fablico ou das Administra\u00e7\u00f5es P\u00fablicas competentes durante o per\u00edodo de prescri\u00e7\u00e3o das ac\u00e7\u00f5es.<\/p>\n\n\n\n<p>Uma vez decorridos estes prazos, a DNT proceder\u00e1 \u00e0 sua elimina\u00e7\u00e3o f\u00edsica ou anonimiza\u00e7\u00e3o.<\/p>\n\n\n\n<p><strong>Quais s\u00e3o os seus direitos?<\/strong><\/p>\n\n\n\n<p>Pode exercer os seus direitos de acesso, portabilidade, retifica\u00e7\u00e3o, supress\u00e3o, limita\u00e7\u00e3o, oposi\u00e7\u00e3o e o direito de n\u00e3o ser objeto de uma decis\u00e3o baseada unicamente no tratamento automatizado. Pode igualmente revogar a qualquer momento o consentimento que tenha dado.<\/p>\n\n\n\n<p>Para qualquer pedido relacionado com o exerc\u00edcio destes direitos ou qualquer outro assunto relacionado com o processamento, o utilizador pode exercer estes direitos enviando um pedido escrito \u00e0 DNT por correio eletr\u00f3nico para <a href=\"mailto:info@dntnonwovenfabrics.com\">info@dntnonwovenfabrics.com<\/a>.<\/p>\n\n\n\n<p>Qualquer reclama\u00e7\u00e3o relacionada com o tratamento aqui referido pode ser apresentada \u00e0 Ag\u00eancia Espanhola de Prote\u00e7\u00e3o de Dados (<a href=\"http:\/\/www.aepd.es\">www.aepd.es<\/a>) para o exerc\u00edcio de qualquer reclama\u00e7\u00e3o que considere adequada, enquanto organismo p\u00fablico espanhol respons\u00e1vel por garantir o cumprimento dos regulamentos aqui estabelecidos.<\/p>\n\n\n\n<hr class=\"wp-block-separator has-css-opacity\"\/>\n\n\n\n<p><a id=\"_msocom_1\"><\/a><\/p>\n","protected":false},"excerpt":{"rendered":"<p>Para efeitos do disposto na legisla\u00e7\u00e3o em vigor sobre a prote\u00e7\u00e3o de dados pessoais, atrav\u00e9s da presente Pol\u00edtica de Privacidade, a DNT Non Woven Fabrics S.A. (\u201cDNT\u201d) informa os utilizadores (o \u201cUtilizador\u201d ou \u201cUtilizadores\u201d) do website www.www.dntnonwovenfabrics.com, do qual \u00e9 propriet\u00e1ria e respons\u00e1vel (o \u201cWebsite\u201d), sobre a sua pol\u00edtica de prote\u00e7\u00e3o de dados pessoais. Desta forma, os Utilizadores podem determinar livre e voluntariamente se desejam fornecer \u00e0 DNT os dados &#8230; <\/p>\n<p class=\"read-more-container\"><a title=\"Pol\u00edtica de Privacidad\" class=\"read-more button\" href=\"https:\/\/dntnonwovenfabrics.com\/pt-pt\/politica-de-privacidad\/#more-14583\" aria-label=\"Leia mais sobre Pol\u00edtica de Privacidad\">Leia mais<\/a><\/p>\n","protected":false},"author":5,"featured_media":0,"parent":0,"menu_order":0,"comment_status":"closed","ping_status":"closed","template":"","meta":{"inline_featured_image":false,"footnotes":""},"class_list":["post-14583","page","type-page","status-publish"],"yoast_head":"<!-- This site is optimized with the Yoast SEO plugin v27.3 - https:\/\/yoast.com\/product\/yoast-seo-wordpress\/ -->\n<title>Pol\u00edtica de Privacidad - DNT non woven fabrics - No Tejido<\/title>\n<meta name=\"description\" content=\"Con la Pol\u00edtica de Privacidad, DNT Non Woven Fabrics informa a los usuarios acerca de su pol\u00edtica de protecci\u00f3n de los datos personales.\" \/>\n<meta name=\"robots\" content=\"index, follow, max-snippet:-1, max-image-preview:large, max-video-preview:-1\" \/>\n<link rel=\"canonical\" href=\"https:\/\/dntnonwovenfabrics.com\/pt-pt\/politica-de-privacidad\/\" \/>\n<meta property=\"og:locale\" content=\"pt_PT\" \/>\n<meta property=\"og:type\" content=\"article\" \/>\n<meta property=\"og:title\" content=\"Pol\u00edtica de Privacidad - DNT non woven fabrics - No Tejido\" \/>\n<meta property=\"og:description\" content=\"Con la Pol\u00edtica de Privacidad, DNT Non Woven Fabrics informa a los usuarios acerca de su pol\u00edtica de protecci\u00f3n de los datos personales.\" \/>\n<meta property=\"og:url\" content=\"https:\/\/dntnonwovenfabrics.com\/pt-pt\/politica-de-privacidad\/\" \/>\n<meta property=\"og:site_name\" content=\"DNT non woven fabrics - No Tejido\" \/>\n<meta property=\"article:modified_time\" content=\"2025-01-15T10:31:30+00:00\" \/>\n<meta name=\"twitter:card\" content=\"summary_large_image\" \/>\n<meta name=\"twitter:label1\" content=\"Tempo estimado de leitura\" \/>\n\t<meta name=\"twitter:data1\" content=\"4 minutos\" \/>\n<script type=\"application\/ld+json\" class=\"yoast-schema-graph\">{\"@context\":\"https:\\\/\\\/schema.org\",\"@graph\":[{\"@type\":\"WebPage\",\"@id\":\"https:\\\/\\\/dntnonwovenfabrics.com\\\/pt-pt\\\/politica-de-privacidad\\\/\",\"url\":\"https:\\\/\\\/dntnonwovenfabrics.com\\\/pt-pt\\\/politica-de-privacidad\\\/\",\"name\":\"Pol\u00edtica de Privacidad - DNT non woven fabrics - No Tejido\",\"isPartOf\":{\"@id\":\"https:\\\/\\\/dntnonwovenfabrics.com\\\/pt-pt\\\/#website\"},\"datePublished\":\"2020-09-29T11:36:02+00:00\",\"dateModified\":\"2025-01-15T10:31:30+00:00\",\"description\":\"Con la Pol\u00edtica de Privacidad, DNT Non Woven Fabrics informa a los usuarios acerca de su pol\u00edtica de protecci\u00f3n de los datos personales.\",\"breadcrumb\":{\"@id\":\"https:\\\/\\\/dntnonwovenfabrics.com\\\/pt-pt\\\/politica-de-privacidad\\\/#breadcrumb\"},\"inLanguage\":\"pt-PT\",\"potentialAction\":[{\"@type\":\"ReadAction\",\"target\":[\"https:\\\/\\\/dntnonwovenfabrics.com\\\/pt-pt\\\/politica-de-privacidad\\\/\"]}]},{\"@type\":\"BreadcrumbList\",\"@id\":\"https:\\\/\\\/dntnonwovenfabrics.com\\\/pt-pt\\\/politica-de-privacidad\\\/#breadcrumb\",\"itemListElement\":[{\"@type\":\"ListItem\",\"position\":1,\"name\":\"Portada\",\"item\":\"https:\\\/\\\/dntnonwovenfabrics.com\\\/pt-pt\\\/\"},{\"@type\":\"ListItem\",\"position\":2,\"name\":\"Pol\u00edtica de Privacidad\"}]},{\"@type\":\"WebSite\",\"@id\":\"https:\\\/\\\/dntnonwovenfabrics.com\\\/pt-pt\\\/#website\",\"url\":\"https:\\\/\\\/dntnonwovenfabrics.com\\\/pt-pt\\\/\",\"name\":\"DNT non woven fabrics - No Tejido\",\"description\":\"Principal fabricante espa\u00f1ol de no tejido de polipropileno o spunbond non woven. La empresa con sede en Alcal\u00e1 la Real, Ja\u00e9n, forma parte del grupo empresarial Dise\u00f1os NT grupo con una extensa trayectoria en la industria transformadora del no tejido para la fabricaci\u00f3n de embalajes y bolsas.\",\"publisher\":{\"@id\":\"https:\\\/\\\/dntnonwovenfabrics.com\\\/pt-pt\\\/#organization\"},\"potentialAction\":[{\"@type\":\"SearchAction\",\"target\":{\"@type\":\"EntryPoint\",\"urlTemplate\":\"https:\\\/\\\/dntnonwovenfabrics.com\\\/pt-pt\\\/?s={search_term_string}\"},\"query-input\":{\"@type\":\"PropertyValueSpecification\",\"valueRequired\":true,\"valueName\":\"search_term_string\"}}],\"inLanguage\":\"pt-PT\"},{\"@type\":\"Organization\",\"@id\":\"https:\\\/\\\/dntnonwovenfabrics.com\\\/pt-pt\\\/#organization\",\"name\":\"DNT non woven fabrics - No Tejido\",\"url\":\"https:\\\/\\\/dntnonwovenfabrics.com\\\/pt-pt\\\/\",\"logo\":{\"@type\":\"ImageObject\",\"inLanguage\":\"pt-PT\",\"@id\":\"https:\\\/\\\/dntnonwovenfabrics.com\\\/pt-pt\\\/#\\\/schema\\\/logo\\\/image\\\/\",\"url\":\"https:\\\/\\\/dntnonwovenfabrics.com\\\/wp-content\\\/uploads\\\/2014\\\/07\\\/logohead.jpg\",\"contentUrl\":\"https:\\\/\\\/dntnonwovenfabrics.com\\\/wp-content\\\/uploads\\\/2014\\\/07\\\/logohead.jpg\",\"width\":205,\"height\":86,\"caption\":\"DNT non woven fabrics - No Tejido\"},\"image\":{\"@id\":\"https:\\\/\\\/dntnonwovenfabrics.com\\\/pt-pt\\\/#\\\/schema\\\/logo\\\/image\\\/\"}}]}<\/script>\n<!-- \/ Yoast SEO plugin. -->","yoast_head_json":{"title":"Pol\u00edtica de Privacidad - DNT non woven fabrics - No Tejido","description":"Con la Pol\u00edtica de Privacidad, DNT Non Woven Fabrics informa a los usuarios acerca de su pol\u00edtica de protecci\u00f3n de los datos personales.","robots":{"index":"index","follow":"follow","max-snippet":"max-snippet:-1","max-image-preview":"max-image-preview:large","max-video-preview":"max-video-preview:-1"},"canonical":"https:\/\/dntnonwovenfabrics.com\/pt-pt\/politica-de-privacidad\/","og_locale":"pt_PT","og_type":"article","og_title":"Pol\u00edtica de Privacidad - DNT non woven fabrics - No Tejido","og_description":"Con la Pol\u00edtica de Privacidad, DNT Non Woven Fabrics informa a los usuarios acerca de su pol\u00edtica de protecci\u00f3n de los datos personales.","og_url":"https:\/\/dntnonwovenfabrics.com\/pt-pt\/politica-de-privacidad\/","og_site_name":"DNT non woven fabrics - No Tejido","article_modified_time":"2025-01-15T10:31:30+00:00","twitter_card":"summary_large_image","twitter_misc":{"Tempo estimado de leitura":"4 minutos"},"schema":{"@context":"https:\/\/schema.org","@graph":[{"@type":"WebPage","@id":"https:\/\/dntnonwovenfabrics.com\/pt-pt\/politica-de-privacidad\/","url":"https:\/\/dntnonwovenfabrics.com\/pt-pt\/politica-de-privacidad\/","name":"Pol\u00edtica de Privacidad - DNT non woven fabrics - No Tejido","isPartOf":{"@id":"https:\/\/dntnonwovenfabrics.com\/pt-pt\/#website"},"datePublished":"2020-09-29T11:36:02+00:00","dateModified":"2025-01-15T10:31:30+00:00","description":"Con la Pol\u00edtica de Privacidad, DNT Non Woven Fabrics informa a los usuarios acerca de su pol\u00edtica de protecci\u00f3n de los datos personales.","breadcrumb":{"@id":"https:\/\/dntnonwovenfabrics.com\/pt-pt\/politica-de-privacidad\/#breadcrumb"},"inLanguage":"pt-PT","potentialAction":[{"@type":"ReadAction","target":["https:\/\/dntnonwovenfabrics.com\/pt-pt\/politica-de-privacidad\/"]}]},{"@type":"BreadcrumbList","@id":"https:\/\/dntnonwovenfabrics.com\/pt-pt\/politica-de-privacidad\/#breadcrumb","itemListElement":[{"@type":"ListItem","position":1,"name":"Portada","item":"https:\/\/dntnonwovenfabrics.com\/pt-pt\/"},{"@type":"ListItem","position":2,"name":"Pol\u00edtica de Privacidad"}]},{"@type":"WebSite","@id":"https:\/\/dntnonwovenfabrics.com\/pt-pt\/#website","url":"https:\/\/dntnonwovenfabrics.com\/pt-pt\/","name":"DNT non woven fabrics - No Tejido","description":"Principal fabricante espa\u00f1ol de no tejido de polipropileno o spunbond non woven. La empresa con sede en Alcal\u00e1 la Real, Ja\u00e9n, forma parte del grupo empresarial Dise\u00f1os NT grupo con una extensa trayectoria en la industria transformadora del no tejido para la fabricaci\u00f3n de embalajes y bolsas.","publisher":{"@id":"https:\/\/dntnonwovenfabrics.com\/pt-pt\/#organization"},"potentialAction":[{"@type":"SearchAction","target":{"@type":"EntryPoint","urlTemplate":"https:\/\/dntnonwovenfabrics.com\/pt-pt\/?s={search_term_string}"},"query-input":{"@type":"PropertyValueSpecification","valueRequired":true,"valueName":"search_term_string"}}],"inLanguage":"pt-PT"},{"@type":"Organization","@id":"https:\/\/dntnonwovenfabrics.com\/pt-pt\/#organization","name":"DNT non woven fabrics - No Tejido","url":"https:\/\/dntnonwovenfabrics.com\/pt-pt\/","logo":{"@type":"ImageObject","inLanguage":"pt-PT","@id":"https:\/\/dntnonwovenfabrics.com\/pt-pt\/#\/schema\/logo\/image\/","url":"https:\/\/dntnonwovenfabrics.com\/wp-content\/uploads\/2014\/07\/logohead.jpg","contentUrl":"https:\/\/dntnonwovenfabrics.com\/wp-content\/uploads\/2014\/07\/logohead.jpg","width":205,"height":86,"caption":"DNT non woven fabrics - No Tejido"},"image":{"@id":"https:\/\/dntnonwovenfabrics.com\/pt-pt\/#\/schema\/logo\/image\/"}}]}},"_links":{"self":[{"href":"https:\/\/dntnonwovenfabrics.com\/pt-pt\/wp-json\/wp\/v2\/pages\/14583","targetHints":{"allow":["GET"]}}],"collection":[{"href":"https:\/\/dntnonwovenfabrics.com\/pt-pt\/wp-json\/wp\/v2\/pages"}],"about":[{"href":"https:\/\/dntnonwovenfabrics.com\/pt-pt\/wp-json\/wp\/v2\/types\/page"}],"author":[{"embeddable":true,"href":"https:\/\/dntnonwovenfabrics.com\/pt-pt\/wp-json\/wp\/v2\/users\/5"}],"replies":[{"embeddable":true,"href":"https:\/\/dntnonwovenfabrics.com\/pt-pt\/wp-json\/wp\/v2\/comments?post=14583"}],"version-history":[{"count":0,"href":"https:\/\/dntnonwovenfabrics.com\/pt-pt\/wp-json\/wp\/v2\/pages\/14583\/revisions"}],"wp:attachment":[{"href":"https:\/\/dntnonwovenfabrics.com\/pt-pt\/wp-json\/wp\/v2\/media?parent=14583"}],"curies":[{"name":"wp","href":"https:\/\/api.w.org\/{rel}","templated":true}]}}