{"id":14713,"date":"2024-05-27T12:28:25","date_gmt":"2024-05-27T10:28:25","guid":{"rendered":"https:\/\/dntnonwovenfabrics.com\/blog-noticias\/"},"modified":"2024-11-13T18:16:56","modified_gmt":"2024-11-13T17:16:56","slug":"blog-noticias","status":"publish","type":"page","link":"https:\/\/dntnonwovenfabrics.com\/pt-pt\/blog-noticias\/","title":{"rendered":"blog noticias"},"content":{"rendered":"<div class=\"gb-container gb-container-c38fe418\">\n<div class=\"gb-container gb-container-d5a92275\">\n\n<div class=\"gb-grid-wrapper gb-grid-wrapper-d613e755 gb-query-loop-wrapper\">\n<div class=\"gb-grid-column gb-grid-column-d64c1efc gb-query-loop-item post-18129 post type-post status-publish format-standard has-post-thumbnail hentry category-produtos\"><div class=\"gb-container gb-container-d64c1efc\">\n<div class=\"gb-container gb-container-ef916aee\" style=\"background-image: url(https:\/\/dntnonwovenfabrics.com\/wp-content\/uploads\/2026\/04\/dsc00605-3.jpg);\"><\/div>\n\n<div class=\"gb-container gb-container-9b770629\">\n<h2 class=\"gb-headline gb-headline-bac14188 gb-headline-text\">Voc\u00ea sabia que um mesmo spunbond pode se comportar de forma completamente diferente dependendo do tratamento que recebe?<\/h2>\n\n<div class=\"wp-block-post-excerpt\"><p class=\"wp-block-post-excerpt__excerpt\">Um spunbond hidrof\u00f3bico repele l\u00edquidos, enquanto um hidrof\u00edlico os absorve e distribui. A diferen\u00e7a n\u00e3o est\u00e1 na fibra, mas no tratamento aplicado ao material. Essa capacidade de adapta\u00e7\u00e3o permite que o mesmo spunbond seja utilizado em produtos t\u00e3o diversos como fraldas, absorventes, len\u00e7os umedecidos, capas ou barreiras repelentes. Na ci\u00eancia dos materiais, o tratamento transforma&hellip;<\/p><p class=\"wp-block-post-excerpt__more-text\"><a class=\"wp-block-post-excerpt__more-link\" href=\"https:\/\/dntnonwovenfabrics.com\/pt-pt\/mesmo-tecido-nao-tecido-mas-comportamento-diferente\/\">Leer m\u00e1s<\/a><\/p><\/div>\n<\/div>\n<\/div><\/div>\n\n<div class=\"gb-grid-column gb-grid-column-d64c1efc gb-query-loop-item post-18073 post type-post status-publish format-standard has-post-thumbnail hentry category-produtos\"><div class=\"gb-container gb-container-d64c1efc\">\n<div class=\"gb-container gb-container-ef916aee\" style=\"background-image: url(https:\/\/dntnonwovenfabrics.com\/wp-content\/uploads\/2026\/03\/no-tejido-con-aroma-4.jpg);\"><\/div>\n\n<div class=\"gb-container gb-container-9b770629\">\n<h2 class=\"gb-headline gb-headline-bac14188 gb-headline-text\">Sabia que um non woven aromatizado pode libertar fragr\u00e2ncia de forma controlada durante semanas?<\/h2>\n\n<div class=\"wp-block-post-excerpt\"><p class=\"wp-block-post-excerpt__excerpt\">Um n\u00e3o tecido pode ter cheiro? N\u00e3o apenas isso: ele pode libertar fragr\u00e2ncias de forma controlada durante semanas. Para quem trabalha no desenvolvimento e na aquisi\u00e7\u00e3o de materiais t\u00e9cnicos, esta afirma\u00e7\u00e3o n\u00e3o \u00e9 apenas uma curiosidade sensorial, mas uma verdadeira oportunidade industrial. A incorpora\u00e7\u00e3o de microc\u00e1psulas arom\u00e1ticas num non woven t\u00e9cnico abre caminho para novas&hellip;<\/p><p class=\"wp-block-post-excerpt__more-text\"><a class=\"wp-block-post-excerpt__more-link\" href=\"https:\/\/dntnonwovenfabrics.com\/pt-pt\/fragrancias-microencapsuladas-aromatizadas-nao-tecidas\/\">Leer m\u00e1s<\/a><\/p><\/div>\n<\/div>\n<\/div><\/div>\n\n<div class=\"gb-grid-column gb-grid-column-d64c1efc gb-query-loop-item post-17754 post type-post status-publish format-standard has-post-thumbnail hentry category-noticias category-novidades\"><div class=\"gb-container gb-container-d64c1efc\">\n<div class=\"gb-container gb-container-ef916aee\" style=\"background-image: url(https:\/\/dntnonwovenfabrics.com\/wp-content\/uploads\/2023\/09\/hand-holding-a-growing-green-tree-environmental-en-2023-06-13-23-37-33-utc-scaled.jpg);\"><\/div>\n\n<div class=\"gb-container gb-container-9b770629\">\n<h2 class=\"gb-headline gb-headline-bac14188 gb-headline-text\">Produ\u00e7\u00e3o eficiente com menor pegada ambiental<\/h2>\n\n<div class=\"wp-block-post-excerpt\"><p class=\"wp-block-post-excerpt__excerpt\">DNT Nonwoven Fabrics obt\u00e9m o selo Calculate, Reduce, Compensate 2024 DNT Non Woven Fabrics: N\u00e3o compreendemos apenas: aplicamos. O nosso m\u00e9todo de produ\u00e7\u00e3o evoluiu para um modelo mais eficiente, alinhado com a economia circular, com um objetivo claro: reduzir a nossa pegada ambiental sem sacrificar a qualidade ou a competitividade. O que significa ter uma&hellip;<\/p><p class=\"wp-block-post-excerpt__more-text\"><a class=\"wp-block-post-excerpt__more-link\" href=\"https:\/\/dntnonwovenfabrics.com\/pt-pt\/produccion-eficiente-y-con-menor-huella-ambiental\/\">Leer m\u00e1s<\/a><\/p><\/div>\n<\/div>\n<\/div><\/div>\n\n<div class=\"gb-grid-column gb-grid-column-d64c1efc gb-query-loop-item post-17697 post type-post status-publish format-standard has-post-thumbnail hentry category-novidades\"><div class=\"gb-container gb-container-d64c1efc\">\n<div class=\"gb-container gb-container-ef916aee\" style=\"background-image: url(https:\/\/dntnonwovenfabrics.com\/wp-content\/uploads\/2025\/10\/diseno-sin-titulo-28.jpg);\"><\/div>\n\n<div class=\"gb-container gb-container-9b770629\">\n<h2 class=\"gb-headline gb-headline-bac14188 gb-headline-text\">DNT Auto: Desenvolvimento e Fabrico de Solu\u00e7\u00f5es T\u00e9cnicas para a Ind\u00fastria Autom\u00f3vel<\/h2>\n\n<div class=\"wp-block-post-excerpt\"><p class=\"wp-block-post-excerpt__excerpt\">Desde que inici\u00e1mos a nossa actividade na DNT AUTO, t\u00ednhamos claro que n\u00e3o \u00e9ramos apenas &#8220;mais um&#8221; player no sector. Quer\u00edamos fazer a diferen\u00e7a com uma abordagem forte: solu\u00e7\u00f5es t\u00e9cnicas reais e inovadoras, adaptadas \u00e0s necessidades da ind\u00fastria autom\u00f3vel. Hoje, posso afirmar com seguran\u00e7a que alcan\u00e7\u00e1mos esse objetivo. Inova\u00e7\u00e3o t\u00eaxtil aplicada \u00e0 ind\u00fastria autom\u00f3vel A&hellip;<\/p><p class=\"wp-block-post-excerpt__more-text\"><a class=\"wp-block-post-excerpt__more-link\" href=\"https:\/\/dntnonwovenfabrics.com\/pt-pt\/dnt-auto-desarrollo-y-fabricacion-de-soluciones-tecnicas-para-la-automocion\/\">Leer m\u00e1s<\/a><\/p><\/div>\n<\/div>\n<\/div><\/div>\n\n<div class=\"gb-grid-column gb-grid-column-d64c1efc gb-query-loop-item post-16947 post type-post status-publish format-standard has-post-thumbnail hentry category-noticias\"><div class=\"gb-container gb-container-d64c1efc\">\n<div class=\"gb-container gb-container-ef916aee\" style=\"background-image: url(https:\/\/dntnonwovenfabrics.com\/wp-content\/uploads\/2025\/03\/tractor-manta-termica-ia_mesa-de-trabajo-1.jpg);\"><\/div>\n\n<div class=\"gb-container gb-container-9b770629\">\n<h2 class=\"gb-headline gb-headline-bac14188 gb-headline-text\">Manta t\u00e9rmica para evitar o frio nas suas planta\u00e7\u00f5es<\/h2>\n\n<div class=\"wp-block-post-excerpt\"><p class=\"wp-block-post-excerpt__excerpt\">O frio extremo pode ser uma das maiores amea\u00e7as \u00e0s planta\u00e7\u00f5es agr\u00edcolas, especialmente durante as noites frias de inverno ou as primeiras geadas da esta\u00e7\u00e3o. As baixas temperaturas podem danificar irreversivelmente as plantas, reduzindo o seu rendimento e, em alguns casos, destruindo-as por completo. Para fazer face a este desafio clim\u00e1tico, a Manta T\u00e9rmica para&hellip;<\/p><p class=\"wp-block-post-excerpt__more-text\"><a class=\"wp-block-post-excerpt__more-link\" href=\"https:\/\/dntnonwovenfabrics.com\/pt-pt\/manta-termica-para-evitar-el-frio-en-tus-cultivos\/\">Leer m\u00e1s<\/a><\/p><\/div>\n<\/div>\n<\/div><\/div>\n\n<div class=\"gb-grid-column gb-grid-column-d64c1efc gb-query-loop-item post-16328 post type-post status-publish format-standard has-post-thumbnail hentry category-noticias\"><div class=\"gb-container gb-container-d64c1efc\">\n<div class=\"gb-container gb-container-ef916aee\" style=\"background-image: url(https:\/\/dntnonwovenfabrics.com\/wp-content\/uploads\/2025\/02\/cubretroncos-aguacate.jpg);\"><\/div>\n\n<div class=\"gb-container gb-container-9b770629\">\n<h2 class=\"gb-headline gb-headline-bac14188 gb-headline-text\">PROTETOR DE TRONCOS<\/h2>\n\n<div class=\"wp-block-post-excerpt\"><p class=\"wp-block-post-excerpt__excerpt\">BENEF\u00cdCIOS E IMPLICA\u00c7\u00d5ES PARA AS DIFERENTES CULTURAS O protetor de tronco da DNT Agro \u00e9 uma ferramenta essencial na agricultura, concebida para garantir a sa\u00fade e a produtividade das plantas em diversas condi\u00e7\u00f5es. A seguir, exploramos os seus principais benef\u00edcios e aplica\u00e7\u00f5es em diferentes culturas. Evita o crescimento de gemas advent\u00edcias \u00e0 volta do tronco.&hellip;<\/p><p class=\"wp-block-post-excerpt__more-text\"><a class=\"wp-block-post-excerpt__more-link\" href=\"https:\/\/dntnonwovenfabrics.com\/pt-pt\/protetor-de-troncos\/\">Leer m\u00e1s<\/a><\/p><\/div>\n<\/div>\n<\/div><\/div>\n\n<div class=\"gb-grid-column gb-grid-column-d64c1efc gb-query-loop-item post-16290 post type-post status-publish format-standard has-post-thumbnail hentry category-noticias\"><div class=\"gb-container gb-container-d64c1efc\">\n<div class=\"gb-container gb-container-ef916aee\" style=\"background-image: url(https:\/\/dntnonwovenfabrics.com\/wp-content\/uploads\/2025\/02\/recicladora-1.jpg);\"><\/div>\n\n<div class=\"gb-container gb-container-9b770629\">\n<h2 class=\"gb-headline gb-headline-bac14188 gb-headline-text\">Recupera\u00e7\u00e3o de res\u00edduos para os transformar em recursos.<\/h2>\n\n<div class=\"wp-block-post-excerpt\"><p class=\"wp-block-post-excerpt__excerpt\">DNT Non Woven Fabrics reciclar, transformar e reutilizar Na DNT Non Woven, reconhecemos a import\u00e2ncia de utilizar da melhor forma os recursos dispon\u00edveis e de minimizar a nossa pegada ambiental. Recuperamos os res\u00edduos de n\u00e3o-tecidos, transformamo-los em pellets de polipropileno e reincorporamo-los no nosso processo de fabrico de Recycled Bond. Recuperar res\u00edduos para os transformar&hellip;<\/p><p class=\"wp-block-post-excerpt__more-text\"><a class=\"wp-block-post-excerpt__more-link\" href=\"https:\/\/dntnonwovenfabrics.com\/pt-pt\/recuperar-residuos-para-convertirlos-en-recursos\/\">Leer m\u00e1s<\/a><\/p><\/div>\n<\/div>\n<\/div><\/div>\n<\/div>\n\n<\/div>\n<\/div>","protected":false},"excerpt":{"rendered":"","protected":false},"author":5,"featured_media":0,"parent":0,"menu_order":0,"comment_status":"closed","ping_status":"closed","template":"","meta":{"inline_featured_image":false,"footnotes":""},"class_list":["post-14713","page","type-page","status-publish"],"yoast_head":"<!-- This site is optimized with the Yoast SEO plugin v27.3 - https:\/\/yoast.com\/product\/yoast-seo-wordpress\/ -->\n<title>blog noticias - DNT non woven fabrics - No Tejido<\/title>\n<meta name=\"robots\" content=\"index, follow, max-snippet:-1, max-image-preview:large, max-video-preview:-1\" \/>\n<link rel=\"canonical\" href=\"https:\/\/dntnonwovenfabrics.com\/pt-pt\/blog-noticias\/\" \/>\n<meta property=\"og:locale\" content=\"pt_PT\" \/>\n<meta property=\"og:type\" content=\"article\" \/>\n<meta property=\"og:title\" content=\"blog noticias - DNT non woven fabrics - No Tejido\" \/>\n<meta property=\"og:url\" content=\"https:\/\/dntnonwovenfabrics.com\/pt-pt\/blog-noticias\/\" \/>\n<meta property=\"og:site_name\" content=\"DNT non woven fabrics - No Tejido\" \/>\n<meta property=\"article:modified_time\" content=\"2024-11-13T17:16:56+00:00\" \/>\n<meta name=\"twitter:card\" content=\"summary_large_image\" \/>\n<script type=\"application\/ld+json\" class=\"yoast-schema-graph\">{\"@context\":\"https:\\\/\\\/schema.org\",\"@graph\":[{\"@type\":\"WebPage\",\"@id\":\"https:\\\/\\\/dntnonwovenfabrics.com\\\/pt-pt\\\/blog-noticias\\\/\",\"url\":\"https:\\\/\\\/dntnonwovenfabrics.com\\\/pt-pt\\\/blog-noticias\\\/\",\"name\":\"blog noticias - DNT non woven fabrics - No Tejido\",\"isPartOf\":{\"@id\":\"https:\\\/\\\/dntnonwovenfabrics.com\\\/pt-pt\\\/#website\"},\"datePublished\":\"2024-05-27T10:28:25+00:00\",\"dateModified\":\"2024-11-13T17:16:56+00:00\",\"breadcrumb\":{\"@id\":\"https:\\\/\\\/dntnonwovenfabrics.com\\\/pt-pt\\\/blog-noticias\\\/#breadcrumb\"},\"inLanguage\":\"pt-PT\",\"potentialAction\":[{\"@type\":\"ReadAction\",\"target\":[\"https:\\\/\\\/dntnonwovenfabrics.com\\\/pt-pt\\\/blog-noticias\\\/\"]}]},{\"@type\":\"BreadcrumbList\",\"@id\":\"https:\\\/\\\/dntnonwovenfabrics.com\\\/pt-pt\\\/blog-noticias\\\/#breadcrumb\",\"itemListElement\":[{\"@type\":\"ListItem\",\"position\":1,\"name\":\"Portada\",\"item\":\"https:\\\/\\\/dntnonwovenfabrics.com\\\/pt-pt\\\/\"},{\"@type\":\"ListItem\",\"position\":2,\"name\":\"blog noticias\"}]},{\"@type\":\"WebSite\",\"@id\":\"https:\\\/\\\/dntnonwovenfabrics.com\\\/pt-pt\\\/#website\",\"url\":\"https:\\\/\\\/dntnonwovenfabrics.com\\\/pt-pt\\\/\",\"name\":\"DNT non woven fabrics - No Tejido\",\"description\":\"Principal fabricante espa\u00f1ol de no tejido de polipropileno o spunbond non woven. La empresa con sede en Alcal\u00e1 la Real, Ja\u00e9n, forma parte del grupo empresarial Dise\u00f1os NT grupo con una extensa trayectoria en la industria transformadora del no tejido para la fabricaci\u00f3n de embalajes y bolsas.\",\"publisher\":{\"@id\":\"https:\\\/\\\/dntnonwovenfabrics.com\\\/pt-pt\\\/#organization\"},\"potentialAction\":[{\"@type\":\"SearchAction\",\"target\":{\"@type\":\"EntryPoint\",\"urlTemplate\":\"https:\\\/\\\/dntnonwovenfabrics.com\\\/pt-pt\\\/?s={search_term_string}\"},\"query-input\":{\"@type\":\"PropertyValueSpecification\",\"valueRequired\":true,\"valueName\":\"search_term_string\"}}],\"inLanguage\":\"pt-PT\"},{\"@type\":\"Organization\",\"@id\":\"https:\\\/\\\/dntnonwovenfabrics.com\\\/pt-pt\\\/#organization\",\"name\":\"DNT non woven fabrics - No Tejido\",\"url\":\"https:\\\/\\\/dntnonwovenfabrics.com\\\/pt-pt\\\/\",\"logo\":{\"@type\":\"ImageObject\",\"inLanguage\":\"pt-PT\",\"@id\":\"https:\\\/\\\/dntnonwovenfabrics.com\\\/pt-pt\\\/#\\\/schema\\\/logo\\\/image\\\/\",\"url\":\"https:\\\/\\\/dntnonwovenfabrics.com\\\/wp-content\\\/uploads\\\/2014\\\/07\\\/logohead.jpg\",\"contentUrl\":\"https:\\\/\\\/dntnonwovenfabrics.com\\\/wp-content\\\/uploads\\\/2014\\\/07\\\/logohead.jpg\",\"width\":205,\"height\":86,\"caption\":\"DNT non woven fabrics - No Tejido\"},\"image\":{\"@id\":\"https:\\\/\\\/dntnonwovenfabrics.com\\\/pt-pt\\\/#\\\/schema\\\/logo\\\/image\\\/\"}}]}<\/script>\n<!-- \/ Yoast SEO plugin. -->","yoast_head_json":{"title":"blog noticias - DNT non woven fabrics - No Tejido","robots":{"index":"index","follow":"follow","max-snippet":"max-snippet:-1","max-image-preview":"max-image-preview:large","max-video-preview":"max-video-preview:-1"},"canonical":"https:\/\/dntnonwovenfabrics.com\/pt-pt\/blog-noticias\/","og_locale":"pt_PT","og_type":"article","og_title":"blog noticias - DNT non woven fabrics - No Tejido","og_url":"https:\/\/dntnonwovenfabrics.com\/pt-pt\/blog-noticias\/","og_site_name":"DNT non woven fabrics - No Tejido","article_modified_time":"2024-11-13T17:16:56+00:00","twitter_card":"summary_large_image","schema":{"@context":"https:\/\/schema.org","@graph":[{"@type":"WebPage","@id":"https:\/\/dntnonwovenfabrics.com\/pt-pt\/blog-noticias\/","url":"https:\/\/dntnonwovenfabrics.com\/pt-pt\/blog-noticias\/","name":"blog noticias - DNT non woven fabrics - No Tejido","isPartOf":{"@id":"https:\/\/dntnonwovenfabrics.com\/pt-pt\/#website"},"datePublished":"2024-05-27T10:28:25+00:00","dateModified":"2024-11-13T17:16:56+00:00","breadcrumb":{"@id":"https:\/\/dntnonwovenfabrics.com\/pt-pt\/blog-noticias\/#breadcrumb"},"inLanguage":"pt-PT","potentialAction":[{"@type":"ReadAction","target":["https:\/\/dntnonwovenfabrics.com\/pt-pt\/blog-noticias\/"]}]},{"@type":"BreadcrumbList","@id":"https:\/\/dntnonwovenfabrics.com\/pt-pt\/blog-noticias\/#breadcrumb","itemListElement":[{"@type":"ListItem","position":1,"name":"Portada","item":"https:\/\/dntnonwovenfabrics.com\/pt-pt\/"},{"@type":"ListItem","position":2,"name":"blog noticias"}]},{"@type":"WebSite","@id":"https:\/\/dntnonwovenfabrics.com\/pt-pt\/#website","url":"https:\/\/dntnonwovenfabrics.com\/pt-pt\/","name":"DNT non woven fabrics - No Tejido","description":"Principal fabricante espa\u00f1ol de no tejido de polipropileno o spunbond non woven. La empresa con sede en Alcal\u00e1 la Real, Ja\u00e9n, forma parte del grupo empresarial Dise\u00f1os NT grupo con una extensa trayectoria en la industria transformadora del no tejido para la fabricaci\u00f3n de embalajes y bolsas.","publisher":{"@id":"https:\/\/dntnonwovenfabrics.com\/pt-pt\/#organization"},"potentialAction":[{"@type":"SearchAction","target":{"@type":"EntryPoint","urlTemplate":"https:\/\/dntnonwovenfabrics.com\/pt-pt\/?s={search_term_string}"},"query-input":{"@type":"PropertyValueSpecification","valueRequired":true,"valueName":"search_term_string"}}],"inLanguage":"pt-PT"},{"@type":"Organization","@id":"https:\/\/dntnonwovenfabrics.com\/pt-pt\/#organization","name":"DNT non woven fabrics - No Tejido","url":"https:\/\/dntnonwovenfabrics.com\/pt-pt\/","logo":{"@type":"ImageObject","inLanguage":"pt-PT","@id":"https:\/\/dntnonwovenfabrics.com\/pt-pt\/#\/schema\/logo\/image\/","url":"https:\/\/dntnonwovenfabrics.com\/wp-content\/uploads\/2014\/07\/logohead.jpg","contentUrl":"https:\/\/dntnonwovenfabrics.com\/wp-content\/uploads\/2014\/07\/logohead.jpg","width":205,"height":86,"caption":"DNT non woven fabrics - No Tejido"},"image":{"@id":"https:\/\/dntnonwovenfabrics.com\/pt-pt\/#\/schema\/logo\/image\/"}}]}},"_links":{"self":[{"href":"https:\/\/dntnonwovenfabrics.com\/pt-pt\/wp-json\/wp\/v2\/pages\/14713","targetHints":{"allow":["GET"]}}],"collection":[{"href":"https:\/\/dntnonwovenfabrics.com\/pt-pt\/wp-json\/wp\/v2\/pages"}],"about":[{"href":"https:\/\/dntnonwovenfabrics.com\/pt-pt\/wp-json\/wp\/v2\/types\/page"}],"author":[{"embeddable":true,"href":"https:\/\/dntnonwovenfabrics.com\/pt-pt\/wp-json\/wp\/v2\/users\/5"}],"replies":[{"embeddable":true,"href":"https:\/\/dntnonwovenfabrics.com\/pt-pt\/wp-json\/wp\/v2\/comments?post=14713"}],"version-history":[{"count":0,"href":"https:\/\/dntnonwovenfabrics.com\/pt-pt\/wp-json\/wp\/v2\/pages\/14713\/revisions"}],"wp:attachment":[{"href":"https:\/\/dntnonwovenfabrics.com\/pt-pt\/wp-json\/wp\/v2\/media?parent=14713"}],"curies":[{"name":"wp","href":"https:\/\/api.w.org\/{rel}","templated":true}]}}