{"id":16126,"date":"2022-02-01T16:43:59","date_gmt":"2022-02-01T15:43:59","guid":{"rendered":"https:\/\/dntnonwovenfabrics.com\/aviso-legal\/"},"modified":"2025-01-15T10:59:15","modified_gmt":"2025-01-15T09:59:15","slug":"aviso-legal","status":"publish","type":"page","link":"https:\/\/dntnonwovenfabrics.com\/pt-pt\/aviso-legal\/","title":{"rendered":"Aviso legal"},"content":{"rendered":"\n<p><\/p>\n\n\n\n<h3 class=\"wp-block-heading\"><strong>1.- Informa\u00e7\u00e3o legal e aceita\u00e7\u00e3o<\/strong><\/h3>\n\n\n\n<p>O website <a href=\"https:\/\/dntnonwovenfabrics.com\/pt-pt\/\">www.dntnonwovenfabrics.com<\/a> (o<strong> \u201cWebsite<\/strong>\u201d) \u00e9 propriedade de:<\/p>\n\n\n\n<ul class=\"wp-block-list\">\n<li><strong>DNT <\/strong><strong>Non<\/strong><strong> Woven Fabrics S.A.<\/strong><\/li>\n<\/ul>\n\n\n\n<p>Registrado no Registro Mercantil de Ja\u00e9n, Tomo 523, Folio 91, Hoja 19955.<\/p>\n\n\n\n<p>NIF: A23699259<\/p>\n\n\n\n<p>Domicilio Social: Pol. Ind. El Chaparral 9, 23692 Santa Ana, Alcal\u00e1 la Real (Ja\u00e9n), Espa\u00f1a.<\/p>\n\n\n\n<p>E-mail: <a href=\"mailto:info@www.dntnonwovenfabrics.com\">info@<\/a><a href=\"mailto:info@dntnonwovenfabrics.com\">dntnonwovenfabrics.com<\/a><\/p>\n\n\n\n<p>Os termos e condi\u00e7\u00f5es contidos neste Aviso Legal regulam o uso da Web que DNT Non Woven Fabrics (doravante, \u201cDNT\u201d) disponibiliza aos usu\u00e1rios que o acessam. (doravante, o \u201cUsu\u00e1rio\u201d ou \u201cUsu\u00e1rios\u201d).<\/p>\n\n\n\n<p>A utiliza\u00e7\u00e3o da Web pelos Utilizadores implica a aceita\u00e7\u00e3o de todas as condi\u00e7\u00f5es inclu\u00eddas neste Aviso Legal.<\/p>\n\n\n\n<p>\u00c9 poss\u00edvel que, ao longo da presta\u00e7\u00e3o dos servi\u00e7os inclu\u00eddos na Web, se modifique o nome do dom\u00ednio sob o qual s\u00e3o prestados os referidos servi\u00e7os. Portanto, os Usu\u00e1rios est\u00e3o cientes e aceitam esta possibilidade, caso em que as obriga\u00e7\u00f5es assumidas pelos Usu\u00e1rios e DNT de acordo com o disposto neste documento permanecem plenamente em vigor.<\/p>\n\n\n\n<h3 class=\"wp-block-heading\"><strong>2.- Condi\u00e7\u00f5es de uso de conte\u00fados e servi\u00e7os<\/strong><\/h3>\n\n\n\n<p>Os utilizadores s\u00f3 podem aceder aos servi\u00e7os e conte\u00fados atrav\u00e9s dos meios ou procedimentos que lhes tenham sido disponibilizados para o efeito na Web ou que sejam habitualmente utilizados na Internet para o efeito, desde que n\u00e3o impliquem viola\u00e7\u00e3o de direitos de propriedade intelectual ou industrial ou implicar algum tipo de dano \u00e0 Web e\/ou suas informa\u00e7\u00f5es ou servi\u00e7os oferecidos.<\/p>\n\n\n\n<p>O Utilizador compromete-se a utilizar os conte\u00fados e servi\u00e7os de forma diligente, legal, correta e l\u00edcita e, em particular, compromete-se a t\u00edtulo exemplificativo e n\u00e3o exaustivo a abster-se de:<\/p>\n\n\n\n<ul class=\"wp-block-list\">\n<li>Utilizar os conte\u00fados e servi\u00e7os de forma e para fins contr\u00e1rios \u00e0 lei, \u00e0 moral e aos bons costumes geralmente aceites ou \u00e0 ordem p\u00fablica;<\/li>\n\n\n\n<li>Violar direitos de propriedade intelectual ou industrial pertencentes \u00e0 DNT ou a terceiros;<\/li>\n\n\n\n<li>Utilizar os servi\u00e7os e conte\u00fados de forma que possa prejudicar ou sobrecarregar o funcionamento do Site;<\/li>\n\n\n\n<li>Realizar transa\u00e7\u00f5es fraudulentas ou que possam facilitar condutas il\u00edcitas ou fraudulentas de qualquer natureza;<\/li>\n\n\n\n<li>Usar os conte\u00fados e servi\u00e7os e, em particular, as informa\u00e7\u00f5es de qualquer tipo obtidas atrav\u00e9s da Web para qualquer tipo de finalidade publicit\u00e1ria e, em particular, para enviar publicidade, comunica\u00e7\u00f5es para fins de venda direta ou para qualquer outro tipo de finalidade. mensagens n\u00e3o solicitadas individualizadas ou dirigidas a uma pluralidade de pessoas, bem como comercializar ou divulgar tais informa\u00e7\u00f5es de qualquer forma sem a autoriza\u00e7\u00e3o do propriet\u00e1rio e\/ou da DNT.<\/li>\n<\/ul>\n\n\n\n<p>Os usu\u00e1rios ser\u00e3o respons\u00e1veis \u200b\u200bpelos danos de qualquer natureza que DNT possa sofrer, direta ou indiretamente, como resultado do descumprimento de qualquer uma das obriga\u00e7\u00f5es decorrentes deste Aviso Legal ou da lei em rela\u00e7\u00e3o ao uso da Web.<\/p>\n\n\n\n<h3 class=\"wp-block-heading\"><strong>3.- Links para terceiros (links de sa\u00edda)<\/strong><\/h3>\n\n\n\n<p>O Website poder\u00e1 incluir links que permitam aos Utilizadores aceder a websites de terceiros (\u201cSites de Terceiros\u201d), o que n\u00e3o dever\u00e1 pressupor a exist\u00eancia de acordos com os respons\u00e1veis \u200b\u200bou titulares dos mesmos. Nestes casos, a DNT n\u00e3o se responsabiliza pelo conte\u00fado dos referidos sites. Qualquer uso de um link ou acesso a um site n\u00e3o propriet\u00e1rio \u00e9 realizado por vontade e risco exclusivo do Usu\u00e1rio.<\/p>\n\n\n\n<p>Caso o Usu\u00e1rio considere que existe um Site de Terceiros com conte\u00fado ilegal ou inapropriado, poder\u00e1 notificar a DISE\u00d1OS NT para o endere\u00e7o de contato indicado na primeira se\u00e7\u00e3o deste Aviso Legal, indicando:<\/p>\n\n\n\n<ul class=\"wp-block-list\">\n<li>Do chamador: nome, endere\u00e7o, n\u00famero de telefone e endere\u00e7o de e-mail;<\/li>\n\n\n\n<li>Uma descri\u00e7\u00e3o dos fatos que revelam a natureza ilegal ou inadequada do Site Linkado; <\/li>\n\n\n\n<li>Uma declara\u00e7\u00e3o expressa de que as informa\u00e7\u00f5es contidas na comunica\u00e7\u00e3o s\u00e3o precisas.<\/li>\n<\/ul>\n\n\n\n<h3 class=\"wp-block-heading\"><strong>4.- Links para a Web (links de entrada)<\/strong><\/h3>\n\n\n\n<p>Os usu\u00e1rios que desejem introduzir links para a Web a partir de seus pr\u00f3prios sites podem faz\u00ea-lo desde que a p\u00e1gina da Web que estabelece o link esteja em conformidade com a lei e em nenhum caso tenha links para conte\u00fados que:<\/p>\n\n\n\n<ul class=\"wp-block-list\">\n<li>Sejam ilegais, prejudiciais ou contr\u00e1rios \u00e0 moral e aos bons costumes (pornogr\u00e1ficos, violentos, racistas, etc.);<\/li>\n\n\n\n<li>Induzir ou possa induzir no usu\u00e1rio a falsa concep\u00e7\u00e3o de que DNT subscreve, endossa, adere ou de qualquer forma apoia as id\u00e9ias, manifesta\u00e7\u00f5es ou express\u00f5es, legais ou ilegais, do remetente;<\/li>\n\n\n\n<li>Sejam inadequados ou n\u00e3o relevantes para a atividade de DNT em aten\u00e7\u00e3o ao local, conte\u00fado e tema do site do remetente.<\/li>\n<\/ul>\n\n\n\n<p>A DNT poder\u00e1 solicitar, a qualquer momento e sem necessidade de fundamentar tal solicita\u00e7\u00e3o, a remo\u00e7\u00e3o de qualquer link para o Site, ap\u00f3s o que o respons\u00e1vel pelo site vinculado dever\u00e1 remov\u00ea-lo imediatamente.<\/p>\n\n\n\n<h3 class=\"wp-block-heading\"><strong>5- Propriedade Intelectual e Industrial<\/strong><\/h3>\n\n\n\n<p>A totalidade dos conte\u00fados da Web, entendendo-se por estes, a t\u00edtulo de exemplo, os textos, fotografias, gr\u00e1ficos, imagens, \u00edcones, tecnologia, software, links, dom\u00ednios, marcas e outros conte\u00fados, incluindo conte\u00fados audiovisuais ou sonoros, bem como como seu desenho, os gr\u00e1ficos e os c\u00f3digos-fonte s\u00e3o de propriedade exclusiva da DNT, ou de terceiros cujos direitos, se for o caso, s\u00e3o reconhecidos pela DNT, e est\u00e3o sujeitos a direitos de propriedade intelectual e industrial protegidos pela legisla\u00e7\u00e3o nacional e internacional.<\/p>\n\n\n\n<p>\u00c9 expressamente proibida qualquer utiliza\u00e7\u00e3o de qualquer dos elementos sujeitos \u00e0 propriedade industrial e intelectual para qualquer fim, especialmente comercial, bem como a sua distribui\u00e7\u00e3o, comunica\u00e7\u00e3o p\u00fablica, modifica\u00e7\u00e3o, altera\u00e7\u00e3o, transforma\u00e7\u00e3o ou descompila\u00e7\u00e3o, salvo autoriza\u00e7\u00e3o expressa por escrito da DNT ou o propriet\u00e1rio do mesmo.<\/p>\n\n\n\n<h3 class=\"wp-block-heading\"><strong>6.- Exclus\u00e3o de garantias e responsabilidades<\/strong><\/h3>\n\n\n\n<p>A DNT n\u00e3o se responsabiliza:<\/p>\n\n\n\n<ol class=\"wp-block-list\">\n<li>Em caso de interrup\u00e7\u00e3o do servi\u00e7o, atrasos, erros, mau funcionamento e, em geral, outros inconvenientes que tenham origem em causas alheias \u00e0 DNT, e\/ou por dolo ou culpa dos Usu\u00e1rios e\/ou originadas por causas de For\u00e7a Maior. Sem preju\u00edzo do disposto no artigo 1105.\u00ba do C\u00f3digo Civil, entender-se-\u00e1 tamb\u00e9m o conceito de For\u00e7a Maior que abrange, adicionalmente, e para efeitos das presentes condi\u00e7\u00f5es gerais, todos os eventos que ocorram fora do controlo da DNT, tais como: terceiros, operadoras ou empresas de servi\u00e7os, atos governamentais, falta de acesso a redes de terceiros, atos ou omiss\u00f5es do Poder P\u00fablico, aqueles produzidos como resultado de fen\u00f4menos naturais, apag\u00f5es, greves, dist\u00farbios da ordem p\u00fablica, ataques de hackers , crackers ou outros terceiros para a seguran\u00e7a ou integridade do sistema inform\u00e1tico ou qualquer outro que resulte de um evento causado por um avan\u00e7o tecnol\u00f3gico previs\u00edvel. Em qualquer caso, seja qual for sua causa, a DNT n\u00e3o assumir\u00e1 qualquer responsabilidade por danos diretos ou indiretos, danos conseq\u00fcentes e\/ou lucros cessantes.<\/li>\n\n\n\n<li>Devido ao uso que os Usu\u00e1rios fazem do conte\u00fado do Site, bem como de qualquer outro material contido no Site, que possa envolver viola\u00e7\u00e3o de qualquer tipo de norma nacional ou internacional de direitos de propriedade intelectual ou industrial. outros direitos de terceiros;<\/li>\n\n\n\n<li>De poss\u00edveis erros de seguran\u00e7a que possam ocorrer devido ao uso de vers\u00f5es n\u00e3o atualizadas do navegador, ou das consequ\u00eancias que possam surgir do mau funcionamento do navegador, seja por configura\u00e7\u00e3o inadequada, presen\u00e7a de v\u00edrus de computador ou qualquer outra causa al\u00e9m DNT.<\/li>\n<\/ol>\n\n\n\n<h3 class=\"wp-block-heading\"><strong>7.- Generalidades<\/strong><\/h3>\n\n\n\n<p>Qualquer cl\u00e1usula ou disposi\u00e7\u00e3o deste Aviso Legal que seja ou se torne ilegal, inv\u00e1lida ou inexequ\u00edvel ser\u00e1 dele exclu\u00edda e ser\u00e1 considerada inaplic\u00e1vel na medida de tal ilegalidade, invalidade ou inexigibilidade, e ser\u00e1 substitu\u00edda por outra que se assemelhe tanto quanto poss\u00edvel acima, mas n\u00e3o afetar\u00e1 ou prejudicar\u00e1 as demais disposi\u00e7\u00f5es, que ser\u00e3o exclu\u00eddas de qualquer cl\u00e1usula ou disposi\u00e7\u00e3o ilegal, inv\u00e1lida ou inexequ\u00edvel e permanecer\u00e3o em pleno vigor e efeito.<\/p>\n\n\n\n<p>A DNT exclui qualquer tipo de garantia e, portanto, est\u00e1 isenta de qualquer responsabilidade derivada dos pontos acima expressos, bem como de outros aspectos que n\u00e3o estejam contemplados neste documento.<\/p>\n\n\n\n<h3 class=\"wp-block-heading\"><strong>8.- Ley aplicable<\/strong><\/h3>\n\n\n\n<p>A rela\u00e7\u00e3o entre <a href=\"https:\/\/notejido.com\/sobre-nosotros\/\">DNT<\/a> e o Usu\u00e1rio ser\u00e1 regida pela normativa espanhola vigente.<\/p>\n\n\n\n<hr class=\"wp-block-separator has-css-opacity\"\/>\n\n\n\n<p><a id=\"_msocom_1\"><\/a><\/p>\n","protected":false},"excerpt":{"rendered":"<p>1.- Informa\u00e7\u00e3o legal e aceita\u00e7\u00e3o O website www.dntnonwovenfabrics.com (o \u201cWebsite\u201d) \u00e9 propriedade de: Registrado no Registro Mercantil de Ja\u00e9n, Tomo 523, Folio 91, Hoja 19955. NIF: A23699259 Domicilio Social: Pol. Ind. El Chaparral 9, 23692 Santa Ana, Alcal\u00e1 la Real (Ja\u00e9n), Espa\u00f1a. E-mail: info@dntnonwovenfabrics.com Os termos e condi\u00e7\u00f5es contidos neste Aviso Legal regulam o uso da Web que DNT Non Woven Fabrics (doravante, \u201cDNT\u201d) disponibiliza aos usu\u00e1rios que o acessam. &#8230; <\/p>\n<p class=\"read-more-container\"><a title=\"Aviso legal\" class=\"read-more button\" href=\"https:\/\/dntnonwovenfabrics.com\/pt-pt\/aviso-legal\/#more-16126\" aria-label=\"Leia mais sobre Aviso legal\">Leia mais<\/a><\/p>\n","protected":false},"author":19,"featured_media":0,"parent":0,"menu_order":0,"comment_status":"closed","ping_status":"closed","template":"","meta":{"inline_featured_image":false,"footnotes":""},"class_list":["post-16126","page","type-page","status-publish"],"yoast_head":"<!-- This site is optimized with the Yoast SEO plugin v27.3 - https:\/\/yoast.com\/product\/yoast-seo-wordpress\/ -->\n<title>Aviso legal - DNT non woven fabrics - No Tejido<\/title>\n<meta name=\"description\" content=\"Los t\u00e9rminos y condiciones recogidos en el presente Aviso Legal regulan el uso de la Web que DNT Non Woven Fabrics S.A.\" \/>\n<meta name=\"robots\" content=\"index, follow, max-snippet:-1, max-image-preview:large, max-video-preview:-1\" \/>\n<link rel=\"canonical\" href=\"https:\/\/dntnonwovenfabrics.com\/pt-pt\/aviso-legal\/\" \/>\n<meta property=\"og:locale\" content=\"pt_PT\" \/>\n<meta property=\"og:type\" content=\"article\" \/>\n<meta property=\"og:title\" content=\"Aviso legal - DNT non woven fabrics - No Tejido\" \/>\n<meta property=\"og:description\" content=\"Los t\u00e9rminos y condiciones recogidos en el presente Aviso Legal regulan el uso de la Web que DNT Non Woven Fabrics S.A.\" \/>\n<meta property=\"og:url\" content=\"https:\/\/dntnonwovenfabrics.com\/pt-pt\/aviso-legal\/\" \/>\n<meta property=\"og:site_name\" content=\"DNT non woven fabrics - No Tejido\" \/>\n<meta property=\"article:modified_time\" content=\"2025-01-15T09:59:15+00:00\" \/>\n<meta name=\"twitter:card\" content=\"summary_large_image\" \/>\n<meta name=\"twitter:label1\" content=\"Tempo estimado de leitura\" \/>\n\t<meta name=\"twitter:data1\" content=\"6 minutos\" \/>\n<script type=\"application\/ld+json\" class=\"yoast-schema-graph\">{\"@context\":\"https:\\\/\\\/schema.org\",\"@graph\":[{\"@type\":\"WebPage\",\"@id\":\"https:\\\/\\\/dntnonwovenfabrics.com\\\/pt-pt\\\/aviso-legal\\\/\",\"url\":\"https:\\\/\\\/dntnonwovenfabrics.com\\\/pt-pt\\\/aviso-legal\\\/\",\"name\":\"Aviso legal - DNT non woven fabrics - No Tejido\",\"isPartOf\":{\"@id\":\"https:\\\/\\\/dntnonwovenfabrics.com\\\/pt-pt\\\/#website\"},\"datePublished\":\"2022-02-01T15:43:59+00:00\",\"dateModified\":\"2025-01-15T09:59:15+00:00\",\"description\":\"Los t\u00e9rminos y condiciones recogidos en el presente Aviso Legal regulan el uso de la Web que DNT Non Woven Fabrics S.A.\",\"breadcrumb\":{\"@id\":\"https:\\\/\\\/dntnonwovenfabrics.com\\\/pt-pt\\\/aviso-legal\\\/#breadcrumb\"},\"inLanguage\":\"pt-PT\",\"potentialAction\":[{\"@type\":\"ReadAction\",\"target\":[\"https:\\\/\\\/dntnonwovenfabrics.com\\\/pt-pt\\\/aviso-legal\\\/\"]}]},{\"@type\":\"BreadcrumbList\",\"@id\":\"https:\\\/\\\/dntnonwovenfabrics.com\\\/pt-pt\\\/aviso-legal\\\/#breadcrumb\",\"itemListElement\":[{\"@type\":\"ListItem\",\"position\":1,\"name\":\"Portada\",\"item\":\"https:\\\/\\\/dntnonwovenfabrics.com\\\/pt-pt\\\/\"},{\"@type\":\"ListItem\",\"position\":2,\"name\":\"Aviso legal\"}]},{\"@type\":\"WebSite\",\"@id\":\"https:\\\/\\\/dntnonwovenfabrics.com\\\/pt-pt\\\/#website\",\"url\":\"https:\\\/\\\/dntnonwovenfabrics.com\\\/pt-pt\\\/\",\"name\":\"DNT non woven fabrics - No Tejido\",\"description\":\"Principal fabricante espa\u00f1ol de no tejido de polipropileno o spunbond non woven. La empresa con sede en Alcal\u00e1 la Real, Ja\u00e9n, forma parte del grupo empresarial Dise\u00f1os NT grupo con una extensa trayectoria en la industria transformadora del no tejido para la fabricaci\u00f3n de embalajes y bolsas.\",\"publisher\":{\"@id\":\"https:\\\/\\\/dntnonwovenfabrics.com\\\/pt-pt\\\/#organization\"},\"potentialAction\":[{\"@type\":\"SearchAction\",\"target\":{\"@type\":\"EntryPoint\",\"urlTemplate\":\"https:\\\/\\\/dntnonwovenfabrics.com\\\/pt-pt\\\/?s={search_term_string}\"},\"query-input\":{\"@type\":\"PropertyValueSpecification\",\"valueRequired\":true,\"valueName\":\"search_term_string\"}}],\"inLanguage\":\"pt-PT\"},{\"@type\":\"Organization\",\"@id\":\"https:\\\/\\\/dntnonwovenfabrics.com\\\/pt-pt\\\/#organization\",\"name\":\"DNT non woven fabrics - No Tejido\",\"url\":\"https:\\\/\\\/dntnonwovenfabrics.com\\\/pt-pt\\\/\",\"logo\":{\"@type\":\"ImageObject\",\"inLanguage\":\"pt-PT\",\"@id\":\"https:\\\/\\\/dntnonwovenfabrics.com\\\/pt-pt\\\/#\\\/schema\\\/logo\\\/image\\\/\",\"url\":\"https:\\\/\\\/dntnonwovenfabrics.com\\\/wp-content\\\/uploads\\\/2014\\\/07\\\/logohead.jpg\",\"contentUrl\":\"https:\\\/\\\/dntnonwovenfabrics.com\\\/wp-content\\\/uploads\\\/2014\\\/07\\\/logohead.jpg\",\"width\":205,\"height\":86,\"caption\":\"DNT non woven fabrics - No Tejido\"},\"image\":{\"@id\":\"https:\\\/\\\/dntnonwovenfabrics.com\\\/pt-pt\\\/#\\\/schema\\\/logo\\\/image\\\/\"}}]}<\/script>\n<!-- \/ Yoast SEO plugin. -->","yoast_head_json":{"title":"Aviso legal - DNT non woven fabrics - No Tejido","description":"Los t\u00e9rminos y condiciones recogidos en el presente Aviso Legal regulan el uso de la Web que DNT Non Woven Fabrics S.A.","robots":{"index":"index","follow":"follow","max-snippet":"max-snippet:-1","max-image-preview":"max-image-preview:large","max-video-preview":"max-video-preview:-1"},"canonical":"https:\/\/dntnonwovenfabrics.com\/pt-pt\/aviso-legal\/","og_locale":"pt_PT","og_type":"article","og_title":"Aviso legal - DNT non woven fabrics - No Tejido","og_description":"Los t\u00e9rminos y condiciones recogidos en el presente Aviso Legal regulan el uso de la Web que DNT Non Woven Fabrics S.A.","og_url":"https:\/\/dntnonwovenfabrics.com\/pt-pt\/aviso-legal\/","og_site_name":"DNT non woven fabrics - No Tejido","article_modified_time":"2025-01-15T09:59:15+00:00","twitter_card":"summary_large_image","twitter_misc":{"Tempo estimado de leitura":"6 minutos"},"schema":{"@context":"https:\/\/schema.org","@graph":[{"@type":"WebPage","@id":"https:\/\/dntnonwovenfabrics.com\/pt-pt\/aviso-legal\/","url":"https:\/\/dntnonwovenfabrics.com\/pt-pt\/aviso-legal\/","name":"Aviso legal - DNT non woven fabrics - No Tejido","isPartOf":{"@id":"https:\/\/dntnonwovenfabrics.com\/pt-pt\/#website"},"datePublished":"2022-02-01T15:43:59+00:00","dateModified":"2025-01-15T09:59:15+00:00","description":"Los t\u00e9rminos y condiciones recogidos en el presente Aviso Legal regulan el uso de la Web que DNT Non Woven Fabrics S.A.","breadcrumb":{"@id":"https:\/\/dntnonwovenfabrics.com\/pt-pt\/aviso-legal\/#breadcrumb"},"inLanguage":"pt-PT","potentialAction":[{"@type":"ReadAction","target":["https:\/\/dntnonwovenfabrics.com\/pt-pt\/aviso-legal\/"]}]},{"@type":"BreadcrumbList","@id":"https:\/\/dntnonwovenfabrics.com\/pt-pt\/aviso-legal\/#breadcrumb","itemListElement":[{"@type":"ListItem","position":1,"name":"Portada","item":"https:\/\/dntnonwovenfabrics.com\/pt-pt\/"},{"@type":"ListItem","position":2,"name":"Aviso legal"}]},{"@type":"WebSite","@id":"https:\/\/dntnonwovenfabrics.com\/pt-pt\/#website","url":"https:\/\/dntnonwovenfabrics.com\/pt-pt\/","name":"DNT non woven fabrics - No Tejido","description":"Principal fabricante espa\u00f1ol de no tejido de polipropileno o spunbond non woven. La empresa con sede en Alcal\u00e1 la Real, Ja\u00e9n, forma parte del grupo empresarial Dise\u00f1os NT grupo con una extensa trayectoria en la industria transformadora del no tejido para la fabricaci\u00f3n de embalajes y bolsas.","publisher":{"@id":"https:\/\/dntnonwovenfabrics.com\/pt-pt\/#organization"},"potentialAction":[{"@type":"SearchAction","target":{"@type":"EntryPoint","urlTemplate":"https:\/\/dntnonwovenfabrics.com\/pt-pt\/?s={search_term_string}"},"query-input":{"@type":"PropertyValueSpecification","valueRequired":true,"valueName":"search_term_string"}}],"inLanguage":"pt-PT"},{"@type":"Organization","@id":"https:\/\/dntnonwovenfabrics.com\/pt-pt\/#organization","name":"DNT non woven fabrics - No Tejido","url":"https:\/\/dntnonwovenfabrics.com\/pt-pt\/","logo":{"@type":"ImageObject","inLanguage":"pt-PT","@id":"https:\/\/dntnonwovenfabrics.com\/pt-pt\/#\/schema\/logo\/image\/","url":"https:\/\/dntnonwovenfabrics.com\/wp-content\/uploads\/2014\/07\/logohead.jpg","contentUrl":"https:\/\/dntnonwovenfabrics.com\/wp-content\/uploads\/2014\/07\/logohead.jpg","width":205,"height":86,"caption":"DNT non woven fabrics - No Tejido"},"image":{"@id":"https:\/\/dntnonwovenfabrics.com\/pt-pt\/#\/schema\/logo\/image\/"}}]}},"_links":{"self":[{"href":"https:\/\/dntnonwovenfabrics.com\/pt-pt\/wp-json\/wp\/v2\/pages\/16126","targetHints":{"allow":["GET"]}}],"collection":[{"href":"https:\/\/dntnonwovenfabrics.com\/pt-pt\/wp-json\/wp\/v2\/pages"}],"about":[{"href":"https:\/\/dntnonwovenfabrics.com\/pt-pt\/wp-json\/wp\/v2\/types\/page"}],"author":[{"embeddable":true,"href":"https:\/\/dntnonwovenfabrics.com\/pt-pt\/wp-json\/wp\/v2\/users\/19"}],"replies":[{"embeddable":true,"href":"https:\/\/dntnonwovenfabrics.com\/pt-pt\/wp-json\/wp\/v2\/comments?post=16126"}],"version-history":[{"count":0,"href":"https:\/\/dntnonwovenfabrics.com\/pt-pt\/wp-json\/wp\/v2\/pages\/16126\/revisions"}],"wp:attachment":[{"href":"https:\/\/dntnonwovenfabrics.com\/pt-pt\/wp-json\/wp\/v2\/media?parent=16126"}],"curies":[{"name":"wp","href":"https:\/\/api.w.org\/{rel}","templated":true}]}}